{"id":8,"date":"2012-11-01T18:05:26","date_gmt":"2012-11-01T17:05:26","guid":{"rendered":"http:\/\/blogs.crespel.me\/usa2013\/?page_id=8"},"modified":"2018-01-23T13:43:16","modified_gmt":"2018-01-23T12:43:16","slug":"annexes","status":"publish","type":"page","link":"https:\/\/blogs.crespel.me\/usa2013\/annexes\/","title":{"rendered":"Annexes"},"content":{"rendered":"<p><strong>Comptes rendus mis \u00e0 disposition des personnes int\u00e9ress\u00e9es&#8230; des curieux&#8230; et comme pour les blogs de 2009\/2011\/2012, des cr\u00e9ateurs de mes 4 sites pr\u00e9f\u00e9r\u00e9s pour leur libre usage, s&rsquo;ils le souhaitent (ouestusa.fr\/roadtrippin.fr\/parcs.net\/sunsetbld.com).<br \/>\n<\/strong><\/p>\n<p>&nbsp;<\/p>\n<h3>\u00c9tapes touristiques<\/h3>\n<p><em>Nota : ne comporteront un \u00ab\u00a0lien\u00a0\u00bb, <strong>que<\/strong> les endroits effectivement visit\u00e9s.<\/em><\/p>\n<ul>\n<li><a title=\"Campgrounds\" href=\"http:\/\/blogs.crespel.me\/usa2013\/annexes\/campgrounds\/\"><strong><em>Les 13 campgrounds<\/em><\/strong><\/a> (avec les magasins et commerces environnants) o\u00f9 nous nous sommes pos\u00e9s avec le camping-car (25 pieds). Et en sus l<strong>&lsquo; <em>h\u00f4tel<\/em><\/strong> d&rsquo;Atlanta.<\/li>\n<\/ul>\n<p>&nbsp;<\/p>\n<ul>\n<li>Nous avons d\u00e9couvert deux<a title=\"Endroits insolites\" href=\"http:\/\/blogs.crespel.me\/usa2013\/annexes\/endroits-insolites\/\"><em><strong> endroits insolites<\/strong><\/em> <\/a>assortis de belles rencontres.<\/li>\n<\/ul>\n<ul>\n<li>Et <em><strong><a title=\"Bonus : fresques et d\u00e9cors muraux\" href=\"http:\/\/blogs.crespel.me\/usa2013\/annexes\/bonus-fresques-et-decors-muraux\/\">vous avez droit \u00e0 un bonus<\/a><\/strong><\/em> ! sur les fresques et d\u00e9cors muraux.<\/li>\n<\/ul>\n<p>&nbsp;<\/p>\n<ul>\n<li>Une description des grandes villes : Atlanta, Memphis, Nashville, New Orleans, voir ci-dessous:<\/li>\n<\/ul>\n<p><a href=\"http:\/\/blogs.crespel.me\/usa2013\/files\/2012\/11\/Atlanta-USA-Guide-des-Voyages.pdf\">Atlanta &#8211; USA Guide des Voyages<\/a><\/p>\n<p><a href=\"http:\/\/blogs.crespel.me\/usa2013\/files\/2012\/11\/Memphis-USA-Guide-des-Voyages.pdf\">Memphis &#8211; USA Guide des Voyages<\/a><\/p>\n<p><a href=\"http:\/\/blogs.crespel.me\/usa2013\/files\/2012\/11\/Nashville-USA-Guide-des-Voyages.pdf\">Nashville &#8211; USA Guide des Voyages<\/a><\/p>\n<p><a href=\"http:\/\/blogs.crespel.me\/usa2013\/files\/2012\/11\/New-Orleans-USA-Guide-des-Voyages.pdf\">New Orleans &#8211; USA Guide des Voyages<\/a><\/p>\n<p>&nbsp;<\/p>\n<ul>\n<li><em><strong>Les <a title=\"Visitor Center et assimil\u00e9s\" href=\"http:\/\/blogs.crespel.me\/usa2013\/visitor-center-et-assimiles\/\">Visitor Center<\/a><\/strong><\/em> o\u00f9 l&rsquo;on obtient toutes les infos pratiques.<\/li>\n<\/ul>\n<p>&nbsp;<\/p>\n<ul>\n<li><em><strong>Les randonn\u00e9es, balades et visites<\/strong><\/em>, programm\u00e9es, voir ici : <a href=\"http:\/\/blogs.crespel.me\/usa2013\/files\/2012\/11\/Programme-de-visites-2013-Vers3-Atlanta5.pdf\">Programme de visites 2013 Vers3 Atlanta<\/a><\/li>\n<\/ul>\n<p>&nbsp;<\/p>\n<h3>Renseignements utiles<\/h3>\n<ul>\n<li><a title=\"Le Bilan\" href=\"http:\/\/blogs.crespel.me\/usa2013\/annexes\/le-bilan\/\"><strong><em>Le Bilan<\/em><\/strong><\/a><a title=\"le bilan\" href=\"le-bilan\"><em><strong><br \/>\n<\/strong><\/em><\/a><\/li>\n<\/ul>\n<p>&nbsp;<\/p>\n<ul>\n<li><a title=\"Voyager en camping-car\" href=\"http:\/\/blogs.crespel.me\/usa2013\/annexes\/voyager-en-camping-car\/\"><em><strong>Voyager en camping-car<\/strong><\/em><\/a><\/li>\n<\/ul>\n\n\t\t<style type=\"text\/css\">\n\t\t\t#gallery-1 {\n\t\t\t\tmargin: auto;\n\t\t\t}\n\t\t\t#gallery-1 .gallery-item {\n\t\t\t\tfloat: left;\n\t\t\t\tmargin-top: 10px;\n\t\t\t\ttext-align: center;\n\t\t\t\twidth: 33%;\n\t\t\t}\n\t\t\t#gallery-1 img {\n\t\t\t\tborder: 2px solid #cfcfcf;\n\t\t\t}\n\t\t\t#gallery-1 .gallery-caption {\n\t\t\t\tmargin-left: 0;\n\t\t\t}\n\t\t\t\/* see gallery_shortcode() in wp-includes\/media.php *\/\n\t\t<\/style>\n\t\t<div id='gallery-1' class='gallery galleryid-8 gallery-columns-3 gallery-size-thumbnail'><dl class='gallery-item'>\n\t\t\t<dt class='gallery-icon landscape'>\n\t\t\t\t<a href='https:\/\/blogs.crespel.me\/usa2013\/wp-content\/uploads\/sites\/9\/2012\/11\/IMG_1579-le-CC.jpg'><img loading=\"lazy\" decoding=\"async\" width=\"150\" height=\"150\" src=\"https:\/\/blogs.crespel.me\/usa2013\/wp-content\/uploads\/sites\/9\/2012\/11\/IMG_1579-le-CC-150x150.jpg\" class=\"attachment-thumbnail size-thumbnail\" alt=\"\" \/><\/a>\n\t\t\t<\/dt><\/dl><dl class='gallery-item'>\n\t\t\t<dt class='gallery-icon landscape'>\n\t\t\t\t<a href='https:\/\/blogs.crespel.me\/usa2013\/wp-content\/uploads\/sites\/9\/2012\/11\/IMG_1744-le-CC.jpg'><img loading=\"lazy\" decoding=\"async\" width=\"150\" height=\"150\" src=\"https:\/\/blogs.crespel.me\/usa2013\/wp-content\/uploads\/sites\/9\/2012\/11\/IMG_1744-le-CC-150x150.jpg\" class=\"attachment-thumbnail size-thumbnail\" alt=\"\" \/><\/a>\n\t\t\t<\/dt><\/dl><dl class='gallery-item'>\n\t\t\t<dt class='gallery-icon landscape'>\n\t\t\t\t<a href='https:\/\/blogs.crespel.me\/usa2013\/wp-content\/uploads\/sites\/9\/2012\/11\/IMG_0251-le-CC.jpg'><img loading=\"lazy\" decoding=\"async\" width=\"150\" height=\"150\" src=\"https:\/\/blogs.crespel.me\/usa2013\/wp-content\/uploads\/sites\/9\/2012\/11\/IMG_0251-le-CC-150x150.jpg\" class=\"attachment-thumbnail size-thumbnail\" alt=\"\" \/><\/a>\n\t\t\t<\/dt><\/dl><br style=\"clear: both\" \/>\n\t\t<\/div>\n\n<p>&nbsp;<\/p>\n<p>&nbsp;<\/p>\n","protected":false},"excerpt":{"rendered":"<p>Comptes rendus mis \u00e0 disposition des personnes int\u00e9ress\u00e9es&#8230; des curieux&#8230; et comme pour les blogs de 2009\/2011\/2012, des cr\u00e9ateurs de mes 4 sites pr\u00e9f\u00e9r\u00e9s pour leur libre usage, s&rsquo;ils le souhaitent (ouestusa.fr\/roadtrippin.fr\/parcs.net\/sunsetbld.com). &nbsp; \u00c9tapes touristiques Nota : ne comporteront un \u00ab\u00a0lien\u00a0\u00bb, que les endroits effectivement visit\u00e9s. Les 13 campgrounds (avec les magasins et commerces environnants) [&hellip;]<\/p>\n","protected":false},"author":2,"featured_media":0,"parent":0,"menu_order":0,"comment_status":"open","ping_status":"closed","template":"","meta":{"footnotes":""},"class_list":["post-8","page","type-page","status-publish","hentry"],"_links":{"self":[{"href":"https:\/\/blogs.crespel.me\/usa2013\/wp-json\/wp\/v2\/pages\/8","targetHints":{"allow":["GET"]}}],"collection":[{"href":"https:\/\/blogs.crespel.me\/usa2013\/wp-json\/wp\/v2\/pages"}],"about":[{"href":"https:\/\/blogs.crespel.me\/usa2013\/wp-json\/wp\/v2\/types\/page"}],"author":[{"embeddable":true,"href":"https:\/\/blogs.crespel.me\/usa2013\/wp-json\/wp\/v2\/users\/2"}],"replies":[{"embeddable":true,"href":"https:\/\/blogs.crespel.me\/usa2013\/wp-json\/wp\/v2\/comments?post=8"}],"version-history":[{"count":20,"href":"https:\/\/blogs.crespel.me\/usa2013\/wp-json\/wp\/v2\/pages\/8\/revisions"}],"predecessor-version":[{"id":1386,"href":"https:\/\/blogs.crespel.me\/usa2013\/wp-json\/wp\/v2\/pages\/8\/revisions\/1386"}],"wp:attachment":[{"href":"https:\/\/blogs.crespel.me\/usa2013\/wp-json\/wp\/v2\/media?parent=8"}],"curies":[{"name":"wp","href":"https:\/\/api.w.org\/{rel}","templated":true}]}}