{"id":4,"date":"2012-11-01T18:05:06","date_gmt":"2012-11-01T17:05:06","guid":{"rendered":"http:\/\/blogs.crespel.me\/usa2013\/?page_id=4"},"modified":"2016-04-25T19:58:12","modified_gmt":"2016-04-25T17:58:12","slug":"presentation","status":"publish","type":"page","link":"https:\/\/blogs.crespel.me\/usa2013\/","title":{"rendered":"Pr\u00e9sentation"},"content":{"rendered":"<p>Bonjour \u00e0 toutes et tous.<\/p>\n<p>Jean et Fabien vous pr\u00e9sentent\u00a0le blog de notre quatri\u00e8me voyage aux \u00c9tats-Unis. Avec pour th\u00e8mes principaux :<\/p>\n<ul>\n<li>La Louisiane et les villes du Sud.<\/li>\n<li>Les musiques originales, Jazz et Blues, Zydeco, Rock and Roll et Country.<\/li>\n<li>Les cultures des opprim\u00e9s, Cajuns, indiens Houmas, Noirs et M\u00e9tisses. Et la pr\u00e9sence spirituelle de Martin Luther King (\u00e0 Montgomery, Memphis et Atlanta).<\/li>\n<\/ul>\n<p>&nbsp;<\/p>\n<p><em>Les photos al\u00e9atoires du bandeau, sont des fresques peintes ou situations originales \u00e0 Lafayette- Leland- Clarksdale- Memphis et Nashville.<br \/>\n<\/em><\/p>\n<p>&nbsp;<\/p>\n<ul>\n<li>L&rsquo;onglet <a title=\"Blog\" href=\"http:\/\/blogs.crespel.me\/usa2013\/blog\/\"><strong>Blog<\/strong><\/a> vous permet de suivre notre parcours au jour le jour, avec \u00ab\u00a0le pr\u00e9vu\u00a0\u00bb et&#8230; \u00ab\u00a0le r\u00e9alis\u00e9\u00a0\u00bb. Le planning pr\u00e9visionnel imagin\u00e9 pour chaque jour, en version PDF\/Outlook, est disponible<a title=\"Blog prochainement disponible\" href=\"http:\/\/blogs.crespel.me\/usa2013\/2012\/11\/02\/blog-prochainement-disponible\/\"> ici.<\/a><\/li>\n<li>L&rsquo;onglet <a title=\"Annexes\" href=\"http:\/\/blogs.crespel.me\/usa2013\/annexes\/\"><strong>Annexes<\/strong><\/a> comportera au fur et \u00e0 mesure les rubriques similaires \u00e0 celles des blogs 2009\/2011\/2012 : campgrounds, visitor center, balades\/visites et infos utiles, les <a title=\"Endroits insolites\" href=\"http:\/\/blogs.crespel.me\/usa2013\/annexes\/endroits-insolites\/\">endroits insolites<\/a>, et <a title=\"Bonus : fresques et d\u00e9cors muraux\" href=\"http:\/\/blogs.crespel.me\/usa2013\/annexes\/bonus-fresques-et-decors-muraux\/\">un bonus \u00e0 d\u00e9couvrir<\/a>, le bilan financier, la fa\u00e7on de<a title=\"Voyager en camping-car\" href=\"http:\/\/blogs.crespel.me\/usa2013\/annexes\/voyager-en-camping-car\/\"> voyager en camping-car<\/a>.<\/li>\n<\/ul>\n<h3>Le parcours<\/h3>\n<p>Le point de d\u00e9part de cette nouvelle boucle, de 2740 miles\/4400 km environ, en Camping-Car, se situe \u00e0 <strong>Atlanta <\/strong>(capitale de la<strong> G\u00e9orgie,<\/strong> des J.O. de 1996, et de Coca Cola&#8230;). Descente Sud\/Ouest en traversant l&rsquo;<strong>Alabama<\/strong> (et sa capitale Montgomery) jusque Mobile au centre du golfe du Mexique.<\/p>\n<p>Ensuite un p\u00e9riple de 8 jours en <strong>Louisiane<\/strong> depuis New Orleans, la route des plantations, puis Houma\/New Iberia\/Abbeville\/Lafayette\/Eunice\/St Martinville\/etc&#8230;<\/p>\n<p>La remont\u00e9e du <strong>Mississippi<\/strong> depuis B\u00e2ton Rouge, vers St Francisville\/Natchez\/Vickburg\/Indianola\/Clarksdale\/Tunica, c&rsquo;est la route 61 du Blues !<\/p>\n<p>La travers\u00e9e Ouest-Est du <strong>Tennessee<\/strong> par Memphis (Elvis et le Rock), Jackson (Carl Perkins et le Rockabilly) puis Nashville (capitale de la Country) jusque Knoxville.<\/p>\n<p>Une incursion en <strong>Caroline du Nord<\/strong> pour visiter les Smoky Mountains, et retour au point de d\u00e9part : <strong>Atlanta<\/strong>.<\/p>\n<p>Dur\u00e9e de cette partie sur place = 21 jours.<\/p>\n<p style=\"text-align: center\"><img loading=\"lazy\" decoding=\"async\" class=\"alignnone size-full wp-image-102\" src=\"http:\/\/blogs.crespel.me\/usa2013\/files\/2012\/11\/Carte-USA-2013.jpg\" alt=\"\" width=\"379\" height=\"316\" srcset=\"https:\/\/blogs.crespel.me\/usa2013\/wp-content\/uploads\/sites\/9\/2012\/11\/Carte-USA-2013.jpg 379w, https:\/\/blogs.crespel.me\/usa2013\/wp-content\/uploads\/sites\/9\/2012\/11\/Carte-USA-2013-300x250.jpg 300w\" sizes=\"auto, (max-width: 379px) 100vw, 379px\" \/><\/p>\n<p><em>Vous trouverez d\u00e8s \u00e0 pr\u00e9sent 3 fichiers ci-dessous : les activit\u00e9s et visites pr\u00e9vues, le planning\/co\u00fbts\/r\u00e9sa, et la carte g\u00e9n\u00e9rale.<\/em><\/p>\n<p><a href=\"http:\/\/blogs.crespel.me\/usa2013\/files\/2012\/11\/Programme-de-visites-2013-Vers3-Atlanta4.pdf\">Programme de visites 2013 Vers3 Atlanta<\/a>\u00a0 version mise \u00e0 jour le 01\/12.<\/p>\n<p><a href=\"http:\/\/blogs.crespel.me\/usa2013\/files\/2012\/11\/Planning-Timing-2013-LouisianeVers3-Atlanta.pdf\">Planning Timing 2013 LouisianeVers3 Atlanta<\/a>\u00a0 version de base (non actualis\u00e9e).<\/p>\n<p><a href=\"http:\/\/blogs.crespel.me\/usa2013\/files\/2012\/11\/Boucle-Atlanta-par-Alabama-Louisiane-Mississipi-Tennessee-Caroline-N-Georgie.pdf\">Boucle Atlanta, par Alabama Louisiane Mississipi Tennessee Caroline N Georgie<\/a>\u00a0 carte g\u00e9n\u00e9rale, non d\u00e9taill\u00e9e.<\/p>\n<p>&nbsp;<\/p>\n<h3>Quelques saines lectures et musiques :<\/h3>\n<p style=\"text-align: center\"><a href=\"http:\/\/blogs.crespel.me\/usa2013\/files\/2012\/11\/Livre-de-Nola-\u00e0-Nashville.jpg\"><img loading=\"lazy\" decoding=\"async\" class=\"alignnone size-thumbnail wp-image-84\" src=\"http:\/\/blogs.crespel.me\/usa2013\/files\/2012\/11\/Livre-de-Nola-\u00e0-Nashville-150x150.jpg\" alt=\"\" width=\"150\" height=\"150\" srcset=\"https:\/\/blogs.crespel.me\/usa2013\/wp-content\/uploads\/sites\/9\/2012\/11\/Livre-de-Nola-\u00e0-Nashville-150x150.jpg 150w, https:\/\/blogs.crespel.me\/usa2013\/wp-content\/uploads\/sites\/9\/2012\/11\/Livre-de-Nola-\u00e0-Nashville.jpg 300w\" sizes=\"auto, (max-width: 150px) 100vw, 150px\" \/><\/a> <a href=\"http:\/\/blogs.crespel.me\/usa2013\/files\/2012\/11\/Routard-Louisiane.jpg\"><img loading=\"lazy\" decoding=\"async\" class=\"alignnone wp-image-85\" src=\"http:\/\/blogs.crespel.me\/usa2013\/files\/2012\/11\/Routard-Louisiane-150x150.jpg\" alt=\"\" width=\"150\" height=\"150\" srcset=\"https:\/\/blogs.crespel.me\/usa2013\/wp-content\/uploads\/sites\/9\/2012\/11\/Routard-Louisiane-150x150.jpg 150w, https:\/\/blogs.crespel.me\/usa2013\/wp-content\/uploads\/sites\/9\/2012\/11\/Routard-Louisiane.jpg 300w\" sizes=\"auto, (max-width: 150px) 100vw, 150px\" \/><\/a> <a href=\"http:\/\/blogs.crespel.me\/usa2013\/files\/2012\/11\/Livre-Routes-des-US-e1352029803670.jpg\"><img loading=\"lazy\" decoding=\"async\" class=\"alignnone size-thumbnail wp-image-86\" src=\"http:\/\/blogs.crespel.me\/usa2013\/files\/2012\/11\/Livre-Routes-des-US-e1352029803670-150x150.jpg\" alt=\"\" width=\"150\" height=\"150\" srcset=\"https:\/\/blogs.crespel.me\/usa2013\/wp-content\/uploads\/sites\/9\/2012\/11\/Livre-Routes-des-US-e1352029803670-150x150.jpg 150w, https:\/\/blogs.crespel.me\/usa2013\/wp-content\/uploads\/sites\/9\/2012\/11\/Livre-Routes-des-US-e1352029803670.jpg 300w\" sizes=\"auto, (max-width: 150px) 100vw, 150px\" \/><\/a><br \/>\n<a href=\"http:\/\/blogs.crespel.me\/usa2013\/files\/2012\/11\/Livre2-James-Lee-Burke.jpg\"><img loading=\"lazy\" decoding=\"async\" class=\"alignnone size-thumbnail wp-image-108\" src=\"http:\/\/blogs.crespel.me\/usa2013\/files\/2012\/11\/Livre2-James-Lee-Burke-150x150.jpg\" alt=\"\" width=\"150\" height=\"150\" srcset=\"https:\/\/blogs.crespel.me\/usa2013\/wp-content\/uploads\/sites\/9\/2012\/11\/Livre2-James-Lee-Burke-150x150.jpg 150w, https:\/\/blogs.crespel.me\/usa2013\/wp-content\/uploads\/sites\/9\/2012\/11\/Livre2-James-Lee-Burke.jpg 300w\" sizes=\"auto, (max-width: 150px) 100vw, 150px\" \/><\/a>\u00a0 <a href=\"http:\/\/blogs.crespel.me\/usa2013\/files\/2012\/11\/Gregg-Allman-CD.jpg\"><img loading=\"lazy\" decoding=\"async\" class=\"alignnone size-thumbnail wp-image-89\" src=\"http:\/\/blogs.crespel.me\/usa2013\/files\/2012\/11\/Gregg-Allman-CD-150x150.jpg\" alt=\"\" width=\"150\" height=\"150\" srcset=\"https:\/\/blogs.crespel.me\/usa2013\/wp-content\/uploads\/sites\/9\/2012\/11\/Gregg-Allman-CD-150x150.jpg 150w, https:\/\/blogs.crespel.me\/usa2013\/wp-content\/uploads\/sites\/9\/2012\/11\/Gregg-Allman-CD.jpg 300w\" sizes=\"auto, (max-width: 150px) 100vw, 150px\" \/><\/a> <a href=\"http:\/\/blogs.crespel.me\/usa2013\/files\/2012\/11\/Elvis-\u00e0-Hawai-CD.jpg\"><img loading=\"lazy\" decoding=\"async\" class=\"alignnone size-thumbnail wp-image-104\" src=\"http:\/\/blogs.crespel.me\/usa2013\/files\/2012\/11\/Elvis-\u00e0-Hawai-CD-150x150.jpg\" alt=\"\" width=\"150\" height=\"150\" \/><\/a><\/p>\n<p style=\"text-align: center\">\n","protected":false},"excerpt":{"rendered":"<p>Bonjour \u00e0 toutes et tous. Jean et Fabien vous pr\u00e9sentent\u00a0le blog de notre quatri\u00e8me voyage aux \u00c9tats-Unis. Avec pour th\u00e8mes principaux : La Louisiane et les villes du Sud. Les musiques originales, Jazz et Blues, Zydeco, Rock and Roll et Country. Les cultures des opprim\u00e9s, Cajuns, indiens Houmas, Noirs et M\u00e9tisses. Et la pr\u00e9sence spirituelle [&hellip;]<\/p>\n","protected":false},"author":1,"featured_media":0,"parent":0,"menu_order":0,"comment_status":"open","ping_status":"open","template":"","meta":{"footnotes":""},"class_list":["post-4","page","type-page","status-publish","hentry"],"_links":{"self":[{"href":"https:\/\/blogs.crespel.me\/usa2013\/wp-json\/wp\/v2\/pages\/4","targetHints":{"allow":["GET"]}}],"collection":[{"href":"https:\/\/blogs.crespel.me\/usa2013\/wp-json\/wp\/v2\/pages"}],"about":[{"href":"https:\/\/blogs.crespel.me\/usa2013\/wp-json\/wp\/v2\/types\/page"}],"author":[{"embeddable":true,"href":"https:\/\/blogs.crespel.me\/usa2013\/wp-json\/wp\/v2\/users\/1"}],"replies":[{"embeddable":true,"href":"https:\/\/blogs.crespel.me\/usa2013\/wp-json\/wp\/v2\/comments?post=4"}],"version-history":[{"count":48,"href":"https:\/\/blogs.crespel.me\/usa2013\/wp-json\/wp\/v2\/pages\/4\/revisions"}],"predecessor-version":[{"id":1379,"href":"https:\/\/blogs.crespel.me\/usa2013\/wp-json\/wp\/v2\/pages\/4\/revisions\/1379"}],"wp:attachment":[{"href":"https:\/\/blogs.crespel.me\/usa2013\/wp-json\/wp\/v2\/media?parent=4"}],"curies":[{"name":"wp","href":"https:\/\/api.w.org\/{rel}","templated":true}]}}