{"id":1220,"date":"2013-06-07T14:09:16","date_gmt":"2013-06-07T12:09:16","guid":{"rendered":"http:\/\/blogs.crespel.me\/usa2013\/?page_id=1220"},"modified":"2013-06-20T13:38:26","modified_gmt":"2013-06-20T11:38:26","slug":"pecan-grove-rvpark-arkansas","status":"publish","type":"page","link":"https:\/\/blogs.crespel.me\/usa2013\/annexes\/campgrounds\/pecan-grove-rvpark-arkansas\/","title":{"rendered":"Pecan Grove RVpark Arkansas"},"content":{"rendered":"<h3>Description<\/h3>\n<ul>\n<li>Situ\u00e9 au 3768 Hwy 82\/65 \u00e0 Lake Village\/Arkansas.<\/li>\n<li>Arriv\u00e9s sans r\u00e9sa vers 19h30: le Warfield Point Park au sud de Greenville\/MS \u00e9tait r\u00e9serv\u00e9 par mail &#8211; confirmation du matin (non re\u00e7ue) qu&rsquo;il est inond\u00e9&#8230; et nous y arrivons vers 18h45 ferm\u00e9, personne ! consultation internet en urgence pour en trouver sur Lake village \u00e0 15 miles en Arkansas.<\/li>\n<li>Accueil cordial le lendemain matin.<\/li>\n<li>Prix 25 $ en Cash, pour 1 nuit (Motorhome RV25 et 3 personnes).<\/li>\n<li>Full Hookups.<\/li>\n<li><strong>Mai 2013: note 7\/10<\/strong>. Emplacement N\u00b011 au fond pr\u00e8s du bureau d&rsquo;accueil.<\/li>\n<\/ul>\n<h3>Insolite ou Non<\/h3>\n<ul>\n<li>Campground ombrag\u00e9, familial, nombreux locaux.<\/li>\n<li>En bord de route mais se positionner au fond (moins de bruit).<\/li>\n<\/ul>\n<h3>Les environs<\/h3>\n<ul>\n<li>Pas vu Lake Village \u00e0 2 miles plus au Nord !<\/li>\n<li>le Lake Chicot de l&rsquo;autre c\u00f4t\u00e9 de la route.<\/li>\n<li>Supercenter Kroger et autres commerces \u00e0 Greenville\/MS.<\/li>\n<\/ul>\n<h3>Photos<\/h3>\n\n\t\t<style type=\"text\/css\">\n\t\t\t#gallery-1 {\n\t\t\t\tmargin: auto;\n\t\t\t}\n\t\t\t#gallery-1 .gallery-item {\n\t\t\t\tfloat: left;\n\t\t\t\tmargin-top: 10px;\n\t\t\t\ttext-align: center;\n\t\t\t\twidth: 33%;\n\t\t\t}\n\t\t\t#gallery-1 img {\n\t\t\t\tborder: 2px solid #cfcfcf;\n\t\t\t}\n\t\t\t#gallery-1 .gallery-caption {\n\t\t\t\tmargin-left: 0;\n\t\t\t}\n\t\t\t\/* see gallery_shortcode() in wp-includes\/media.php *\/\n\t\t<\/style>\n\t\t<div id='gallery-1' class='gallery galleryid-1220 gallery-columns-3 gallery-size-thumbnail'><dl class='gallery-item'>\n\t\t\t<dt class='gallery-icon landscape'>\n\t\t\t\t<a href='https:\/\/blogs.crespel.me\/usa2013\/wp-content\/uploads\/sites\/9\/2013\/05\/IMG_3804.jpg'><img loading=\"lazy\" decoding=\"async\" width=\"150\" height=\"150\" src=\"https:\/\/blogs.crespel.me\/usa2013\/wp-content\/uploads\/sites\/9\/2013\/05\/IMG_3804-150x150.jpg\" class=\"attachment-thumbnail size-thumbnail\" alt=\"\" \/><\/a>\n\t\t\t<\/dt><\/dl><dl class='gallery-item'>\n\t\t\t<dt class='gallery-icon landscape'>\n\t\t\t\t<a href='https:\/\/blogs.crespel.me\/usa2013\/wp-content\/uploads\/sites\/9\/2013\/06\/IMG_3805.jpg'><img loading=\"lazy\" decoding=\"async\" width=\"150\" height=\"150\" src=\"https:\/\/blogs.crespel.me\/usa2013\/wp-content\/uploads\/sites\/9\/2013\/06\/IMG_3805-150x150.jpg\" class=\"attachment-thumbnail size-thumbnail\" alt=\"\" \/><\/a>\n\t\t\t<\/dt><\/dl><dl class='gallery-item'>\n\t\t\t<dt class='gallery-icon landscape'>\n\t\t\t\t<a href='https:\/\/blogs.crespel.me\/usa2013\/wp-content\/uploads\/sites\/9\/2013\/06\/IMG_3806.jpg'><img loading=\"lazy\" decoding=\"async\" width=\"150\" height=\"150\" src=\"https:\/\/blogs.crespel.me\/usa2013\/wp-content\/uploads\/sites\/9\/2013\/06\/IMG_3806-150x150.jpg\" class=\"attachment-thumbnail size-thumbnail\" alt=\"\" \/><\/a>\n\t\t\t<\/dt><\/dl><br style=\"clear: both\" \/>\n\t\t<\/div>\n\n","protected":false},"excerpt":{"rendered":"<p>Description Situ\u00e9 au 3768 Hwy 82\/65 \u00e0 Lake Village\/Arkansas. Arriv\u00e9s sans r\u00e9sa vers 19h30: le Warfield Point Park au sud de Greenville\/MS \u00e9tait r\u00e9serv\u00e9 par mail &#8211; confirmation du matin (non re\u00e7ue) qu&rsquo;il est inond\u00e9&#8230; et nous y arrivons vers 18h45 ferm\u00e9, personne ! consultation internet en urgence pour en trouver sur Lake village \u00e0 [&hellip;]<\/p>\n","protected":false},"author":2,"featured_media":0,"parent":65,"menu_order":0,"comment_status":"open","ping_status":"open","template":"","meta":{"footnotes":""},"class_list":["post-1220","page","type-page","status-publish","hentry"],"_links":{"self":[{"href":"https:\/\/blogs.crespel.me\/usa2013\/wp-json\/wp\/v2\/pages\/1220","targetHints":{"allow":["GET"]}}],"collection":[{"href":"https:\/\/blogs.crespel.me\/usa2013\/wp-json\/wp\/v2\/pages"}],"about":[{"href":"https:\/\/blogs.crespel.me\/usa2013\/wp-json\/wp\/v2\/types\/page"}],"author":[{"embeddable":true,"href":"https:\/\/blogs.crespel.me\/usa2013\/wp-json\/wp\/v2\/users\/2"}],"replies":[{"embeddable":true,"href":"https:\/\/blogs.crespel.me\/usa2013\/wp-json\/wp\/v2\/comments?post=1220"}],"version-history":[{"count":7,"href":"https:\/\/blogs.crespel.me\/usa2013\/wp-json\/wp\/v2\/pages\/1220\/revisions"}],"predecessor-version":[{"id":1280,"href":"https:\/\/blogs.crespel.me\/usa2013\/wp-json\/wp\/v2\/pages\/1220\/revisions\/1280"}],"up":[{"embeddable":true,"href":"https:\/\/blogs.crespel.me\/usa2013\/wp-json\/wp\/v2\/pages\/65"}],"wp:attachment":[{"href":"https:\/\/blogs.crespel.me\/usa2013\/wp-json\/wp\/v2\/media?parent=1220"}],"curies":[{"name":"wp","href":"https:\/\/api.w.org\/{rel}","templated":true}]}}