{"id":1218,"date":"2013-06-07T14:10:52","date_gmt":"2013-06-07T12:10:52","guid":{"rendered":"http:\/\/blogs.crespel.me\/usa2013\/?page_id=1218"},"modified":"2013-06-20T13:37:00","modified_gmt":"2013-06-20T11:37:00","slug":"river-view-rvpark-a-natchez","status":"publish","type":"page","link":"https:\/\/blogs.crespel.me\/usa2013\/annexes\/campgrounds\/river-view-rvpark-a-natchez\/","title":{"rendered":"River View RVpark \u00e0 Natchez"},"content":{"rendered":"<h3>Description<\/h3>\n<ul>\n<li>Situ\u00e9 au 100 River View Parkway \u00e0 Vidalia\/LA en face de Natchez\/MS<\/li>\n<li>R\u00e9sa par tel (fait depuis Lafayette par une charmante rencontre &#8211; couple d&rsquo;Am\u00e9ricains).<\/li>\n<li>Accueil cordial.<\/li>\n<li>Prix 44,70 $, pour 1 nuit (Motorhome RV25 et 3 personnes).<\/li>\n<li>Full Hookups.<\/li>\n<li><strong>Mai 2013: note 7\/10.<\/strong> Emplacement N\u00b099 au fond.<\/li>\n<li>Commodit\u00e9s \u00e0 l&rsquo;entr\u00e9e.<\/li>\n<\/ul>\n<h3>Insolite ou Non<\/h3>\n<ul>\n<li>Campground ombrag\u00e9, calme, en face du Mississippi.<\/li>\n<\/ul>\n<h3>Les environs<\/h3>\n<ul>\n<li>Natchez au Mississipi, nombreuses et grandes demeures Antebellum : 18.500 habitants en 2000 &#8211; altitude 66 m.<\/li>\n<li>Nombreux commerces en ville.<\/li>\n<\/ul>\n<h3>Photos<\/h3>\n\n\t\t<style type=\"text\/css\">\n\t\t\t#gallery-1 {\n\t\t\t\tmargin: auto;\n\t\t\t}\n\t\t\t#gallery-1 .gallery-item {\n\t\t\t\tfloat: left;\n\t\t\t\tmargin-top: 10px;\n\t\t\t\ttext-align: center;\n\t\t\t\twidth: 33%;\n\t\t\t}\n\t\t\t#gallery-1 img {\n\t\t\t\tborder: 2px solid #cfcfcf;\n\t\t\t}\n\t\t\t#gallery-1 .gallery-caption {\n\t\t\t\tmargin-left: 0;\n\t\t\t}\n\t\t\t\/* see gallery_shortcode() in wp-includes\/media.php *\/\n\t\t<\/style>\n\t\t<div id='gallery-1' class='gallery galleryid-1218 gallery-columns-3 gallery-size-thumbnail'><dl class='gallery-item'>\n\t\t\t<dt class='gallery-icon landscape'>\n\t\t\t\t<a href='https:\/\/blogs.crespel.me\/usa2013\/wp-content\/uploads\/sites\/9\/2013\/05\/IMG_3646.jpg'><img loading=\"lazy\" decoding=\"async\" width=\"150\" height=\"150\" src=\"https:\/\/blogs.crespel.me\/usa2013\/wp-content\/uploads\/sites\/9\/2013\/05\/IMG_3646-150x150.jpg\" class=\"attachment-thumbnail size-thumbnail\" alt=\"\" \/><\/a>\n\t\t\t<\/dt><\/dl><dl class='gallery-item'>\n\t\t\t<dt class='gallery-icon landscape'>\n\t\t\t\t<a href='https:\/\/blogs.crespel.me\/usa2013\/wp-content\/uploads\/sites\/9\/2013\/05\/IMG_3647.jpg'><img loading=\"lazy\" decoding=\"async\" width=\"150\" height=\"150\" src=\"https:\/\/blogs.crespel.me\/usa2013\/wp-content\/uploads\/sites\/9\/2013\/05\/IMG_3647-150x150.jpg\" class=\"attachment-thumbnail size-thumbnail\" alt=\"\" \/><\/a>\n\t\t\t<\/dt><\/dl>\n\t\t\t<br style='clear: both' \/>\n\t\t<\/div>\n\n","protected":false},"excerpt":{"rendered":"<p>Description Situ\u00e9 au 100 River View Parkway \u00e0 Vidalia\/LA en face de Natchez\/MS R\u00e9sa par tel (fait depuis Lafayette par une charmante rencontre &#8211; couple d&rsquo;Am\u00e9ricains). Accueil cordial. Prix 44,70 $, pour 1 nuit (Motorhome RV25 et 3 personnes). Full Hookups. Mai 2013: note 7\/10. Emplacement N\u00b099 au fond. Commodit\u00e9s \u00e0 l&rsquo;entr\u00e9e. Insolite ou Non [&hellip;]<\/p>\n","protected":false},"author":2,"featured_media":0,"parent":65,"menu_order":0,"comment_status":"open","ping_status":"open","template":"","meta":{"footnotes":""},"class_list":["post-1218","page","type-page","status-publish","hentry"],"_links":{"self":[{"href":"https:\/\/blogs.crespel.me\/usa2013\/wp-json\/wp\/v2\/pages\/1218","targetHints":{"allow":["GET"]}}],"collection":[{"href":"https:\/\/blogs.crespel.me\/usa2013\/wp-json\/wp\/v2\/pages"}],"about":[{"href":"https:\/\/blogs.crespel.me\/usa2013\/wp-json\/wp\/v2\/types\/page"}],"author":[{"embeddable":true,"href":"https:\/\/blogs.crespel.me\/usa2013\/wp-json\/wp\/v2\/users\/2"}],"replies":[{"embeddable":true,"href":"https:\/\/blogs.crespel.me\/usa2013\/wp-json\/wp\/v2\/comments?post=1218"}],"version-history":[{"count":6,"href":"https:\/\/blogs.crespel.me\/usa2013\/wp-json\/wp\/v2\/pages\/1218\/revisions"}],"predecessor-version":[{"id":1282,"href":"https:\/\/blogs.crespel.me\/usa2013\/wp-json\/wp\/v2\/pages\/1218\/revisions\/1282"}],"up":[{"embeddable":true,"href":"https:\/\/blogs.crespel.me\/usa2013\/wp-json\/wp\/v2\/pages\/65"}],"wp:attachment":[{"href":"https:\/\/blogs.crespel.me\/usa2013\/wp-json\/wp\/v2\/media?parent=1218"}],"curies":[{"name":"wp","href":"https:\/\/api.w.org\/{rel}","templated":true}]}}