{"id":1215,"date":"2013-06-07T13:56:18","date_gmt":"2013-06-07T11:56:18","guid":{"rendered":"http:\/\/blogs.crespel.me\/usa2013\/?page_id=1215"},"modified":"2013-06-16T15:13:50","modified_gmt":"2013-06-16T13:13:50","slug":"abbeville-rvpark","status":"publish","type":"page","link":"https:\/\/blogs.crespel.me\/usa2013\/annexes\/campgrounds\/abbeville-rvpark\/","title":{"rendered":"Abbeville RVpark"},"content":{"rendered":"<h3>Description<\/h3>\n<ul>\n<li>Situ\u00e9 au 1501 W Port St \u00e0 l&rsquo;Ouest d&rsquo;Abbeville.<\/li>\n<li>R\u00e9sa par mail ou tel (voir leur site).<\/li>\n<li>Accueil cordial.<\/li>\n<li>Prix 20 $ en Cash, pour 1 nuit (Motorhome RV25 et 3 personnes).<\/li>\n<li>Full Hookups.<\/li>\n<li><strong>Mai 2013: note 7\/10<\/strong>. Emplacement N\u00b033 au fond.<\/li>\n<li>Pas de commodit\u00e9s.<\/li>\n<\/ul>\n<h3>Insolite ou Non<\/h3>\n<ul>\n<li>Campground ombrag\u00e9, familial, calme, au bout d&rsquo;une route foresti\u00e8re en impasse.<\/li>\n<li>Meilleure nuit du s\u00e9jour ! mais tr\u00e8s fra\u00eeche au r\u00e9veil sous un ciel bleu.<\/li>\n<\/ul>\n<h3>Les environs<\/h3>\n<ul>\n<li>Abbeville en Louisiane : 12.000 habitants &#8211; altitude 5 m.<\/li>\n<li>Centre ville un peu endormi.<\/li>\n<\/ul>\n<h3>Photos<\/h3>\n\n\t\t<style type=\"text\/css\">\n\t\t\t#gallery-1 {\n\t\t\t\tmargin: auto;\n\t\t\t}\n\t\t\t#gallery-1 .gallery-item {\n\t\t\t\tfloat: left;\n\t\t\t\tmargin-top: 10px;\n\t\t\t\ttext-align: center;\n\t\t\t\twidth: 33%;\n\t\t\t}\n\t\t\t#gallery-1 img {\n\t\t\t\tborder: 2px solid #cfcfcf;\n\t\t\t}\n\t\t\t#gallery-1 .gallery-caption {\n\t\t\t\tmargin-left: 0;\n\t\t\t}\n\t\t\t\/* see gallery_shortcode() in wp-includes\/media.php *\/\n\t\t<\/style>\n\t\t<div id='gallery-1' class='gallery galleryid-1215 gallery-columns-3 gallery-size-thumbnail'><dl class='gallery-item'>\n\t\t\t<dt class='gallery-icon landscape'>\n\t\t\t\t<a href='https:\/\/blogs.crespel.me\/usa2013\/wp-content\/uploads\/sites\/9\/2013\/06\/IMG_3354.jpg'><img loading=\"lazy\" decoding=\"async\" width=\"150\" height=\"150\" src=\"https:\/\/blogs.crespel.me\/usa2013\/wp-content\/uploads\/sites\/9\/2013\/06\/IMG_3354-150x150.jpg\" class=\"attachment-thumbnail size-thumbnail\" alt=\"\" \/><\/a>\n\t\t\t<\/dt><\/dl><dl class='gallery-item'>\n\t\t\t<dt class='gallery-icon landscape'>\n\t\t\t\t<a href='https:\/\/blogs.crespel.me\/usa2013\/wp-content\/uploads\/sites\/9\/2013\/06\/IMG_3355.jpg'><img loading=\"lazy\" decoding=\"async\" width=\"150\" height=\"150\" src=\"https:\/\/blogs.crespel.me\/usa2013\/wp-content\/uploads\/sites\/9\/2013\/06\/IMG_3355-150x150.jpg\" class=\"attachment-thumbnail size-thumbnail\" alt=\"\" \/><\/a>\n\t\t\t<\/dt><\/dl><dl class='gallery-item'>\n\t\t\t<dt class='gallery-icon portrait'>\n\t\t\t\t<a href='https:\/\/blogs.crespel.me\/usa2013\/wp-content\/uploads\/sites\/9\/2013\/06\/IMG_3357.jpg'><img loading=\"lazy\" decoding=\"async\" width=\"150\" height=\"150\" src=\"https:\/\/blogs.crespel.me\/usa2013\/wp-content\/uploads\/sites\/9\/2013\/06\/IMG_3357-150x150.jpg\" class=\"attachment-thumbnail size-thumbnail\" alt=\"\" \/><\/a>\n\t\t\t<\/dt><\/dl><br style=\"clear: both\" \/>\n\t\t<\/div>\n\n","protected":false},"excerpt":{"rendered":"<p>Description Situ\u00e9 au 1501 W Port St \u00e0 l&rsquo;Ouest d&rsquo;Abbeville. R\u00e9sa par mail ou tel (voir leur site). Accueil cordial. Prix 20 $ en Cash, pour 1 nuit (Motorhome RV25 et 3 personnes). Full Hookups. Mai 2013: note 7\/10. Emplacement N\u00b033 au fond. Pas de commodit\u00e9s. Insolite ou Non Campground ombrag\u00e9, familial, calme, au bout [&hellip;]<\/p>\n","protected":false},"author":2,"featured_media":0,"parent":65,"menu_order":0,"comment_status":"open","ping_status":"open","template":"","meta":{"footnotes":""},"class_list":["post-1215","page","type-page","status-publish","hentry"],"_links":{"self":[{"href":"https:\/\/blogs.crespel.me\/usa2013\/wp-json\/wp\/v2\/pages\/1215","targetHints":{"allow":["GET"]}}],"collection":[{"href":"https:\/\/blogs.crespel.me\/usa2013\/wp-json\/wp\/v2\/pages"}],"about":[{"href":"https:\/\/blogs.crespel.me\/usa2013\/wp-json\/wp\/v2\/types\/page"}],"author":[{"embeddable":true,"href":"https:\/\/blogs.crespel.me\/usa2013\/wp-json\/wp\/v2\/users\/2"}],"replies":[{"embeddable":true,"href":"https:\/\/blogs.crespel.me\/usa2013\/wp-json\/wp\/v2\/comments?post=1215"}],"version-history":[{"count":7,"href":"https:\/\/blogs.crespel.me\/usa2013\/wp-json\/wp\/v2\/pages\/1215\/revisions"}],"predecessor-version":[{"id":1269,"href":"https:\/\/blogs.crespel.me\/usa2013\/wp-json\/wp\/v2\/pages\/1215\/revisions\/1269"}],"up":[{"embeddable":true,"href":"https:\/\/blogs.crespel.me\/usa2013\/wp-json\/wp\/v2\/pages\/65"}],"wp:attachment":[{"href":"https:\/\/blogs.crespel.me\/usa2013\/wp-json\/wp\/v2\/media?parent=1215"}],"curies":[{"name":"wp","href":"https:\/\/api.w.org\/{rel}","templated":true}]}}