{"id":1213,"date":"2013-06-07T13:58:42","date_gmt":"2013-06-07T11:58:42","guid":{"rendered":"http:\/\/blogs.crespel.me\/usa2013\/?page_id=1213"},"modified":"2013-06-20T13:34:27","modified_gmt":"2013-06-20T11:34:27","slug":"capri-court-campground-a-houma","status":"publish","type":"page","link":"https:\/\/blogs.crespel.me\/usa2013\/annexes\/campgrounds\/capri-court-campground-a-houma\/","title":{"rendered":"Capri court campground \u00e0 Houma"},"content":{"rendered":"<h3>Description<\/h3>\n<ul>\n<li>Situ\u00e9 route 316 au Nord de Houma.<\/li>\n<li>R\u00e9sa par mail ou tel (voir leur site). Bureau d&rsquo;accueil \u00e0 gauche juste au d\u00e9but de la route d&rsquo;entr\u00e9e.<\/li>\n<li>Accueil juste cordial.<\/li>\n<li>Prix 28,80 $ en Cash, pour 1 nuit (Motorhome RV25 et 3 personnes).<\/li>\n<li>Full Hookups.<\/li>\n<li><strong>Mai 2013: note 5\/10<\/strong>. Emplacement 611 \u00e0 gauche vers le milieu, ombrag\u00e9.<\/li>\n<li>Sanitaires ferm\u00e9s !<\/li>\n<\/ul>\n<h3>Insolite ou Non<\/h3>\n<ul>\n<li>Forte pluie en soir\u00e9e o\u00f9 une grenouille \u00ab\u00a0d\u00e9bord\u00e9e\u00a0\u00bb s&rsquo;accroche \u00e0 la moustiquaire de la porte du CC.<\/li>\n<li>Bayou avec alligators \u00e0 30m derri\u00e8re. Bruit de la centrale d&rsquo;\u00e9puration.<\/li>\n<li>12 \u00ab\u00a0Bumps\u00a0\u00bb \u00e0 franchir sur les 650m de chemin vers le camp situ\u00e9 tout au bout.<\/li>\n<li>Mobile homes le long du chemin.<\/li>\n<\/ul>\n<h3>Les environs<\/h3>\n<ul>\n<li>Houma (nom de la tribu am\u00e9rindienne) au Sud de New Orleans : 32.400 habitants.<\/li>\n<li>Walmart sur Grand Caillou Rd (route 57 Sud-Est de Houma).<\/li>\n<\/ul>\n<h3>Photos<\/h3>\n\n\t\t<style type=\"text\/css\">\n\t\t\t#gallery-1 {\n\t\t\t\tmargin: auto;\n\t\t\t}\n\t\t\t#gallery-1 .gallery-item {\n\t\t\t\tfloat: left;\n\t\t\t\tmargin-top: 10px;\n\t\t\t\ttext-align: center;\n\t\t\t\twidth: 33%;\n\t\t\t}\n\t\t\t#gallery-1 img {\n\t\t\t\tborder: 2px solid #cfcfcf;\n\t\t\t}\n\t\t\t#gallery-1 .gallery-caption {\n\t\t\t\tmargin-left: 0;\n\t\t\t}\n\t\t\t\/* see gallery_shortcode() in wp-includes\/media.php *\/\n\t\t<\/style>\n\t\t<div id='gallery-1' class='gallery galleryid-1213 gallery-columns-3 gallery-size-thumbnail'><dl class='gallery-item'>\n\t\t\t<dt class='gallery-icon landscape'>\n\t\t\t\t<a href='https:\/\/blogs.crespel.me\/usa2013\/wp-content\/uploads\/sites\/9\/2013\/06\/IMG_3256.jpg'><img loading=\"lazy\" decoding=\"async\" width=\"150\" height=\"150\" src=\"https:\/\/blogs.crespel.me\/usa2013\/wp-content\/uploads\/sites\/9\/2013\/06\/IMG_3256-150x150.jpg\" class=\"attachment-thumbnail size-thumbnail\" alt=\"\" \/><\/a>\n\t\t\t<\/dt><\/dl><dl class='gallery-item'>\n\t\t\t<dt class='gallery-icon landscape'>\n\t\t\t\t<a href='https:\/\/blogs.crespel.me\/usa2013\/wp-content\/uploads\/sites\/9\/2013\/06\/IMG_3257.jpg'><img loading=\"lazy\" decoding=\"async\" width=\"150\" height=\"150\" src=\"https:\/\/blogs.crespel.me\/usa2013\/wp-content\/uploads\/sites\/9\/2013\/06\/IMG_3257-150x150.jpg\" class=\"attachment-thumbnail size-thumbnail\" alt=\"\" \/><\/a>\n\t\t\t<\/dt><\/dl><dl class='gallery-item'>\n\t\t\t<dt class='gallery-icon landscape'>\n\t\t\t\t<a href='https:\/\/blogs.crespel.me\/usa2013\/wp-content\/uploads\/sites\/9\/2013\/06\/IMG_3258.jpg'><img loading=\"lazy\" decoding=\"async\" width=\"150\" height=\"150\" src=\"https:\/\/blogs.crespel.me\/usa2013\/wp-content\/uploads\/sites\/9\/2013\/06\/IMG_3258-150x150.jpg\" class=\"attachment-thumbnail size-thumbnail\" alt=\"\" \/><\/a>\n\t\t\t<\/dt><\/dl><br style=\"clear: both\" \/>\n\t\t<\/div>\n\n","protected":false},"excerpt":{"rendered":"<p>Description Situ\u00e9 route 316 au Nord de Houma. R\u00e9sa par mail ou tel (voir leur site). Bureau d&rsquo;accueil \u00e0 gauche juste au d\u00e9but de la route d&rsquo;entr\u00e9e. Accueil juste cordial. Prix 28,80 $ en Cash, pour 1 nuit (Motorhome RV25 et 3 personnes). Full Hookups. Mai 2013: note 5\/10. Emplacement 611 \u00e0 gauche vers le [&hellip;]<\/p>\n","protected":false},"author":2,"featured_media":0,"parent":65,"menu_order":0,"comment_status":"open","ping_status":"open","template":"","meta":{"footnotes":""},"class_list":["post-1213","page","type-page","status-publish","hentry"],"_links":{"self":[{"href":"https:\/\/blogs.crespel.me\/usa2013\/wp-json\/wp\/v2\/pages\/1213","targetHints":{"allow":["GET"]}}],"collection":[{"href":"https:\/\/blogs.crespel.me\/usa2013\/wp-json\/wp\/v2\/pages"}],"about":[{"href":"https:\/\/blogs.crespel.me\/usa2013\/wp-json\/wp\/v2\/types\/page"}],"author":[{"embeddable":true,"href":"https:\/\/blogs.crespel.me\/usa2013\/wp-json\/wp\/v2\/users\/2"}],"replies":[{"embeddable":true,"href":"https:\/\/blogs.crespel.me\/usa2013\/wp-json\/wp\/v2\/comments?post=1213"}],"version-history":[{"count":6,"href":"https:\/\/blogs.crespel.me\/usa2013\/wp-json\/wp\/v2\/pages\/1213\/revisions"}],"predecessor-version":[{"id":1271,"href":"https:\/\/blogs.crespel.me\/usa2013\/wp-json\/wp\/v2\/pages\/1213\/revisions\/1271"}],"up":[{"embeddable":true,"href":"https:\/\/blogs.crespel.me\/usa2013\/wp-json\/wp\/v2\/pages\/65"}],"wp:attachment":[{"href":"https:\/\/blogs.crespel.me\/usa2013\/wp-json\/wp\/v2\/media?parent=1213"}],"curies":[{"name":"wp","href":"https:\/\/api.w.org\/{rel}","templated":true}]}}