{"id":1211,"date":"2013-06-07T14:02:15","date_gmt":"2013-06-07T12:02:15","guid":{"rendered":"http:\/\/blogs.crespel.me\/usa2013\/?page_id=1211"},"modified":"2013-06-20T13:33:09","modified_gmt":"2013-06-20T11:33:09","slug":"french-quarter-rv-resort","status":"publish","type":"page","link":"https:\/\/blogs.crespel.me\/usa2013\/annexes\/campgrounds\/french-quarter-rv-resort\/","title":{"rendered":"French Quarter RV resort"},"content":{"rendered":"<h3>Description<\/h3>\n<ul>\n<li>Situ\u00e9 au 500.N Clairborne Av pr\u00e8s des cimeti\u00e8res St Louis 1 et 2 \u00e0 New Orleans.<\/li>\n<li>R\u00e9sa sur leur site.<\/li>\n<li>Accueil cordial.<\/li>\n<li>Prix 227,11 $ pour 3 nuits (Motorhome RV25 et 3 personnes).<\/li>\n<li>Full Hookups.<\/li>\n<li><strong>Mai 2013: note 7\/10<\/strong>. Emplacement 49 sous l&rsquo;\u00e9norme panneau publicitaire.<\/li>\n<li>Sanitaires\/douches\/piscine au b\u00e2timent d&rsquo;accueil.<\/li>\n<\/ul>\n<h3>Insolite ou Non<\/h3>\n<ul>\n<li>De hauts murs en assurent la s\u00e9curit\u00e9, peu d&rsquo;ombre (genre parking).<\/li>\n<li>Au pied de la I.10 donc bruyant de ce c\u00f4t\u00e9 l\u00e0.<\/li>\n<\/ul>\n<h3>Les environs<\/h3>\n<ul>\n<li>Pas d&rsquo;autre possibilit\u00e9 si pr\u00e8s de la ville, c&rsquo;est \u00e0 800m du French Quarter.<\/li>\n<li>Sup\u00e9rette Rouses Market \u00e0 l&rsquo;angle de Royal et St Peter street.<\/li>\n<li>Le soir, utiliser le taxi pour revenir au RVpark.<\/li>\n<\/ul>\n<h3>Photos<\/h3>\n\n\t\t<style type=\"text\/css\">\n\t\t\t#gallery-1 {\n\t\t\t\tmargin: auto;\n\t\t\t}\n\t\t\t#gallery-1 .gallery-item {\n\t\t\t\tfloat: left;\n\t\t\t\tmargin-top: 10px;\n\t\t\t\ttext-align: center;\n\t\t\t\twidth: 33%;\n\t\t\t}\n\t\t\t#gallery-1 img {\n\t\t\t\tborder: 2px solid #cfcfcf;\n\t\t\t}\n\t\t\t#gallery-1 .gallery-caption {\n\t\t\t\tmargin-left: 0;\n\t\t\t}\n\t\t\t\/* see gallery_shortcode() in wp-includes\/media.php *\/\n\t\t<\/style>\n\t\t<div id='gallery-1' class='gallery galleryid-1211 gallery-columns-3 gallery-size-thumbnail'><dl class='gallery-item'>\n\t\t\t<dt class='gallery-icon landscape'>\n\t\t\t\t<a href='https:\/\/blogs.crespel.me\/usa2013\/wp-content\/uploads\/sites\/9\/2013\/06\/IMG_2935.jpg'><img loading=\"lazy\" decoding=\"async\" width=\"150\" height=\"150\" src=\"https:\/\/blogs.crespel.me\/usa2013\/wp-content\/uploads\/sites\/9\/2013\/06\/IMG_2935-150x150.jpg\" class=\"attachment-thumbnail size-thumbnail\" alt=\"\" \/><\/a>\n\t\t\t<\/dt><\/dl><dl class='gallery-item'>\n\t\t\t<dt class='gallery-icon landscape'>\n\t\t\t\t<a href='https:\/\/blogs.crespel.me\/usa2013\/wp-content\/uploads\/sites\/9\/2013\/05\/IMG_2934.jpg'><img loading=\"lazy\" decoding=\"async\" width=\"150\" height=\"150\" src=\"https:\/\/blogs.crespel.me\/usa2013\/wp-content\/uploads\/sites\/9\/2013\/05\/IMG_2934-150x150.jpg\" class=\"attachment-thumbnail size-thumbnail\" alt=\"\" \/><\/a>\n\t\t\t<\/dt><\/dl>\n\t\t\t<br style='clear: both' \/>\n\t\t<\/div>\n\n<p>&nbsp;<\/p>\n","protected":false},"excerpt":{"rendered":"<p>Description Situ\u00e9 au 500.N Clairborne Av pr\u00e8s des cimeti\u00e8res St Louis 1 et 2 \u00e0 New Orleans. R\u00e9sa sur leur site. Accueil cordial. Prix 227,11 $ pour 3 nuits (Motorhome RV25 et 3 personnes). Full Hookups. Mai 2013: note 7\/10. Emplacement 49 sous l&rsquo;\u00e9norme panneau publicitaire. Sanitaires\/douches\/piscine au b\u00e2timent d&rsquo;accueil. Insolite ou Non De hauts [&hellip;]<\/p>\n","protected":false},"author":2,"featured_media":0,"parent":65,"menu_order":0,"comment_status":"open","ping_status":"open","template":"","meta":{"footnotes":""},"class_list":["post-1211","page","type-page","status-publish","hentry"],"_links":{"self":[{"href":"https:\/\/blogs.crespel.me\/usa2013\/wp-json\/wp\/v2\/pages\/1211","targetHints":{"allow":["GET"]}}],"collection":[{"href":"https:\/\/blogs.crespel.me\/usa2013\/wp-json\/wp\/v2\/pages"}],"about":[{"href":"https:\/\/blogs.crespel.me\/usa2013\/wp-json\/wp\/v2\/types\/page"}],"author":[{"embeddable":true,"href":"https:\/\/blogs.crespel.me\/usa2013\/wp-json\/wp\/v2\/users\/2"}],"replies":[{"embeddable":true,"href":"https:\/\/blogs.crespel.me\/usa2013\/wp-json\/wp\/v2\/comments?post=1211"}],"version-history":[{"count":7,"href":"https:\/\/blogs.crespel.me\/usa2013\/wp-json\/wp\/v2\/pages\/1211\/revisions"}],"predecessor-version":[{"id":1357,"href":"https:\/\/blogs.crespel.me\/usa2013\/wp-json\/wp\/v2\/pages\/1211\/revisions\/1357"}],"up":[{"embeddable":true,"href":"https:\/\/blogs.crespel.me\/usa2013\/wp-json\/wp\/v2\/pages\/65"}],"wp:attachment":[{"href":"https:\/\/blogs.crespel.me\/usa2013\/wp-json\/wp\/v2\/media?parent=1211"}],"curies":[{"name":"wp","href":"https:\/\/api.w.org\/{rel}","templated":true}]}}