{"id":1134,"date":"2013-05-25T17:56:19","date_gmt":"2013-05-25T15:56:19","guid":{"rendered":"http:\/\/blogs.crespel.me\/usa2013\/?page_id=1134"},"modified":"2013-06-09T10:27:03","modified_gmt":"2013-06-09T08:27:03","slug":"graceland-rvpark-a-memphis","status":"publish","type":"page","link":"https:\/\/blogs.crespel.me\/usa2013\/annexes\/campgrounds\/graceland-rvpark-a-memphis\/","title":{"rendered":"Graceland RVpark \u00e0 Memphis"},"content":{"rendered":"<h3>Description<\/h3>\n<ul>\n<li>Situ\u00e9 au 3691 Elvis Presley Blvd \u00e0 Memphis \u00e0 c\u00f4t\u00e9 de Graceland.<\/li>\n<li>R\u00e9sa internet conseill\u00e9e en saison.<\/li>\n<li>Accueil cordial.<\/li>\n<li>Prix 100,51 $ pour 2 nuits (Motorhome RV25 et 3 personnes).<\/li>\n<li>Full Hookups.<\/li>\n<li><strong>Mai 2013: note 7\/10<\/strong>. Emplacement 26A au calme derri\u00e8re l&rsquo;h\u00f4tel et pr\u00e8s du portillon d&rsquo;acc\u00e8s au parking de Graceland.<\/li>\n<li>Services et Store dans le b\u00e2timent d&rsquo;accueil. Gu\u00e9rite de surveillance en amont.<\/li>\n<\/ul>\n<h3>Insolite ou Non<\/h3>\n<ul>\n<li>Pas de meilleur emplacement si proche d&rsquo;Elvis (moins de 100m \u00e0 pieds).<\/li>\n<li>Orage assez costaud pendant la 1\u00e8re nuit mais pas de Pb.<\/li>\n<\/ul>\n<h3>Les environs<\/h3>\n<ul>\n<li>Graceland est tout au Sud de Memphis et \u00e0 9 miles du centre (Beale Street \u00e0 Downton).<\/li>\n<li>Station service \u00e0 100m, commerces et restaurants sur l&rsquo;avenue.<\/li>\n<\/ul>\n<h3>Photos<\/h3>\n<p><a href=\"http:\/\/blogs.crespel.me\/usa2013\/files\/2013\/05\/IMG_3849.jpg\"><img loading=\"lazy\" decoding=\"async\" class=\"alignnone size-thumbnail wp-image-1140\" alt=\"Graceland\" src=\"http:\/\/blogs.crespel.me\/usa2013\/files\/2013\/05\/IMG_3849-150x150.jpg\" width=\"150\" height=\"150\" \/><\/a> <a href=\"http:\/\/blogs.crespel.me\/usa2013\/files\/2013\/05\/IMG_3850.jpg\"><img loading=\"lazy\" decoding=\"async\" class=\"alignnone size-thumbnail wp-image-1141\" alt=\"Camping car au Graceland RV Park\" src=\"http:\/\/blogs.crespel.me\/usa2013\/files\/2013\/05\/IMG_3850-150x150.jpg\" width=\"150\" height=\"150\" \/><\/a> <a href=\"http:\/\/blogs.crespel.me\/usa2013\/files\/2013\/05\/IMG_3851.jpg\"><img loading=\"lazy\" decoding=\"async\" class=\"alignnone size-thumbnail wp-image-1142\" alt=\"Camping car au Graceland RV Park\" src=\"http:\/\/blogs.crespel.me\/usa2013\/files\/2013\/05\/IMG_3851-150x150.jpg\" width=\"150\" height=\"150\" \/><\/a><\/p>\n","protected":false},"excerpt":{"rendered":"<p>Description Situ\u00e9 au 3691 Elvis Presley Blvd \u00e0 Memphis \u00e0 c\u00f4t\u00e9 de Graceland. R\u00e9sa internet conseill\u00e9e en saison. Accueil cordial. Prix 100,51 $ pour 2 nuits (Motorhome RV25 et 3 personnes). Full Hookups. Mai 2013: note 7\/10. Emplacement 26A au calme derri\u00e8re l&rsquo;h\u00f4tel et pr\u00e8s du portillon d&rsquo;acc\u00e8s au parking de Graceland. Services et Store [&hellip;]<\/p>\n","protected":false},"author":2,"featured_media":0,"parent":65,"menu_order":0,"comment_status":"open","ping_status":"open","template":"","meta":{"footnotes":""},"class_list":["post-1134","page","type-page","status-publish","hentry"],"_links":{"self":[{"href":"https:\/\/blogs.crespel.me\/usa2013\/wp-json\/wp\/v2\/pages\/1134","targetHints":{"allow":["GET"]}}],"collection":[{"href":"https:\/\/blogs.crespel.me\/usa2013\/wp-json\/wp\/v2\/pages"}],"about":[{"href":"https:\/\/blogs.crespel.me\/usa2013\/wp-json\/wp\/v2\/types\/page"}],"author":[{"embeddable":true,"href":"https:\/\/blogs.crespel.me\/usa2013\/wp-json\/wp\/v2\/users\/2"}],"replies":[{"embeddable":true,"href":"https:\/\/blogs.crespel.me\/usa2013\/wp-json\/wp\/v2\/comments?post=1134"}],"version-history":[{"count":6,"href":"https:\/\/blogs.crespel.me\/usa2013\/wp-json\/wp\/v2\/pages\/1134\/revisions"}],"predecessor-version":[{"id":1275,"href":"https:\/\/blogs.crespel.me\/usa2013\/wp-json\/wp\/v2\/pages\/1134\/revisions\/1275"}],"up":[{"embeddable":true,"href":"https:\/\/blogs.crespel.me\/usa2013\/wp-json\/wp\/v2\/pages\/65"}],"wp:attachment":[{"href":"https:\/\/blogs.crespel.me\/usa2013\/wp-json\/wp\/v2\/media?parent=1134"}],"curies":[{"name":"wp","href":"https:\/\/api.w.org\/{rel}","templated":true}]}}