{"id":1132,"date":"2013-05-25T18:02:55","date_gmt":"2013-05-25T16:02:55","guid":{"rendered":"http:\/\/blogs.crespel.me\/usa2013\/?page_id=1132"},"modified":"2013-06-09T10:37:16","modified_gmt":"2013-06-09T08:37:16","slug":"rvpark-et-lodge-a-blue-ridge","status":"publish","type":"page","link":"https:\/\/blogs.crespel.me\/usa2013\/annexes\/campgrounds\/rvpark-et-lodge-a-blue-ridge\/","title":{"rendered":"RVpark et lodge \u00e0 Blue Ridge"},"content":{"rendered":"<h3>Description<\/h3>\n<ul>\n<li>Situ\u00e9 au 7077 sur Old Hwy 76 \u00e0 Morganton (5 miles Est de Blue Ridge\/G\u00e9orgie).<\/li>\n<li>R\u00e9sa par mail (voir leur page internet).<\/li>\n<li>Accueil cordial.<\/li>\n<li>Prix 35 $ pour 1 nuit (Motorhome RV25 et 3 personnes).<\/li>\n<li>Full Hookups.<\/li>\n<li><strong>Mai 2013: note 6\/10<\/strong>. Emplacement 13 au calme vers la vall\u00e9e; seulement une quinzaine d&#8217;emplacements (\u00e9viter la proximit\u00e9 de la route).<\/li>\n<li>Sanitaires pas en service, pas de shop sur place.<\/li>\n<\/ul>\n<h3>Insolite ou Non<\/h3>\n<ul>\n<li>Camping familial situ\u00e9 en hauteur de la butte, bungalow et lodge.<\/li>\n<li>Joli coucher de soleil.<\/li>\n<\/ul>\n<h3>Les environs<\/h3>\n<ul>\n<li>Morganton est au Nord Est du Blue Rige Lake. Population 300 personnes en 2000. Altitude 544m.<\/li>\n<li>Commerces et restaurants \u00e0 Blue Ridge.<\/li>\n<\/ul>\n<h3>Photos<\/h3>\n<p><a href=\"http:\/\/blogs.crespel.me\/usa2013\/files\/2013\/05\/IMG_5037.jpg\"><img loading=\"lazy\" decoding=\"async\" class=\"alignnone size-thumbnail wp-image-1152\" alt=\"Camping car au Blue Ridge RV Park\" src=\"http:\/\/blogs.crespel.me\/usa2013\/files\/2013\/05\/IMG_5037-150x150.jpg\" width=\"150\" height=\"150\" \/><\/a> <a href=\"http:\/\/blogs.crespel.me\/usa2013\/files\/2013\/05\/IMG_5038.jpg\"><img loading=\"lazy\" decoding=\"async\" class=\"alignnone size-thumbnail wp-image-1153\" alt=\"Camping car au Blue Ridge RV Park\" src=\"http:\/\/blogs.crespel.me\/usa2013\/files\/2013\/05\/IMG_5038-150x150.jpg\" width=\"150\" height=\"150\" \/><\/a> <a href=\"http:\/\/blogs.crespel.me\/usa2013\/files\/2013\/05\/IMG_5056.jpg\"><img loading=\"lazy\" decoding=\"async\" class=\"alignnone size-thumbnail wp-image-1154\" alt=\"Coucher de soleil au Blue Ridge RV Park\" src=\"http:\/\/blogs.crespel.me\/usa2013\/files\/2013\/05\/IMG_5056-150x150.jpg\" width=\"150\" height=\"150\" \/><\/a><\/p>\n","protected":false},"excerpt":{"rendered":"<p>Description Situ\u00e9 au 7077 sur Old Hwy 76 \u00e0 Morganton (5 miles Est de Blue Ridge\/G\u00e9orgie). R\u00e9sa par mail (voir leur page internet). Accueil cordial. Prix 35 $ pour 1 nuit (Motorhome RV25 et 3 personnes). Full Hookups. Mai 2013: note 6\/10. Emplacement 13 au calme vers la vall\u00e9e; seulement une quinzaine d&#8217;emplacements (\u00e9viter la [&hellip;]<\/p>\n","protected":false},"author":2,"featured_media":0,"parent":65,"menu_order":0,"comment_status":"open","ping_status":"open","template":"","meta":{"footnotes":""},"class_list":["post-1132","page","type-page","status-publish","hentry"],"_links":{"self":[{"href":"https:\/\/blogs.crespel.me\/usa2013\/wp-json\/wp\/v2\/pages\/1132","targetHints":{"allow":["GET"]}}],"collection":[{"href":"https:\/\/blogs.crespel.me\/usa2013\/wp-json\/wp\/v2\/pages"}],"about":[{"href":"https:\/\/blogs.crespel.me\/usa2013\/wp-json\/wp\/v2\/types\/page"}],"author":[{"embeddable":true,"href":"https:\/\/blogs.crespel.me\/usa2013\/wp-json\/wp\/v2\/users\/2"}],"replies":[{"embeddable":true,"href":"https:\/\/blogs.crespel.me\/usa2013\/wp-json\/wp\/v2\/comments?post=1132"}],"version-history":[{"count":5,"href":"https:\/\/blogs.crespel.me\/usa2013\/wp-json\/wp\/v2\/pages\/1132\/revisions"}],"predecessor-version":[{"id":1284,"href":"https:\/\/blogs.crespel.me\/usa2013\/wp-json\/wp\/v2\/pages\/1132\/revisions\/1284"}],"up":[{"embeddable":true,"href":"https:\/\/blogs.crespel.me\/usa2013\/wp-json\/wp\/v2\/pages\/65"}],"wp:attachment":[{"href":"https:\/\/blogs.crespel.me\/usa2013\/wp-json\/wp\/v2\/media?parent=1132"}],"curies":[{"name":"wp","href":"https:\/\/api.w.org\/{rel}","templated":true}]}}