{"id":1125,"date":"2013-05-25T18:07:44","date_gmt":"2013-05-25T16:07:44","guid":{"rendered":"http:\/\/blogs.crespel.me\/usa2013\/?page_id=1125"},"modified":"2013-06-20T13:43:39","modified_gmt":"2013-06-20T11:43:39","slug":"rvpark-koa-a-cherokee","status":"publish","type":"page","link":"https:\/\/blogs.crespel.me\/usa2013\/annexes\/campgrounds\/rvpark-koa-a-cherokee\/","title":{"rendered":"RVpark KOA \u00e0 Cherokee"},"content":{"rendered":"<h3>Description<\/h3>\n<ul>\n<li>Situ\u00e9 au 92 KOA Rd sur Big Cove Rd \u00e0 5 miles Est de Cherokee.<\/li>\n<li>R\u00e9sa internet conseill\u00e9e en saison.<\/li>\n<li>Accueil cordial.<\/li>\n<li>Prix 43,27 $ pour 1 nuit (Motorhome RV25 et 3 personnes).<\/li>\n<li>Full Hookups.<\/li>\n<li><strong>Mai 2013: note 8\/10<\/strong>. Emplacement 140 au calme vers le d\u00e9but du camp (tr\u00e8s vaste mais tr\u00e8s peu fr\u00e9quent\u00e9 le 15 Mai).<\/li>\n<li>Commodit\u00e9s dans le b\u00e2timent principal.<\/li>\n<\/ul>\n<h3>Insolite ou Non<\/h3>\n<ul>\n<li>Cha\u00eene connue, \u00e9quipements standardis\u00e9s Restroom (toilettes), Shower (douche), Laundry (lave-linge\/S\u00e8che-linge), boutique de d\u00e9pannage, Wifi, piscine couverte, espace canin, jeux pour enfants, etc&#8230;<\/li>\n<li>Bien v\u00e9rifier la situation r\u00e9elle (souvent pr\u00e8s d&rsquo;une route\/autoroute) et l&#8217;emplacement propos\u00e9 (captage Wifi, loin du bruit).<\/li>\n<li>De biens sympathiques voisins Hollandais parlant un peu Fran\u00e7ais !<\/li>\n<\/ul>\n<h3>Les environs<\/h3>\n<ul>\n<li>Cherokee est au Sud des Smoky Mountains. 2140 habitants (2010), altitude 607 m.<\/li>\n<li>Nombreux commerces (dont artisanat indien) en ville.<\/li>\n<li>Absolument \u00e0 visiter : le Cherokee museum, et un peu plus haut le Oconaluftee Indian village (reconstitution et animations).<\/li>\n<\/ul>\n<h3>Photos<\/h3>\n<p><a href=\"http:\/\/blogs.crespel.me\/usa2013\/files\/2013\/05\/IMG_49001.jpg\"><img loading=\"lazy\" decoding=\"async\" class=\"alignnone size-thumbnail wp-image-1160\" alt=\"Camping car au KOA Cherokee\" src=\"http:\/\/blogs.crespel.me\/usa2013\/files\/2013\/05\/IMG_49001-150x150.jpg\" width=\"150\" height=\"150\" \/><\/a> <a href=\"http:\/\/blogs.crespel.me\/usa2013\/files\/2013\/05\/IMG_4910.jpg\"><img loading=\"lazy\" decoding=\"async\" class=\"alignnone size-thumbnail wp-image-1159\" alt=\"Pivert au KOA Cherokee\" src=\"http:\/\/blogs.crespel.me\/usa2013\/files\/2013\/05\/IMG_4910-150x150.jpg\" width=\"150\" height=\"150\" \/><\/a> <a href=\"http:\/\/blogs.crespel.me\/usa2013\/files\/2013\/05\/IMG_4898.jpg\"><img loading=\"lazy\" decoding=\"async\" class=\"alignnone size-thumbnail wp-image-1157\" alt=\"Camping car au KOA Cherokee\" src=\"http:\/\/blogs.crespel.me\/usa2013\/files\/2013\/05\/IMG_4898-150x150.jpg\" width=\"150\" height=\"150\" \/><\/a><\/p>\n","protected":false},"excerpt":{"rendered":"<p>Description Situ\u00e9 au 92 KOA Rd sur Big Cove Rd \u00e0 5 miles Est de Cherokee. R\u00e9sa internet conseill\u00e9e en saison. Accueil cordial. Prix 43,27 $ pour 1 nuit (Motorhome RV25 et 3 personnes). Full Hookups. Mai 2013: note 8\/10. Emplacement 140 au calme vers le d\u00e9but du camp (tr\u00e8s vaste mais tr\u00e8s peu fr\u00e9quent\u00e9 [&hellip;]<\/p>\n","protected":false},"author":2,"featured_media":0,"parent":65,"menu_order":0,"comment_status":"open","ping_status":"open","template":"","meta":{"footnotes":""},"class_list":["post-1125","page","type-page","status-publish","hentry"],"_links":{"self":[{"href":"https:\/\/blogs.crespel.me\/usa2013\/wp-json\/wp\/v2\/pages\/1125","targetHints":{"allow":["GET"]}}],"collection":[{"href":"https:\/\/blogs.crespel.me\/usa2013\/wp-json\/wp\/v2\/pages"}],"about":[{"href":"https:\/\/blogs.crespel.me\/usa2013\/wp-json\/wp\/v2\/types\/page"}],"author":[{"embeddable":true,"href":"https:\/\/blogs.crespel.me\/usa2013\/wp-json\/wp\/v2\/users\/2"}],"replies":[{"embeddable":true,"href":"https:\/\/blogs.crespel.me\/usa2013\/wp-json\/wp\/v2\/comments?post=1125"}],"version-history":[{"count":6,"href":"https:\/\/blogs.crespel.me\/usa2013\/wp-json\/wp\/v2\/pages\/1125\/revisions"}],"predecessor-version":[{"id":1287,"href":"https:\/\/blogs.crespel.me\/usa2013\/wp-json\/wp\/v2\/pages\/1125\/revisions\/1287"}],"up":[{"embeddable":true,"href":"https:\/\/blogs.crespel.me\/usa2013\/wp-json\/wp\/v2\/pages\/65"}],"wp:attachment":[{"href":"https:\/\/blogs.crespel.me\/usa2013\/wp-json\/wp\/v2\/media?parent=1125"}],"curies":[{"name":"wp","href":"https:\/\/api.w.org\/{rel}","templated":true}]}}