{"id":1123,"date":"2013-05-25T18:17:32","date_gmt":"2013-05-25T16:17:32","guid":{"rendered":"http:\/\/blogs.crespel.me\/usa2013\/?page_id=1123"},"modified":"2013-06-09T10:46:17","modified_gmt":"2013-06-09T08:46:17","slug":"rvpark-koa-a-townsend","status":"publish","type":"page","link":"https:\/\/blogs.crespel.me\/usa2013\/annexes\/campgrounds\/rvpark-koa-a-townsend\/","title":{"rendered":"RVpark KOA \u00e0 Townsend"},"content":{"rendered":"<h3>Description<\/h3>\n<ul>\n<li>Situ\u00e9 au 8533 State Hwy 73 vers la sortie Sud de Townsend, direction Great Smoky Mountains.<\/li>\n<li>R\u00e9sa internet conseill\u00e9e en saison.<\/li>\n<li>Accueil cordial.<\/li>\n<li>Prix 49,21 $ pour 1 nuit (Motorhome RV25 et 3 personnes).<\/li>\n<li>Full Hookups.<\/li>\n<li><strong>Mai 2013: note 8\/10<\/strong>. Emplacement 87 au calme vers le milieu du camp, seulement une douzaine d&#8217;emplacements occup\u00e9s le 14 Mai (\u00e9viter la proximit\u00e9 de la route**).<\/li>\n<li>Store dans le b\u00e2timent principal de la station service .<\/li>\n<\/ul>\n<h3>Insolite ou Non<\/h3>\n<ul>\n<li>Cha\u00eene connue, \u00e9quipements standardis\u00e9s Restroom (toilettes), Shower (douche), Laundry (lave-linge\/S\u00e8che-linge), boutique de d\u00e9pannage, Wifi, piscine, espace canin, jeux pour enfants, etc&#8230;<\/li>\n<li>Bien v\u00e9rifier la situation r\u00e9elle (souvent pr\u00e8s d&rsquo;une route\/autoroute) et l&#8217;emplacement propos\u00e9 (captage Wifi, loin du bruit).<\/li>\n<\/ul>\n<h3>Les environs<\/h3>\n<ul>\n<li>Townsend est \u00e0 la fronti\u00e8re du Tennessee vers la Caroline du Nord. Population 450 personnes en 2010. Porte d&rsquo;entr\u00e9e vers Cades Cove loop \u00e0 11 miles.<\/li>\n<li>Commerces et restaurants en ville.<\/li>\n<\/ul>\n<h3>Photos<\/h3>\n<p><a href=\"http:\/\/blogs.crespel.me\/usa2013\/files\/2013\/05\/IMG_4784.jpg\"><img loading=\"lazy\" decoding=\"async\" class=\"alignnone size-thumbnail wp-image-1172\" alt=\"Camping car au KOA Townsend\" src=\"http:\/\/blogs.crespel.me\/usa2013\/files\/2013\/05\/IMG_4784-150x150.jpg\" width=\"150\" height=\"150\" \/><\/a> <a href=\"http:\/\/blogs.crespel.me\/usa2013\/files\/2013\/05\/IMG_4785.jpg\"><img loading=\"lazy\" decoding=\"async\" class=\"alignnone size-thumbnail wp-image-1173\" alt=\"Camping car au KOA Townsend\" src=\"http:\/\/blogs.crespel.me\/usa2013\/files\/2013\/05\/IMG_4785-150x150.jpg\" width=\"150\" height=\"150\" \/><\/a> <a href=\"http:\/\/blogs.crespel.me\/usa2013\/files\/2013\/05\/PICT0238.jpg\"><img loading=\"lazy\" decoding=\"async\" class=\"alignnone size-thumbnail wp-image-1174\" alt=\"Route entre Townsend et Cades Cove\" src=\"http:\/\/blogs.crespel.me\/usa2013\/files\/2013\/05\/PICT0238-150x150.jpg\" width=\"150\" height=\"150\" \/><\/a><\/p>\n","protected":false},"excerpt":{"rendered":"<p>Description Situ\u00e9 au 8533 State Hwy 73 vers la sortie Sud de Townsend, direction Great Smoky Mountains. R\u00e9sa internet conseill\u00e9e en saison. Accueil cordial. Prix 49,21 $ pour 1 nuit (Motorhome RV25 et 3 personnes). Full Hookups. Mai 2013: note 8\/10. Emplacement 87 au calme vers le milieu du camp, seulement une douzaine d&#8217;emplacements occup\u00e9s [&hellip;]<\/p>\n","protected":false},"author":2,"featured_media":0,"parent":65,"menu_order":0,"comment_status":"open","ping_status":"open","template":"","meta":{"footnotes":""},"class_list":["post-1123","page","type-page","status-publish","hentry"],"_links":{"self":[{"href":"https:\/\/blogs.crespel.me\/usa2013\/wp-json\/wp\/v2\/pages\/1123","targetHints":{"allow":["GET"]}}],"collection":[{"href":"https:\/\/blogs.crespel.me\/usa2013\/wp-json\/wp\/v2\/pages"}],"about":[{"href":"https:\/\/blogs.crespel.me\/usa2013\/wp-json\/wp\/v2\/types\/page"}],"author":[{"embeddable":true,"href":"https:\/\/blogs.crespel.me\/usa2013\/wp-json\/wp\/v2\/users\/2"}],"replies":[{"embeddable":true,"href":"https:\/\/blogs.crespel.me\/usa2013\/wp-json\/wp\/v2\/comments?post=1123"}],"version-history":[{"count":5,"href":"https:\/\/blogs.crespel.me\/usa2013\/wp-json\/wp\/v2\/pages\/1123\/revisions"}],"predecessor-version":[{"id":1294,"href":"https:\/\/blogs.crespel.me\/usa2013\/wp-json\/wp\/v2\/pages\/1123\/revisions\/1294"}],"up":[{"embeddable":true,"href":"https:\/\/blogs.crespel.me\/usa2013\/wp-json\/wp\/v2\/pages\/65"}],"wp:attachment":[{"href":"https:\/\/blogs.crespel.me\/usa2013\/wp-json\/wp\/v2\/media?parent=1123"}],"curies":[{"name":"wp","href":"https:\/\/api.w.org\/{rel}","templated":true}]}}