{"id":1115,"date":"2013-05-25T18:15:01","date_gmt":"2013-05-25T16:15:01","guid":{"rendered":"http:\/\/blogs.crespel.me\/usa2013\/?page_id=1115"},"modified":"2013-06-09T10:44:08","modified_gmt":"2013-06-09T08:44:08","slug":"rvpark-koa-a-nashville","status":"publish","type":"page","link":"https:\/\/blogs.crespel.me\/usa2013\/annexes\/campgrounds\/rvpark-koa-a-nashville\/","title":{"rendered":"RVpark KOA \u00e0 Nashville"},"content":{"rendered":"<h3>Description<\/h3>\n<ul>\n<li>Situ\u00e9 au 2626 Music Valley Drive au Nord d&rsquo;Opryland \u00e0 2 miles de la sortie 12 de la route 155, et\u00a0 \u00e0 11 miles au Nord-Est de Nashville.<\/li>\n<li>R\u00e9sa internet conseill\u00e9e.<\/li>\n<li>Accueil cordial.<\/li>\n<li>Prestations de musique Country certains jours.<\/li>\n<li>Prix 190,23 $ pour 3 nuits (Motorhome RV25 et 3 personnes).<\/li>\n<li>Full Hookups.<\/li>\n<li><strong>Mai 2013: note 8\/10<\/strong>. Emplacement W04 au calme vers le bout du camp (\u00e9viter la proximit\u00e9 de l&rsquo;autoroute**).<\/li>\n<li>Commodit\u00e9s dans le b\u00e2timent principal.<\/li>\n<\/ul>\n<h3>Insolite ou Non<\/h3>\n<ul>\n<li>Cha\u00eene connue, \u00e9quipements standardis\u00e9s Restroom (toilettes), Shower (douche), Laundry (lave-linge\/S\u00e8che-linge), boutique de d\u00e9pannage, Wifi, piscine, espace canin, jeux pour enfants, etc&#8230;<\/li>\n<li>Bien v\u00e9rifier la situation r\u00e9elle (souvent pr\u00e8s d&rsquo;une route\/autoroute) et l&#8217;emplacement propos\u00e9 (captage Wifi, loin du bruit).<\/li>\n<\/ul>\n<h3>Les environs<\/h3>\n<ul>\n<li>Nashville, capitale de l&rsquo;\u00e9tat du Tennessee , est \u00e0 182 m\u00e8tres d&rsquo;altitude. Population 601.000 personnes en 2010. Cr\u00e9\u00e9e en 1779.<\/li>\n<li>Nombreux commerces et zones d&rsquo;activit\u00e9 dont Opryland, ville fort \u00e9tendue.<\/li>\n<li>Visiter le Country Hall of Fame et le Tennessee State Museum, arpenter Broadway (bars et clubs), en ville (Downton).<\/li>\n<li>Spectacles au Grand Ole Opry (Country le samedi \u00e0 19h00) et au Texas Troubadour Theater (Tribute of the King-Elvis le lundi \u00e0 19h00) \u00e0 Opryland.<\/li>\n<\/ul>\n<h3>Photos<\/h3>\n<p><a href=\"http:\/\/blogs.crespel.me\/usa2013\/files\/2013\/05\/IMG_4211.jpg\"><img loading=\"lazy\" decoding=\"async\" class=\"alignnone size-thumbnail wp-image-1168\" alt=\"Camping car au KOA Nashville\" src=\"http:\/\/blogs.crespel.me\/usa2013\/files\/2013\/05\/IMG_4211-150x150.jpg\" width=\"150\" height=\"150\" \/><\/a> <a href=\"http:\/\/blogs.crespel.me\/usa2013\/files\/2013\/05\/IMG_4212.jpg\"><img loading=\"lazy\" decoding=\"async\" class=\"alignnone size-thumbnail wp-image-1169\" alt=\"Camping car au KOA Nashville\" src=\"http:\/\/blogs.crespel.me\/usa2013\/files\/2013\/05\/IMG_4212-150x150.jpg\" width=\"150\" height=\"150\" \/><\/a><\/p>\n","protected":false},"excerpt":{"rendered":"<p>Description Situ\u00e9 au 2626 Music Valley Drive au Nord d&rsquo;Opryland \u00e0 2 miles de la sortie 12 de la route 155, et\u00a0 \u00e0 11 miles au Nord-Est de Nashville. R\u00e9sa internet conseill\u00e9e. Accueil cordial. Prestations de musique Country certains jours. Prix 190,23 $ pour 3 nuits (Motorhome RV25 et 3 personnes). Full Hookups. Mai 2013: [&hellip;]<\/p>\n","protected":false},"author":2,"featured_media":0,"parent":65,"menu_order":0,"comment_status":"open","ping_status":"open","template":"","meta":{"footnotes":""},"class_list":["post-1115","page","type-page","status-publish","hentry"],"_links":{"self":[{"href":"https:\/\/blogs.crespel.me\/usa2013\/wp-json\/wp\/v2\/pages\/1115","targetHints":{"allow":["GET"]}}],"collection":[{"href":"https:\/\/blogs.crespel.me\/usa2013\/wp-json\/wp\/v2\/pages"}],"about":[{"href":"https:\/\/blogs.crespel.me\/usa2013\/wp-json\/wp\/v2\/types\/page"}],"author":[{"embeddable":true,"href":"https:\/\/blogs.crespel.me\/usa2013\/wp-json\/wp\/v2\/users\/2"}],"replies":[{"embeddable":true,"href":"https:\/\/blogs.crespel.me\/usa2013\/wp-json\/wp\/v2\/comments?post=1115"}],"version-history":[{"count":8,"href":"https:\/\/blogs.crespel.me\/usa2013\/wp-json\/wp\/v2\/pages\/1115\/revisions"}],"predecessor-version":[{"id":1291,"href":"https:\/\/blogs.crespel.me\/usa2013\/wp-json\/wp\/v2\/pages\/1115\/revisions\/1291"}],"up":[{"embeddable":true,"href":"https:\/\/blogs.crespel.me\/usa2013\/wp-json\/wp\/v2\/pages\/65"}],"wp:attachment":[{"href":"https:\/\/blogs.crespel.me\/usa2013\/wp-json\/wp\/v2\/media?parent=1115"}],"curies":[{"name":"wp","href":"https:\/\/api.w.org\/{rel}","templated":true}]}}