{"id":1109,"date":"2013-05-25T18:13:18","date_gmt":"2013-05-25T16:13:18","guid":{"rendered":"http:\/\/blogs.crespel.me\/usa2013\/?page_id=1109"},"modified":"2013-06-09T10:41:06","modified_gmt":"2013-06-09T08:41:06","slug":"rvpark-koa-a-lafayette","status":"publish","type":"page","link":"https:\/\/blogs.crespel.me\/usa2013\/annexes\/campgrounds\/rvpark-koa-a-lafayette\/","title":{"rendered":"RVpark KOA \u00e0 Lafayette"},"content":{"rendered":"<h3>Description<\/h3>\n<ul>\n<li>Situ\u00e9 au 537 Apollo Rd \u00e0 Scott pr\u00e8s de la sortie 97 de l&rsquo;I.10 \u00e0 4 miles au Nord-Ouest de Lafayette<\/li>\n<li>R\u00e9sa internet sur place (au lieu de Acadania campground de Lafayette, sans commodit\u00e9s).<\/li>\n<li>Accueil cordial.<\/li>\n<li>Prix 126,99 $ pour 3 nuits (Motorhome RV25 et 3 personnes).<\/li>\n<li>Full Hookups.<\/li>\n<li><strong>Mai 2013: note 8\/10<\/strong>. Emplacement 168 au calme vers le bout du lac (\u00e9viter la proximit\u00e9 de l&rsquo;autoroute**).<\/li>\n<li>Commodit\u00e9s dans le b\u00e2timent principal.<\/li>\n<\/ul>\n<h3>Insolite ou Non<\/h3>\n<ul>\n<li>Cha\u00eene connue, \u00e9quipements standardis\u00e9s Restroom (toilettes), Shower (douche), Laundry (lave-linge\/S\u00e8che-linge), boutique de d\u00e9pannage, Wifi, piscine, espace canin, jeux pour enfants, etc&#8230;<\/li>\n<li>Bien v\u00e9rifier la situation r\u00e9elle (souvent pr\u00e8s d&rsquo;une route\/autoroute) et l&#8217;emplacement propos\u00e9 (captage Wifi, loin du bruit).<\/li>\n<\/ul>\n<h3>Les environs<\/h3>\n<ul>\n<li>Lafayette, en Louisiane, est \u00e0 11 m\u00e8tres d&rsquo;altitude. Population 120.000 personnes en 2010. Cr\u00e9\u00e9e en 1821 sous le nom de Vermillionville, devient Lafayette en 1884.<\/li>\n<li>Nombreux commerces et zones d&rsquo;activit\u00e9, ville fort \u00e9tendue.<\/li>\n<li>Visiter Acadian Cultural center et Vermillion ville (pr\u00e8s de l&rsquo;a\u00e9roport) et Acadian Village (dans l&rsquo;Ouest).<\/li>\n<li>Restaurant ZEA sur Doucet Rd (petite zone commerciale dans l&rsquo;Ouest de Lafayette \u00e0 6 miles\/15mn).<\/li>\n<\/ul>\n<h3>Photos<\/h3>\n<p><a href=\"http:\/\/blogs.crespel.me\/usa2013\/files\/2013\/05\/IMG_3403.jpg\"><img loading=\"lazy\" decoding=\"async\" class=\"alignnone size-thumbnail wp-image-1164\" alt=\"KOA Lafayette\" src=\"http:\/\/blogs.crespel.me\/usa2013\/files\/2013\/05\/IMG_3403-150x150.jpg\" width=\"150\" height=\"150\" \/><\/a> <a href=\"http:\/\/blogs.crespel.me\/usa2013\/files\/2013\/05\/IMG_3404.jpg\"><img loading=\"lazy\" decoding=\"async\" class=\"alignnone size-thumbnail wp-image-1165\" alt=\"KOA Lafayette\" src=\"http:\/\/blogs.crespel.me\/usa2013\/files\/2013\/05\/IMG_3404-150x150.jpg\" width=\"150\" height=\"150\" \/><\/a><\/p>\n","protected":false},"excerpt":{"rendered":"<p>Description Situ\u00e9 au 537 Apollo Rd \u00e0 Scott pr\u00e8s de la sortie 97 de l&rsquo;I.10 \u00e0 4 miles au Nord-Ouest de Lafayette R\u00e9sa internet sur place (au lieu de Acadania campground de Lafayette, sans commodit\u00e9s). Accueil cordial. Prix 126,99 $ pour 3 nuits (Motorhome RV25 et 3 personnes). Full Hookups. Mai 2013: note 8\/10. Emplacement [&hellip;]<\/p>\n","protected":false},"author":2,"featured_media":0,"parent":65,"menu_order":0,"comment_status":"open","ping_status":"open","template":"","meta":{"footnotes":""},"class_list":["post-1109","page","type-page","status-publish","hentry"],"_links":{"self":[{"href":"https:\/\/blogs.crespel.me\/usa2013\/wp-json\/wp\/v2\/pages\/1109","targetHints":{"allow":["GET"]}}],"collection":[{"href":"https:\/\/blogs.crespel.me\/usa2013\/wp-json\/wp\/v2\/pages"}],"about":[{"href":"https:\/\/blogs.crespel.me\/usa2013\/wp-json\/wp\/v2\/types\/page"}],"author":[{"embeddable":true,"href":"https:\/\/blogs.crespel.me\/usa2013\/wp-json\/wp\/v2\/users\/2"}],"replies":[{"embeddable":true,"href":"https:\/\/blogs.crespel.me\/usa2013\/wp-json\/wp\/v2\/comments?post=1109"}],"version-history":[{"count":9,"href":"https:\/\/blogs.crespel.me\/usa2013\/wp-json\/wp\/v2\/pages\/1109\/revisions"}],"predecessor-version":[{"id":1289,"href":"https:\/\/blogs.crespel.me\/usa2013\/wp-json\/wp\/v2\/pages\/1109\/revisions\/1289"}],"up":[{"embeddable":true,"href":"https:\/\/blogs.crespel.me\/usa2013\/wp-json\/wp\/v2\/pages\/65"}],"wp:attachment":[{"href":"https:\/\/blogs.crespel.me\/usa2013\/wp-json\/wp\/v2\/media?parent=1109"}],"curies":[{"name":"wp","href":"https:\/\/api.w.org\/{rel}","templated":true}]}}