{"id":1080,"date":"2013-05-24T10:00:31","date_gmt":"2013-05-24T08:00:31","guid":{"rendered":"http:\/\/blogs.crespel.me\/usa2013\/?page_id=1080"},"modified":"2013-06-13T13:24:22","modified_gmt":"2013-06-13T11:24:22","slug":"le-bilan","status":"publish","type":"page","link":"https:\/\/blogs.crespel.me\/usa2013\/annexes\/le-bilan\/","title":{"rendered":"Le Bilan"},"content":{"rendered":"<h3><strong>Le Bilan en quelques chiffres<\/strong><\/h3>\n<ul>\n<li>Nous avons mis les pieds dans<strong> 6 principaux \u00e9tats<\/strong> : la <strong>G\u00e9orgie<\/strong>, l&rsquo;<strong>Alabama<\/strong>, la <strong>Louisiane<\/strong>, le <strong>Mississippi<\/strong>, le <strong>Tennessee<\/strong>, la <strong>Caroline du Nord<\/strong>, mais aussi un tout petit pied en Arkansas pour rejoindre un campground (pr\u00e8s de Greenville\/MS).<\/li>\n<li>2745 miles \/<strong> 4420 km<\/strong> parcourus en camping car 25 pieds (7,60m et plus de 4,5 tonnes) de Cruise America.<strong><br \/>\n<\/strong><\/li>\n<li>Vols Transatlantiques directs par Delta Airlines de Bruxelles \u00e0 Atlanta en 9h50 \u00e0 l&rsquo;aller et 9h00 au retour.<\/li>\n<li>Ont \u00e9t\u00e9 parcourus : 4 villes bien connues: Atlanta, New-Orleans, Memphis, Nashville + 1 National Park + 2 State Park et une infinit\u00e9 de sites historiques, mus\u00e9es, petites villes.<\/li>\n<li>En r\u00e9sum\u00e9 nous avons \u00ab\u00a0tr\u00e8s peu randonn\u00e9\u00a0\u00bb cette ann\u00e9e encore&#8230; mais beaucoup pi\u00e9tin\u00e9, visit\u00e9 et observ\u00e9 !<\/li>\n<li>3690 photos et 50 vid\u00e9os sont class\u00e9es, et 600 photos figurent d\u00e9j\u00e0 sur la partie blog, une centaine de plus pour les annexes seront progressivement en ligne\u00a0 (celles de Fabien, prises avec un reflex Konica Minolta Dynax 5D et quelques autres prises par Jean avec un compact Canon SX220HS &#8211; zoom de x14). Aucune retouche effectu\u00e9e sur les photos du blog !<\/li>\n<\/ul>\n<h3>Le Budget<\/h3>\n<p><strong>Le budget<\/strong> est conditionn\u00e9 essentiellement par la p\u00e9riode choisie (<span style=\"text-decoration: underline\">ici en Mai<\/span>, juillet\/ao\u00fbt \u00e9tant plus cher et moins agr\u00e9able dans ces contr\u00e9es&#8230;), la dur\u00e9e (22 jours sur place), la formule (camping car, et non h\u00f4tel + voiture), le nombre de personnes (3 adultes), le taux de change \u20ac\/$ (1,30 en moyenne) :<\/p>\n<ul>\n<li><strong>Budget de base :<\/strong>\n<ul>\n<li>Avion depuis Bruxelles par Delta (r\u00e9sa internet direct chez Delta) = 667 \u20ac\/pers. = 2001 \u20ac pour 3 adultes.<\/li>\n<li>Location camping car Cruise America France (25 pieds, voir rubrique s\u00e9par\u00e9e) = 2012 \u20ac.<\/li>\n<li>Les 2 nuits d&rsquo; h\u00f4tel (direct sur leur site internet), Quality Inn Downton \u00e0 Atlanta = 310 \u20ac.<\/li>\n<li>20 nuits aux campgrounds \/ RV Parks = 735 \u20ac (soit 37 \u20ac\/nuit).<\/li>\n<li>Essence camping car (3,28 $ le gallon de 3,8L) soit 4420km \u00e0 23,4L\/100= 1035.L = 685 \u20ac (0,66 \u20ac\/L).<\/li>\n<li>Nourriture h\u00f4tel\/restaurants\/magasins d&rsquo;alimentation = 950 \u20ac (soit 15 \u20ac\/jour\/pers.).<\/li>\n<li>Taxis en villes = 210 \u20ac.<\/li>\n<li>Entr\u00e9es des plantations, parcs et mus\u00e9es, visites = 620 \u20ac.<\/li>\n<li>Divers = 62 \u20ac.<\/li>\n<li><strong>TOTAL base = 758<\/strong><strong>5 \u20ac.<\/strong><\/li>\n<\/ul>\n<\/li>\n<li><strong>Les extras : <\/strong>\n<ul>\n<li>Les 2 concerts \u00e0 Nashville + l&rsquo;Aquarium d&rsquo;Atlanta et Graceland \u00e0 Memphis = 380 \u20ac<\/li>\n<li>Cadeaux divers = 180 \u20ac.<\/li>\n<li><strong>TOTAL extras = 560 <\/strong><strong>\u20ac.<\/strong><\/li>\n<\/ul>\n<p>&nbsp;<\/li>\n<li><em><strong>Le Total pour 3 personnes = 8145 \u20ac r\u00e9partis comme suit :<\/strong><\/em>\n<ul>\n<li><em>Avion = 24,6 %<\/em><\/li>\n<li><em>Location CC = 24,6 %<\/em><\/li>\n<li><em>H\u00f4tels = 3,8 %<\/em><\/li>\n<li><em>Essence = 8,7 %<\/em><\/li>\n<li><em>Campings = 9 %<\/em><\/li>\n<li><em>Nourriture = 11,7 %<\/em><\/li>\n<li>Visites = 12,3 %<\/li>\n<li><em>Autres = 5,3 %<\/em><\/li>\n<li><\/li>\n<li><em>Pay\u00e9 en Euro = 2000 \u20ac soit 24,6 % et pay\u00e9 en Dollar = 7990$ soit 75,4 % (= 6145 \u20ac <\/em><em>au taux global de 1,30\/0,77).<\/em><\/li>\n<\/ul>\n<p>&nbsp;<\/p>\n<p>&#8211; \u00e0 ceci il conviendrait d&rsquo;ajouter pour 3 personnes : formulaires ESTA (30 \u20ac), Assurances compl\u00e9mentaires AVA (285 \u20ac), frais bancaires (1,6 % du global en $= 100\u20ac env.).<\/li>\n<li><em>le co\u00fbt suppl\u00e9mentaire de la formule camping-car, (au lieu de h\u00f4tel\/voiture) peut \u00eatre estim\u00e9 \u00e0 500 \u20ac. Soit pour <span style=\"text-decoration: underline\">NOTRE<\/span> cas: 6 % de la d\u00e9pense globale.<\/em><\/li>\n<\/ul>\n<p>&nbsp;<\/p>\n<p>&nbsp;<\/p>\n","protected":false},"excerpt":{"rendered":"<p>Le Bilan en quelques chiffres Nous avons mis les pieds dans 6 principaux \u00e9tats : la G\u00e9orgie, l&rsquo;Alabama, la Louisiane, le Mississippi, le Tennessee, la Caroline du Nord, mais aussi un tout petit pied en Arkansas pour rejoindre un campground (pr\u00e8s de Greenville\/MS). 2745 miles \/ 4420 km parcourus en camping car 25 pieds (7,60m [&hellip;]<\/p>\n","protected":false},"author":2,"featured_media":0,"parent":8,"menu_order":0,"comment_status":"open","ping_status":"open","template":"","meta":{"footnotes":""},"class_list":["post-1080","page","type-page","status-publish","hentry"],"_links":{"self":[{"href":"https:\/\/blogs.crespel.me\/usa2013\/wp-json\/wp\/v2\/pages\/1080","targetHints":{"allow":["GET"]}}],"collection":[{"href":"https:\/\/blogs.crespel.me\/usa2013\/wp-json\/wp\/v2\/pages"}],"about":[{"href":"https:\/\/blogs.crespel.me\/usa2013\/wp-json\/wp\/v2\/types\/page"}],"author":[{"embeddable":true,"href":"https:\/\/blogs.crespel.me\/usa2013\/wp-json\/wp\/v2\/users\/2"}],"replies":[{"embeddable":true,"href":"https:\/\/blogs.crespel.me\/usa2013\/wp-json\/wp\/v2\/comments?post=1080"}],"version-history":[{"count":14,"href":"https:\/\/blogs.crespel.me\/usa2013\/wp-json\/wp\/v2\/pages\/1080\/revisions"}],"predecessor-version":[{"id":1183,"href":"https:\/\/blogs.crespel.me\/usa2013\/wp-json\/wp\/v2\/pages\/1080\/revisions\/1183"}],"up":[{"embeddable":true,"href":"https:\/\/blogs.crespel.me\/usa2013\/wp-json\/wp\/v2\/pages\/8"}],"wp:attachment":[{"href":"https:\/\/blogs.crespel.me\/usa2013\/wp-json\/wp\/v2\/media?parent=1080"}],"curies":[{"name":"wp","href":"https:\/\/api.w.org\/{rel}","templated":true}]}}