{"id":971,"date":"2012-09-15T15:07:11","date_gmt":"2012-09-15T13:07:11","guid":{"rendered":"http:\/\/blogs.crespel.me\/usa2012\/?page_id=971"},"modified":"2013-06-09T11:56:09","modified_gmt":"2013-06-09T09:56:09","slug":"hotel-holiday-inn-fishermans-a-san-francisco","status":"publish","type":"page","link":"https:\/\/blogs.crespel.me\/usa2012\/annexes\/campgrounds\/hotel-holiday-inn-fishermans-a-san-francisco\/","title":{"rendered":"H\u00f4tel Holiday Inn Fisherman&rsquo;s \u00e0 San Francisco"},"content":{"rendered":"<h3>Description<\/h3>\n<ul>\n<li>Situ\u00e9 pr\u00e8s de Fisherman&rsquo;s Wharf, l&rsquo;entr\u00e9e principale est au 1300 Colombus Av, mais comporte 2 annexes \u00e0 1 bloc vers le Nord\/Est, entr\u00e9e sur Beach pour le n\u00f4tre (moins \u00ab\u00a0classe\u00a0\u00bb&#8230;) avec caf\u00e9t\u00e9ria Denny&rsquo;s au rez de chauss\u00e9e.<\/li>\n<li>R\u00e9sa directe <a href=\"http:\/\/www.hifishermanswharf.com\/\">sur leur site<\/a><a href=\"http:\/\/www.rockymountaincampground.com\/\"><br \/>\n<\/a><\/li>\n<li>Accueil cordial.<\/li>\n<li><strong>Septembre 2012: note 7\/10.<\/strong> Prix 596,34$ pour 2 nuits, 2 Queen Beds, occupation 3 personnes. Cher mais c&rsquo;est le WE du Labor Day. Sans petit d\u00e9jeuner.<\/li>\n<li>Petit d\u00e9jeuner achet\u00e9 au d\u00e9tail (de l&rsquo;autre c\u00f4t\u00e9 de la rue) vari\u00e9 avec croissants, et sympa en +.<\/li>\n<\/ul>\n<h3>Insolite<\/h3>\n<ul>\n<li>Bonne situation pr\u00e8s du front de mer, Red and White Cruise, et sous-marin Pampanito \u00e0 150 m\u00e8tre, station du Cable-car \u00e0 2 blocs, etc&#8230;<\/li>\n<\/ul>\n<h3>Les environs<\/h3>\n<ul>\n<li>Restaurant recommandable \u00e0 2 blocs vers le Nord: Caf\u00e9 Pescatore, bon rapport qualit\u00e9\/prix, sympa (test\u00e9 2 fois).<\/li>\n<\/ul>\n<h3>Photos<\/h3>\n\n\t\t<style type=\"text\/css\">\n\t\t\t#gallery-1 {\n\t\t\t\tmargin: auto;\n\t\t\t}\n\t\t\t#gallery-1 .gallery-item {\n\t\t\t\tfloat: left;\n\t\t\t\tmargin-top: 10px;\n\t\t\t\ttext-align: center;\n\t\t\t\twidth: 33%;\n\t\t\t}\n\t\t\t#gallery-1 img {\n\t\t\t\tborder: 2px solid #cfcfcf;\n\t\t\t}\n\t\t\t#gallery-1 .gallery-caption {\n\t\t\t\tmargin-left: 0;\n\t\t\t}\n\t\t\t\/* see gallery_shortcode() in wp-includes\/media.php *\/\n\t\t<\/style>\n\t\t<div id='gallery-1' class='gallery galleryid-971 gallery-columns-3 gallery-size-thumbnail'><dl class='gallery-item'>\n\t\t\t<dt class='gallery-icon landscape'>\n\t\t\t\t<a href='https:\/\/blogs.crespel.me\/usa2012\/wp-content\/uploads\/sites\/8\/2012\/09\/PICT8853.jpg'><img loading=\"lazy\" decoding=\"async\" width=\"150\" height=\"150\" src=\"https:\/\/blogs.crespel.me\/usa2012\/wp-content\/uploads\/sites\/8\/2012\/09\/PICT8853-150x150.jpg\" class=\"attachment-thumbnail size-thumbnail\" alt=\"\" \/><\/a>\n\t\t\t<\/dt><\/dl><dl class='gallery-item'>\n\t\t\t<dt class='gallery-icon landscape'>\n\t\t\t\t<a href='https:\/\/blogs.crespel.me\/usa2012\/wp-content\/uploads\/sites\/8\/2012\/09\/PICT8851.jpg'><img loading=\"lazy\" decoding=\"async\" width=\"150\" height=\"150\" src=\"https:\/\/blogs.crespel.me\/usa2012\/wp-content\/uploads\/sites\/8\/2012\/09\/PICT8851-150x150.jpg\" class=\"attachment-thumbnail size-thumbnail\" alt=\"\" \/><\/a>\n\t\t\t<\/dt><\/dl><dl class='gallery-item'>\n\t\t\t<dt class='gallery-icon landscape'>\n\t\t\t\t<a href='https:\/\/blogs.crespel.me\/usa2012\/wp-content\/uploads\/sites\/8\/2012\/09\/PICT8850.jpg'><img loading=\"lazy\" decoding=\"async\" width=\"150\" height=\"150\" src=\"https:\/\/blogs.crespel.me\/usa2012\/wp-content\/uploads\/sites\/8\/2012\/09\/PICT8850-150x150.jpg\" class=\"attachment-thumbnail size-thumbnail\" alt=\"\" \/><\/a>\n\t\t\t<\/dt><\/dl><br style=\"clear: both\" \/>\n\t\t<\/div>\n\n","protected":false},"excerpt":{"rendered":"<p>Description Situ\u00e9 pr\u00e8s de Fisherman&rsquo;s Wharf, l&rsquo;entr\u00e9e principale est au 1300 Colombus Av, mais comporte 2 annexes \u00e0 1 bloc vers le Nord\/Est, entr\u00e9e sur Beach pour le n\u00f4tre (moins \u00ab\u00a0classe\u00a0\u00bb&#8230;) avec caf\u00e9t\u00e9ria Denny&rsquo;s au rez de chauss\u00e9e. R\u00e9sa directe sur leur site Accueil cordial. Septembre 2012: note 7\/10. Prix 596,34$ pour 2 nuits, 2 [&hellip;]<\/p>\n","protected":false},"author":2,"featured_media":0,"parent":105,"menu_order":0,"comment_status":"open","ping_status":"open","template":"","meta":{"footnotes":""},"class_list":["post-971","page","type-page","status-publish","hentry"],"_links":{"self":[{"href":"https:\/\/blogs.crespel.me\/usa2012\/wp-json\/wp\/v2\/pages\/971","targetHints":{"allow":["GET"]}}],"collection":[{"href":"https:\/\/blogs.crespel.me\/usa2012\/wp-json\/wp\/v2\/pages"}],"about":[{"href":"https:\/\/blogs.crespel.me\/usa2012\/wp-json\/wp\/v2\/types\/page"}],"author":[{"embeddable":true,"href":"https:\/\/blogs.crespel.me\/usa2012\/wp-json\/wp\/v2\/users\/2"}],"replies":[{"embeddable":true,"href":"https:\/\/blogs.crespel.me\/usa2012\/wp-json\/wp\/v2\/comments?post=971"}],"version-history":[{"count":9,"href":"https:\/\/blogs.crespel.me\/usa2012\/wp-json\/wp\/v2\/pages\/971\/revisions"}],"predecessor-version":[{"id":1314,"href":"https:\/\/blogs.crespel.me\/usa2012\/wp-json\/wp\/v2\/pages\/971\/revisions\/1314"}],"up":[{"embeddable":true,"href":"https:\/\/blogs.crespel.me\/usa2012\/wp-json\/wp\/v2\/pages\/105"}],"wp:attachment":[{"href":"https:\/\/blogs.crespel.me\/usa2012\/wp-json\/wp\/v2\/media?parent=971"}],"curies":[{"name":"wp","href":"https:\/\/api.w.org\/{rel}","templated":true}]}}