{"id":969,"date":"2012-09-15T15:04:24","date_gmt":"2012-09-15T13:04:24","guid":{"rendered":"http:\/\/blogs.crespel.me\/usa2012\/?page_id=969"},"modified":"2013-06-09T11:57:33","modified_gmt":"2013-06-09T09:57:33","slug":"hotel-la-quinta-inn-a-salt-lake-city","status":"publish","type":"page","link":"https:\/\/blogs.crespel.me\/usa2012\/annexes\/campgrounds\/hotel-la-quinta-inn-a-salt-lake-city\/","title":{"rendered":"H\u00f4tel La Quinta Inn \u00e0 Salt Lake City"},"content":{"rendered":"<h3>Description<\/h3>\n<ul>\n<li>Situ\u00e9 au 4905 West Whiley Post Way au coeur d&rsquo;un quartier d&rsquo;affaires r\u00e9cent tout pr\u00e8s de l&rsquo;a\u00e9roport.<\/li>\n<li>R\u00e9sa directe <a href=\"http:\/\/www.lq.com\/lq\/properties\/propertyProfile.do?propId=958\">sur leur site<\/a>.<a href=\"http:\/\/www.rockymountaincampground.com\/\"><br \/>\n<\/a><\/li>\n<li>Accueil cordial.<\/li>\n<li>Prix 129,49$ pour 2 Queen Beds, avec petit d\u00e9jeuner correct, aurait pu \u00eatre plus vari\u00e9, occupation 3 personnes.<\/li>\n<li><strong>Ao\u00fbt 2012: note 7\/10<\/strong>. Chambre spacieuse, propre, calme.<\/li>\n<li>Piscine int\u00e9rieure et salle de sports (non test\u00e9s).<\/li>\n<li>Navette gratuite vers l&rsquo;a\u00e9roport.<\/li>\n<\/ul>\n<h3>Insolite<\/h3>\n<ul>\n<li>Client\u00e8le typique \u00ab\u00a0d&rsquo;hommes d&rsquo;affaires\u00a0\u00bb, peu communicante !<\/li>\n<\/ul>\n<h3>Les environs<\/h3>\n<ul>\n<li>Repas du soir \u00e0 200 m\u00e8tres \u00e0 pieds, bien pratique, chez Robert&rsquo;s, bon rapport qualit\u00e9\/prix.<\/li>\n<\/ul>\n<h3>Photos<\/h3>\n\n\t\t<style type=\"text\/css\">\n\t\t\t#gallery-1 {\n\t\t\t\tmargin: auto;\n\t\t\t}\n\t\t\t#gallery-1 .gallery-item {\n\t\t\t\tfloat: left;\n\t\t\t\tmargin-top: 10px;\n\t\t\t\ttext-align: center;\n\t\t\t\twidth: 33%;\n\t\t\t}\n\t\t\t#gallery-1 img {\n\t\t\t\tborder: 2px solid #cfcfcf;\n\t\t\t}\n\t\t\t#gallery-1 .gallery-caption {\n\t\t\t\tmargin-left: 0;\n\t\t\t}\n\t\t\t\/* see gallery_shortcode() in wp-includes\/media.php *\/\n\t\t<\/style>\n\t\t<div id='gallery-1' class='gallery galleryid-969 gallery-columns-3 gallery-size-thumbnail'><dl class='gallery-item'>\n\t\t\t<dt class='gallery-icon landscape'>\n\t\t\t\t<a href='https:\/\/blogs.crespel.me\/usa2012\/wp-content\/uploads\/sites\/8\/2012\/09\/IMG_1771.jpg'><img loading=\"lazy\" decoding=\"async\" width=\"150\" height=\"150\" src=\"https:\/\/blogs.crespel.me\/usa2012\/wp-content\/uploads\/sites\/8\/2012\/09\/IMG_1771-150x150.jpg\" class=\"attachment-thumbnail size-thumbnail\" alt=\"\" \/><\/a>\n\t\t\t<\/dt><\/dl><dl class='gallery-item'>\n\t\t\t<dt class='gallery-icon landscape'>\n\t\t\t\t<a href='https:\/\/blogs.crespel.me\/usa2012\/wp-content\/uploads\/sites\/8\/2012\/09\/IMG_1769.jpg'><img loading=\"lazy\" decoding=\"async\" width=\"150\" height=\"150\" src=\"https:\/\/blogs.crespel.me\/usa2012\/wp-content\/uploads\/sites\/8\/2012\/09\/IMG_1769-150x150.jpg\" class=\"attachment-thumbnail size-thumbnail\" alt=\"\" \/><\/a>\n\t\t\t<\/dt><\/dl><dl class='gallery-item'>\n\t\t\t<dt class='gallery-icon landscape'>\n\t\t\t\t<a href='https:\/\/blogs.crespel.me\/usa2012\/wp-content\/uploads\/sites\/8\/2012\/09\/IMG_0380.jpg'><img loading=\"lazy\" decoding=\"async\" width=\"150\" height=\"150\" src=\"https:\/\/blogs.crespel.me\/usa2012\/wp-content\/uploads\/sites\/8\/2012\/09\/IMG_0380-150x150.jpg\" class=\"attachment-thumbnail size-thumbnail\" alt=\"\" \/><\/a>\n\t\t\t<\/dt><\/dl><br style=\"clear: both\" \/>\n\t\t<\/div>\n\n","protected":false},"excerpt":{"rendered":"<p>Description Situ\u00e9 au 4905 West Whiley Post Way au coeur d&rsquo;un quartier d&rsquo;affaires r\u00e9cent tout pr\u00e8s de l&rsquo;a\u00e9roport. R\u00e9sa directe sur leur site. Accueil cordial. Prix 129,49$ pour 2 Queen Beds, avec petit d\u00e9jeuner correct, aurait pu \u00eatre plus vari\u00e9, occupation 3 personnes. Ao\u00fbt 2012: note 7\/10. Chambre spacieuse, propre, calme. Piscine int\u00e9rieure et salle [&hellip;]<\/p>\n","protected":false},"author":2,"featured_media":0,"parent":105,"menu_order":0,"comment_status":"open","ping_status":"open","template":"","meta":{"footnotes":""},"class_list":["post-969","page","type-page","status-publish","hentry"],"_links":{"self":[{"href":"https:\/\/blogs.crespel.me\/usa2012\/wp-json\/wp\/v2\/pages\/969","targetHints":{"allow":["GET"]}}],"collection":[{"href":"https:\/\/blogs.crespel.me\/usa2012\/wp-json\/wp\/v2\/pages"}],"about":[{"href":"https:\/\/blogs.crespel.me\/usa2012\/wp-json\/wp\/v2\/types\/page"}],"author":[{"embeddable":true,"href":"https:\/\/blogs.crespel.me\/usa2012\/wp-json\/wp\/v2\/users\/2"}],"replies":[{"embeddable":true,"href":"https:\/\/blogs.crespel.me\/usa2012\/wp-json\/wp\/v2\/comments?post=969"}],"version-history":[{"count":6,"href":"https:\/\/blogs.crespel.me\/usa2012\/wp-json\/wp\/v2\/pages\/969\/revisions"}],"predecessor-version":[{"id":1295,"href":"https:\/\/blogs.crespel.me\/usa2012\/wp-json\/wp\/v2\/pages\/969\/revisions\/1295"}],"up":[{"embeddable":true,"href":"https:\/\/blogs.crespel.me\/usa2012\/wp-json\/wp\/v2\/pages\/105"}],"wp:attachment":[{"href":"https:\/\/blogs.crespel.me\/usa2012\/wp-json\/wp\/v2\/media?parent=969"}],"curies":[{"name":"wp","href":"https:\/\/api.w.org\/{rel}","templated":true}]}}