{"id":967,"date":"2012-09-15T15:01:29","date_gmt":"2012-09-15T13:01:29","guid":{"rendered":"http:\/\/blogs.crespel.me\/usa2012\/?page_id=967"},"modified":"2013-06-09T11:54:38","modified_gmt":"2013-06-09T09:54:38","slug":"hotel-hampton-inn-a-salt-lake-city","status":"publish","type":"page","link":"https:\/\/blogs.crespel.me\/usa2012\/annexes\/campgrounds\/hotel-hampton-inn-a-salt-lake-city\/","title":{"rendered":"H\u00f4tel Hampton Inn \u00e0 Salt Lake City"},"content":{"rendered":"<h3>Description<\/h3>\n<ul>\n<li>Situ\u00e9 au 425 South 300 West soit pr\u00e8s de Downton facilement accessible.<\/li>\n<li><a href=\"http:\/\/hamptoninn3.hilton.com\/en\/hotels\/utah\/hampton-inn-salt-lake-city-downtown-SLCDTHX\/index.html\">R\u00e9sa directe sur leur site<\/a>.<a href=\"http:\/\/www.rockymountaincampground.com\/\"><br \/>\n<\/a><\/li>\n<li>Accueil cordial.<\/li>\n<li>Prix 189,51$ pour 2 nuits, 2 Queen Beds, occupation 3 personnes, avec petit d\u00e9jeuner copieux et vari\u00e9.<\/li>\n<li><strong>Ao\u00fbt 2012: note 8\/10<\/strong>. Chambre 515 de bon standing, propre, calme.<\/li>\n<li>Parking gratuit.<\/li>\n<li>Quelques familles et retrait\u00e9s en goguette, mais plut\u00f4t discrets, c&rsquo;est le Week End.<\/li>\n<li>Piscine int\u00e9rieure et salle de musculation peu fr\u00e9quent\u00e9es.<\/li>\n<\/ul>\n<h3>Insolite<\/h3>\n<ul>\n<li>Nous recommandons la visite de Temple Square (s&rsquo;adresser au Visitor Center Sud) o\u00f9 de charmantes et jeunes h\u00f4tesses accompagnent les touristes en d\u00e9crivant les us, coutumes, pratiques et \u00e9difices (dont le Tabernacle) de leur \u00e9glise. Le Temple, important et bel \u00e9difice, ne se visite pas.<\/li>\n<li>Pr\u00e8s du Capitole (\u00e0 voir), int\u00e9ressante visite du Pioneer Memorial Museum, et de la partie Carriage House au sous-sol (chariots de pionniers).<\/li>\n<\/ul>\n<h3>Les environs<\/h3>\n<ul>\n<li>Salt Lake City, capitale de l&rsquo;Utah est \u00e0 1288 m\u00e8tres d&rsquo;altitude. Population de 190.000 habitants mais 1.146.000 avec l&rsquo;agglom\u00e9ration. Cr\u00e9\u00e9e en 1847 par Brigham Young ( <a title=\"President of the Church\" href=\"http:\/\/en.wikipedia.org\/wiki\/President_of_the_Church\">President<\/a> of <a title=\"The Church of Jesus Christ of Latter-day Saints\" href=\"http:\/\/en.wikipedia.org\/wiki\/The_Church_of_Jesus_Christ_of_Latter-day_Saints\">The Church of Jesus Christ of Latter-day Saints<\/a> (LDS Church), en clair les Mormons.<\/li>\n<li>Un Subway \u00e0 200 m\u00e8tres (test\u00e9-RAS), ou Cucina Toscana \u00e0 500m ferm\u00e9 le Dimanche soir (non test\u00e9)<\/li>\n<li>Brasserie Red Rock au 254 South 200 West, bon rapport qualit\u00e9\/prix, un peu bruyante mais sympa (test\u00e9).<\/li>\n<li>Walmart au 350 Hope Av (S300W) facilement accessible.<\/li>\n<\/ul>\n<h3>Photos<\/h3>\n\n\t\t<style type=\"text\/css\">\n\t\t\t#gallery-1 {\n\t\t\t\tmargin: auto;\n\t\t\t}\n\t\t\t#gallery-1 .gallery-item {\n\t\t\t\tfloat: left;\n\t\t\t\tmargin-top: 10px;\n\t\t\t\ttext-align: center;\n\t\t\t\twidth: 33%;\n\t\t\t}\n\t\t\t#gallery-1 img {\n\t\t\t\tborder: 2px solid #cfcfcf;\n\t\t\t}\n\t\t\t#gallery-1 .gallery-caption {\n\t\t\t\tmargin-left: 0;\n\t\t\t}\n\t\t\t\/* see gallery_shortcode() in wp-includes\/media.php *\/\n\t\t<\/style>\n\t\t<div id='gallery-1' class='gallery galleryid-967 gallery-columns-3 gallery-size-thumbnail'><dl class='gallery-item'>\n\t\t\t<dt class='gallery-icon landscape'>\n\t\t\t\t<a href='https:\/\/blogs.crespel.me\/usa2012\/wp-content\/uploads\/sites\/8\/2012\/09\/IMG_0139.jpg'><img loading=\"lazy\" decoding=\"async\" width=\"150\" height=\"150\" src=\"https:\/\/blogs.crespel.me\/usa2012\/wp-content\/uploads\/sites\/8\/2012\/09\/IMG_0139-150x150.jpg\" class=\"attachment-thumbnail size-thumbnail\" alt=\"\" \/><\/a>\n\t\t\t<\/dt><\/dl><dl class='gallery-item'>\n\t\t\t<dt class='gallery-icon landscape'>\n\t\t\t\t<a href='https:\/\/blogs.crespel.me\/usa2012\/wp-content\/uploads\/sites\/8\/2012\/09\/IMG_0138.jpg'><img loading=\"lazy\" decoding=\"async\" width=\"150\" height=\"150\" src=\"https:\/\/blogs.crespel.me\/usa2012\/wp-content\/uploads\/sites\/8\/2012\/09\/IMG_0138-150x150.jpg\" class=\"attachment-thumbnail size-thumbnail\" alt=\"\" \/><\/a>\n\t\t\t<\/dt><\/dl><dl class='gallery-item'>\n\t\t\t<dt class='gallery-icon portrait'>\n\t\t\t\t<a href='https:\/\/blogs.crespel.me\/usa2012\/wp-content\/uploads\/sites\/8\/2012\/09\/IMG_0247.jpg'><img loading=\"lazy\" decoding=\"async\" width=\"150\" height=\"150\" src=\"https:\/\/blogs.crespel.me\/usa2012\/wp-content\/uploads\/sites\/8\/2012\/09\/IMG_0247-150x150.jpg\" class=\"attachment-thumbnail size-thumbnail\" alt=\"\" \/><\/a>\n\t\t\t<\/dt><\/dl><br style=\"clear: both\" \/><dl class='gallery-item'>\n\t\t\t<dt class='gallery-icon landscape'>\n\t\t\t\t<a href='https:\/\/blogs.crespel.me\/usa2012\/wp-content\/uploads\/sites\/8\/2012\/09\/PICT5875.jpg'><img loading=\"lazy\" decoding=\"async\" width=\"150\" height=\"150\" src=\"https:\/\/blogs.crespel.me\/usa2012\/wp-content\/uploads\/sites\/8\/2012\/09\/PICT5875-150x150.jpg\" class=\"attachment-thumbnail size-thumbnail\" alt=\"\" \/><\/a>\n\t\t\t<\/dt><\/dl><dl class='gallery-item'>\n\t\t\t<dt class='gallery-icon landscape'>\n\t\t\t\t<a href='https:\/\/blogs.crespel.me\/usa2012\/wp-content\/uploads\/sites\/8\/2012\/09\/PICT5867.jpg'><img loading=\"lazy\" decoding=\"async\" width=\"150\" height=\"150\" src=\"https:\/\/blogs.crespel.me\/usa2012\/wp-content\/uploads\/sites\/8\/2012\/09\/PICT5867-150x150.jpg\" class=\"attachment-thumbnail size-thumbnail\" alt=\"\" \/><\/a>\n\t\t\t<\/dt><\/dl><dl class='gallery-item'>\n\t\t\t<dt class='gallery-icon landscape'>\n\t\t\t\t<a href='https:\/\/blogs.crespel.me\/usa2012\/wp-content\/uploads\/sites\/8\/2012\/09\/IMG_0243.jpg'><img loading=\"lazy\" decoding=\"async\" width=\"150\" height=\"150\" src=\"https:\/\/blogs.crespel.me\/usa2012\/wp-content\/uploads\/sites\/8\/2012\/09\/IMG_0243-150x150.jpg\" class=\"attachment-thumbnail size-thumbnail\" alt=\"\" \/><\/a>\n\t\t\t<\/dt><\/dl><br style=\"clear: both\" \/>\n\t\t<\/div>\n\n<p>&nbsp;<\/p>\n","protected":false},"excerpt":{"rendered":"<p>Description Situ\u00e9 au 425 South 300 West soit pr\u00e8s de Downton facilement accessible. R\u00e9sa directe sur leur site. Accueil cordial. Prix 189,51$ pour 2 nuits, 2 Queen Beds, occupation 3 personnes, avec petit d\u00e9jeuner copieux et vari\u00e9. Ao\u00fbt 2012: note 8\/10. Chambre 515 de bon standing, propre, calme. Parking gratuit. Quelques familles et retrait\u00e9s en [&hellip;]<\/p>\n","protected":false},"author":2,"featured_media":0,"parent":105,"menu_order":0,"comment_status":"open","ping_status":"open","template":"","meta":{"footnotes":""},"class_list":["post-967","page","type-page","status-publish","hentry"],"_links":{"self":[{"href":"https:\/\/blogs.crespel.me\/usa2012\/wp-json\/wp\/v2\/pages\/967","targetHints":{"allow":["GET"]}}],"collection":[{"href":"https:\/\/blogs.crespel.me\/usa2012\/wp-json\/wp\/v2\/pages"}],"about":[{"href":"https:\/\/blogs.crespel.me\/usa2012\/wp-json\/wp\/v2\/types\/page"}],"author":[{"embeddable":true,"href":"https:\/\/blogs.crespel.me\/usa2012\/wp-json\/wp\/v2\/users\/2"}],"replies":[{"embeddable":true,"href":"https:\/\/blogs.crespel.me\/usa2012\/wp-json\/wp\/v2\/comments?post=967"}],"version-history":[{"count":8,"href":"https:\/\/blogs.crespel.me\/usa2012\/wp-json\/wp\/v2\/pages\/967\/revisions"}],"predecessor-version":[{"id":1312,"href":"https:\/\/blogs.crespel.me\/usa2012\/wp-json\/wp\/v2\/pages\/967\/revisions\/1312"}],"up":[{"embeddable":true,"href":"https:\/\/blogs.crespel.me\/usa2012\/wp-json\/wp\/v2\/pages\/105"}],"wp:attachment":[{"href":"https:\/\/blogs.crespel.me\/usa2012\/wp-json\/wp\/v2\/media?parent=967"}],"curies":[{"name":"wp","href":"https:\/\/api.w.org\/{rel}","templated":true}]}}