{"id":935,"date":"2012-09-15T14:53:40","date_gmt":"2012-09-15T12:53:40","guid":{"rendered":"http:\/\/blogs.crespel.me\/usa2012\/?page_id=935"},"modified":"2013-06-09T11:50:28","modified_gmt":"2013-06-09T09:50:28","slug":"rv-park-koa-a-manila","status":"publish","type":"page","link":"https:\/\/blogs.crespel.me\/usa2012\/annexes\/campgrounds\/rv-park-koa-a-manila\/","title":{"rendered":"RV park KOA \u00e0 Manila"},"content":{"rendered":"<h3>Description<\/h3>\n<ul>\n<li>Situ\u00e9 au 320 West Hwy 43 en sortie Ouest de la ville. Calme.<\/li>\n<li>R\u00e9sa uniquement par tel. Arriv\u00e9e \u00e0 l&rsquo;improviste apr\u00e8s avoir annul\u00e9 Lucerne campground \u00e0 Flaming Gorge (branchement \u00e9lectrique seul). Besoin de lessives et commodit\u00e9s !<\/li>\n<li>Accueil cordial.<\/li>\n<li>Prix 36$ pour un RV25 et 3 personnes.<\/li>\n<li>Full Hookups.<\/li>\n<li><strong>Ao\u00fbt 2012: note 7\/10<\/strong>. Emplacement C1 juste \u00e0 c\u00f4t\u00e9 de l&rsquo;entr\u00e9e, ombrag\u00e9.<\/li>\n<li>Commodit\u00e9s dans le b\u00e2timent principal.<\/li>\n<\/ul>\n<h3>Insolite<\/h3>\n<ul>\n<li>C&rsquo;est un KOA, standard, bien&#8230;.<\/li>\n<\/ul>\n<h3>Les environs<\/h3>\n<ul>\n<li>Manila est \u00e0 1935 m\u00e8tres d&rsquo;altitude. Population 308 personnes en 2000. Cr\u00e9\u00e9e en 1898 cette petite ville est en Utah et non plus au Wyoming.<\/li>\n<li>Peu de commerces, mais une sup\u00e9rette et une station service.<\/li>\n<\/ul>\n<h3>Photos<\/h3>\n\n\t\t<style type=\"text\/css\">\n\t\t\t#gallery-1 {\n\t\t\t\tmargin: auto;\n\t\t\t}\n\t\t\t#gallery-1 .gallery-item {\n\t\t\t\tfloat: left;\n\t\t\t\tmargin-top: 10px;\n\t\t\t\ttext-align: center;\n\t\t\t\twidth: 33%;\n\t\t\t}\n\t\t\t#gallery-1 img {\n\t\t\t\tborder: 2px solid #cfcfcf;\n\t\t\t}\n\t\t\t#gallery-1 .gallery-caption {\n\t\t\t\tmargin-left: 0;\n\t\t\t}\n\t\t\t\/* see gallery_shortcode() in wp-includes\/media.php *\/\n\t\t<\/style>\n\t\t<div id='gallery-1' class='gallery galleryid-935 gallery-columns-3 gallery-size-thumbnail'><dl class='gallery-item'>\n\t\t\t<dt class='gallery-icon landscape'>\n\t\t\t\t<a href='https:\/\/blogs.crespel.me\/usa2012\/wp-content\/uploads\/sites\/8\/2012\/09\/IMG_1580.jpg'><img loading=\"lazy\" decoding=\"async\" width=\"150\" height=\"150\" src=\"https:\/\/blogs.crespel.me\/usa2012\/wp-content\/uploads\/sites\/8\/2012\/09\/IMG_1580-150x150.jpg\" class=\"attachment-thumbnail size-thumbnail\" alt=\"\" \/><\/a>\n\t\t\t<\/dt><\/dl><dl class='gallery-item'>\n\t\t\t<dt class='gallery-icon landscape'>\n\t\t\t\t<a href='https:\/\/blogs.crespel.me\/usa2012\/wp-content\/uploads\/sites\/8\/2012\/09\/IMG_1579.jpg'><img loading=\"lazy\" decoding=\"async\" width=\"150\" height=\"150\" src=\"https:\/\/blogs.crespel.me\/usa2012\/wp-content\/uploads\/sites\/8\/2012\/09\/IMG_1579-150x150.jpg\" class=\"attachment-thumbnail size-thumbnail\" alt=\"\" \/><\/a>\n\t\t\t<\/dt><\/dl><dl class='gallery-item'>\n\t\t\t<dt class='gallery-icon landscape'>\n\t\t\t\t<a href='https:\/\/blogs.crespel.me\/usa2012\/wp-content\/uploads\/sites\/8\/2012\/09\/IMG_1578.jpg'><img loading=\"lazy\" decoding=\"async\" width=\"150\" height=\"150\" src=\"https:\/\/blogs.crespel.me\/usa2012\/wp-content\/uploads\/sites\/8\/2012\/09\/IMG_1578-150x150.jpg\" class=\"attachment-thumbnail size-thumbnail\" alt=\"\" \/><\/a>\n\t\t\t<\/dt><\/dl><br style=\"clear: both\" \/>\n\t\t<\/div>\n\n","protected":false},"excerpt":{"rendered":"<p>Description Situ\u00e9 au 320 West Hwy 43 en sortie Ouest de la ville. Calme. R\u00e9sa uniquement par tel. Arriv\u00e9e \u00e0 l&rsquo;improviste apr\u00e8s avoir annul\u00e9 Lucerne campground \u00e0 Flaming Gorge (branchement \u00e9lectrique seul). Besoin de lessives et commodit\u00e9s ! Accueil cordial. Prix 36$ pour un RV25 et 3 personnes. Full Hookups. Ao\u00fbt 2012: note 7\/10. Emplacement [&hellip;]<\/p>\n","protected":false},"author":2,"featured_media":0,"parent":105,"menu_order":0,"comment_status":"open","ping_status":"open","template":"","meta":{"footnotes":""},"class_list":["post-935","page","type-page","status-publish","hentry"],"_links":{"self":[{"href":"https:\/\/blogs.crespel.me\/usa2012\/wp-json\/wp\/v2\/pages\/935","targetHints":{"allow":["GET"]}}],"collection":[{"href":"https:\/\/blogs.crespel.me\/usa2012\/wp-json\/wp\/v2\/pages"}],"about":[{"href":"https:\/\/blogs.crespel.me\/usa2012\/wp-json\/wp\/v2\/types\/page"}],"author":[{"embeddable":true,"href":"https:\/\/blogs.crespel.me\/usa2012\/wp-json\/wp\/v2\/users\/2"}],"replies":[{"embeddable":true,"href":"https:\/\/blogs.crespel.me\/usa2012\/wp-json\/wp\/v2\/comments?post=935"}],"version-history":[{"count":6,"href":"https:\/\/blogs.crespel.me\/usa2012\/wp-json\/wp\/v2\/pages\/935\/revisions"}],"predecessor-version":[{"id":1294,"href":"https:\/\/blogs.crespel.me\/usa2012\/wp-json\/wp\/v2\/pages\/935\/revisions\/1294"}],"up":[{"embeddable":true,"href":"https:\/\/blogs.crespel.me\/usa2012\/wp-json\/wp\/v2\/pages\/105"}],"wp:attachment":[{"href":"https:\/\/blogs.crespel.me\/usa2012\/wp-json\/wp\/v2\/media?parent=935"}],"curies":[{"name":"wp","href":"https:\/\/api.w.org\/{rel}","templated":true}]}}