{"id":933,"date":"2012-09-15T14:56:44","date_gmt":"2012-09-15T12:56:44","guid":{"rendered":"http:\/\/blogs.crespel.me\/usa2012\/?page_id=933"},"modified":"2013-06-09T11:42:54","modified_gmt":"2013-06-09T09:42:54","slug":"fossil-valley-rv-a-vernal","status":"publish","type":"page","link":"https:\/\/blogs.crespel.me\/usa2012\/annexes\/campgrounds\/fossil-valley-rv-a-vernal\/","title":{"rendered":"Fossil Valley RV \u00e0 Vernal"},"content":{"rendered":"<h3>Description<\/h3>\n<ul>\n<li>Situ\u00e9 au 999 West Hwy 40 vers l&rsquo;Ouest.<\/li>\n<li>R\u00e9sa par mail aupr\u00e8s de Denis Martinsen, voir leur site internet. R\u00e8glement sur place.<\/li>\n<li>Accueil tr\u00e8s cordial et enjou\u00e9 de Blake Martinsen (le fils).<\/li>\n<li>Prix 60$ pour 2 nuits et un RV25 et 3 personnes.<\/li>\n<li>Full Hookups.<\/li>\n<li><strong>Ao\u00fbt 2012: note 7\/10<\/strong>. Emplacement 31 ombrag\u00e9 au d\u00e9but du camp.<\/li>\n<li>Le campground est situ\u00e9 sur une art\u00e8re passante (bruyante) donc rechercher une place au fond !<\/li>\n<li>Commodit\u00e9s \u00e0 l&rsquo;entr\u00e9e.<\/li>\n<\/ul>\n<h3>Insolite<\/h3>\n<ul>\n<li>Voisinage d&rsquo;am\u00e9ricains discrets avec 2 petits chiens chouchout\u00e9s dans un enclos privatif et moquette !<\/li>\n<\/ul>\n<h3>Les environs<\/h3>\n<ul>\n<li>Vernal est \u00e0 1624 m\u00e8tres d&rsquo;altitude. Population 9089 personnes en 2000. Cr\u00e9\u00e9e en 1876. C&rsquo;est depuis quelques ann\u00e9es une ville superbement fleurie.<\/li>\n<li>Les Dinosaures sont mis \u00e0 l&rsquo;honneur sous toutes formes et couleurs (proximit\u00e9 du parc de Dinosaur NP).<\/li>\n<li>Nombreux commerces et h\u00f4tels le long de la 40 traversant la ville.<\/li>\n<li>Supermarch\u00e9 et station service Smith&rsquo;s juste en face du camp, Fast Food en tous genres \u00e0 proximit\u00e9.<\/li>\n<\/ul>\n<h3>Photos<\/h3>\n\n\t\t<style type=\"text\/css\">\n\t\t\t#gallery-1 {\n\t\t\t\tmargin: auto;\n\t\t\t}\n\t\t\t#gallery-1 .gallery-item {\n\t\t\t\tfloat: left;\n\t\t\t\tmargin-top: 10px;\n\t\t\t\ttext-align: center;\n\t\t\t\twidth: 33%;\n\t\t\t}\n\t\t\t#gallery-1 img {\n\t\t\t\tborder: 2px solid #cfcfcf;\n\t\t\t}\n\t\t\t#gallery-1 .gallery-caption {\n\t\t\t\tmargin-left: 0;\n\t\t\t}\n\t\t\t\/* see gallery_shortcode() in wp-includes\/media.php *\/\n\t\t<\/style>\n\t\t<div id='gallery-1' class='gallery galleryid-933 gallery-columns-3 gallery-size-thumbnail'><dl class='gallery-item'>\n\t\t\t<dt class='gallery-icon landscape'>\n\t\t\t\t<a href='https:\/\/blogs.crespel.me\/usa2012\/wp-content\/uploads\/sites\/8\/2012\/09\/PICT8152.jpg'><img loading=\"lazy\" decoding=\"async\" width=\"150\" height=\"150\" src=\"https:\/\/blogs.crespel.me\/usa2012\/wp-content\/uploads\/sites\/8\/2012\/09\/PICT8152-150x150.jpg\" class=\"attachment-thumbnail size-thumbnail\" alt=\"\" \/><\/a>\n\t\t\t<\/dt><\/dl><dl class='gallery-item'>\n\t\t\t<dt class='gallery-icon landscape'>\n\t\t\t\t<a href='https:\/\/blogs.crespel.me\/usa2012\/wp-content\/uploads\/sites\/8\/2012\/09\/IMG_1613.jpg'><img loading=\"lazy\" decoding=\"async\" width=\"150\" height=\"150\" src=\"https:\/\/blogs.crespel.me\/usa2012\/wp-content\/uploads\/sites\/8\/2012\/09\/IMG_1613-150x150.jpg\" class=\"attachment-thumbnail size-thumbnail\" alt=\"\" \/><\/a>\n\t\t\t<\/dt><\/dl><dl class='gallery-item'>\n\t\t\t<dt class='gallery-icon landscape'>\n\t\t\t\t<a href='https:\/\/blogs.crespel.me\/usa2012\/wp-content\/uploads\/sites\/8\/2012\/09\/IMG_1612.jpg'><img loading=\"lazy\" decoding=\"async\" width=\"150\" height=\"150\" src=\"https:\/\/blogs.crespel.me\/usa2012\/wp-content\/uploads\/sites\/8\/2012\/09\/IMG_1612-150x150.jpg\" class=\"attachment-thumbnail size-thumbnail\" alt=\"\" \/><\/a>\n\t\t\t<\/dt><\/dl><br style=\"clear: both\" \/>\n\t\t<\/div>\n\n","protected":false},"excerpt":{"rendered":"<p>Description Situ\u00e9 au 999 West Hwy 40 vers l&rsquo;Ouest. R\u00e9sa par mail aupr\u00e8s de Denis Martinsen, voir leur site internet. R\u00e8glement sur place. Accueil tr\u00e8s cordial et enjou\u00e9 de Blake Martinsen (le fils). Prix 60$ pour 2 nuits et un RV25 et 3 personnes. Full Hookups. Ao\u00fbt 2012: note 7\/10. Emplacement 31 ombrag\u00e9 au d\u00e9but [&hellip;]<\/p>\n","protected":false},"author":2,"featured_media":0,"parent":105,"menu_order":0,"comment_status":"open","ping_status":"open","template":"","meta":{"footnotes":""},"class_list":["post-933","page","type-page","status-publish","hentry"],"_links":{"self":[{"href":"https:\/\/blogs.crespel.me\/usa2012\/wp-json\/wp\/v2\/pages\/933","targetHints":{"allow":["GET"]}}],"collection":[{"href":"https:\/\/blogs.crespel.me\/usa2012\/wp-json\/wp\/v2\/pages"}],"about":[{"href":"https:\/\/blogs.crespel.me\/usa2012\/wp-json\/wp\/v2\/types\/page"}],"author":[{"embeddable":true,"href":"https:\/\/blogs.crespel.me\/usa2012\/wp-json\/wp\/v2\/users\/2"}],"replies":[{"embeddable":true,"href":"https:\/\/blogs.crespel.me\/usa2012\/wp-json\/wp\/v2\/comments?post=933"}],"version-history":[{"count":6,"href":"https:\/\/blogs.crespel.me\/usa2012\/wp-json\/wp\/v2\/pages\/933\/revisions"}],"predecessor-version":[{"id":1300,"href":"https:\/\/blogs.crespel.me\/usa2012\/wp-json\/wp\/v2\/pages\/933\/revisions\/1300"}],"up":[{"embeddable":true,"href":"https:\/\/blogs.crespel.me\/usa2012\/wp-json\/wp\/v2\/pages\/105"}],"wp:attachment":[{"href":"https:\/\/blogs.crespel.me\/usa2012\/wp-json\/wp\/v2\/media?parent=933"}],"curies":[{"name":"wp","href":"https:\/\/api.w.org\/{rel}","templated":true}]}}