{"id":931,"date":"2012-09-15T14:49:45","date_gmt":"2012-09-15T12:49:45","guid":{"rendered":"http:\/\/blogs.crespel.me\/usa2012\/?page_id=931"},"modified":"2013-06-09T11:51:21","modified_gmt":"2013-06-09T09:51:21","slug":"sleeping-bear-campground-a-lander","status":"publish","type":"page","link":"https:\/\/blogs.crespel.me\/usa2012\/annexes\/campgrounds\/sleeping-bear-campground-a-lander\/","title":{"rendered":"Sleeping Bear campground \u00e0 Lander"},"content":{"rendered":"<h3>Description<\/h3>\n<ul>\n<li>Situ\u00e9 au 715 East Main, au Sud de la ville, sur une hauteur.<\/li>\n<li>R\u00e9sa par mail, voir leur site internet.<\/li>\n<li>Accueil cordial.<\/li>\n<li>Prix 43$ pour un RV25 et 3 personnes.<\/li>\n<li>Full Hookups.<\/li>\n<li><strong>Ao\u00fbt 2012: note 7\/10.<\/strong> Emplacement KB3 vers le fond, peu ombrag\u00e9.<\/li>\n<li>Le campground domine la ville avec une belle vue en soir\u00e9e.<\/li>\n<li>Commodit\u00e9s \u00e0 l&rsquo;entr\u00e9e.<\/li>\n<\/ul>\n<h3>Insolite<\/h3>\n<ul>\n<li>Voisinage d&rsquo;un couple d&rsquo;am\u00e9ricains sympathiques ayant 2 chiens, dont un tr\u00e8s cordial et affectueux Basset Art\u00e9sien.<\/li>\n<\/ul>\n<h3>Les environs<\/h3>\n<ul>\n<li>Lander est \u00e0 1633 m\u00e8tres d&rsquo;altitude. Population 7487 personnes en 2010. En 1890 elle a pris le nom d&rsquo;un g\u00e9n\u00e9ral\/explorateur de l&rsquo;Oregon Trail.<\/li>\n<li>Nombreux commerces et h\u00f4tels le long de la 287 traversant la ville.<\/li>\n<li>Supermarch\u00e9 \u00e0 l&rsquo;entr\u00e9e Nord &#8211; Safeway Food (dont fruits et l\u00e9gumes).<\/li>\n<\/ul>\n<h3>Photos<\/h3>\n\n\t\t<style type=\"text\/css\">\n\t\t\t#gallery-1 {\n\t\t\t\tmargin: auto;\n\t\t\t}\n\t\t\t#gallery-1 .gallery-item {\n\t\t\t\tfloat: left;\n\t\t\t\tmargin-top: 10px;\n\t\t\t\ttext-align: center;\n\t\t\t\twidth: 33%;\n\t\t\t}\n\t\t\t#gallery-1 img {\n\t\t\t\tborder: 2px solid #cfcfcf;\n\t\t\t}\n\t\t\t#gallery-1 .gallery-caption {\n\t\t\t\tmargin-left: 0;\n\t\t\t}\n\t\t\t\/* see gallery_shortcode() in wp-includes\/media.php *\/\n\t\t<\/style>\n\t\t<div id='gallery-1' class='gallery galleryid-931 gallery-columns-3 gallery-size-thumbnail'><dl class='gallery-item'>\n\t\t\t<dt class='gallery-icon landscape'>\n\t\t\t\t<a href='https:\/\/blogs.crespel.me\/usa2012\/wp-content\/uploads\/sites\/8\/2012\/09\/IMG_1435.jpg'><img loading=\"lazy\" decoding=\"async\" width=\"150\" height=\"150\" src=\"https:\/\/blogs.crespel.me\/usa2012\/wp-content\/uploads\/sites\/8\/2012\/09\/IMG_1435-150x150.jpg\" class=\"attachment-thumbnail size-thumbnail\" alt=\"\" \/><\/a>\n\t\t\t<\/dt><\/dl><dl class='gallery-item'>\n\t\t\t<dt class='gallery-icon landscape'>\n\t\t\t\t<a href='https:\/\/blogs.crespel.me\/usa2012\/wp-content\/uploads\/sites\/8\/2012\/09\/IMG_1434.jpg'><img loading=\"lazy\" decoding=\"async\" width=\"150\" height=\"150\" src=\"https:\/\/blogs.crespel.me\/usa2012\/wp-content\/uploads\/sites\/8\/2012\/09\/IMG_1434-150x150.jpg\" class=\"attachment-thumbnail size-thumbnail\" alt=\"\" \/><\/a>\n\t\t\t<\/dt><\/dl><dl class='gallery-item'>\n\t\t\t<dt class='gallery-icon landscape'>\n\t\t\t\t<a href='https:\/\/blogs.crespel.me\/usa2012\/wp-content\/uploads\/sites\/8\/2012\/09\/IMG_1433.jpg'><img loading=\"lazy\" decoding=\"async\" width=\"150\" height=\"150\" src=\"https:\/\/blogs.crespel.me\/usa2012\/wp-content\/uploads\/sites\/8\/2012\/09\/IMG_1433-150x150.jpg\" class=\"attachment-thumbnail size-thumbnail\" alt=\"\" \/><\/a>\n\t\t\t<\/dt><\/dl><br style=\"clear: both\" \/>\n\t\t<\/div>\n\n","protected":false},"excerpt":{"rendered":"<p>Description Situ\u00e9 au 715 East Main, au Sud de la ville, sur une hauteur. R\u00e9sa par mail, voir leur site internet. Accueil cordial. Prix 43$ pour un RV25 et 3 personnes. Full Hookups. Ao\u00fbt 2012: note 7\/10. Emplacement KB3 vers le fond, peu ombrag\u00e9. Le campground domine la ville avec une belle vue en soir\u00e9e. [&hellip;]<\/p>\n","protected":false},"author":2,"featured_media":0,"parent":105,"menu_order":0,"comment_status":"open","ping_status":"open","template":"","meta":{"footnotes":""},"class_list":["post-931","page","type-page","status-publish","hentry"],"_links":{"self":[{"href":"https:\/\/blogs.crespel.me\/usa2012\/wp-json\/wp\/v2\/pages\/931","targetHints":{"allow":["GET"]}}],"collection":[{"href":"https:\/\/blogs.crespel.me\/usa2012\/wp-json\/wp\/v2\/pages"}],"about":[{"href":"https:\/\/blogs.crespel.me\/usa2012\/wp-json\/wp\/v2\/types\/page"}],"author":[{"embeddable":true,"href":"https:\/\/blogs.crespel.me\/usa2012\/wp-json\/wp\/v2\/users\/2"}],"replies":[{"embeddable":true,"href":"https:\/\/blogs.crespel.me\/usa2012\/wp-json\/wp\/v2\/comments?post=931"}],"version-history":[{"count":4,"href":"https:\/\/blogs.crespel.me\/usa2012\/wp-json\/wp\/v2\/pages\/931\/revisions"}],"predecessor-version":[{"id":1310,"href":"https:\/\/blogs.crespel.me\/usa2012\/wp-json\/wp\/v2\/pages\/931\/revisions\/1310"}],"up":[{"embeddable":true,"href":"https:\/\/blogs.crespel.me\/usa2012\/wp-json\/wp\/v2\/pages\/105"}],"wp:attachment":[{"href":"https:\/\/blogs.crespel.me\/usa2012\/wp-json\/wp\/v2\/media?parent=931"}],"curies":[{"name":"wp","href":"https:\/\/api.w.org\/{rel}","templated":true}]}}