{"id":928,"date":"2012-09-15T14:46:46","date_gmt":"2012-09-15T12:46:46","guid":{"rendered":"http:\/\/blogs.crespel.me\/usa2012\/?page_id=928"},"modified":"2013-06-09T11:41:20","modified_gmt":"2013-06-09T09:41:20","slug":"deer-park-campground-a-buffalo","status":"publish","type":"page","link":"https:\/\/blogs.crespel.me\/usa2012\/annexes\/campgrounds\/deer-park-campground-a-buffalo\/","title":{"rendered":"Deer park campground \u00e0 Buffalo"},"content":{"rendered":"<h3>Description<\/h3>\n<ul>\n<li>Situ\u00e9 sur l&rsquo;US 146 -16 East au sud de la ville<\/li>\n<li>R\u00e9sa par mail, voir leur site internet.<\/li>\n<li>Accueil cordial.<\/li>\n<li>Prix 35$ pour un RV25 et 3 personnes.<\/li>\n<li>Raccordements Eau\/Courant.<\/li>\n<li><strong>Ao\u00fbt 2012: note 8\/10.<\/strong> Emplacement 22 ombrag\u00e9.<\/li>\n<li>Commodit\u00e9s \u00e0 l&rsquo;entr\u00e9e, dont 4 salles de bains privatives***.<\/li>\n<\/ul>\n<h3>Insolite<\/h3>\n<ul>\n<li>Rencontre fortuite avec une famille allemande de Francfort (en camping-car Cruise america !) dont Mme est professeur de Fran\u00e7ais (\u00e7a aide&#8230;), avec \u00e9change d&rsquo;info sur nos voyages respectifs. Sympa.<\/li>\n<\/ul>\n<h3>Les environs<\/h3>\n<ul>\n<li>Buffalo est \u00e0 1416 m\u00e8tres d&rsquo;altitude. Population 4585 personnes en 2010.<\/li>\n<li>Jim Gattchel memorial museum sur Main street (5$\/pers.) non test\u00e9.<\/li>\n<li>Historic h\u00f4tel Occidental \u00e0 visiter, non test\u00e9.<\/li>\n<li>Au bar le Virginian: chanteur country le soir, non test\u00e9.<\/li>\n<\/ul>\n<h3>Photos<\/h3>\n\n\t\t<style type=\"text\/css\">\n\t\t\t#gallery-1 {\n\t\t\t\tmargin: auto;\n\t\t\t}\n\t\t\t#gallery-1 .gallery-item {\n\t\t\t\tfloat: left;\n\t\t\t\tmargin-top: 10px;\n\t\t\t\ttext-align: center;\n\t\t\t\twidth: 50%;\n\t\t\t}\n\t\t\t#gallery-1 img {\n\t\t\t\tborder: 2px solid #cfcfcf;\n\t\t\t}\n\t\t\t#gallery-1 .gallery-caption {\n\t\t\t\tmargin-left: 0;\n\t\t\t}\n\t\t\t\/* see gallery_shortcode() in wp-includes\/media.php *\/\n\t\t<\/style>\n\t\t<div id='gallery-1' class='gallery galleryid-928 gallery-columns-2 gallery-size-thumbnail'><dl class='gallery-item'>\n\t\t\t<dt class='gallery-icon landscape'>\n\t\t\t\t<a href='https:\/\/blogs.crespel.me\/usa2012\/wp-content\/uploads\/sites\/8\/2012\/09\/IMG_1385.jpg'><img loading=\"lazy\" decoding=\"async\" width=\"150\" height=\"150\" src=\"https:\/\/blogs.crespel.me\/usa2012\/wp-content\/uploads\/sites\/8\/2012\/09\/IMG_1385-150x150.jpg\" class=\"attachment-thumbnail size-thumbnail\" alt=\"\" \/><\/a>\n\t\t\t<\/dt><\/dl><dl class='gallery-item'>\n\t\t\t<dt class='gallery-icon landscape'>\n\t\t\t\t<a href='https:\/\/blogs.crespel.me\/usa2012\/wp-content\/uploads\/sites\/8\/2012\/09\/IMG_1384.jpg'><img loading=\"lazy\" decoding=\"async\" width=\"150\" height=\"150\" src=\"https:\/\/blogs.crespel.me\/usa2012\/wp-content\/uploads\/sites\/8\/2012\/09\/IMG_1384-150x150.jpg\" class=\"attachment-thumbnail size-thumbnail\" alt=\"\" \/><\/a>\n\t\t\t<\/dt><\/dl><br style=\"clear: both\" \/>\n\t\t<\/div>\n\n","protected":false},"excerpt":{"rendered":"<p>Description Situ\u00e9 sur l&rsquo;US 146 -16 East au sud de la ville R\u00e9sa par mail, voir leur site internet. Accueil cordial. Prix 35$ pour un RV25 et 3 personnes. Raccordements Eau\/Courant. Ao\u00fbt 2012: note 8\/10. Emplacement 22 ombrag\u00e9. Commodit\u00e9s \u00e0 l&rsquo;entr\u00e9e, dont 4 salles de bains privatives***. Insolite Rencontre fortuite avec une famille allemande de [&hellip;]<\/p>\n","protected":false},"author":2,"featured_media":0,"parent":105,"menu_order":0,"comment_status":"open","ping_status":"open","template":"","meta":{"footnotes":""},"class_list":["post-928","page","type-page","status-publish","hentry"],"_links":{"self":[{"href":"https:\/\/blogs.crespel.me\/usa2012\/wp-json\/wp\/v2\/pages\/928","targetHints":{"allow":["GET"]}}],"collection":[{"href":"https:\/\/blogs.crespel.me\/usa2012\/wp-json\/wp\/v2\/pages"}],"about":[{"href":"https:\/\/blogs.crespel.me\/usa2012\/wp-json\/wp\/v2\/types\/page"}],"author":[{"embeddable":true,"href":"https:\/\/blogs.crespel.me\/usa2012\/wp-json\/wp\/v2\/users\/2"}],"replies":[{"embeddable":true,"href":"https:\/\/blogs.crespel.me\/usa2012\/wp-json\/wp\/v2\/comments?post=928"}],"version-history":[{"count":4,"href":"https:\/\/blogs.crespel.me\/usa2012\/wp-json\/wp\/v2\/pages\/928\/revisions"}],"predecessor-version":[{"id":1299,"href":"https:\/\/blogs.crespel.me\/usa2012\/wp-json\/wp\/v2\/pages\/928\/revisions\/1299"}],"up":[{"embeddable":true,"href":"https:\/\/blogs.crespel.me\/usa2012\/wp-json\/wp\/v2\/pages\/105"}],"wp:attachment":[{"href":"https:\/\/blogs.crespel.me\/usa2012\/wp-json\/wp\/v2\/media?parent=928"}],"curies":[{"name":"wp","href":"https:\/\/api.w.org\/{rel}","templated":true}]}}