{"id":923,"date":"2012-09-13T11:25:47","date_gmt":"2012-09-13T09:25:47","guid":{"rendered":"http:\/\/blogs.crespel.me\/usa2012\/?page_id=923"},"modified":"2016-02-29T14:40:19","modified_gmt":"2016-02-29T13:40:19","slug":"ponderosa-campground-a-cody","status":"publish","type":"page","link":"https:\/\/blogs.crespel.me\/usa2012\/annexes\/campgrounds\/ponderosa-campground-a-cody\/","title":{"rendered":"Ponderosa campground \u00e0 Cody"},"content":{"rendered":"<h3>Description<\/h3>\n<ul>\n<li>Situ\u00e9 au 1815 8th street, dans le virage \u00e0 gauche en entrant dans Cody depuis l&rsquo;Ouest.<\/li>\n<li>R\u00e9sa par mail, <a href=\"http:\/\/codyponderosa.com\/\">voir leur site internet<\/a>, mais paiement sur place En Cash (il y a un ATM \u00e0 l&rsquo;accueil !).<\/li>\n<li>Accueil cordial.<\/li>\n<li>Prix 88,60$ pour 2 nuits, un RV25 et 3 personnes.<\/li>\n<li>Full Hookups.<\/li>\n<li><strong>Ao\u00fbt 2012: note 8\/10<\/strong>. Emplacement 77 sur le milieu, ombrag\u00e9.<\/li>\n<li>Le campground malgr\u00e9 sa situation en ville n&rsquo;est pas bruyant.<\/li>\n<li>Salle de jeux, toilettes et laverie \u00e0 l&rsquo;entr\u00e9e et toilettes au milieu. Comporte des \u00ab\u00a0Cabin\u00a0\u00bb \u00e0 louer.<\/li>\n<\/ul>\n<h3>Insolite<\/h3>\n<ul>\n<li>Cherchant \u00e0 donner un billet de rod\u00e9o en exc\u00e9dent, je vois un camping-car Cruise America (donc des touristes&#8230;) et je tombe sur une famille de Portugais dont Mme parle Fran\u00e7ais, s&rsquo;en suit une cordiale rencontre avec \u00e9change d&rsquo;infos sur nos voyages respectifs !<\/li>\n<\/ul>\n<h3>Les environs<\/h3>\n<ul>\n<li>Cody, qui s&rsquo;est auto-proclam\u00e9e capitale du rod\u00e9o est \u00e0 1523 m\u00e8tres d&rsquo;altitude. Population 9520 personnes en 2010. Cr\u00e9\u00e9e en 1896 c&rsquo;est la porte d&rsquo;entr\u00e9e Est au Yellowstone.<\/li>\n<li>C&rsquo;est une petite ville Far West bien propre qui joue de son image. Enfin celle de Buffalo Bill !<\/li>\n<li>Nombreux commerces et h\u00f4tels le long de Sheridan Avenue, et restaurants:<\/li>\n<li>Cassies Supper Club (pr\u00e8s du Walmart) repas et orchestre western (non test\u00e9).<\/li>\n<li>Adrianos (Italien), 100 m\u00e8tre \u00e0 droite vers l&rsquo;Est, apr\u00e8s Irma H\u00f4tel bon rapport qualit\u00e9\/prix (test\u00e9).<\/li>\n<li>Supermarch\u00e9 Walmart en entr\u00e9e de ville en venant de Yellowstone.<\/li>\n<\/ul>\n<ul>\n<li>Visites indispensables:<\/li>\n<li>Buffalo Bill museum (18$\/pers. valable 2 jours) comprenant 5 sections dont Plains Indian museum***.<\/li>\n<li>Old Trail Town (8$\/pers.) reconstitution d&rsquo;une ville western (tr\u00e8s bien faite avec meubles et mat\u00e9riels).<\/li>\n<li>\u00e0 c\u00f4t\u00e9 de Old Trail: Cody Cattle, combin\u00e9 (41$\/pers.) \u00e0 18h00 jusque 19h30: repas simple\/musique country, et billet pour le rod\u00e9o de 20h00 (se placer dans la tribune oppos\u00e9e \u00e0 l&rsquo;entr\u00e9e).<\/li>\n<li>En face de Old Trail: Tecumseh trading post et Old West miniature village (donation 5$).<\/li>\n<\/ul>\n<h3>Photos<\/h3>\n\n\t\t<style type=\"text\/css\">\n\t\t\t#gallery-1 {\n\t\t\t\tmargin: auto;\n\t\t\t}\n\t\t\t#gallery-1 .gallery-item {\n\t\t\t\tfloat: left;\n\t\t\t\tmargin-top: 10px;\n\t\t\t\ttext-align: center;\n\t\t\t\twidth: 33%;\n\t\t\t}\n\t\t\t#gallery-1 img {\n\t\t\t\tborder: 2px solid #cfcfcf;\n\t\t\t}\n\t\t\t#gallery-1 .gallery-caption {\n\t\t\t\tmargin-left: 0;\n\t\t\t}\n\t\t\t\/* see gallery_shortcode() in wp-includes\/media.php *\/\n\t\t<\/style>\n\t\t<div id='gallery-1' class='gallery galleryid-923 gallery-columns-3 gallery-size-thumbnail'><dl class='gallery-item'>\n\t\t\t<dt class='gallery-icon landscape'>\n\t\t\t\t<a href='https:\/\/blogs.crespel.me\/usa2012\/wp-content\/uploads\/sites\/8\/2012\/09\/PICT7822.jpg'><img loading=\"lazy\" decoding=\"async\" width=\"150\" height=\"150\" src=\"https:\/\/blogs.crespel.me\/usa2012\/wp-content\/uploads\/sites\/8\/2012\/09\/PICT7822-150x150.jpg\" class=\"attachment-thumbnail size-thumbnail\" alt=\"\" \/><\/a>\n\t\t\t<\/dt><\/dl><dl class='gallery-item'>\n\t\t\t<dt class='gallery-icon landscape'>\n\t\t\t\t<a href='https:\/\/blogs.crespel.me\/usa2012\/wp-content\/uploads\/sites\/8\/2012\/09\/PICT7730.jpg'><img loading=\"lazy\" decoding=\"async\" width=\"150\" height=\"150\" src=\"https:\/\/blogs.crespel.me\/usa2012\/wp-content\/uploads\/sites\/8\/2012\/09\/PICT7730-150x150.jpg\" class=\"attachment-thumbnail size-thumbnail\" alt=\"\" \/><\/a>\n\t\t\t<\/dt><\/dl><dl class='gallery-item'>\n\t\t\t<dt class='gallery-icon landscape'>\n\t\t\t\t<a href='https:\/\/blogs.crespel.me\/usa2012\/wp-content\/uploads\/sites\/8\/2012\/09\/IMG_4007.jpg'><img loading=\"lazy\" decoding=\"async\" width=\"150\" height=\"150\" src=\"https:\/\/blogs.crespel.me\/usa2012\/wp-content\/uploads\/sites\/8\/2012\/09\/IMG_4007-150x150.jpg\" class=\"attachment-thumbnail size-thumbnail\" alt=\"\" \/><\/a>\n\t\t\t<\/dt><\/dl><br style=\"clear: both\" \/><dl class='gallery-item'>\n\t\t\t<dt class='gallery-icon landscape'>\n\t\t\t\t<a href='https:\/\/blogs.crespel.me\/usa2012\/wp-content\/uploads\/sites\/8\/2012\/09\/IMG_1191.jpg'><img loading=\"lazy\" decoding=\"async\" width=\"150\" height=\"150\" src=\"https:\/\/blogs.crespel.me\/usa2012\/wp-content\/uploads\/sites\/8\/2012\/09\/IMG_1191-150x150.jpg\" class=\"attachment-thumbnail size-thumbnail\" alt=\"\" \/><\/a>\n\t\t\t<\/dt><\/dl><dl class='gallery-item'>\n\t\t\t<dt class='gallery-icon landscape'>\n\t\t\t\t<a href='https:\/\/blogs.crespel.me\/usa2012\/wp-content\/uploads\/sites\/8\/2012\/09\/IMG_1129.jpg'><img loading=\"lazy\" decoding=\"async\" width=\"150\" height=\"150\" src=\"https:\/\/blogs.crespel.me\/usa2012\/wp-content\/uploads\/sites\/8\/2012\/09\/IMG_1129-150x150.jpg\" class=\"attachment-thumbnail size-thumbnail\" alt=\"\" \/><\/a>\n\t\t\t<\/dt><\/dl><dl class='gallery-item'>\n\t\t\t<dt class='gallery-icon landscape'>\n\t\t\t\t<a href='https:\/\/blogs.crespel.me\/usa2012\/wp-content\/uploads\/sites\/8\/2012\/09\/IMG_1128.jpg'><img loading=\"lazy\" decoding=\"async\" width=\"150\" height=\"150\" src=\"https:\/\/blogs.crespel.me\/usa2012\/wp-content\/uploads\/sites\/8\/2012\/09\/IMG_1128-150x150.jpg\" class=\"attachment-thumbnail size-thumbnail\" alt=\"\" \/><\/a>\n\t\t\t<\/dt><\/dl><br style=\"clear: both\" \/>\n\t\t<\/div>\n\n<p>&nbsp;<\/p>\n","protected":false},"excerpt":{"rendered":"<p>Description Situ\u00e9 au 1815 8th street, dans le virage \u00e0 gauche en entrant dans Cody depuis l&rsquo;Ouest. R\u00e9sa par mail, voir leur site internet, mais paiement sur place En Cash (il y a un ATM \u00e0 l&rsquo;accueil !). Accueil cordial. Prix 88,60$ pour 2 nuits, un RV25 et 3 personnes. Full Hookups. Ao\u00fbt 2012: note [&hellip;]<\/p>\n","protected":false},"author":2,"featured_media":0,"parent":105,"menu_order":0,"comment_status":"open","ping_status":"open","template":"","meta":{"footnotes":""},"class_list":["post-923","page","type-page","status-publish","hentry"],"_links":{"self":[{"href":"https:\/\/blogs.crespel.me\/usa2012\/wp-json\/wp\/v2\/pages\/923","targetHints":{"allow":["GET"]}}],"collection":[{"href":"https:\/\/blogs.crespel.me\/usa2012\/wp-json\/wp\/v2\/pages"}],"about":[{"href":"https:\/\/blogs.crespel.me\/usa2012\/wp-json\/wp\/v2\/types\/page"}],"author":[{"embeddable":true,"href":"https:\/\/blogs.crespel.me\/usa2012\/wp-json\/wp\/v2\/users\/2"}],"replies":[{"embeddable":true,"href":"https:\/\/blogs.crespel.me\/usa2012\/wp-json\/wp\/v2\/comments?post=923"}],"version-history":[{"count":10,"href":"https:\/\/blogs.crespel.me\/usa2012\/wp-json\/wp\/v2\/pages\/923\/revisions"}],"predecessor-version":[{"id":1335,"href":"https:\/\/blogs.crespel.me\/usa2012\/wp-json\/wp\/v2\/pages\/923\/revisions\/1335"}],"up":[{"embeddable":true,"href":"https:\/\/blogs.crespel.me\/usa2012\/wp-json\/wp\/v2\/pages\/105"}],"wp:attachment":[{"href":"https:\/\/blogs.crespel.me\/usa2012\/wp-json\/wp\/v2\/media?parent=923"}],"curies":[{"name":"wp","href":"https:\/\/api.w.org\/{rel}","templated":true}]}}