{"id":908,"date":"2012-09-13T11:28:08","date_gmt":"2012-09-13T09:28:08","guid":{"rendered":"http:\/\/blogs.crespel.me\/usa2012\/?page_id=908"},"modified":"2016-02-29T14:41:00","modified_gmt":"2016-02-29T13:41:00","slug":"rocky-mountain-campground-a-gardiner","status":"publish","type":"page","link":"https:\/\/blogs.crespel.me\/usa2012\/annexes\/campgrounds\/rocky-mountain-campground-a-gardiner\/","title":{"rendered":"Rocky Mountain campground \u00e0 Gardiner"},"content":{"rendered":"<h3>Description<\/h3>\n<ul>\n<li>Situ\u00e9 au 14 Jardine Rd, \u00e0 l&rsquo;entr\u00e9e de Gardiner \u00e0 droite apr\u00e8s \u00eatre pass\u00e9 la Roosevelt Arch (en pierres) puis le pont.<\/li>\n<li>R\u00e9sa par mail, <a href=\"http:\/\/www.rockymountaincampground.com\/\">voir leur site internet<\/a>.<\/li>\n<li>Accueil cordial.<\/li>\n<li>Prix 59$ pour un RV25 et 3 personnes.<\/li>\n<li>Full Hookups.<\/li>\n<li><strong>Ao\u00fbt 2012: note 7\/10<\/strong>. Emplacement 53 peu ombrag\u00e9.<\/li>\n<li>Le campground domine la ville avec une belle vue en soir\u00e9e.<\/li>\n<li>Commodit\u00e9s \u00e0 l&rsquo;entr\u00e9e. Comporte des \u00ab\u00a0Cabin\u00a0\u00bb \u00e0 louer.<\/li>\n<\/ul>\n<h3>Insolite<\/h3>\n<ul>\n<li>Voisinage d&rsquo;am\u00e9ricains expansifs dont Monsieur, perch\u00e9 avec un balai sur le toit de son \u00e9norme camping-car (un bus) qui crie apr\u00e8s Mme pour venir parler avec \u00ab\u00a0des gens de Paris\u00a0\u00bb (elle y est all\u00e9e une fois&#8230;).<\/li>\n<li>En me promenant dans le camp, je remarque un gros camion avec remorque ? en fait le propri\u00e9taire est en train de bricoler ses 2 dragsters dont une Pontiac Grand Am et un \u00ab\u00a0vrai\u00a0\u00bb dragster avec des pneus de 50cm de large ! il vient de Phoenix\/Az et repart je ne sais o\u00f9.<\/li>\n<\/ul>\n<h3>Les environs<\/h3>\n<ul>\n<li>Gardiner (c&rsquo;est au Montana) est \u00e0 1603 m\u00e8tres d&rsquo;altitude. Population 851 personnes en 2000. Cr\u00e9\u00e9e en 1880 c&rsquo;est la porte Nord d&rsquo;entr\u00e9e au Yellowstone.<\/li>\n<li>C&rsquo;est une petite ville Far West qui semble assez authentique.<\/li>\n<li>Nombreux commerces et h\u00f4tels le long de la 89 traversant la ville et sur Main street.<\/li>\n<li>Supermarch\u00e9 au Nord Entrance Food Farm (dont fruits et l\u00e9gumes).<\/li>\n<\/ul>\n<h3>Photos<\/h3>\n\n\t\t<style type=\"text\/css\">\n\t\t\t#gallery-1 {\n\t\t\t\tmargin: auto;\n\t\t\t}\n\t\t\t#gallery-1 .gallery-item {\n\t\t\t\tfloat: left;\n\t\t\t\tmargin-top: 10px;\n\t\t\t\ttext-align: center;\n\t\t\t\twidth: 33%;\n\t\t\t}\n\t\t\t#gallery-1 img {\n\t\t\t\tborder: 2px solid #cfcfcf;\n\t\t\t}\n\t\t\t#gallery-1 .gallery-caption {\n\t\t\t\tmargin-left: 0;\n\t\t\t}\n\t\t\t\/* see gallery_shortcode() in wp-includes\/media.php *\/\n\t\t<\/style>\n\t\t<div id='gallery-1' class='gallery galleryid-908 gallery-columns-3 gallery-size-thumbnail'><dl class='gallery-item'>\n\t\t\t<dt class='gallery-icon landscape'>\n\t\t\t\t<a href='https:\/\/blogs.crespel.me\/usa2012\/wp-content\/uploads\/sites\/8\/2012\/09\/PICT7442.jpg'><img loading=\"lazy\" decoding=\"async\" width=\"150\" height=\"150\" src=\"https:\/\/blogs.crespel.me\/usa2012\/wp-content\/uploads\/sites\/8\/2012\/09\/PICT7442-150x150.jpg\" class=\"attachment-thumbnail size-thumbnail\" alt=\"\" \/><\/a>\n\t\t\t<\/dt><\/dl><dl class='gallery-item'>\n\t\t\t<dt class='gallery-icon landscape'>\n\t\t\t\t<a href='https:\/\/blogs.crespel.me\/usa2012\/wp-content\/uploads\/sites\/8\/2012\/09\/IMG_0949.jpg'><img loading=\"lazy\" decoding=\"async\" width=\"150\" height=\"150\" src=\"https:\/\/blogs.crespel.me\/usa2012\/wp-content\/uploads\/sites\/8\/2012\/09\/IMG_0949-150x150.jpg\" class=\"attachment-thumbnail size-thumbnail\" alt=\"\" \/><\/a>\n\t\t\t<\/dt><\/dl><dl class='gallery-item'>\n\t\t\t<dt class='gallery-icon landscape'>\n\t\t\t\t<a href='https:\/\/blogs.crespel.me\/usa2012\/wp-content\/uploads\/sites\/8\/2012\/09\/IMG_0948.jpg'><img loading=\"lazy\" decoding=\"async\" width=\"150\" height=\"150\" src=\"https:\/\/blogs.crespel.me\/usa2012\/wp-content\/uploads\/sites\/8\/2012\/09\/IMG_0948-150x150.jpg\" class=\"attachment-thumbnail size-thumbnail\" alt=\"\" \/><\/a>\n\t\t\t<\/dt><\/dl><br style=\"clear: both\" \/>\n\t\t<\/div>\n\n<p>&nbsp;<\/p>\n","protected":false},"excerpt":{"rendered":"<p>Description Situ\u00e9 au 14 Jardine Rd, \u00e0 l&rsquo;entr\u00e9e de Gardiner \u00e0 droite apr\u00e8s \u00eatre pass\u00e9 la Roosevelt Arch (en pierres) puis le pont. R\u00e9sa par mail, voir leur site internet. Accueil cordial. Prix 59$ pour un RV25 et 3 personnes. Full Hookups. Ao\u00fbt 2012: note 7\/10. Emplacement 53 peu ombrag\u00e9. Le campground domine la ville [&hellip;]<\/p>\n","protected":false},"author":2,"featured_media":0,"parent":105,"menu_order":0,"comment_status":"open","ping_status":"open","template":"","meta":{"footnotes":""},"class_list":["post-908","page","type-page","status-publish","hentry"],"_links":{"self":[{"href":"https:\/\/blogs.crespel.me\/usa2012\/wp-json\/wp\/v2\/pages\/908","targetHints":{"allow":["GET"]}}],"collection":[{"href":"https:\/\/blogs.crespel.me\/usa2012\/wp-json\/wp\/v2\/pages"}],"about":[{"href":"https:\/\/blogs.crespel.me\/usa2012\/wp-json\/wp\/v2\/types\/page"}],"author":[{"embeddable":true,"href":"https:\/\/blogs.crespel.me\/usa2012\/wp-json\/wp\/v2\/users\/2"}],"replies":[{"embeddable":true,"href":"https:\/\/blogs.crespel.me\/usa2012\/wp-json\/wp\/v2\/comments?post=908"}],"version-history":[{"count":10,"href":"https:\/\/blogs.crespel.me\/usa2012\/wp-json\/wp\/v2\/pages\/908\/revisions"}],"predecessor-version":[{"id":1337,"href":"https:\/\/blogs.crespel.me\/usa2012\/wp-json\/wp\/v2\/pages\/908\/revisions\/1337"}],"up":[{"embeddable":true,"href":"https:\/\/blogs.crespel.me\/usa2012\/wp-json\/wp\/v2\/pages\/105"}],"wp:attachment":[{"href":"https:\/\/blogs.crespel.me\/usa2012\/wp-json\/wp\/v2\/media?parent=908"}],"curies":[{"name":"wp","href":"https:\/\/api.w.org\/{rel}","templated":true}]}}