{"id":900,"date":"2012-09-13T11:08:56","date_gmt":"2012-09-13T09:08:56","guid":{"rendered":"http:\/\/blogs.crespel.me\/usa2012\/?page_id=900"},"modified":"2013-06-09T11:36:29","modified_gmt":"2013-06-09T09:36:29","slug":"canyon-campground-a-yellowstone","status":"publish","type":"page","link":"https:\/\/blogs.crespel.me\/usa2012\/annexes\/campgrounds\/canyon-campground-a-yellowstone\/","title":{"rendered":"Canyon campground \u00e0 Yellowstone"},"content":{"rendered":"<h3>Description<\/h3>\n<ul>\n<li>Situ\u00e9 juste \u00e0 gauche en entrant dans le complexe de Canyon Village.<\/li>\n<li>R\u00e9servable en ligne sur <a href=\"http:\/\/www.yellowstonenationalparklodges.com\/canyon-campground-252.html\">Xanterra<\/a> (plus de 13 mois \u00e0 l&rsquo;avance).<\/li>\n<li>Accueil cordial.<\/li>\n<li>Prix 25$ pour un RV25 et 3 personnes.<\/li>\n<li>Pas de branchements.<\/li>\n<li><strong>Ao\u00fbt 2012: note 8\/10<\/strong>. Emplacement loop F, place 113 vers le milieu.<\/li>\n<li>Dans la pin\u00e8de, toilettes \u00e0 proximit\u00e9.<\/li>\n<\/ul>\n<h3>Insolite<\/h3>\n<ul>\n<li>Depuis Gardiner et Tower Roosevelt nous sommes arriv\u00e9s au campground vers 12h30 pour pouvoir y manger tranquillement avant d&rsquo;attaquer les visites du Canyon.<\/li>\n<\/ul>\n<h3>Les environs<\/h3>\n<ul>\n<li>Le Visitor Center (belle exposition au premier \u00e9tage) et le General Store sont situ\u00e9s juste de l&rsquo;autre c\u00f4t\u00e9 du carrefour d&rsquo;entr\u00e9e.<\/li>\n<\/ul>\n<h3>Photos<\/h3>\n\n\t\t<style type=\"text\/css\">\n\t\t\t#gallery-1 {\n\t\t\t\tmargin: auto;\n\t\t\t}\n\t\t\t#gallery-1 .gallery-item {\n\t\t\t\tfloat: left;\n\t\t\t\tmargin-top: 10px;\n\t\t\t\ttext-align: center;\n\t\t\t\twidth: 33%;\n\t\t\t}\n\t\t\t#gallery-1 img {\n\t\t\t\tborder: 2px solid #cfcfcf;\n\t\t\t}\n\t\t\t#gallery-1 .gallery-caption {\n\t\t\t\tmargin-left: 0;\n\t\t\t}\n\t\t\t\/* see gallery_shortcode() in wp-includes\/media.php *\/\n\t\t<\/style>\n\t\t<div id='gallery-1' class='gallery galleryid-900 gallery-columns-3 gallery-size-thumbnail'><dl class='gallery-item'>\n\t\t\t<dt class='gallery-icon portrait'>\n\t\t\t\t<a href='https:\/\/blogs.crespel.me\/usa2012\/wp-content\/uploads\/sites\/8\/2012\/09\/IMG_1070.jpg'><img loading=\"lazy\" decoding=\"async\" width=\"150\" height=\"150\" src=\"https:\/\/blogs.crespel.me\/usa2012\/wp-content\/uploads\/sites\/8\/2012\/09\/IMG_1070-150x150.jpg\" class=\"attachment-thumbnail size-thumbnail\" alt=\"\" \/><\/a>\n\t\t\t<\/dt><\/dl><dl class='gallery-item'>\n\t\t\t<dt class='gallery-icon landscape'>\n\t\t\t\t<a href='https:\/\/blogs.crespel.me\/usa2012\/wp-content\/uploads\/sites\/8\/2012\/09\/IMG_1001.jpg'><img loading=\"lazy\" decoding=\"async\" width=\"150\" height=\"150\" src=\"https:\/\/blogs.crespel.me\/usa2012\/wp-content\/uploads\/sites\/8\/2012\/09\/IMG_1001-150x150.jpg\" class=\"attachment-thumbnail size-thumbnail\" alt=\"\" \/><\/a>\n\t\t\t<\/dt><\/dl><dl class='gallery-item'>\n\t\t\t<dt class='gallery-icon landscape'>\n\t\t\t\t<a href='https:\/\/blogs.crespel.me\/usa2012\/wp-content\/uploads\/sites\/8\/2012\/09\/IMG_1000.jpg'><img loading=\"lazy\" decoding=\"async\" width=\"150\" height=\"150\" src=\"https:\/\/blogs.crespel.me\/usa2012\/wp-content\/uploads\/sites\/8\/2012\/09\/IMG_1000-150x150.jpg\" class=\"attachment-thumbnail size-thumbnail\" alt=\"\" \/><\/a>\n\t\t\t<\/dt><\/dl><br style=\"clear: both\" \/>\n\t\t<\/div>\n\n","protected":false},"excerpt":{"rendered":"<p>Description Situ\u00e9 juste \u00e0 gauche en entrant dans le complexe de Canyon Village. R\u00e9servable en ligne sur Xanterra (plus de 13 mois \u00e0 l&rsquo;avance). Accueil cordial. Prix 25$ pour un RV25 et 3 personnes. Pas de branchements. Ao\u00fbt 2012: note 8\/10. Emplacement loop F, place 113 vers le milieu. Dans la pin\u00e8de, toilettes \u00e0 proximit\u00e9. [&hellip;]<\/p>\n","protected":false},"author":2,"featured_media":0,"parent":105,"menu_order":0,"comment_status":"open","ping_status":"open","template":"","meta":{"footnotes":""},"class_list":["post-900","page","type-page","status-publish","hentry"],"_links":{"self":[{"href":"https:\/\/blogs.crespel.me\/usa2012\/wp-json\/wp\/v2\/pages\/900","targetHints":{"allow":["GET"]}}],"collection":[{"href":"https:\/\/blogs.crespel.me\/usa2012\/wp-json\/wp\/v2\/pages"}],"about":[{"href":"https:\/\/blogs.crespel.me\/usa2012\/wp-json\/wp\/v2\/types\/page"}],"author":[{"embeddable":true,"href":"https:\/\/blogs.crespel.me\/usa2012\/wp-json\/wp\/v2\/users\/2"}],"replies":[{"embeddable":true,"href":"https:\/\/blogs.crespel.me\/usa2012\/wp-json\/wp\/v2\/comments?post=900"}],"version-history":[{"count":6,"href":"https:\/\/blogs.crespel.me\/usa2012\/wp-json\/wp\/v2\/pages\/900\/revisions"}],"predecessor-version":[{"id":1296,"href":"https:\/\/blogs.crespel.me\/usa2012\/wp-json\/wp\/v2\/pages\/900\/revisions\/1296"}],"up":[{"embeddable":true,"href":"https:\/\/blogs.crespel.me\/usa2012\/wp-json\/wp\/v2\/pages\/105"}],"wp:attachment":[{"href":"https:\/\/blogs.crespel.me\/usa2012\/wp-json\/wp\/v2\/media?parent=900"}],"curies":[{"name":"wp","href":"https:\/\/api.w.org\/{rel}","templated":true}]}}