{"id":898,"date":"2012-09-13T11:18:56","date_gmt":"2012-09-13T09:18:56","guid":{"rendered":"http:\/\/blogs.crespel.me\/usa2012\/?page_id=898"},"modified":"2013-06-09T11:46:01","modified_gmt":"2013-06-09T09:46:01","slug":"madison-campground-a-yellowstone","status":"publish","type":"page","link":"https:\/\/blogs.crespel.me\/usa2012\/annexes\/campgrounds\/madison-campground-a-yellowstone\/","title":{"rendered":"Madison campground \u00e0 Yellowstone"},"content":{"rendered":"<h3>Description<\/h3>\n<ul>\n<li>Situ\u00e9 \u00e0 16 miles apr\u00e8s Old Faithfull sur la 191 vers le Nord, juste \u00e0 gauche apr\u00e8s Madison Jct.<\/li>\n<li>R\u00e9servable en ligne sur <a href=\"http:\/\/www.yellowstonenationalparklodges.com\/madison-campground-254.html\">Xanterra <\/a>(plus de 13 mois \u00e0 l&rsquo;avance).<\/li>\n<li>Accueil cordial.<\/li>\n<li>Prix 25$ pour un RV25 et 3 personnes.<\/li>\n<li>Pas de branchements.<\/li>\n<li><strong>Ao\u00fbt 2012: note 8\/10.<\/strong> Emplacement loop D, place 131 vers le milieu.<\/li>\n<li>Dans la pin\u00e8de, toilettes \u00e0 proximit\u00e9.<\/li>\n<\/ul>\n<h3>Insolite<\/h3>\n<ul>\n<li>Vue sur les m\u00e9andres de la Madison River \u00e0 100 m\u00e8tres \u00e0 peine. Juste en bas \u00e0 gauche de la photo il y a une source chaude qui permet de se baigner dans la rivi\u00e8re.<\/li>\n<\/ul>\n<h3>Les environs<\/h3>\n<ul>\n<li>Rien&#8230;. \u00e0 part la rencontre fugitive avec les seuls voisins dans le camp (il est 16h45), des campeurs Fran\u00e7ais qui r\u00e2lent (bien s\u00fbr), car l&rsquo;on fait tourner le g\u00e9n\u00e9rateur (toutes nos batteries sont \u00e0 plat !)&#8230; ce qui est autoris\u00e9 \u00e0 cette heure l\u00e0. No comment !<\/li>\n<\/ul>\n<h3>Photos<\/h3>\n\n\t\t<style type=\"text\/css\">\n\t\t\t#gallery-1 {\n\t\t\t\tmargin: auto;\n\t\t\t}\n\t\t\t#gallery-1 .gallery-item {\n\t\t\t\tfloat: left;\n\t\t\t\tmargin-top: 10px;\n\t\t\t\ttext-align: center;\n\t\t\t\twidth: 33%;\n\t\t\t}\n\t\t\t#gallery-1 img {\n\t\t\t\tborder: 2px solid #cfcfcf;\n\t\t\t}\n\t\t\t#gallery-1 .gallery-caption {\n\t\t\t\tmargin-left: 0;\n\t\t\t}\n\t\t\t\/* see gallery_shortcode() in wp-includes\/media.php *\/\n\t\t<\/style>\n\t\t<div id='gallery-1' class='gallery galleryid-898 gallery-columns-3 gallery-size-thumbnail'><dl class='gallery-item'>\n\t\t\t<dt class='gallery-icon landscape'>\n\t\t\t\t<a href='https:\/\/blogs.crespel.me\/usa2012\/wp-content\/uploads\/sites\/8\/2012\/09\/IMG_0769.jpg'><img loading=\"lazy\" decoding=\"async\" width=\"150\" height=\"150\" src=\"https:\/\/blogs.crespel.me\/usa2012\/wp-content\/uploads\/sites\/8\/2012\/09\/IMG_0769-150x150.jpg\" class=\"attachment-thumbnail size-thumbnail\" alt=\"\" \/><\/a>\n\t\t\t<\/dt><\/dl><dl class='gallery-item'>\n\t\t\t<dt class='gallery-icon landscape'>\n\t\t\t\t<a href='https:\/\/blogs.crespel.me\/usa2012\/wp-content\/uploads\/sites\/8\/2012\/09\/IMG_0766.jpg'><img loading=\"lazy\" decoding=\"async\" width=\"150\" height=\"150\" src=\"https:\/\/blogs.crespel.me\/usa2012\/wp-content\/uploads\/sites\/8\/2012\/09\/IMG_0766-150x150.jpg\" class=\"attachment-thumbnail size-thumbnail\" alt=\"\" \/><\/a>\n\t\t\t<\/dt><\/dl><dl class='gallery-item'>\n\t\t\t<dt class='gallery-icon landscape'>\n\t\t\t\t<a href='https:\/\/blogs.crespel.me\/usa2012\/wp-content\/uploads\/sites\/8\/2012\/09\/IMG_0765.jpg'><img loading=\"lazy\" decoding=\"async\" width=\"150\" height=\"150\" src=\"https:\/\/blogs.crespel.me\/usa2012\/wp-content\/uploads\/sites\/8\/2012\/09\/IMG_0765-150x150.jpg\" class=\"attachment-thumbnail size-thumbnail\" alt=\"\" \/><\/a>\n\t\t\t<\/dt><\/dl><br style=\"clear: both\" \/>\n\t\t<\/div>\n\n","protected":false},"excerpt":{"rendered":"<p>Description Situ\u00e9 \u00e0 16 miles apr\u00e8s Old Faithfull sur la 191 vers le Nord, juste \u00e0 gauche apr\u00e8s Madison Jct. R\u00e9servable en ligne sur Xanterra (plus de 13 mois \u00e0 l&rsquo;avance). Accueil cordial. Prix 25$ pour un RV25 et 3 personnes. Pas de branchements. Ao\u00fbt 2012: note 8\/10. Emplacement loop D, place 131 vers le [&hellip;]<\/p>\n","protected":false},"author":2,"featured_media":0,"parent":105,"menu_order":0,"comment_status":"open","ping_status":"open","template":"","meta":{"footnotes":""},"class_list":["post-898","page","type-page","status-publish","hentry"],"_links":{"self":[{"href":"https:\/\/blogs.crespel.me\/usa2012\/wp-json\/wp\/v2\/pages\/898","targetHints":{"allow":["GET"]}}],"collection":[{"href":"https:\/\/blogs.crespel.me\/usa2012\/wp-json\/wp\/v2\/pages"}],"about":[{"href":"https:\/\/blogs.crespel.me\/usa2012\/wp-json\/wp\/v2\/types\/page"}],"author":[{"embeddable":true,"href":"https:\/\/blogs.crespel.me\/usa2012\/wp-json\/wp\/v2\/users\/2"}],"replies":[{"embeddable":true,"href":"https:\/\/blogs.crespel.me\/usa2012\/wp-json\/wp\/v2\/comments?post=898"}],"version-history":[{"count":6,"href":"https:\/\/blogs.crespel.me\/usa2012\/wp-json\/wp\/v2\/pages\/898\/revisions"}],"predecessor-version":[{"id":1305,"href":"https:\/\/blogs.crespel.me\/usa2012\/wp-json\/wp\/v2\/pages\/898\/revisions\/1305"}],"up":[{"embeddable":true,"href":"https:\/\/blogs.crespel.me\/usa2012\/wp-json\/wp\/v2\/pages\/105"}],"wp:attachment":[{"href":"https:\/\/blogs.crespel.me\/usa2012\/wp-json\/wp\/v2\/media?parent=898"}],"curies":[{"name":"wp","href":"https:\/\/api.w.org\/{rel}","templated":true}]}}