{"id":896,"date":"2012-09-13T11:16:07","date_gmt":"2012-09-13T09:16:07","guid":{"rendered":"http:\/\/blogs.crespel.me\/usa2012\/?page_id=896"},"modified":"2013-06-09T11:43:44","modified_gmt":"2013-06-09T09:43:44","slug":"grant-village-campground-a-yellowstone","status":"publish","type":"page","link":"https:\/\/blogs.crespel.me\/usa2012\/annexes\/campgrounds\/grant-village-campground-a-yellowstone\/","title":{"rendered":"Grant village campground \u00e0 Yellowstone"},"content":{"rendered":"<h3>Description<\/h3>\n<ul>\n<li>Situ\u00e9 \u00e0 21 miles apr\u00e8s l&rsquo;entr\u00e9e Sud, \u00e0 gauche du complexe de Grant Village.<\/li>\n<li>R\u00e9servable en ligne sur <a href=\"http:\/\/www.yellowstonenationalparklodges.com\/grant-village-campground-253.html\">Xanterra <\/a>(plus de 13 mois \u00e0 l&rsquo;avance).<\/li>\n<li>Accueil cordial.<\/li>\n<li>Prix 25$ pour un RV25 et 3 personnes.<\/li>\n<li>Pas de branchements.<\/li>\n<li><strong>Ao\u00fbt 2012: note 8\/10<\/strong>. Emplacement loop I, place 284 tout au bout.<\/li>\n<li>Dans la pin\u00e8de, toilettes \u00e0 proximit\u00e9.<\/li>\n<\/ul>\n<h3>Insolite<\/h3>\n<ul>\n<li>Vue sur le lac \u00e0 50 m\u00e8tres. Nombreux \u00e9cureuils joueurs.<\/li>\n<\/ul>\n<h3>Les environs<\/h3>\n<ul>\n<li>Restaurant Lake House (belle vue) \u00e0 0,6 miles de l&rsquo;entr\u00e9e du campground, grand parking juste apr\u00e8s le Visitor Center (+ 200m de marche). Sans chichi, sympa, abordable.<\/li>\n<\/ul>\n<h3>Photos<\/h3>\n\n\t\t<style type=\"text\/css\">\n\t\t\t#gallery-1 {\n\t\t\t\tmargin: auto;\n\t\t\t}\n\t\t\t#gallery-1 .gallery-item {\n\t\t\t\tfloat: left;\n\t\t\t\tmargin-top: 10px;\n\t\t\t\ttext-align: center;\n\t\t\t\twidth: 33%;\n\t\t\t}\n\t\t\t#gallery-1 img {\n\t\t\t\tborder: 2px solid #cfcfcf;\n\t\t\t}\n\t\t\t#gallery-1 .gallery-caption {\n\t\t\t\tmargin-left: 0;\n\t\t\t}\n\t\t\t\/* see gallery_shortcode() in wp-includes\/media.php *\/\n\t\t<\/style>\n\t\t<div id='gallery-1' class='gallery galleryid-896 gallery-columns-3 gallery-size-thumbnail'><dl class='gallery-item'>\n\t\t\t<dt class='gallery-icon landscape'>\n\t\t\t\t<a href='https:\/\/blogs.crespel.me\/usa2012\/wp-content\/uploads\/sites\/8\/2012\/09\/IMG_0613.jpg'><img loading=\"lazy\" decoding=\"async\" width=\"150\" height=\"150\" src=\"https:\/\/blogs.crespel.me\/usa2012\/wp-content\/uploads\/sites\/8\/2012\/09\/IMG_0613-150x150.jpg\" class=\"attachment-thumbnail size-thumbnail\" alt=\"\" \/><\/a>\n\t\t\t<\/dt><\/dl><dl class='gallery-item'>\n\t\t\t<dt class='gallery-icon landscape'>\n\t\t\t\t<a href='https:\/\/blogs.crespel.me\/usa2012\/wp-content\/uploads\/sites\/8\/2012\/09\/IMG_0612.jpg'><img loading=\"lazy\" decoding=\"async\" width=\"150\" height=\"150\" src=\"https:\/\/blogs.crespel.me\/usa2012\/wp-content\/uploads\/sites\/8\/2012\/09\/IMG_0612-150x150.jpg\" class=\"attachment-thumbnail size-thumbnail\" alt=\"\" \/><\/a>\n\t\t\t<\/dt><\/dl><dl class='gallery-item'>\n\t\t\t<dt class='gallery-icon landscape'>\n\t\t\t\t<a href='https:\/\/blogs.crespel.me\/usa2012\/wp-content\/uploads\/sites\/8\/2012\/09\/IMG_0611.jpg'><img loading=\"lazy\" decoding=\"async\" width=\"150\" height=\"150\" src=\"https:\/\/blogs.crespel.me\/usa2012\/wp-content\/uploads\/sites\/8\/2012\/09\/IMG_0611-150x150.jpg\" class=\"attachment-thumbnail size-thumbnail\" alt=\"\" \/><\/a>\n\t\t\t<\/dt><\/dl><br style=\"clear: both\" \/>\n\t\t<\/div>\n\n","protected":false},"excerpt":{"rendered":"<p>Description Situ\u00e9 \u00e0 21 miles apr\u00e8s l&rsquo;entr\u00e9e Sud, \u00e0 gauche du complexe de Grant Village. R\u00e9servable en ligne sur Xanterra (plus de 13 mois \u00e0 l&rsquo;avance). Accueil cordial. Prix 25$ pour un RV25 et 3 personnes. Pas de branchements. Ao\u00fbt 2012: note 8\/10. Emplacement loop I, place 284 tout au bout. Dans la pin\u00e8de, toilettes [&hellip;]<\/p>\n","protected":false},"author":2,"featured_media":0,"parent":105,"menu_order":0,"comment_status":"open","ping_status":"open","template":"","meta":{"footnotes":""},"class_list":["post-896","page","type-page","status-publish","hentry"],"_links":{"self":[{"href":"https:\/\/blogs.crespel.me\/usa2012\/wp-json\/wp\/v2\/pages\/896","targetHints":{"allow":["GET"]}}],"collection":[{"href":"https:\/\/blogs.crespel.me\/usa2012\/wp-json\/wp\/v2\/pages"}],"about":[{"href":"https:\/\/blogs.crespel.me\/usa2012\/wp-json\/wp\/v2\/types\/page"}],"author":[{"embeddable":true,"href":"https:\/\/blogs.crespel.me\/usa2012\/wp-json\/wp\/v2\/users\/2"}],"replies":[{"embeddable":true,"href":"https:\/\/blogs.crespel.me\/usa2012\/wp-json\/wp\/v2\/comments?post=896"}],"version-history":[{"count":5,"href":"https:\/\/blogs.crespel.me\/usa2012\/wp-json\/wp\/v2\/pages\/896\/revisions"}],"predecessor-version":[{"id":1302,"href":"https:\/\/blogs.crespel.me\/usa2012\/wp-json\/wp\/v2\/pages\/896\/revisions\/1302"}],"up":[{"embeddable":true,"href":"https:\/\/blogs.crespel.me\/usa2012\/wp-json\/wp\/v2\/pages\/105"}],"wp:attachment":[{"href":"https:\/\/blogs.crespel.me\/usa2012\/wp-json\/wp\/v2\/media?parent=896"}],"curies":[{"name":"wp","href":"https:\/\/api.w.org\/{rel}","templated":true}]}}