{"id":886,"date":"2012-09-15T14:14:53","date_gmt":"2012-09-15T12:14:53","guid":{"rendered":"http:\/\/blogs.crespel.me\/usa2012\/?page_id=886"},"modified":"2013-06-09T11:49:39","modified_gmt":"2013-06-09T09:49:39","slug":"rv-park-koa-a-arco","status":"publish","type":"page","link":"https:\/\/blogs.crespel.me\/usa2012\/annexes\/campgrounds\/rv-park-koa-a-arco\/","title":{"rendered":"RV park KOA \u00e0 Arco"},"content":{"rendered":"<h3>Description<\/h3>\n<ul>\n<li>Situ\u00e9 \u00e0 Arco\/Idaho (19 miles au Nord\/Est de Crater of the Moon), sortie Est de la ville, route 26 puis \u00e0 0,4 mile vers le Sud.<\/li>\n<li>Adresse: 2424.N -3000.W, r\u00e9servable en ligne sur leur site ou par Tel au 00-1-800-562-3408.<\/li>\n<li>Accueil cordial.<\/li>\n<li>Prix 37,80$ pour un RV25 et 3 personnes.<\/li>\n<li>Full Hookups.<\/li>\n<li><strong>Ao\u00fbt 2012: note 7\/10<\/strong>. Emplacement C1 pr\u00e8s de l&rsquo;entr\u00e9e.<\/li>\n<li>Ombrag\u00e9, ambiance d\u00e9tendue, commodit\u00e9s.<\/li>\n<\/ul>\n<h3>Insolite<\/h3>\n<ul>\n<li>Sympathiques \u00ab\u00a0voisins\u00a0\u00bb Am\u00e9ricains avec 2 vieux chiens (dont 1 aveugle) chouchout\u00e9s, et doux !<\/li>\n<\/ul>\n<h3>Les environs<\/h3>\n<ul>\n<li>Arco est \u00e0 1623m d&rsquo;altitude. Population 995 personnes, 265 familles en 2010.<\/li>\n<li>Station essence, Motels.<\/li>\n<li>Restaurant Pickle&rsquo;s Place (non test\u00e9).<\/li>\n<li>Lost Rivers Medical Center.<\/li>\n<\/ul>\n<h3>Photos<\/h3>\n\n\t\t<style type=\"text\/css\">\n\t\t\t#gallery-1 {\n\t\t\t\tmargin: auto;\n\t\t\t}\n\t\t\t#gallery-1 .gallery-item {\n\t\t\t\tfloat: left;\n\t\t\t\tmargin-top: 10px;\n\t\t\t\ttext-align: center;\n\t\t\t\twidth: 50%;\n\t\t\t}\n\t\t\t#gallery-1 img {\n\t\t\t\tborder: 2px solid #cfcfcf;\n\t\t\t}\n\t\t\t#gallery-1 .gallery-caption {\n\t\t\t\tmargin-left: 0;\n\t\t\t}\n\t\t\t\/* see gallery_shortcode() in wp-includes\/media.php *\/\n\t\t<\/style>\n\t\t<div id='gallery-1' class='gallery galleryid-886 gallery-columns-2 gallery-size-thumbnail'><dl class='gallery-item'>\n\t\t\t<dt class='gallery-icon landscape'>\n\t\t\t\t<a href='https:\/\/blogs.crespel.me\/usa2012\/wp-content\/uploads\/sites\/8\/2012\/09\/IMG_0340.jpg'><img loading=\"lazy\" decoding=\"async\" width=\"150\" height=\"150\" src=\"https:\/\/blogs.crespel.me\/usa2012\/wp-content\/uploads\/sites\/8\/2012\/09\/IMG_0340-150x150.jpg\" class=\"attachment-thumbnail size-thumbnail\" alt=\"\" \/><\/a>\n\t\t\t<\/dt><\/dl><dl class='gallery-item'>\n\t\t\t<dt class='gallery-icon landscape'>\n\t\t\t\t<a href='https:\/\/blogs.crespel.me\/usa2012\/wp-content\/uploads\/sites\/8\/2012\/09\/IMG_0339.jpg'><img loading=\"lazy\" decoding=\"async\" width=\"150\" height=\"150\" src=\"https:\/\/blogs.crespel.me\/usa2012\/wp-content\/uploads\/sites\/8\/2012\/09\/IMG_0339-150x150.jpg\" class=\"attachment-thumbnail size-thumbnail\" alt=\"\" \/><\/a>\n\t\t\t<\/dt><\/dl><br style=\"clear: both\" \/>\n\t\t<\/div>\n\n<p>&nbsp;<\/p>\n","protected":false},"excerpt":{"rendered":"<p>Description Situ\u00e9 \u00e0 Arco\/Idaho (19 miles au Nord\/Est de Crater of the Moon), sortie Est de la ville, route 26 puis \u00e0 0,4 mile vers le Sud. Adresse: 2424.N -3000.W, r\u00e9servable en ligne sur leur site ou par Tel au 00-1-800-562-3408. Accueil cordial. Prix 37,80$ pour un RV25 et 3 personnes. Full Hookups. Ao\u00fbt 2012: [&hellip;]<\/p>\n","protected":false},"author":2,"featured_media":0,"parent":105,"menu_order":0,"comment_status":"open","ping_status":"open","template":"","meta":{"footnotes":""},"class_list":["post-886","page","type-page","status-publish","hentry"],"_links":{"self":[{"href":"https:\/\/blogs.crespel.me\/usa2012\/wp-json\/wp\/v2\/pages\/886","targetHints":{"allow":["GET"]}}],"collection":[{"href":"https:\/\/blogs.crespel.me\/usa2012\/wp-json\/wp\/v2\/pages"}],"about":[{"href":"https:\/\/blogs.crespel.me\/usa2012\/wp-json\/wp\/v2\/types\/page"}],"author":[{"embeddable":true,"href":"https:\/\/blogs.crespel.me\/usa2012\/wp-json\/wp\/v2\/users\/2"}],"replies":[{"embeddable":true,"href":"https:\/\/blogs.crespel.me\/usa2012\/wp-json\/wp\/v2\/comments?post=886"}],"version-history":[{"count":5,"href":"https:\/\/blogs.crespel.me\/usa2012\/wp-json\/wp\/v2\/pages\/886\/revisions"}],"predecessor-version":[{"id":1308,"href":"https:\/\/blogs.crespel.me\/usa2012\/wp-json\/wp\/v2\/pages\/886\/revisions\/1308"}],"up":[{"embeddable":true,"href":"https:\/\/blogs.crespel.me\/usa2012\/wp-json\/wp\/v2\/pages\/105"}],"wp:attachment":[{"href":"https:\/\/blogs.crespel.me\/usa2012\/wp-json\/wp\/v2\/media?parent=886"}],"curies":[{"name":"wp","href":"https:\/\/api.w.org\/{rel}","templated":true}]}}