{"id":884,"date":"2012-09-15T14:11:21","date_gmt":"2012-09-15T12:11:21","guid":{"rendered":"http:\/\/blogs.crespel.me\/usa2012\/?page_id=884"},"modified":"2013-06-09T11:45:08","modified_gmt":"2013-06-09T09:45:08","slug":"lottie-dell-campground-a-snowville","status":"publish","type":"page","link":"https:\/\/blogs.crespel.me\/usa2012\/annexes\/campgrounds\/lottie-dell-campground-a-snowville\/","title":{"rendered":"Lottie Dell campground \u00e0 Snowville"},"content":{"rendered":"<h3>Description<\/h3>\n<ul>\n<li>Situ\u00e9 pr\u00e8s de la I.84 entre Tremonton\/Utah et Twin Falls\/Idaho, sortie 7 puis \u00e0 0,9 mile vers l&rsquo;Ouest.<\/li>\n<li>Adresse: W Main street. R\u00e9sa par Tel au 00-1-435-872-8273.<\/li>\n<li>Accueil tr\u00e8s cordial du g\u00e9rant.<\/li>\n<li>Prix 30$ pour un RV25 et 3 personnes.<\/li>\n<li>Full Hookups.<\/li>\n<li><strong>Ao\u00fbt 2012: note 8\/10<\/strong>. Emplacement choisi pr\u00e8s de l&rsquo;entr\u00e9e.<\/li>\n<li>Peu ombrag\u00e9, campground tr\u00e8s sympa, ambiance d\u00e9tendue.<\/li>\n<li>Practice de golf gratuit avec club et balles en libre service.<\/li>\n<\/ul>\n<h3>Insolite<\/h3>\n<ul>\n<li>Me promenant dans le camp, je salue une campeuse Am\u00e9ricaine qui me r\u00e9pond \u00ab\u00a0Bonjour\u00a0\u00bb dans un Fran\u00e7ais approximatif&#8230; une longue conversation s&rsquo;en suit ! cette jeune femme du Montana est une chanteuse de Country qui me d\u00e9dicace son CD ! charmant moment. Merci Erin Espeland, et bonne route \u00e0 vous.<\/li>\n<\/ul>\n<h3>Les environs<\/h3>\n<ul>\n<li>Snowville est \u00e0 1387m d&rsquo;altitude. Population 167 personnes, 45 familles en 2010.<\/li>\n<li>Station essence Flying J juste apr\u00e8s la sortie 7.<\/li>\n<li>Bar restaurant Mollie&rsquo;s Caf\u00e9 au carrefour suivant, \u00e0 droite (non test\u00e9).<\/li>\n<li>Ranch House Diner, m\u00eame endroit, \u00e0 gauche (non test\u00e9).<\/li>\n<\/ul>\n<h3>Photos<\/h3>\n\n\t\t<style type=\"text\/css\">\n\t\t\t#gallery-1 {\n\t\t\t\tmargin: auto;\n\t\t\t}\n\t\t\t#gallery-1 .gallery-item {\n\t\t\t\tfloat: left;\n\t\t\t\tmargin-top: 10px;\n\t\t\t\ttext-align: center;\n\t\t\t\twidth: 33%;\n\t\t\t}\n\t\t\t#gallery-1 img {\n\t\t\t\tborder: 2px solid #cfcfcf;\n\t\t\t}\n\t\t\t#gallery-1 .gallery-caption {\n\t\t\t\tmargin-left: 0;\n\t\t\t}\n\t\t\t\/* see gallery_shortcode() in wp-includes\/media.php *\/\n\t\t<\/style>\n\t\t<div id='gallery-1' class='gallery galleryid-884 gallery-columns-3 gallery-size-thumbnail'><dl class='gallery-item'>\n\t\t\t<dt class='gallery-icon landscape'>\n\t\t\t\t<a href='https:\/\/blogs.crespel.me\/usa2012\/wp-content\/uploads\/sites\/8\/2012\/09\/IMG_0260.jpg'><img loading=\"lazy\" decoding=\"async\" width=\"150\" height=\"150\" src=\"https:\/\/blogs.crespel.me\/usa2012\/wp-content\/uploads\/sites\/8\/2012\/09\/IMG_0260-150x150.jpg\" class=\"attachment-thumbnail size-thumbnail\" alt=\"\" \/><\/a>\n\t\t\t<\/dt><\/dl><dl class='gallery-item'>\n\t\t\t<dt class='gallery-icon landscape'>\n\t\t\t\t<a href='https:\/\/blogs.crespel.me\/usa2012\/wp-content\/uploads\/sites\/8\/2012\/09\/IMG_0258.jpg'><img loading=\"lazy\" decoding=\"async\" width=\"150\" height=\"150\" src=\"https:\/\/blogs.crespel.me\/usa2012\/wp-content\/uploads\/sites\/8\/2012\/09\/IMG_0258-150x150.jpg\" class=\"attachment-thumbnail size-thumbnail\" alt=\"\" \/><\/a>\n\t\t\t<\/dt><\/dl><dl class='gallery-item'>\n\t\t\t<dt class='gallery-icon landscape'>\n\t\t\t\t<a href='https:\/\/blogs.crespel.me\/usa2012\/wp-content\/uploads\/sites\/8\/2012\/09\/IMG_0257.jpg'><img loading=\"lazy\" decoding=\"async\" width=\"150\" height=\"150\" src=\"https:\/\/blogs.crespel.me\/usa2012\/wp-content\/uploads\/sites\/8\/2012\/09\/IMG_0257-150x150.jpg\" class=\"attachment-thumbnail size-thumbnail\" alt=\"\" \/><\/a>\n\t\t\t<\/dt><\/dl><br style=\"clear: both\" \/>\n\t\t<\/div>\n\n<p>&nbsp;<\/p>\n","protected":false},"excerpt":{"rendered":"<p>Description Situ\u00e9 pr\u00e8s de la I.84 entre Tremonton\/Utah et Twin Falls\/Idaho, sortie 7 puis \u00e0 0,9 mile vers l&rsquo;Ouest. Adresse: W Main street. R\u00e9sa par Tel au 00-1-435-872-8273. Accueil tr\u00e8s cordial du g\u00e9rant. Prix 30$ pour un RV25 et 3 personnes. Full Hookups. Ao\u00fbt 2012: note 8\/10. Emplacement choisi pr\u00e8s de l&rsquo;entr\u00e9e. Peu ombrag\u00e9, campground [&hellip;]<\/p>\n","protected":false},"author":2,"featured_media":0,"parent":105,"menu_order":0,"comment_status":"open","ping_status":"open","template":"","meta":{"footnotes":""},"class_list":["post-884","page","type-page","status-publish","hentry"],"_links":{"self":[{"href":"https:\/\/blogs.crespel.me\/usa2012\/wp-json\/wp\/v2\/pages\/884","targetHints":{"allow":["GET"]}}],"collection":[{"href":"https:\/\/blogs.crespel.me\/usa2012\/wp-json\/wp\/v2\/pages"}],"about":[{"href":"https:\/\/blogs.crespel.me\/usa2012\/wp-json\/wp\/v2\/types\/page"}],"author":[{"embeddable":true,"href":"https:\/\/blogs.crespel.me\/usa2012\/wp-json\/wp\/v2\/users\/2"}],"replies":[{"embeddable":true,"href":"https:\/\/blogs.crespel.me\/usa2012\/wp-json\/wp\/v2\/comments?post=884"}],"version-history":[{"count":6,"href":"https:\/\/blogs.crespel.me\/usa2012\/wp-json\/wp\/v2\/pages\/884\/revisions"}],"predecessor-version":[{"id":1304,"href":"https:\/\/blogs.crespel.me\/usa2012\/wp-json\/wp\/v2\/pages\/884\/revisions\/1304"}],"up":[{"embeddable":true,"href":"https:\/\/blogs.crespel.me\/usa2012\/wp-json\/wp\/v2\/pages\/105"}],"wp:attachment":[{"href":"https:\/\/blogs.crespel.me\/usa2012\/wp-json\/wp\/v2\/media?parent=884"}],"curies":[{"name":"wp","href":"https:\/\/api.w.org\/{rel}","templated":true}]}}