{"id":694,"date":"2012-09-09T18:42:40","date_gmt":"2012-09-09T16:42:40","guid":{"rendered":"http:\/\/blogs.crespel.me\/usa2012\/?page_id=694"},"modified":"2012-09-26T18:46:54","modified_gmt":"2012-09-26T16:46:54","slug":"endroits-insolites","status":"publish","type":"page","link":"https:\/\/blogs.crespel.me\/usa2012\/annexes\/endroits-insolites\/","title":{"rendered":"Endroits insolites"},"content":{"rendered":"<p>Au cours de notre p\u00e9riple, nous avons d\u00e9couvert 3 endroits du Wyoming profond, insolites, et assortis de belles rencontres. Nous souhaitons les mettre \u00e0 l&rsquo;honneur.<\/p>\n<h3>Jour 13 le vendredi 24 ao\u00fbt :<\/h3>\n<p>Le<strong><a href=\"http:\/\/www.legendsofamerica.com\/wy-sheridaninn.html\"> Sheridan Inn<\/a>\u00a0<\/strong>est un h\u00f4tel construit en 1893 \u00e0 Sh\u00e9ridan, o\u00f9 la c\u00e9l\u00e9brit\u00e9 locale (et mondiale) Buffalo Bill avait situ\u00e9 son pied-\u00e0-terre. Cet \u00e9tablissement \u00e9tait \u00e0 l\u2019\u00e9poque un point de passage quasi-oblig\u00e9 pour les voyageurs du train s\u2019arr\u00eatant juste en face, et leur offrait un confort in\u00e9gal\u00e9 dans ces contr\u00e9es : l\u2019\u00e9lectricit\u00e9, le chauffage et l\u2019eau courante. De nos jours, les chambres sont en cours de r\u00e9novation mais le bar (d\u2019origine) est toujours en activit\u00e9 ainsi que le restaurant. Nous avons \u00e9t\u00e9 chaleureusement accueillis \u00ab\u00a0au pied lev\u00e9\u00a0\u00bb dans l\u2019\u00e9tablissement par Karen, b\u00e9n\u00e9vole de l\u2019association charg\u00e9e de la r\u00e9habilitation de ce monument historique, qui nous a offert une visite priv\u00e9e de 40mn particuli\u00e8rement int\u00e9ressante, avec force anecdotes sur le lieu. Karen a accept\u00e9 de figurer sur la photo du bureau de r\u00e9ception. Nous la remercions pour ce moment unique et spontan\u00e9.<\/p>\n<p style=\"text-align: center\"><a href=\"http:\/\/blogs.crespel.me\/usa2012\/files\/2012\/09\/IMG_1366.jpg\"><img loading=\"lazy\" decoding=\"async\" class=\"alignnone size-thumbnail wp-image-738\" src=\"http:\/\/blogs.crespel.me\/usa2012\/files\/2012\/09\/IMG_1366-150x150.jpg\" alt=\"\" width=\"150\" height=\"150\" \/><\/a> <a href=\"http:\/\/blogs.crespel.me\/usa2012\/files\/2012\/09\/IMG_1369.jpg\"><img loading=\"lazy\" decoding=\"async\" class=\"alignnone size-thumbnail wp-image-739\" src=\"http:\/\/blogs.crespel.me\/usa2012\/files\/2012\/09\/IMG_1369-150x150.jpg\" alt=\"\" width=\"150\" height=\"150\" \/><\/a> <a href=\"http:\/\/blogs.crespel.me\/usa2012\/files\/2012\/09\/IMG_1370.jpg\"><img loading=\"lazy\" decoding=\"async\" class=\"alignnone size-thumbnail wp-image-740\" src=\"http:\/\/blogs.crespel.me\/usa2012\/files\/2012\/09\/IMG_1370-150x150.jpg\" alt=\"\" width=\"150\" height=\"150\" \/><\/a><br \/>\n<a href=\"http:\/\/blogs.crespel.me\/usa2012\/files\/2012\/09\/IMG_1372.jpg\"><img loading=\"lazy\" decoding=\"async\" class=\"alignnone size-thumbnail wp-image-741\" src=\"http:\/\/blogs.crespel.me\/usa2012\/files\/2012\/09\/IMG_1372-150x150.jpg\" alt=\"\" width=\"150\" height=\"150\" \/><\/a> <a href=\"http:\/\/blogs.crespel.me\/usa2012\/files\/2012\/09\/IMG_1373.jpg\"><img loading=\"lazy\" decoding=\"async\" class=\"alignnone size-thumbnail wp-image-742\" src=\"http:\/\/blogs.crespel.me\/usa2012\/files\/2012\/09\/IMG_1373-150x150.jpg\" alt=\"\" width=\"150\" height=\"150\" \/><\/a> <a href=\"http:\/\/blogs.crespel.me\/usa2012\/files\/2012\/09\/IMG_1374.jpg\"><img loading=\"lazy\" decoding=\"async\" class=\"alignnone size-thumbnail wp-image-743\" src=\"http:\/\/blogs.crespel.me\/usa2012\/files\/2012\/09\/IMG_1374-150x150.jpg\" alt=\"\" width=\"150\" height=\"150\" \/><\/a><\/p>\n<h3>Jour 14 le samedi 25 ao\u00fbt :<\/h3>\n<p>Le <a href=\"http:\/\/www.wyomingtourism.org\/overview\/Wind-River-Heritage-Center\/4694\"><strong>Wind River Heritage Center<\/strong><\/a> est un b\u00e2timent banal situ\u00e9 \u00e0 la sortie de Riverton. La majeure partie de l&rsquo;exposition est consacr\u00e9e aux troph\u00e9es de chasse de Jake Korell, un trappeur maintenant \u00e2g\u00e9 de 98 ans. On y retrouve toute la faune r\u00e9gionale, du chipmunk, castor et blaireau au bison, puma et divers cervid\u00e9s. Nous avons, l\u00e0 aussi, \u00e9t\u00e9 accueillis par une charmante descendante des Native Americans, d\u00e9sireuse de partager ses souvenirs d&rsquo;enfance &#8211; en particulier de sa grand-m\u00e8re Shoshone (son grand-p\u00e8re \u00e9tant d&rsquo;origine Irlandaise) &#8211; avec nous. Les touristes \u00e9trangers et particuli\u00e8rement Europ\u00e9ens ne sont pas l\u00e9gion par ici ! nous la remercions pour ce moment rare.<\/p>\n<p>Sur ses conseils, nous nous sommes ensuite rendus \u00e0 la <strong>mission St. Stephens<\/strong> \u00e0 2-3 miles de distance. L&rsquo;\u00e9glise, dont les peintures ext\u00e9rieures et int\u00e9rieures ont \u00e9t\u00e9 enti\u00e8rement r\u00e9nov\u00e9es par les Shoshone et Arapaho de la Saint Stephens Indian Mission Foundation, pr\u00e9sente la particularit\u00e9 d&rsquo;entrem\u00ealer la symbolique catholique et la culture indienne dans des repr\u00e9sentations parfois insolites (en particulier la Croix au centre d&rsquo;un tipi stylis\u00e9, ou le Chemin de Croix o\u00f9 J\u00e9sus figure sous les traits d&rsquo;un Native American &#8211; ce qui surprend l&rsquo;Europ\u00e9en moyen !) .<\/p>\n<p style=\"text-align: center\"><a href=\"http:\/\/blogs.crespel.me\/usa2012\/files\/2012\/09\/IMG_1419.jpg\"><img loading=\"lazy\" decoding=\"async\" class=\"alignnone size-thumbnail wp-image-744\" src=\"http:\/\/blogs.crespel.me\/usa2012\/files\/2012\/09\/IMG_1419-150x150.jpg\" alt=\"\" width=\"150\" height=\"150\" \/><\/a> <a href=\"http:\/\/blogs.crespel.me\/usa2012\/files\/2012\/09\/IMG_1421.jpg\"><img loading=\"lazy\" decoding=\"async\" class=\"alignnone size-thumbnail wp-image-745\" src=\"http:\/\/blogs.crespel.me\/usa2012\/files\/2012\/09\/IMG_1421-150x150.jpg\" alt=\"\" width=\"150\" height=\"150\" \/><\/a> <a href=\"http:\/\/blogs.crespel.me\/usa2012\/files\/2012\/09\/IMG_1423.jpg\"><img loading=\"lazy\" decoding=\"async\" class=\"alignnone size-thumbnail wp-image-746\" src=\"http:\/\/blogs.crespel.me\/usa2012\/files\/2012\/09\/IMG_1423-150x150.jpg\" alt=\"\" width=\"150\" height=\"150\" \/><\/a><\/p>\n<h3>Jour 15 le dimanche 26 ao\u00fbt :<\/h3>\n<p>Ce dimanche matin, nous partons visiter un endroit peu fr\u00e9quent\u00e9 par les touristes \u00e9trangers, perdu au milieu de nulle part : <a href=\"http:\/\/www.wyomingtalesandtrails.com\/photos9.html\"><strong>South Pass City<\/strong><\/a>. Sur la route 28, et \u00e0 31 miles au Sud de Lander, prendre \u00e0 gauche le chemin en mont\u00e9e sur 2 miles. Cette bourgade de chercheurs d&rsquo;or \u00e9tablie dans les ann\u00e9es 1860 a connu \u00e0 plusieurs reprises des p\u00e9riodes d&rsquo;intense activit\u00e9 autour de la mine de Carissa puis des p\u00e9riodes d&rsquo;abandon ; finalement d\u00e9sert\u00e9e en 1949, elle obtient son statut de ville historique en 1970. C&rsquo;est maintenant un superbe ensemble d&rsquo;une trentaine de b\u00e2timents restaur\u00e9s et meubl\u00e9s comme \u00e0 l&rsquo;\u00e9poque des pionniers. Outre les \u00ab\u00a0classiques\u00a0\u00bb &#8211; maisons, saloons, \u00e9cole, prison, general store, forge &#8211; que l&rsquo;on retrouve souvent dans ce genre de ville du far-west, on peut trouver ici un h\u00f4tel-restaurant dont les chambres \u00e0 l&rsquo;\u00e9tage se visitent \u00e9galement.<\/p>\n<p>L&rsquo;une des maisons a \u00e9t\u00e9 convertie en une sorte de mus\u00e9e o\u00f9 des documentaires retracent l&rsquo;historique de <strong>South Pass City<\/strong> et d\u00e9taillent les diff\u00e9rents proc\u00e9d\u00e9s d&rsquo;extraction utilis\u00e9s au fil des avanc\u00e9es technologiques. On peut d&rsquo;ailleurs observer deux machines servant \u00e0 s\u00e9parer l&rsquo;or du minerai, ainsi que l&rsquo;entr\u00e9e d&rsquo;une mine d\u00e9saffect\u00e9e, sur une colline surplombant le village. En d\u00e9pit des apparences, quelques sympathiques irr\u00e9ductibles (3 en hiver, 12 en \u00e9t\u00e9) peuplent toujours la partie \u00ab\u00a0moderne\u00a0\u00bb de South Pass City pour accueillir les visiteurs et tenir une petite boutique. Nous avons consacr\u00e9 plus de 2h00 \u00e0 d\u00e9ambuler, visiter, discuter.<\/p>\n<p style=\"text-align: center\"><a href=\"http:\/\/blogs.crespel.me\/usa2012\/files\/2012\/09\/IMG_1494.jpg\"><img loading=\"lazy\" decoding=\"async\" class=\"alignnone size-thumbnail wp-image-749\" src=\"http:\/\/blogs.crespel.me\/usa2012\/files\/2012\/09\/IMG_1494-150x150.jpg\" alt=\"\" width=\"150\" height=\"150\" \/><\/a><a href=\"http:\/\/blogs.crespel.me\/usa2012\/files\/2012\/09\/IMG_1472.jpg\">\u00a0<img loading=\"lazy\" decoding=\"async\" class=\"alignnone size-thumbnail wp-image-747\" src=\"http:\/\/blogs.crespel.me\/usa2012\/files\/2012\/09\/IMG_1472-150x150.jpg\" alt=\"\" width=\"150\" height=\"150\" \/><\/a> <a href=\"http:\/\/blogs.crespel.me\/usa2012\/files\/2012\/09\/IMG_4023.jpg\"><img loading=\"lazy\" decoding=\"async\" class=\"alignnone size-thumbnail wp-image-750\" src=\"http:\/\/blogs.crespel.me\/usa2012\/files\/2012\/09\/IMG_4023-150x150.jpg\" alt=\"\" width=\"150\" height=\"150\" \/><\/a><br \/>\n<a href=\"http:\/\/blogs.crespel.me\/usa2012\/files\/2012\/09\/IMG_4025.jpg\"><img loading=\"lazy\" decoding=\"async\" class=\"alignnone size-thumbnail wp-image-751\" src=\"http:\/\/blogs.crespel.me\/usa2012\/files\/2012\/09\/IMG_4025-150x150.jpg\" alt=\"\" width=\"150\" height=\"150\" \/><\/a> <a href=\"http:\/\/blogs.crespel.me\/usa2012\/files\/2012\/09\/IMG_4053.jpg\"><img loading=\"lazy\" decoding=\"async\" class=\"alignnone size-thumbnail wp-image-752\" src=\"http:\/\/blogs.crespel.me\/usa2012\/files\/2012\/09\/IMG_4053-150x150.jpg\" alt=\"\" width=\"150\" height=\"150\" \/><\/a> <a href=\"http:\/\/blogs.crespel.me\/usa2012\/files\/2012\/09\/IMG_1486.jpg\"><img loading=\"lazy\" decoding=\"async\" class=\"alignnone size-thumbnail wp-image-748\" src=\"http:\/\/blogs.crespel.me\/usa2012\/files\/2012\/09\/IMG_1486-150x150.jpg\" alt=\"\" width=\"150\" height=\"150\" \/><\/a><\/p>\n","protected":false},"excerpt":{"rendered":"<p>Au cours de notre p\u00e9riple, nous avons d\u00e9couvert 3 endroits du Wyoming profond, insolites, et assortis de belles rencontres. Nous souhaitons les mettre \u00e0 l&rsquo;honneur. Jour 13 le vendredi 24 ao\u00fbt : Le Sheridan Inn\u00a0est un h\u00f4tel construit en 1893 \u00e0 Sh\u00e9ridan, o\u00f9 la c\u00e9l\u00e9brit\u00e9 locale (et mondiale) Buffalo Bill avait situ\u00e9 son pied-\u00e0-terre. Cet [&hellip;]<\/p>\n","protected":false},"author":2,"featured_media":0,"parent":10,"menu_order":0,"comment_status":"open","ping_status":"open","template":"","meta":{"footnotes":""},"class_list":["post-694","page","type-page","status-publish","hentry"],"_links":{"self":[{"href":"https:\/\/blogs.crespel.me\/usa2012\/wp-json\/wp\/v2\/pages\/694","targetHints":{"allow":["GET"]}}],"collection":[{"href":"https:\/\/blogs.crespel.me\/usa2012\/wp-json\/wp\/v2\/pages"}],"about":[{"href":"https:\/\/blogs.crespel.me\/usa2012\/wp-json\/wp\/v2\/types\/page"}],"author":[{"embeddable":true,"href":"https:\/\/blogs.crespel.me\/usa2012\/wp-json\/wp\/v2\/users\/2"}],"replies":[{"embeddable":true,"href":"https:\/\/blogs.crespel.me\/usa2012\/wp-json\/wp\/v2\/comments?post=694"}],"version-history":[{"count":18,"href":"https:\/\/blogs.crespel.me\/usa2012\/wp-json\/wp\/v2\/pages\/694\/revisions"}],"predecessor-version":[{"id":795,"href":"https:\/\/blogs.crespel.me\/usa2012\/wp-json\/wp\/v2\/pages\/694\/revisions\/795"}],"up":[{"embeddable":true,"href":"https:\/\/blogs.crespel.me\/usa2012\/wp-json\/wp\/v2\/pages\/10"}],"wp:attachment":[{"href":"https:\/\/blogs.crespel.me\/usa2012\/wp-json\/wp\/v2\/media?parent=694"}],"curies":[{"name":"wp","href":"https:\/\/api.w.org\/{rel}","templated":true}]}}