{"id":679,"date":"2012-09-05T12:07:07","date_gmt":"2012-09-05T10:07:07","guid":{"rendered":"http:\/\/blogs.crespel.me\/usa2012\/?page_id=679"},"modified":"2012-09-09T19:24:07","modified_gmt":"2012-09-09T17:24:07","slug":"le-bilan","status":"publish","type":"page","link":"https:\/\/blogs.crespel.me\/usa2012\/annexes\/le-bilan\/","title":{"rendered":"Le Bilan"},"content":{"rendered":"<h3><strong>Le Bilan en quelques chiffres<\/strong><\/h3>\n<ul>\n<li>Nous avons mis les pieds dans <strong>3 principaux \u00e9tats<\/strong> : le <strong>Wyoming<\/strong> (partie Nord-Ouest dont le Yellowstone), un peu de l&rsquo;<strong>Idaho<\/strong> (Twin Falls-Crater of the Moon) et l&rsquo;<strong>Utah<\/strong> (Salt Lake City-Dinosaur NM), mais aussi un pied au Montana (pr\u00e8s du Yellowstone) et au Colorado (pr\u00e8s de Dinosaur NM). Et 2 jours \u00e0 <strong>San Francisco\/Californie<\/strong> au retour.<\/li>\n<li>2200 miles \/ <strong>3520 km<\/strong> parcourus en camping car 25 pieds (7,60m et plus de 4,5 tonnes) de Cruise America (et 150 miles en voiture les 2 premiers jours \u00e0 Salt Lake City).<strong><br \/>\n<\/strong><\/li>\n<li>Vols Transatlantiques par Delta\/Air France de Paris \u00e0 Salt Lake City et de San Francisco \u00e0 Paris, et vol int\u00e9rieur par Delta de Salt Lake City \u00e0 San Francisco.<\/li>\n<li>Ont \u00e9t\u00e9 visit\u00e9s : 7 National Parks\/State Parks\/National Monuments, dont Grand Teton et Yellowstone NP, et 30 villes\/mus\u00e9es\/Old Towns\/sites ou routes remarquables. Puis nous avons sillonn\u00e9 San Francisco.<\/li>\n<li>En r\u00e9sum\u00e9 nous avons \u00ab\u00a0peu randonn\u00e9\u00a0\u00bb cette ann\u00e9e encore&#8230; mais beaucoup visit\u00e9 et observ\u00e9 !<\/li>\n<li>5059 photos sont class\u00e9es (majoritairement celles de Fabien figurent sur le blog, prises avec un reflex Konica Minolta Dynax 5D et quelques autres prises par Jean avec un compact Canon SX220HS &#8211; zoom de x14). Aucune retouche effectu\u00e9e sur les photos du blog !<\/li>\n<\/ul>\n<h3>Le Budget<\/h3>\n<p><strong>Le budget<\/strong> est conditionn\u00e9 essentiellement par la p\u00e9riode choisie (ao\u00fbt est plus cher), la dur\u00e9e (20 jours sur place, dont 17 en camping-car), la formule (camping car, et non h\u00f4tel + voiture), le nombre de personnes (3 adultes), le taux de change \u20ac\/$ (1,25 en moyenne) :<\/p>\n<ul>\n<li><strong>Budget de base :<\/strong>\n<ul>\n<li>Avion depuis Paris par Delta\/Air France (internet direct chez Delta) = 1491\u20ac\/pers. = 4473\u20ac pour 3 adultes.<\/li>\n<li>Location camping car Cruise America France (25 pieds, voir rubrique s\u00e9par\u00e9e) = 2125\u20ac.<\/li>\n<li>Location voiture 2 jours par internet (locationdevoiture.fr) = 107\u20ac.<\/li>\n<li>Les 3 h\u00f4tels (direct sur leur site internet), Hampton Inn et La Quinta Inn \u00e0 SLC et Holiday Inn \u00e0 SF = 720\u20ac.<\/li>\n<li>16 nuits aux campgrounds \/ RV Parks = 494\u20ac (soit 30,90 \u20ac\/nuit).<\/li>\n<li>Essence camping car (3,64$ le gallon de 3,8L) soit 3520km \u00e0 23,9L\/100= 843L = 645\u20ac.<\/li>\n<li>Nourriture h\u00f4tel\/restaurants\/magasins d&rsquo;alimentation = 1070\u20ac (soit 17\u20ac\/jour\/pers.).<\/li>\n<li>Transports \u00e0 SLC et SF = 175\u20ac.<\/li>\n<li>Entr\u00e9es des parcs et mus\u00e9es, visites = 185\u20ac.<\/li>\n<li><strong>TOTAL base = <\/strong><strong>9995\u20ac.<\/strong><\/li>\n<\/ul>\n<\/li>\n<li><strong>Les extras : <\/strong>\n<ul>\n<li>Les 2 circuits en bateau \u00e0 SF (dont Alcatraz)= 145\u20ac.<\/li>\n<li>Cadeaux divers = 90\u20ac.<\/li>\n<li><strong>TOTAL extras = <\/strong><strong>235\u20ac.<\/strong><\/li>\n<\/ul>\n<\/li>\n<li><em><strong>Le Total = 10230\u20ac r\u00e9partis comme suit :<\/strong><\/em>\n<ul>\n<li><em>Avion = 43,7%<\/em><\/li>\n<li><em>Location CC et voiture= 21,8%<\/em><\/li>\n<li><em>H\u00f4tels = 7%<\/em><\/li>\n<li><em>Essence = 6,3%<\/em><\/li>\n<li><em>Campings = 4,8%<\/em><\/li>\n<li><em>Nourriture = 10,4%<\/em><\/li>\n<li><em>Autres = 6%<\/em><\/li>\n<li><em>Pay\u00e9 en Euro = 4585\u20ac soit 45% et pay\u00e9 en Dollar = 6995$ soit 55% (= 5595\u20ac <\/em><em>au taux global de 1,25\/0,8).<\/em><\/li>\n<\/ul>\n<\/li>\n<li><em>Le co\u00fbt suppl\u00e9mentaire de la formule camping-car (au lieu de h\u00f4tel\/voiture) peut \u00eatre estim\u00e9 \u00e0 800\u20ac. Soit pour notre cas 8% de la d\u00e9pense globale.<\/em><\/li>\n<\/ul>\n","protected":false},"excerpt":{"rendered":"<p>Le Bilan en quelques chiffres Nous avons mis les pieds dans 3 principaux \u00e9tats : le Wyoming (partie Nord-Ouest dont le Yellowstone), un peu de l&rsquo;Idaho (Twin Falls-Crater of the Moon) et l&rsquo;Utah (Salt Lake City-Dinosaur NM), mais aussi un pied au Montana (pr\u00e8s du Yellowstone) et au Colorado (pr\u00e8s de Dinosaur NM). Et 2 [&hellip;]<\/p>\n","protected":false},"author":2,"featured_media":0,"parent":10,"menu_order":0,"comment_status":"open","ping_status":"open","template":"","meta":{"footnotes":""},"class_list":["post-679","page","type-page","status-publish","hentry"],"_links":{"self":[{"href":"https:\/\/blogs.crespel.me\/usa2012\/wp-json\/wp\/v2\/pages\/679","targetHints":{"allow":["GET"]}}],"collection":[{"href":"https:\/\/blogs.crespel.me\/usa2012\/wp-json\/wp\/v2\/pages"}],"about":[{"href":"https:\/\/blogs.crespel.me\/usa2012\/wp-json\/wp\/v2\/types\/page"}],"author":[{"embeddable":true,"href":"https:\/\/blogs.crespel.me\/usa2012\/wp-json\/wp\/v2\/users\/2"}],"replies":[{"embeddable":true,"href":"https:\/\/blogs.crespel.me\/usa2012\/wp-json\/wp\/v2\/comments?post=679"}],"version-history":[{"count":10,"href":"https:\/\/blogs.crespel.me\/usa2012\/wp-json\/wp\/v2\/pages\/679\/revisions"}],"predecessor-version":[{"id":684,"href":"https:\/\/blogs.crespel.me\/usa2012\/wp-json\/wp\/v2\/pages\/679\/revisions\/684"}],"up":[{"embeddable":true,"href":"https:\/\/blogs.crespel.me\/usa2012\/wp-json\/wp\/v2\/pages\/10"}],"wp:attachment":[{"href":"https:\/\/blogs.crespel.me\/usa2012\/wp-json\/wp\/v2\/media?parent=679"}],"curies":[{"name":"wp","href":"https:\/\/api.w.org\/{rel}","templated":true}]}}