{"id":4,"date":"2011-12-27T18:41:16","date_gmt":"2011-12-27T18:41:16","guid":{"rendered":"http:\/\/blogs.crespel.me\/usa2012\/?page_id=4"},"modified":"2013-10-20T13:56:08","modified_gmt":"2013-10-20T11:56:08","slug":"presentation","status":"publish","type":"page","link":"https:\/\/blogs.crespel.me\/usa2012\/","title":{"rendered":"Pr\u00e9sentation"},"content":{"rendered":"<p>Bonjour \u00e0 toutes et tous.<\/p>\n<p>Jean et Fabien vous pr\u00e9sentent\u00a0le Blog de notre troisi\u00e8me voyage dans l&rsquo;Ouest Am\u00e9ricain. Avec pour th\u00e8mes principaux le parc du Yellowstone, et le Wyoming, pays des Cow-Boys !<\/p>\n<p><span style=\"color: #ffff00\"><em>Les 4 photos du bandeau ont \u00e9t\u00e9 r\u00e9alis\u00e9es par mon ami Thibaut (dit ITAT sur voyageforum.com), grand merci \u00e0 lui.<\/em><\/span><\/p>\n<ul>\n<li>L&rsquo;onglet <a title=\"Blog\" href=\"\/usa2012\/blog\/\"><strong>Blog<\/strong><\/a> vous permet de suivre notre parcours au jour le jour, avec \u00ab\u00a0le pr\u00e9vu\u00a0\u00bb et&#8230; \u00ab\u00a0le r\u00e9alis\u00e9\u00a0\u00bb. Le planning pr\u00e9visionnel de chaque jour est maintenu en l&rsquo;\u00e9tat \u00e0 titre informatif, version Pdf\/Outlok<a title=\"Blog prochainement disponible\" href=\"http:\/\/blogs.crespel.me\/usa2012\/2011\/12\/27\/blog-prochainement-disponible\/\"> ICI.<\/a><\/li>\n<li>L&rsquo;onglet <a title=\"Annexes\" href=\"\/usa2012\/annexes\/\"><strong>Annexes<\/strong><\/a> comportera au fur et \u00e0 mesure les rubriques similaires \u00e0 celles des blogs 2009 et 2011 : <a title=\"Campgrounds\" href=\"http:\/\/blogs.crespel.me\/usa2012\/annexes\/campgrounds\/\">campgrounds<\/a>, <a title=\"Visitor Center\" href=\"http:\/\/blogs.crespel.me\/usa2012\/annexes\/visitor-center\/\">visitor center<\/a>, <a title=\"Randonn\u00e9es et visites\" href=\"http:\/\/blogs.crespel.me\/usa2012\/randonnees-et-visites\/\">balades\/visites<\/a> et infos utiles, le <a title=\"Le Bilan\" href=\"http:\/\/blogs.crespel.me\/usa2012\/annexes\/le-bilan\/\">bilan<\/a> financier, la fa\u00e7on de <a title=\"Voyager en camping-car\" href=\"\/usa2012\/annexes\/voyager-en-camping-car\/\">voyager en camping-car<\/a>.<\/li>\n<\/ul>\n<h3>Le parcours<\/h3>\n<p>Le point de d\u00e9part de cette nouvelle boucle en Camping-Car se situe \u00e0 <strong>Salt Lake City <\/strong>(patrie des Mormons et capitale de l&rsquo;<strong>Utah<\/strong>). Mont\u00e9e vers le Nord par Crater of the Moon<strong> en Idaho<\/strong>, pour atteindre Grand Teton et Yellowstone NP puis Cody (situ\u00e9s au Nord\/Ouest du <strong>Wyoming<\/strong>).<\/p>\n<p>Descente du <strong>Wyoming<\/strong> par Sheridan, Buffalo, Lander, et Green River.<\/p>\n<p>Visite des sites de Flaming Gorge et Dinosaur NM (principalement situ\u00e9s en <strong>Utah<\/strong>), avant de rejoindre Salt Lake City.<\/p>\n<p>Dur\u00e9e de cette premi\u00e8re partie = 18 jours.<\/p>\n<p><a href=\"http:\/\/blogs.crespel.me\/usa2012\/files\/2011\/12\/carte_etats_unis.jpg\"><img loading=\"lazy\" decoding=\"async\" class=\"aligncenter size-medium wp-image-21\" alt=\"\" src=\"http:\/\/blogs.crespel.me\/usa2012\/files\/2011\/12\/carte_etats_unis-300x202.jpg\" width=\"300\" height=\"202\" srcset=\"https:\/\/blogs.crespel.me\/usa2012\/wp-content\/uploads\/sites\/8\/2011\/12\/carte_etats_unis-300x202.jpg 300w, https:\/\/blogs.crespel.me\/usa2012\/wp-content\/uploads\/sites\/8\/2011\/12\/carte_etats_unis.jpg 600w\" sizes=\"auto, (max-width: 300px) 100vw, 300px\" \/><\/a><\/p>\n<p>Ensuite 2h00 de vol pour rejoindre <strong>San Francisco<\/strong> (en Californie) <strong><\/strong> et l&rsquo;\u00e9quivalent de 2 jours de visites.<\/p>\n<p><span style=\"color: #ffff00\"><em>Vous trouverez d\u00e8s \u00e0 pr\u00e9sent plusieurs fichiers ci-dessous : les activit\u00e9s et visites pr\u00e9vues, et les cartes des diff\u00e9rentes parties.<\/em><\/span><\/p>\n<p><a href=\"http:\/\/blogs.crespel.me\/usa2012\/files\/2011\/12\/Programme-de-visites-2012.pdf\">Programme de visites 2012<\/a><\/p>\n<p><a title=\"Blog prochainement disponible\" href=\"http:\/\/blogs.crespel.me\/usa2012\/2011\/12\/27\/blog-prochainement-disponible\/\">Les \u00ab\u00a0outlook\u00a0\u00bb journaliers pr\u00e9vus<\/a><\/p>\n<p><a href=\"http:\/\/blogs.crespel.me\/usa2012\/files\/2011\/12\/Parcs-et-Sites-2012.pdf\">Parcs et Sites 2012<\/a><\/p>\n<p><a href=\"http:\/\/blogs.crespel.me\/usa2012\/files\/2011\/12\/J2-\u00e0-J4-SLC-\u00e0-Gros-Ventre-carte.pdf\">J2 \u00e0 J4 SLC \u00e0 Gros Ventre carte<\/a><\/p>\n<p><a href=\"http:\/\/blogs.crespel.me\/usa2012\/files\/2011\/12\/J05-\u00e0-J12-Gros-Ventre-GT-Yellow-Cody-carte.pdf\">J05 \u00e0 J12 Gros Ventre GT Yellow Cody carte<\/a><\/p>\n<p><a href=\"http:\/\/blogs.crespel.me\/usa2012\/files\/2011\/12\/J13-\u00e0-J15-Cody-\u00e0-Flaming-Gorge-carte.pdf\">J13 \u00e0 J15 Cody \u00e0 Flaming Gorge carte<\/a><\/p>\n<p><a href=\"http:\/\/blogs.crespel.me\/usa2012\/files\/2011\/12\/J16-\u00e0-J18-Flaming-Gorge-\u00e0-SLC-carte.pdf\">J16 \u00e0 J18 Flaming Gorge \u00e0 SLC carte<\/a><\/p>\n<p>&nbsp;<\/p>\n","protected":false},"excerpt":{"rendered":"<p>Bonjour \u00e0 toutes et tous. Jean et Fabien vous pr\u00e9sentent\u00a0le Blog de notre troisi\u00e8me voyage dans l&rsquo;Ouest Am\u00e9ricain. Avec pour th\u00e8mes principaux le parc du Yellowstone, et le Wyoming, pays des Cow-Boys ! Les 4 photos du bandeau ont \u00e9t\u00e9 r\u00e9alis\u00e9es par mon ami Thibaut (dit ITAT sur voyageforum.com), grand merci \u00e0 lui. L&rsquo;onglet Blog [&hellip;]<\/p>\n","protected":false},"author":1,"featured_media":0,"parent":0,"menu_order":0,"comment_status":"open","ping_status":"open","template":"","meta":{"footnotes":""},"class_list":["post-4","page","type-page","status-publish","hentry"],"_links":{"self":[{"href":"https:\/\/blogs.crespel.me\/usa2012\/wp-json\/wp\/v2\/pages\/4","targetHints":{"allow":["GET"]}}],"collection":[{"href":"https:\/\/blogs.crespel.me\/usa2012\/wp-json\/wp\/v2\/pages"}],"about":[{"href":"https:\/\/blogs.crespel.me\/usa2012\/wp-json\/wp\/v2\/types\/page"}],"author":[{"embeddable":true,"href":"https:\/\/blogs.crespel.me\/usa2012\/wp-json\/wp\/v2\/users\/1"}],"replies":[{"embeddable":true,"href":"https:\/\/blogs.crespel.me\/usa2012\/wp-json\/wp\/v2\/comments?post=4"}],"version-history":[{"count":22,"href":"https:\/\/blogs.crespel.me\/usa2012\/wp-json\/wp\/v2\/pages\/4\/revisions"}],"predecessor-version":[{"id":1323,"href":"https:\/\/blogs.crespel.me\/usa2012\/wp-json\/wp\/v2\/pages\/4\/revisions\/1323"}],"wp:attachment":[{"href":"https:\/\/blogs.crespel.me\/usa2012\/wp-json\/wp\/v2\/media?parent=4"}],"curies":[{"name":"wp","href":"https:\/\/api.w.org\/{rel}","templated":true}]}}