{"id":1147,"date":"2012-09-18T15:49:37","date_gmt":"2012-09-18T13:49:37","guid":{"rendered":"http:\/\/blogs.crespel.me\/usa2012\/?page_id=1147"},"modified":"2012-09-27T16:38:05","modified_gmt":"2012-09-27T14:38:05","slug":"randonnees-et-visites","status":"publish","type":"page","link":"https:\/\/blogs.crespel.me\/usa2012\/randonnees-et-visites\/","title":{"rendered":"Randonn\u00e9es et visites"},"content":{"rendered":"<h3>Les 85 randonn\u00e9es, balades et visite effectu\u00e9es (hors SF), sur les 107 programm\u00e9es (16+12+33+33+13), soit environ 80% de \u00ab\u00a0r\u00e9ussite\u00a0\u00bb. <strong><\/strong><\/h3>\n<h3><strong>Ce r\u00e9pertoire est dans l&rsquo;ordre chronologique du blog (cliquer sur les liens pour plus de d\u00e9tail).<\/strong><\/h3>\n<p>&nbsp;<\/p>\n<p>&nbsp;<\/p>\n<p><em>Non effectu\u00e9es (en italique) \u00e0 cause d&rsquo;un timing trop serr\u00e9, ou temp\u00e9rature trop \u00e9lev\u00e9e, ou choix d&rsquo;autre site \u00e0 explorer.<\/em><\/p>\n<p><em>Une * ou ** ou *** indique que \u00ab\u00a0<span style=\"text-decoration: underline\">nous estimons<\/span>\u00a0\u00bb ce lieu tr\u00e8s int\u00e9ressant, ou sortant de l&rsquo;ordinaire, ou exceptionnel.<\/em><\/p>\n<h3><em><strong>Partie 1 : Du 12 au 15 ao\u00fbt (J1 \u00e0 J4 Utah-Idaho) :<\/strong><br \/>\n<\/em><\/h3>\n<ul>\n<li><a href=\"http:\/\/www.utah.com\/stateparks\/antelope_island.htm\">Antelope Island<\/a>** (40 miles au Nord de Salt Lake City. Dur\u00e9e 3h30).<\/li>\n<li><a href=\"http:\/\/en.wikipedia.org\/wiki\/Fielding_Garr_Ranch\">Fielding Garr Ranch<\/a>* (15 miles vers le Sud \u00e0 Antelope Island).<\/li>\n<li>Temple Square\/Tabernacle* (visite guid\u00e9e, accompagnatrices Mormons).<\/li>\n<li><\/li>\n<li><a href=\"http:\/\/www.dupinternational.org\/pioneer_memorial_museum.php\">Pioneer Memorial museum<\/a> (pr\u00e8s du Capitole de SLC).<\/li>\n<li>Capitole de Salt Lake City.<\/li>\n<li><\/li>\n<li><a href=\"http:\/\/highestbridges.com\/wiki\/index.php?title=Hansen_1966_Bridge\">Hansen Bridge<\/a> (Pont m\u00e9tallique pr\u00e8s de Twin Falls\/Id).<\/li>\n<li><a href=\"http:\/\/en.wikipedia.org\/wiki\/Shoshone_Falls\">Shoshone Fall<\/a>s** (Chutes d&rsquo;eau pr\u00e8s de Twin Falls\/Id).<\/li>\n<li><a href=\"http:\/\/www.nps.gov\/crmo\/index.htm\">Crater of the Moon NP<\/a>**, dur\u00e9e 3h00, dont:<\/li>\n<li>\u00a0les 4 marches: North Crater Flow-Devils Orchard-Spatters Cones-Snow Cones trail.<\/li>\n<li>\u00a0marche Indian Tunnel (chemin\u00e9e de lave).<\/li>\n<li><\/li>\n<li>R\u00e9acteur atomique <a href=\"http:\/\/en.wikipedia.org\/wiki\/Experimental_Breeder_Reactor_I\">EBR1<\/a> (20 miles \u00e0 l&rsquo;Est de Arco).<\/li>\n<li>\u00a0<em>Atomic City\/Id (16 miles apr\u00e8s EBR1- ville abandonn\u00e9e)= Non trouv\u00e9e !<\/em><\/li>\n<li><a href=\"http:\/\/idahopotatomuseum.com\/\">Idaho Potato museum<\/a> \u00e0 Blackfoot.<\/li>\n<li>Kelly Canyon (point de vue apr\u00e8s Idaho Falls).<\/li>\n<li><a href=\"http:\/\/www.milliondollarcowboybar.com\/\">Million Dollar Cow-Boy bar <\/a>\u00e0 Jackson Hole.<\/li>\n<li>Ville de Jackson Hole*.<\/li>\n<\/ul>\n<h3><em><strong>Partie 2 : Du 16 au 17 ao\u00fbt (J5 \u00e0 J6 Grand Teton NP) :<\/strong><\/em><\/h3>\n<ul>\n<li>Kelly Warm Spring (pr\u00e8s de Mormon Row- \u00e9tang d&rsquo;eau chaude).<em><br \/>\n<\/em><\/li>\n<li>Fermes de Mormon Row*** (devant la cha\u00eene des Tetons).<\/li>\n<li><a href=\"http:\/\/en.wikipedia.org\/wiki\/Chapel_of_the_Transfiguration\">Chapel of Transfiguration<\/a>* (entr\u00e9e Sud de Grand Teton).<\/li>\n<li><a href=\"http:\/\/en.wikipedia.org\/wiki\/Menor%27s_Ferry\">Menor&rsquo;s Ferry<\/a> et museum (pr\u00e8s de la chapelle- bac sur la Snake River)<\/li>\n<li>\u00a0<em>marche Taggart Lake= non faite, timing serr\u00e9.<\/em><\/li>\n<li>Jenny Lake** (travers\u00e9e AR en bateau) dont:<\/li>\n<li>\u00a0les 2 marches: Hidden Falls et inspiration Point, dur\u00e9e 1h15 (de l&rsquo;autre c\u00f4t\u00e9 du lac).<\/li>\n<li><a href=\"http:\/\/www.waymarking.com\/waymarks\/WM6Q13\">Chapel of the Sacred Heart<\/a> (avant Jackson Jct).<\/li>\n<li>Oxbow Bend (lac et point de vue apr\u00e8s Jackson Jct).<\/li>\n<li>marche Lakeshore trail \u00e0 Colter Bay (partiel).<\/li>\n<li><\/li>\n<li>\u00a0<em>les 2 marches: Heron Pond et Swan Lake \u00e0 Colter Bay= non faites, timing serr\u00e9.<\/em><\/li>\n<li>Lewis River Canyon et Falls (point de vue- entr\u00e9e Sud de Yellowstone NP).<\/li>\n<\/ul>\n<h3><strong><em>Partie 3 : Du 17 au 22 ao\u00fbt (J6 \u00e0 J11 Yellowstone NP):<\/em><\/strong><\/h3>\n<ul>\n<li><a href=\"http:\/\/www.yellowstonenationalpark.com\/westthumb.htm\">West Thumb Geyser Basin<\/a>*** (circuit sur pontons pr\u00e8s du lac-piscines multicolores: dur\u00e9e 1h00).<\/li>\n<li>Grand loop road le long de Yellowstone Lake (route aller\/retour, points de vues).<\/li>\n<li><\/li>\n<li>Isa Lake et ses n\u00e9nuphars (point de vue, vers Old Faithfull).<\/li>\n<li><a href=\"http:\/\/www.geocities.com\/dmonteit\/ov_ugb_map.htm\">Upper Geyser Basin<\/a>*** (circuit sur pontons et chemins- environ 6km AR, dur\u00e9e 3h30) dont:<\/li>\n<li>\u00a0Geysers, sources chaudes, fumerolles et bassins multicolores (dont Morning Glory pool***).<\/li>\n<li>\u00a0Eruptions du Old Faithfull (2 fois) et Grotto Geyser.<\/li>\n<li><a href=\"http:\/\/www.yellowstonenationalpark.com\/blacksand.htm\">Black Sand Basin<\/a>** (piscines multicolores, dur\u00e9e 20mn).<\/li>\n<li><a href=\"http:\/\/www.yellowstonenationalpark.com\/biscuitbasin.htm\">Biscuit Basin<\/a>** (piscines et coul\u00e9es multicolores, dur\u00e9e 10mn).<\/li>\n<li>\u00a0<em>Firehole Lake Drive\/Great Fountain Geyser (sens unique Sud\/Nord vers Madison Jct)= non fait, interdit aux camping-car !<\/em><\/li>\n<li><a href=\"http:\/\/www.yellowstonenationalpark.com\/lowergeyser.htm\">Lower Geyser Basin<\/a>* dont Fountain Paint Pot (geysers, sources chaudes, arbres calcin\u00e9s, dur\u00e9e 30mn).<\/li>\n<li><\/li>\n<li>Firehole Falls (sens unique Nord\/Sud depuis Madison Jct).<\/li>\n<li><a href=\"http:\/\/www.yellowstonenationalpark.com\/midway.htm\">Midway Geyser Basin<\/a>* dont Grand Prismatic spring (embrum\u00e9, dur\u00e9e 15mn).<\/li>\n<li><a href=\"http:\/\/www.grizzlydiscoveryctr.com\/\">Grizzly et Wolf Discovery Center <\/a>(museum et zoo \u00e0 West Yellowstone, peu d&rsquo;int\u00e9r\u00eat).<\/li>\n<li>Historic Center Museum (\u00e0 West Yellowstone, peu d&rsquo;int\u00e9r\u00eat).<\/li>\n<li><\/li>\n<li>Gibbon Falls (entre Madison et Norris).<\/li>\n<li><a href=\"http:\/\/www.yellowstonenationalpark.com\/norris.htm\">Norris Geyser Basin<\/a>** (circuit sur pontons et chemins) dont:<\/li>\n<li>\u00a0Porcelain Basin (fumerolles, piscines et coul\u00e9es multicolores, dur\u00e9e 20mn).<\/li>\n<li>\u00a0Back Basin (bouillonnements, sources chaudes, arbres calcin\u00e9s, sursauts du Steamboat Geyser, dur\u00e9e 50mn).<\/li>\n<li>Upper Terrace*** \u00e0 <a href=\"http:\/\/www.yellowstonenationalpark.com\/mammoth.htm\">Mammoth Hot Springs<\/a> (coul\u00e9es multicolores, dont Canary Spring, dur\u00e9e 40mn).<\/li>\n<li>Lower Terrace*** \u00e0 Mammoth hot springs (coul\u00e9es multicolores, dont Palette Spring, dur\u00e9e 40mn).<\/li>\n<li><\/li>\n<li>Tower Fall (chute d&rsquo;eau, pr\u00e8s de Roosevelt Jct).<\/li>\n<li><a href=\"http:\/\/www.nps.gov\/yell\/planyourvisit\/ncanyon.htm\">Canyon du Yellowstone<\/a>*** dont:<\/li>\n<li>\u00a0Artist Point** (point de vue lointain sur Lower Fall).<\/li>\n<li>\u00a0marche Uncle Tom&rsquo;s trail*** vers le bas de Lower Fall (328 marches, dur\u00e9e 30mn AR).<\/li>\n<li>\u00a0marche Brink of Upper Fall*** (55 marches).<\/li>\n<li>\u00a0marche Brink of Lower Fall*** (1,2km- d\u00e9nivel\u00e9 180m).<\/li>\n<li>\u00a0Lockout Point** (point de vue depuis la rive Nord).<\/li>\n<li>\u00a0<em>Inspiration Point= non fait, oubli\u00e9.<\/em><\/li>\n<li><\/li>\n<li><a href=\"http:\/\/en.wikipedia.org\/wiki\/Hayden_Valley\">Hayden Valley<\/a>*** (troupeaux de bisons).<\/li>\n<li>Sulfur Caldron, tout seul en bord de route (non accessible: Ph d&rsquo;acide de batterie !).<\/li>\n<li>Mud Volcano et Dragon Mouth Spring (bouillonnements, grondements, dur\u00e9e 10mn).<\/li>\n<li>Sylvan Pass, col d\u00e9sertique sur la Wapity route vers Cody.<\/li>\n<li>Shoshone Canyon, r\u00e9servoir\u00a0 et visite du <a href=\"http:\/\/en.wikipedia.org\/wiki\/Buffalo_Bill_Dam\">Buffalo Bill Dam<\/a> (barrage).<\/li>\n<\/ul>\n<h3><em><strong>Partie 4 : Du 23 au 26 ao\u00fbt (J12 \u00e0 J15 Cody et Wyoming):<\/strong><\/em><\/h3>\n<ul>\n<li><a href=\"http:\/\/oldtrailtown.org\/\">Old Trail Town<\/a>*** \u00e0 Cody (village Far West reconstitu\u00e9-8$\/pers.- dur\u00e9e 1h40).<\/li>\n<li>Tecumseh Trading Post et Old West miniature village* (en face de Old Trail- dur\u00e9e 30mn).<\/li>\n<li><a href=\"http:\/\/www.bbhc.org\/\">Buffalo Bill museum<\/a>*** comportant 5 parties (18$\/pers. valable 2j.), pr\u00e9sentation, sc\u00e9nographie, qualit\u00e9 des oeuvres au top, un mus\u00e9e remarquable \u00e0 ne pas rater, dont:<\/li>\n<li>\u00a0Plains Indian Museum***<\/li>\n<li>\u00a0Buffalo Bill- les Armes &#8211; Le Yellowstone &#8211; Art Western.<\/li>\n<li>Repas avec orchestre Country au <a href=\"http:\/\/www.thecodycattlecompany.com\/\">Cody Cattle<\/a> (pr\u00e8s de Old Trail town) de 18h00 \u00e0 19h30, puis rod\u00e9o \u00e0 20h00 (\u00e0 500 m\u00e8tres, billet global 41$\/pers.)**.<\/li>\n<li><\/li>\n<li><em>\u00a0<a href=\"http:\/\/homesteadermuseum.com\/\">Homesteader museum<\/a> \u00e0 Powell= non fait, timing serr\u00e9.<\/em><\/li>\n<li>Horseshoe Bend \u00e0 Bighorn Canyon (Marina, cale de mise \u00e0 l&rsquo;eau, peu d&rsquo;int\u00e9r\u00eat).<\/li>\n<li>Devil Canyon overlook** \u00e0 <a href=\"http:\/\/www.nps.gov\/bica\/index.htm\">Bighorn Canyon<\/a> (beau point de vue).<\/li>\n<li>Prior Mountain Wild Mustang (p\u00e2turage libre de chevaux sauvages).<\/li>\n<li>Barry&rsquo;s Landing (Marina, cale de mise \u00e0 l&rsquo;eau, peu d&rsquo;int\u00e9r\u00eat).<\/li>\n<li><a href=\"http:\/\/www.sheridanwyoming.org\/mountains\/interpretive-centers\/shell-falls\/\">Shell Falls<\/a>* (apr\u00e8s Greybull vers Burgess Jct &#8211; route sc\u00e9nique et chutes d&rsquo;eau, dur\u00e9e 20mn).<\/li>\n<li>\u00a0<em>Connor Battlefield (m\u00e9morial guerre contre les indiens, \u00e0 Ranchester)= non fait, timing serr\u00e9.<\/em><\/li>\n<li>\u00a0<em><a href=\"http:\/\/www.kingropes.com\/\">Don King&rsquo;s Saddlerie<\/a> et Western museum \u00e0 Sheridan (pr\u00e8s de 600 selles anciennes et actuelles)= non fait, timing serr\u00e9.<\/em><\/li>\n<li>\u00a0<em>Mint bar sur Main street \u00e0 Sheridan (bar western)= non fait, timing serr\u00e9.<\/em><\/li>\n<li><a href=\"http:\/\/www.legendsofamerica.com\/wy-sheridaninn.html\">H\u00f4tel Sheridan Inn<\/a>**, devant la gare (voir \u00ab\u00a0<a title=\"Endroits insolites\" href=\"http:\/\/blogs.crespel.me\/usa2012\/annexes\/endroits-insolites\/\">endroits insolites<\/a>\u00ab\u00a0), visite priv\u00e9e de 40mn.<\/li>\n<li>\u00a0<em><a href=\"http:\/\/en.wikipedia.org\/wiki\/Fort_Phil_Kearny\">Fort Phil Kearny <\/a>entre Sheridan et Buffalo (m\u00e9morial guerre contre les indiens)= non fait, timing serr\u00e9.<\/em><\/li>\n<li><em>\u00a0Historic H\u00f4tel Occidental et Bar Virginian \u00e0 Buffalo= non faits, timing serr\u00e9.<\/em><\/li>\n<li><em>\u00a0<a href=\"http:\/\/www.jimgatchell.com\/Jim_Gatchell_Memorial_Museum\/Welcome.html\">Jim Gattchel m\u00e9morial museum<\/a> \u00e0 Buffalo= non fait, timing serr\u00e9.<\/em><\/li>\n<li><\/li>\n<li><a href=\"http:\/\/byways.org\/explore\/byways\/2165\">Cloud Peak Skyway<\/a> route 16 apr\u00e8s Buffalo, col \u00e0 2960m (Powder River Pass), belle route.<\/li>\n<li><em>\u00a0Washakie museum \u00e0 Worland (Pr\u00e9histoire, Dinosaures)= non fait, double emploi avec Thermopolis.<\/em><\/li>\n<li><em>\u00a0Hot Springs SP (pr\u00e8s de Thermopolis, sources chaudes, piscines)= vues de loin.<\/em><\/li>\n<li><a href=\"http:\/\/www.wyodino.org\/\">Wyoming Dinosaur Center<\/a> \u00e0 Thermopolis (Fossiles et squelettes de Dinosaures, 7$\/pers. dur\u00e9e 50mn).<\/li>\n<li>Wind River Heritage Center \u00e0 Riverton et St Stefens Mission (voir \u00ab\u00a0<a title=\"Endroits insolites\" href=\"http:\/\/blogs.crespel.me\/usa2012\/annexes\/endroits-insolites\/\">endroits insolites<\/a>\u00ab\u00a0).<\/li>\n<li><em>\u00a0Shoshone Tribal Center \u00e0 Fort Washakie= ferm\u00e9 le samedi !<\/em><\/li>\n<li>Trading Post museum \u00e0 Fort Washakie (artisanat indien majoritairement d&rsquo;origine contrefa\u00e7on chinoise).<\/li>\n<li>Cimeti\u00e8re indien et statue de Sacajawea \u00e0 Fort Washakie (rare endroit d&rsquo;acc\u00e8s libre mais respectueux !).<\/li>\n<li><\/li>\n<li><em>\u00a0Pioneer Museum et American West \u00e0 Lander (village western reconstitu\u00e9)= ferm\u00e9 le dimanche et non trouv\u00e9 !<\/em><\/li>\n<li>Ancienne ville mini\u00e8re de South Pass City** (remarquable r\u00e9novation et accueil sympa, voir \u00ab\u00a0<a title=\"Endroits insolites\" href=\"http:\/\/blogs.crespel.me\/usa2012\/annexes\/endroits-insolites\/\">endroits insolites<\/a>\u00ab\u00a0).<\/li>\n<li><em>\u00a0Seedskadee National Wildlife Refuge: R\u00e9serve naturelle de la Green River= non fait, acc\u00e8s par piste.<\/em><\/li>\n<li>Wind River Canyon pr\u00e8s de Green River\/Wy (formations rocheuses The Palissade et Tollgate Rock).<\/li>\n<li><a href=\"http:\/\/en.wikipedia.org\/wiki\/Flaming_Gorge_Reservoir\">Flaming Gorge Reservoir<\/a> (peu de points de vue depuis la 530 entre Green River et Lucerne Rd).<\/li>\n<li><a href=\"http:\/\/www.dinoland.com\/sheep-creek-spirit-lake-scenic-backway\">Sheep Creek Loop<\/a> apr\u00e8s Manila (route sc\u00e9nique de 13 miles, assez d\u00e9fonc\u00e9e par endroits- formations rocheuses, dur\u00e9e 45mn), belles vues** sur le lac en revenant vers Manila.<\/li>\n<\/ul>\n<h3><em>Partie 5 : Du 27<\/em> <em>au 29 ao\u00fbt (J16 \u00e0 J18 Utah):<\/em><\/h3>\n<ul>\n<li>Red Canyon, Greens Lakes (route 44 Sud apr\u00e8s Manila, beau point de vue**).<\/li>\n<li><a href=\"http:\/\/www.nps.gov\/dino\/index.htm\">Dinosaur Quarry<\/a>\/Utah, pr\u00e8s de Jensen, et Exhibit Hall*** accessible en navette (remarquable flanc de montagne comportant des centaines d&rsquo;ossements de dinosaures encore en place- dur\u00e9e 1h15).<\/li>\n<li>Blue Mountain Road**, route sc\u00e9nique (sans issue, sauf chemin) jusqu&rsquo;au bout de la vall\u00e9e, superbes formations rocheuses, dur\u00e9e 45mn AR.<\/li>\n<li>\u00a0<em>marche Desert Voice Nature (2,5km AR), depuis le Split Mountain campground= non faite, trop chaud !<\/em><\/li>\n<li>Vernal, une vraie ville&#8230; tr\u00e8s fleurie, nombreux commerces, et un Dinosaure rose \u00e0 l&rsquo;entr\u00e9e Sud.<\/li>\n<li><\/li>\n<li>Harper&rsquo;s Corner Drive, route sc\u00e9nique depuis la ville de Dinosaur\/Colorado (62 miles\/100km AR avec 5 points de vue, dont seul le dernier est top: Echo Park Overlook ! dur\u00e9e 2h45 AR).<\/li>\n<li>marche <a href=\"http:\/\/www.nps.gov\/dino\/planyourvisit\/harperscornertrail.htm\">Harper&rsquo;s Corner Trail<\/a>* (3,5km AR dur\u00e9e 1h15 pas difficile. Point de vue tronqu\u00e9 au bout- barri\u00e8res).<\/li>\n<li><em>\u00a0<a href=\"http:\/\/www.utah.com\/stateparks\/field_house.htm\">State Field House of Natural History <\/a>\u00e0 Vernal (mus\u00e9e pr\u00e9histoire\/Dinosaures)= non fait, vu assez d&rsquo;autres !<\/em><\/li>\n<li><\/li>\n<li><em>\u00a0Starvation State Park apr\u00e8s Duchesne, base de loisirs avec plan d&rsquo;eau= non fait, peu d&rsquo;int\u00e9r\u00eat.<\/em><\/li>\n<li><em>\u00a0Strawberry Reservoir, base de loisirs avec plan d&rsquo;eau= non fait, peu d&rsquo;int\u00e9r\u00eat.<\/em><\/li>\n<li><em>\u00a0Deer Creek SP, base de loisirs avec plan d&rsquo;eau= non fait, peu d&rsquo;int\u00e9r\u00eat.<\/em><\/li>\n<li><a href=\"http:\/\/stateparks.utah.gov\/parks\/jordanelle\">Jordanelle State Park<\/a> apr\u00e8s Heber City (idem que ci-dessus mais c&rsquo;est l&rsquo;heure de manger) acc\u00e8s gratuit (!) car nous ne faisons que regarder&#8230; puis manger dans le CC&#8230;).<\/li>\n<li>Route I.40 pr\u00e8s des sites des JO d&rsquo;hiver de 2002 \u00e0 Salt Lake City, des stations et hameaux totalement artificiels.<\/li>\n<\/ul>\n<h3><em><strong>Partie 6 : Du 30 ao\u00fbt au 01 septembre (J18 \u00e0 J20 San Francisco):<\/strong><\/em><\/h3>\n<ul>\n<li><a href=\"http:\/\/www.nps.gov\/safr\/index.htm\">San Francisco Maritime Historic Park<\/a> (acc\u00e8s gratuit avec le pass des parcs) visite du 3 m\u00e2ts Balclutha** (pont, cales, quartiers du Capitaine, et diverses vid\u00e9os).<\/li>\n<li><em>\u00a0Marina Distric: Palace of Fine Arts et Exploratorium (10h00\/17h00-15$\/pers)= non faits-trop \u00e9loign\u00e9s.<\/em><\/li>\n<li>Depuis le Pier 33: <a href=\"https:\/\/www.alcatrazcruises.com\/index.aspx\">Travers\u00e9e et visite d&rsquo;Alcatraz<\/a>*** (d\u00e9part en soir\u00e9e: 18h10, retour 20h40- 35$\/pers. r\u00e9sa Internet 3 mois avant. Audio-guide en Fran\u00e7ais).<\/li>\n<li><\/li>\n<li>Le Cable-Car* (les 3 lignes \u00e0 diff\u00e9rents moments de cette journ\u00e9e- Muni pass 1 jour \u00e0 14$).<\/li>\n<li>Chinatown* (Portsmouth square- Waverly street- Grant Av. etc..).<\/li>\n<li><a href=\"http:\/\/www.cablecarmuseum.org\/\">Cable Car museum<\/a>* (au 1201 Mason street: 10h00\/18h00- gratuit).<\/li>\n<li>Le quartier Italien un peu dispers\u00e9 et absorb\u00e9 par Chinatown.<\/li>\n<li>City Hall et Op\u00e9ra House (vue des ext\u00e9rieurs).<\/li>\n<li>Alamo square et les maisons victoriennes (<a href=\"http:\/\/en.wikipedia.org\/wiki\/Painted_ladies\">Painted Ladies<\/a>*).<em><br \/>\n<\/em><\/li>\n<li>Embarcadero et Bay Bridge.<\/li>\n<li>Historique <a href=\"http:\/\/www.streetcar.org\/streetcars\/\">Tramway F<\/a>.<\/li>\n<li>Pier 39, otaries et Fisherman&rsquo;s Wharf (et boutiques \u00e0 touristes).<\/li>\n<li><a href=\"http:\/\/en.wikipedia.org\/wiki\/Lombard_Street_%28San_Francisco%29\">Lombard Street<\/a> et ses 8 virages* (\u00e0 pieds).<\/li>\n<li><\/li>\n<li>Visite du sous-marin <a href=\"http:\/\/en.wikipedia.org\/wiki\/USS_Pampanito_%28SS-383%29\">USS Pampanito<\/a>** (au Pier 45- 10$\/pers.- d\u00e8s 9h00, tr\u00e8s int\u00e9ressant- passages \u00e9troits des sas).<\/li>\n<li>Croisi\u00e8re <a href=\"http:\/\/www.redandwhite.com\/\">Red and White Fleet<\/a>: Bay Cruise de 1h00* jusqu&rsquo;au Golden Gate et autour d&rsquo;Alcatraz (26$\/pers. d\u00e8s 10h00- au Pier 43-1\/2).<\/li>\n<\/ul>\n<p>&nbsp;<\/p>\n","protected":false},"excerpt":{"rendered":"<p>Les 85 randonn\u00e9es, balades et visite effectu\u00e9es (hors SF), sur les 107 programm\u00e9es (16+12+33+33+13), soit environ 80% de \u00ab\u00a0r\u00e9ussite\u00a0\u00bb. Ce r\u00e9pertoire est dans l&rsquo;ordre chronologique du blog (cliquer sur les liens pour plus de d\u00e9tail). &nbsp; &nbsp; Non effectu\u00e9es (en italique) \u00e0 cause d&rsquo;un timing trop serr\u00e9, ou temp\u00e9rature trop \u00e9lev\u00e9e, ou choix d&rsquo;autre site [&hellip;]<\/p>\n","protected":false},"author":2,"featured_media":0,"parent":0,"menu_order":0,"comment_status":"open","ping_status":"open","template":"","meta":{"footnotes":""},"class_list":["post-1147","page","type-page","status-publish","hentry"],"_links":{"self":[{"href":"https:\/\/blogs.crespel.me\/usa2012\/wp-json\/wp\/v2\/pages\/1147","targetHints":{"allow":["GET"]}}],"collection":[{"href":"https:\/\/blogs.crespel.me\/usa2012\/wp-json\/wp\/v2\/pages"}],"about":[{"href":"https:\/\/blogs.crespel.me\/usa2012\/wp-json\/wp\/v2\/types\/page"}],"author":[{"embeddable":true,"href":"https:\/\/blogs.crespel.me\/usa2012\/wp-json\/wp\/v2\/users\/2"}],"replies":[{"embeddable":true,"href":"https:\/\/blogs.crespel.me\/usa2012\/wp-json\/wp\/v2\/comments?post=1147"}],"version-history":[{"count":37,"href":"https:\/\/blogs.crespel.me\/usa2012\/wp-json\/wp\/v2\/pages\/1147\/revisions"}],"predecessor-version":[{"id":1170,"href":"https:\/\/blogs.crespel.me\/usa2012\/wp-json\/wp\/v2\/pages\/1147\/revisions\/1170"}],"wp:attachment":[{"href":"https:\/\/blogs.crespel.me\/usa2012\/wp-json\/wp\/v2\/media?parent=1147"}],"curies":[{"name":"wp","href":"https:\/\/api.w.org\/{rel}","templated":true}]}}