{"id":951,"date":"2011-09-18T16:00:38","date_gmt":"2011-09-18T14:00:38","guid":{"rendered":"http:\/\/blogs.crespel.me\/usa2011\/?page_id=951"},"modified":"2011-09-18T16:45:04","modified_gmt":"2011-09-18T14:45:04","slug":"endroits-insolites","status":"publish","type":"page","link":"https:\/\/blogs.crespel.me\/usa2011\/annexes\/endroits-insolites\/","title":{"rendered":"Endroits insolites"},"content":{"rendered":"<p>Au cours de notre p\u00e9riple, nous avons d\u00e9couvert 4 endroits insolites que nous souhaitons mettre \u00e0 l&rsquo;honneur.<\/p>\n<h3>Jour 04 le mercredi 17 ao\u00fbt :<\/h3>\n<p>Le <a href=\"http:\/\/www.roadsideamerica.com\/tip\/29135\"><strong>Classical Gas Museum<\/strong><\/a> est situ\u00e9 vers le mile 18 de la route 68, apr\u00e8s Embudo (entre Espanola et Pilar, donc au Sud de Taos\/Nouveau Mexique). Je n&rsquo;avais que ce nom et une situation approximative, et nous sommes tomb\u00e9s sur un personnage haut en couleur&#8230; Johnnie (\u00e7a ne s&rsquo;invente pas !) Meier, environ 60 ans mais toujours enthousiaste !<\/p>\n<p>Il rassemble et collectionne depuis plus de 30 ans, des vestiges de la <strong>\u00ab\u00a0route 66\u00a0\u00bb<\/strong> : pompes \u00e0 essence, voitures, enseignes, miniatures, pi\u00e8ces diverses. Nous y sommes rest\u00e9s une bonne demi-heure \u00e0 discuter et admirer ces \u00ab\u00a0reliques\u00a0\u00bb dispos\u00e9es \u00e0 l&rsquo;ext\u00e9rieur et aussi \u00e0 l&rsquo;int\u00e9rieur de son \u00ab\u00a0mus\u00e9e\u00a0\u00bb. Merci <strong>Johnnie<\/strong> pour ce voyage dans le temps.<\/p>\n<h3>Jour 07 le samedi 20 ao\u00fbt :<\/h3>\n<p>Le village de <a href=\"http:\/\/www.ricocolorado.org\/vis\/frame_vis.html\"><strong>RICO<\/strong><\/a> est situ\u00e9 sur la route 145 (de la vall\u00e9e), \u00e0 37 miles apr\u00e8s Dolores vers Telluride\/Colorado. Nous ne devions pas passer par cette route mais par la 550 (route d&rsquo;altitude) qui relie Durango \u00e0 Montrose par Silverton, mais non recommand\u00e9e pour les camping-cars.<\/p>\n<p>Nous nous arr\u00eatons \u00e0 la vue d&rsquo;un ancien camion de pompiers et nous d\u00e9couvrons une charmante bourgade avec de belles fa\u00e7ades \u00ab\u00a0<strong>Old West<\/strong>\u00a0\u00bb puis la mairie et l&rsquo;\u00e9glise dans une petite rue non goudronn\u00e9e. Vers la sortie de la \u00ab\u00a0ville\u00a0\u00bb tr\u00f4ne un chevalet de mine.<\/p>\n<p>Sympathique rencontre avec la posti\u00e8re, qui se trompe dans l&rsquo;affranchissement de nos cartes postale et nous rembourse son erreur&#8230; alors que c&rsquo;est nous qui lui devions de l&rsquo;argent !!!\u00a0 Cette dame a certainement \u00e9t\u00e9 surprise d&rsquo;accueillir des touristes Fran\u00e7ais.<\/p>\n<h3>Jour 08 le dimanche 21 ao\u00fbt :<\/h3>\n<p>Le <strong>Welcome Center de Cedaredge<\/strong> est situ\u00e9 au d\u00e9but de la route 65 vers Grand Mesa National Forest\/Colorado. Je n&rsquo;avais rep\u00e9r\u00e9 qu&rsquo;une mention \u00ab\u00a0pr\u00e8s du <a href=\"http:\/\/www.pioneertown.org\/http:\/\/\">Pioneer Town<\/a>\u00a0\u00bb &#8230; En r\u00e9alit\u00e9, juste \u00e0 c\u00f4t\u00e9 de ce Visitor Center, tr\u00e8s int\u00e9ressant comme souvent, et tenu par des b\u00e9n\u00e9voles (dont une charmante dame ayant des anc\u00eatres Fran\u00e7ais !), on peut apercevoir des constructions plus anciennes.<\/p>\n<p>Le village de pionniers rassemble 23 constructions historiques de la p\u00e9riode 1800 \u00e0 1900. On se croit replong\u00e9 dans \u00ab\u00a0Docteur Queen femme m\u00e9decin\u00a0\u00bb. Tout y est, le sheriff, le barbier, le saloon, la prison, l&rsquo;\u00e9cole, et c&rsquo;est meubl\u00e9 et garni d&rsquo;une multitude d&rsquo;objets (qui sont des dons de la communaut\u00e9 environnante).<\/p>\n<p>Une salle particuli\u00e8re m\u00e9rite une mention, tout au bout du site, avant l&rsquo;\u00e9glise, c&rsquo;est la maison des poup\u00e9es et figurines (pr\u00e8s de 800), et l\u00e0 aussi \u00e0 base de dons, quelquefois des collections enti\u00e8res. Une adorable dame d&rsquo;un \u00e2ge certain (plus de 90 ans..) passe ses journ\u00e9es dans l&rsquo;attente des quelques visiteurs \u00e0 renseigner. Nous la remercions pour son accueil.<\/p>\n<p>Nous avons pass\u00e9 pr\u00e8s de 2h30 au Visitor Center et au Pioneer Town.<\/p>\n<h3>Jour 11 le mercredi 24 ao\u00fbt :<\/h3>\n<p><strong><a href=\"http:\/\/www.hirf.org\/trail.asphttp:\/\/\">Bluff Fort<\/a><\/strong> est situ\u00e9 sur la route 163 \u00e0 la sortie de Bluff\/Utah (bourg connu pour les Twin Rocks et le Trading Post), vers Monument Valley.<\/p>\n<p>Au Visitor Center, il faut voir le film sur l&rsquo;\u00e9pop\u00e9e de 1880 dite \u00ab\u00a0Hole in the Rock Trail\u00a0\u00bb (\u00e9tablissement d&rsquo;une route \u00e0 travers montagnes et ravins). Juste derri\u00e8re, un rassemblement d&rsquo;une quinzaine de \u00ab\u00a0cabins\u00a0\u00bb am\u00e9nag\u00e9es \u00e9voque les conditions de vie des pionniers Mormons \u00e0 la fin du 19\u00e8me si\u00e8cle. C&rsquo;est tr\u00e8s int\u00e9ressant et authentique, compter 30 \u00e0 45mn.<\/p>\n\n\t\t<style type=\"text\/css\">\n\t\t\t#gallery-1 {\n\t\t\t\tmargin: auto;\n\t\t\t}\n\t\t\t#gallery-1 .gallery-item {\n\t\t\t\tfloat: left;\n\t\t\t\tmargin-top: 10px;\n\t\t\t\ttext-align: center;\n\t\t\t\twidth: 33%;\n\t\t\t}\n\t\t\t#gallery-1 img {\n\t\t\t\tborder: 2px solid #cfcfcf;\n\t\t\t}\n\t\t\t#gallery-1 .gallery-caption {\n\t\t\t\tmargin-left: 0;\n\t\t\t}\n\t\t\t\/* see gallery_shortcode() in wp-includes\/media.php *\/\n\t\t<\/style>\n\t\t<div id='gallery-1' class='gallery galleryid-951 gallery-columns-3 gallery-size-thumbnail'><dl class='gallery-item'>\n\t\t\t<dt class='gallery-icon landscape'>\n\t\t\t\t<a href='https:\/\/blogs.crespel.me\/usa2011\/wp-content\/uploads\/sites\/5\/2011\/09\/IMG_2892.jpg'><img loading=\"lazy\" decoding=\"async\" width=\"150\" height=\"150\" src=\"https:\/\/blogs.crespel.me\/usa2011\/wp-content\/uploads\/sites\/5\/2011\/09\/IMG_2892-150x150.jpg\" class=\"attachment-thumbnail size-thumbnail\" alt=\"\" \/><\/a>\n\t\t\t<\/dt><\/dl><dl class='gallery-item'>\n\t\t\t<dt class='gallery-icon landscape'>\n\t\t\t\t<a href='https:\/\/blogs.crespel.me\/usa2011\/wp-content\/uploads\/sites\/5\/2011\/09\/IMG_2896.jpg'><img loading=\"lazy\" decoding=\"async\" width=\"150\" height=\"150\" src=\"https:\/\/blogs.crespel.me\/usa2011\/wp-content\/uploads\/sites\/5\/2011\/09\/IMG_2896-150x150.jpg\" class=\"attachment-thumbnail size-thumbnail\" alt=\"\" \/><\/a>\n\t\t\t<\/dt><\/dl><dl class='gallery-item'>\n\t\t\t<dt class='gallery-icon portrait'>\n\t\t\t\t<a href='https:\/\/blogs.crespel.me\/usa2011\/wp-content\/uploads\/sites\/5\/2011\/09\/IMG_2904.jpg'><img loading=\"lazy\" decoding=\"async\" width=\"150\" height=\"150\" src=\"https:\/\/blogs.crespel.me\/usa2011\/wp-content\/uploads\/sites\/5\/2011\/09\/IMG_2904-150x150.jpg\" class=\"attachment-thumbnail size-thumbnail\" alt=\"\" \/><\/a>\n\t\t\t<\/dt><\/dl><br style=\"clear: both\" \/><dl class='gallery-item'>\n\t\t\t<dt class='gallery-icon landscape'>\n\t\t\t\t<a href='https:\/\/blogs.crespel.me\/usa2011\/wp-content\/uploads\/sites\/5\/2011\/09\/IMG_2831.jpg'><img loading=\"lazy\" decoding=\"async\" width=\"150\" height=\"150\" src=\"https:\/\/blogs.crespel.me\/usa2011\/wp-content\/uploads\/sites\/5\/2011\/09\/IMG_2831-150x150.jpg\" class=\"attachment-thumbnail size-thumbnail\" alt=\"\" \/><\/a>\n\t\t\t<\/dt><\/dl><dl class='gallery-item'>\n\t\t\t<dt class='gallery-icon landscape'>\n\t\t\t\t<a href='https:\/\/blogs.crespel.me\/usa2011\/wp-content\/uploads\/sites\/5\/2011\/09\/IMG_2796.jpg'><img loading=\"lazy\" decoding=\"async\" width=\"150\" height=\"150\" src=\"https:\/\/blogs.crespel.me\/usa2011\/wp-content\/uploads\/sites\/5\/2011\/09\/IMG_2796-150x150.jpg\" class=\"attachment-thumbnail size-thumbnail\" alt=\"\" \/><\/a>\n\t\t\t<\/dt><\/dl><dl class='gallery-item'>\n\t\t\t<dt class='gallery-icon landscape'>\n\t\t\t\t<a href='https:\/\/blogs.crespel.me\/usa2011\/wp-content\/uploads\/sites\/5\/2011\/09\/IMG_2784.jpg'><img loading=\"lazy\" decoding=\"async\" width=\"150\" height=\"150\" src=\"https:\/\/blogs.crespel.me\/usa2011\/wp-content\/uploads\/sites\/5\/2011\/09\/IMG_2784-150x150.jpg\" class=\"attachment-thumbnail size-thumbnail\" alt=\"\" \/><\/a>\n\t\t\t<\/dt><\/dl><br style=\"clear: both\" \/><dl class='gallery-item'>\n\t\t\t<dt class='gallery-icon landscape'>\n\t\t\t\t<a href='https:\/\/blogs.crespel.me\/usa2011\/wp-content\/uploads\/sites\/5\/2011\/09\/DSCF8190.jpg'><img loading=\"lazy\" decoding=\"async\" width=\"150\" height=\"150\" src=\"https:\/\/blogs.crespel.me\/usa2011\/wp-content\/uploads\/sites\/5\/2011\/09\/DSCF8190-150x150.jpg\" class=\"attachment-thumbnail size-thumbnail\" alt=\"\" \/><\/a>\n\t\t\t<\/dt><\/dl><dl class='gallery-item'>\n\t\t\t<dt class='gallery-icon landscape'>\n\t\t\t\t<a href='https:\/\/blogs.crespel.me\/usa2011\/wp-content\/uploads\/sites\/5\/2011\/09\/DSCF8189.jpg'><img loading=\"lazy\" decoding=\"async\" width=\"150\" height=\"150\" src=\"https:\/\/blogs.crespel.me\/usa2011\/wp-content\/uploads\/sites\/5\/2011\/09\/DSCF8189-150x150.jpg\" class=\"attachment-thumbnail size-thumbnail\" alt=\"\" \/><\/a>\n\t\t\t<\/dt><\/dl><dl class='gallery-item'>\n\t\t\t<dt class='gallery-icon portrait'>\n\t\t\t\t<a href='https:\/\/blogs.crespel.me\/usa2011\/wp-content\/uploads\/sites\/5\/2011\/09\/DSCF8187.jpg'><img loading=\"lazy\" decoding=\"async\" width=\"150\" height=\"150\" src=\"https:\/\/blogs.crespel.me\/usa2011\/wp-content\/uploads\/sites\/5\/2011\/09\/DSCF8187-150x150.jpg\" class=\"attachment-thumbnail size-thumbnail\" alt=\"\" \/><\/a>\n\t\t\t<\/dt><\/dl><br style=\"clear: both\" \/><dl class='gallery-item'>\n\t\t\t<dt class='gallery-icon landscape'>\n\t\t\t\t<a href='https:\/\/blogs.crespel.me\/usa2011\/wp-content\/uploads\/sites\/5\/2011\/09\/IMG_2543.jpg'><img loading=\"lazy\" decoding=\"async\" width=\"150\" height=\"150\" src=\"https:\/\/blogs.crespel.me\/usa2011\/wp-content\/uploads\/sites\/5\/2011\/09\/IMG_2543-150x150.jpg\" class=\"attachment-thumbnail size-thumbnail\" alt=\"\" \/><\/a>\n\t\t\t<\/dt><\/dl><dl class='gallery-item'>\n\t\t\t<dt class='gallery-icon landscape'>\n\t\t\t\t<a href='https:\/\/blogs.crespel.me\/usa2011\/wp-content\/uploads\/sites\/5\/2011\/09\/IMG_2533.jpg'><img loading=\"lazy\" decoding=\"async\" width=\"150\" height=\"150\" src=\"https:\/\/blogs.crespel.me\/usa2011\/wp-content\/uploads\/sites\/5\/2011\/09\/IMG_2533-150x150.jpg\" class=\"attachment-thumbnail size-thumbnail\" alt=\"\" \/><\/a>\n\t\t\t<\/dt><\/dl><dl class='gallery-item'>\n\t\t\t<dt class='gallery-icon landscape'>\n\t\t\t\t<a href='https:\/\/blogs.crespel.me\/usa2011\/wp-content\/uploads\/sites\/5\/2011\/09\/DSCF8054.jpg'><img loading=\"lazy\" decoding=\"async\" width=\"150\" height=\"150\" src=\"https:\/\/blogs.crespel.me\/usa2011\/wp-content\/uploads\/sites\/5\/2011\/09\/DSCF8054-150x150.jpg\" class=\"attachment-thumbnail size-thumbnail\" alt=\"\" \/><\/a>\n\t\t\t<\/dt><\/dl><br style=\"clear: both\" \/>\n\t\t<\/div>\n\n","protected":false},"excerpt":{"rendered":"<p>Au cours de notre p\u00e9riple, nous avons d\u00e9couvert 4 endroits insolites que nous souhaitons mettre \u00e0 l&rsquo;honneur. Jour 04 le mercredi 17 ao\u00fbt : Le Classical Gas Museum est situ\u00e9 vers le mile 18 de la route 68, apr\u00e8s Embudo (entre Espanola et Pilar, donc au Sud de Taos\/Nouveau Mexique). Je n&rsquo;avais que ce nom [&hellip;]<\/p>\n","protected":false},"author":2,"featured_media":0,"parent":50,"menu_order":0,"comment_status":"open","ping_status":"open","template":"","meta":{"footnotes":""},"class_list":["post-951","page","type-page","status-publish","hentry"],"_links":{"self":[{"href":"https:\/\/blogs.crespel.me\/usa2011\/wp-json\/wp\/v2\/pages\/951","targetHints":{"allow":["GET"]}}],"collection":[{"href":"https:\/\/blogs.crespel.me\/usa2011\/wp-json\/wp\/v2\/pages"}],"about":[{"href":"https:\/\/blogs.crespel.me\/usa2011\/wp-json\/wp\/v2\/types\/page"}],"author":[{"embeddable":true,"href":"https:\/\/blogs.crespel.me\/usa2011\/wp-json\/wp\/v2\/users\/2"}],"replies":[{"embeddable":true,"href":"https:\/\/blogs.crespel.me\/usa2011\/wp-json\/wp\/v2\/comments?post=951"}],"version-history":[{"count":12,"href":"https:\/\/blogs.crespel.me\/usa2011\/wp-json\/wp\/v2\/pages\/951\/revisions"}],"predecessor-version":[{"id":975,"href":"https:\/\/blogs.crespel.me\/usa2011\/wp-json\/wp\/v2\/pages\/951\/revisions\/975"}],"up":[{"embeddable":true,"href":"https:\/\/blogs.crespel.me\/usa2011\/wp-json\/wp\/v2\/pages\/50"}],"wp:attachment":[{"href":"https:\/\/blogs.crespel.me\/usa2011\/wp-json\/wp\/v2\/media?parent=951"}],"curies":[{"name":"wp","href":"https:\/\/api.w.org\/{rel}","templated":true}]}}