{"id":735,"date":"2011-08-31T20:34:36","date_gmt":"2011-08-31T18:34:36","guid":{"rendered":"http:\/\/blogs.crespel.me\/usa2011\/?page_id=735"},"modified":"2013-06-09T15:01:02","modified_gmt":"2013-06-09T13:01:02","slug":"wolcott-hotel","status":"publish","type":"page","link":"https:\/\/blogs.crespel.me\/usa2011\/annexes\/campgrounds\/wolcott-hotel\/","title":{"rendered":"Wolcott H\u00f4tel"},"content":{"rendered":"<h3>Description<\/h3>\n<ul>\n<li>Situ\u00e9 \u00e0 Manhattan, sur la 4 West 31 street, entre la 5\u00e8me Avenue et Broadway, il est \u00e0 2 blocs de l&rsquo;Empire State Building, donc tr\u00e8s bien plac\u00e9.<\/li>\n<li>Pour la chambre triple nous avons pay\u00e9 809,32 $ pour les 3 nuits (c&rsquo;est tr\u00e8s cher, pas pour Manhattan&#8230; mais \u00e0 cause de la date &#8211; WE du Labor Day qui est la f\u00eate du travail).<\/li>\n<li>Petit d\u00e9jeuner inclus&#8230;mais \u00e0 prendre sur les fauteuils du salon d&rsquo;entr\u00e9e&#8230;et limit\u00e9 \u00e0 : caf\u00e9, th\u00e9, muffins, et c&rsquo;est tout !!!<\/li>\n<li>Ouvert en 1904 et comprenant 200 spacieuses chambres, il a \u00e9t\u00e9, bien s\u00fbr, r\u00e9nov\u00e9, mais a conserv\u00e9 un certain charme r\u00e9tro. Service de chambre impeccable. <strong>Septembre 2011: note 8\/10.<\/strong><\/li>\n<\/ul>\n<h3>Photos<\/h3>\n\n\t\t<style type=\"text\/css\">\n\t\t\t#gallery-1 {\n\t\t\t\tmargin: auto;\n\t\t\t}\n\t\t\t#gallery-1 .gallery-item {\n\t\t\t\tfloat: left;\n\t\t\t\tmargin-top: 10px;\n\t\t\t\ttext-align: center;\n\t\t\t\twidth: 33%;\n\t\t\t}\n\t\t\t#gallery-1 img {\n\t\t\t\tborder: 2px solid #cfcfcf;\n\t\t\t}\n\t\t\t#gallery-1 .gallery-caption {\n\t\t\t\tmargin-left: 0;\n\t\t\t}\n\t\t\t\/* see gallery_shortcode() in wp-includes\/media.php *\/\n\t\t<\/style>\n\t\t<div id='gallery-1' class='gallery galleryid-735 gallery-columns-3 gallery-size-thumbnail'><dl class='gallery-item'>\n\t\t\t<dt class='gallery-icon landscape'>\n\t\t\t\t<a href='https:\/\/blogs.crespel.me\/usa2011\/wp-content\/uploads\/sites\/5\/2011\/09\/DSCF8669.jpg'><img loading=\"lazy\" decoding=\"async\" width=\"150\" height=\"150\" src=\"https:\/\/blogs.crespel.me\/usa2011\/wp-content\/uploads\/sites\/5\/2011\/09\/DSCF8669-150x150.jpg\" class=\"attachment-thumbnail size-thumbnail\" alt=\"\" \/><\/a>\n\t\t\t<\/dt><\/dl><dl class='gallery-item'>\n\t\t\t<dt class='gallery-icon landscape'>\n\t\t\t\t<a href='https:\/\/blogs.crespel.me\/usa2011\/wp-content\/uploads\/sites\/5\/2011\/09\/IMG_3750.jpg'><img loading=\"lazy\" decoding=\"async\" width=\"150\" height=\"150\" src=\"https:\/\/blogs.crespel.me\/usa2011\/wp-content\/uploads\/sites\/5\/2011\/09\/IMG_3750-150x150.jpg\" class=\"attachment-thumbnail size-thumbnail\" alt=\"\" \/><\/a>\n\t\t\t<\/dt><\/dl><dl class='gallery-item'>\n\t\t\t<dt class='gallery-icon landscape'>\n\t\t\t\t<a href='https:\/\/blogs.crespel.me\/usa2011\/wp-content\/uploads\/sites\/5\/2011\/09\/IMG_3748.jpg'><img loading=\"lazy\" decoding=\"async\" width=\"150\" height=\"150\" src=\"https:\/\/blogs.crespel.me\/usa2011\/wp-content\/uploads\/sites\/5\/2011\/09\/IMG_3748-150x150.jpg\" class=\"attachment-thumbnail size-thumbnail\" alt=\"\" \/><\/a>\n\t\t\t<\/dt><\/dl><br style=\"clear: both\" \/>\n\t\t<\/div>\n\n","protected":false},"excerpt":{"rendered":"<p>Description Situ\u00e9 \u00e0 Manhattan, sur la 4 West 31 street, entre la 5\u00e8me Avenue et Broadway, il est \u00e0 2 blocs de l&rsquo;Empire State Building, donc tr\u00e8s bien plac\u00e9. Pour la chambre triple nous avons pay\u00e9 809,32 $ pour les 3 nuits (c&rsquo;est tr\u00e8s cher, pas pour Manhattan&#8230; mais \u00e0 cause de la date &#8211; [&hellip;]<\/p>\n","protected":false},"author":2,"featured_media":0,"parent":122,"menu_order":0,"comment_status":"open","ping_status":"open","template":"","meta":{"footnotes":""},"class_list":["post-735","page","type-page","status-publish","hentry"],"_links":{"self":[{"href":"https:\/\/blogs.crespel.me\/usa2011\/wp-json\/wp\/v2\/pages\/735","targetHints":{"allow":["GET"]}}],"collection":[{"href":"https:\/\/blogs.crespel.me\/usa2011\/wp-json\/wp\/v2\/pages"}],"about":[{"href":"https:\/\/blogs.crespel.me\/usa2011\/wp-json\/wp\/v2\/types\/page"}],"author":[{"embeddable":true,"href":"https:\/\/blogs.crespel.me\/usa2011\/wp-json\/wp\/v2\/users\/2"}],"replies":[{"embeddable":true,"href":"https:\/\/blogs.crespel.me\/usa2011\/wp-json\/wp\/v2\/comments?post=735"}],"version-history":[{"count":5,"href":"https:\/\/blogs.crespel.me\/usa2011\/wp-json\/wp\/v2\/pages\/735\/revisions"}],"predecessor-version":[{"id":1116,"href":"https:\/\/blogs.crespel.me\/usa2011\/wp-json\/wp\/v2\/pages\/735\/revisions\/1116"}],"up":[{"embeddable":true,"href":"https:\/\/blogs.crespel.me\/usa2011\/wp-json\/wp\/v2\/pages\/122"}],"wp:attachment":[{"href":"https:\/\/blogs.crespel.me\/usa2011\/wp-json\/wp\/v2\/media?parent=735"}],"curies":[{"name":"wp","href":"https:\/\/api.w.org\/{rel}","templated":true}]}}