{"id":625,"date":"2011-09-08T18:07:05","date_gmt":"2011-09-08T16:07:05","guid":{"rendered":"http:\/\/blogs.crespel.me\/usa2011\/?page_id=625"},"modified":"2011-09-10T18:44:07","modified_gmt":"2011-09-10T16:44:07","slug":"le-bilan","status":"publish","type":"page","link":"https:\/\/blogs.crespel.me\/usa2011\/annexes\/le-bilan\/","title":{"rendered":"Le bilan"},"content":{"rendered":"<h3><strong>Le Bilan en quelques chiffres<\/strong><\/h3>\n<ul>\n<li>Nous avons mis les pieds dans <strong>4 Etats<\/strong>, dont principalement : le <strong>Nouveau Mexique<\/strong> (partie Nord-Ouest), puis un peu du COLORADO (Durango \u00e0 Grand Junction), de l&rsquo;UTAH (Moab \u00e0 Monument Valley), de l&rsquo;ARIZONA (Monument Valley \u00e0 Gallup). Et 2j1\/2 \u00e0 <strong>New York<\/strong> au retour.<\/li>\n<li>2090 miles \/ <strong>3350 km<\/strong> parcourus en camping car 25 pieds (7,60m et plus de 4,5 tonnes) de Cruise America.<strong><br \/>\n<\/strong><\/li>\n<li>Vols Transatlantiques par Continental Airways de Bruxelles \u00e0 Washington et de NYC\/Newark \u00e0 Bruxelles, et vols int\u00e9rieurs par United Airlines de Washington \u00e0 Albuquerque et de Albuquerque \u00e0 NYC\/LaGuardia (par Chicago).<\/li>\n<li>Ont \u00e9t\u00e9 visit\u00e9s : 12 National Parks\/State Parks\/National Monuments, 50 villes\/mus\u00e9es\/Old Towns\/sites ou routes remarquables. Puis nous avons sillonn\u00e9 Manhattan.<\/li>\n<li>En r\u00e9sum\u00e9 nous avons \u00ab\u00a0peu randonn\u00e9\u00a0\u00bb cette ann\u00e9e mais beaucoup visit\u00e9 !<\/li>\n<li>3290 photos et vid\u00e9os (soit 3100 photos, dont 1000 pour Jean et 2100 pour Fabien, et 190 vid\u00e9os r\u00e9alis\u00e9es majoritairement par Fabien). Aucune retouche effectu\u00e9e sur les photos du blog !<\/li>\n<\/ul>\n<h3>Le Budget<\/h3>\n<p><strong>Le budget<\/strong> est conditionn\u00e9 essentiellement par la p\u00e9riode choisie (ao\u00fbt est plus cher), la dur\u00e9e (20 jours sur place, dont 17 en camping-car), la formule (camping car, et non h\u00f4tel + voiture), le nombre de personnes (3 adultes), le taux de change \u20ac\/$ (1,33 \u00e0 1,44) :<\/p>\n<ul>\n<li><strong>Budget de base :<\/strong>\n<ul>\n<li>Avion depuis Bruxelles par Continental\/United (internet par voyagesncf.com) = 1025\u20ac\/pers. = 3075\u20ac pour 3 adultes.<\/li>\n<li>Location camping car Cruise America France (25 pieds, voir rubrique s\u00e9par\u00e9e) = 2100\u20ac.<\/li>\n<li>Les 3 h\u00f4tels (direct sur leur site internet), Holiday Inn et Econolodge \u00e0 Albuquerque puis Wolcott \u00e0 NYC = 715\u20ac.<\/li>\n<li>17 nuits camping RVpark =455\u20ac (soit 26,80 \u20ac\/nuit).<\/li>\n<li>Essence camping car (3,53$ le gallon de 3,8L) soit 3350km \u00e0 23,4L\/100= 780L = 520\u20ac.<\/li>\n<li>Nourriture h\u00f4tel\/restaurants\/magasins d&rsquo;alimentation = 775\u20ac (soit 13\u20ac\/jour\/pers.).<\/li>\n<li>Transports \u00e0 Albuquerque et NYC = 190\u20ac.<\/li>\n<li>Entr\u00e9es des parcs et mus\u00e9es, visites (dont pass Nationaux \u00e0 80$) = 170\u20ac.<\/li>\n<li><strong>TOTAL base = <\/strong><strong>8000\u20ac.<\/strong><\/li>\n<\/ul>\n<\/li>\n<li><strong>Les extras : <\/strong>\n<ul>\n<li>Les Visites d&rsquo;Acoma Pueblo et Taos Pueblo= 65\u20ac.<\/li>\n<li>Tour 4&#215;4 \u00e0 Monument Valley (3h30 Goulding&rsquo;s) = 105\u20ac.<\/li>\n<li>Tour 4&#215;4 au Canyon de Chelly (4h00 avec Howard)= 130\u20ac.<\/li>\n<li>Les 2 circuits en bateau et les 2 tours de Manhattan= 210\u20ac.<\/li>\n<li>Cadeaux divers =235\u20ac.<\/li>\n<li><strong>TOTAL extras = <\/strong><strong>745\u20ac.<\/strong><\/li>\n<\/ul>\n<\/li>\n<li><em><strong>Le Total = 8745\u20ac r\u00e9partis comme suit :<\/strong><\/em>\n<ul>\n<li><em>avion = 35,1%<\/em><\/li>\n<li><em>location CC = 24%<\/em><\/li>\n<li><em>extras = 8,5%<\/em><\/li>\n<li><em>essence =5,9%<\/em><\/li>\n<li><em>campings = 5,2%<\/em><\/li>\n<li><em>nourriture = 8,9%<\/em><\/li>\n<li><em>autres = 12,4%<\/em><\/li>\n<li><em>pay\u00e9 en Euro = 3075\u20ac et pay\u00e9 en Dollar = 7820$ (= 5670\u20ac <\/em><em>au taux global de 1,38\/0,725).<\/em><\/li>\n<\/ul>\n<\/li>\n<li><em>Le co\u00fbt suppl\u00e9mentaire de la formule camping-car (au lieu de h\u00f4tel\/voiture) peut \u00eatre estim\u00e9 \u00e0 900\u20ac). Soit pour notre cas 10% de la d\u00e9pense globale.<\/em><\/li>\n<\/ul>\n","protected":false},"excerpt":{"rendered":"<p>Le Bilan en quelques chiffres Nous avons mis les pieds dans 4 Etats, dont principalement : le Nouveau Mexique (partie Nord-Ouest), puis un peu du COLORADO (Durango \u00e0 Grand Junction), de l&rsquo;UTAH (Moab \u00e0 Monument Valley), de l&rsquo;ARIZONA (Monument Valley \u00e0 Gallup). Et 2j1\/2 \u00e0 New York au retour. 2090 miles \/ 3350 km parcourus [&hellip;]<\/p>\n","protected":false},"author":2,"featured_media":0,"parent":50,"menu_order":0,"comment_status":"open","ping_status":"open","template":"","meta":{"footnotes":""},"class_list":["post-625","page","type-page","status-publish","hentry"],"_links":{"self":[{"href":"https:\/\/blogs.crespel.me\/usa2011\/wp-json\/wp\/v2\/pages\/625","targetHints":{"allow":["GET"]}}],"collection":[{"href":"https:\/\/blogs.crespel.me\/usa2011\/wp-json\/wp\/v2\/pages"}],"about":[{"href":"https:\/\/blogs.crespel.me\/usa2011\/wp-json\/wp\/v2\/types\/page"}],"author":[{"embeddable":true,"href":"https:\/\/blogs.crespel.me\/usa2011\/wp-json\/wp\/v2\/users\/2"}],"replies":[{"embeddable":true,"href":"https:\/\/blogs.crespel.me\/usa2011\/wp-json\/wp\/v2\/comments?post=625"}],"version-history":[{"count":5,"href":"https:\/\/blogs.crespel.me\/usa2011\/wp-json\/wp\/v2\/pages\/625\/revisions"}],"predecessor-version":[{"id":730,"href":"https:\/\/blogs.crespel.me\/usa2011\/wp-json\/wp\/v2\/pages\/625\/revisions\/730"}],"up":[{"embeddable":true,"href":"https:\/\/blogs.crespel.me\/usa2011\/wp-json\/wp\/v2\/pages\/50"}],"wp:attachment":[{"href":"https:\/\/blogs.crespel.me\/usa2011\/wp-json\/wp\/v2\/media?parent=625"}],"curies":[{"name":"wp","href":"https:\/\/api.w.org\/{rel}","templated":true}]}}