{"id":202,"date":"2011-08-07T17:54:30","date_gmt":"2011-08-07T15:54:30","guid":{"rendered":"http:\/\/blogs.crespel.me\/usa2011\/?page_id=202"},"modified":"2013-06-09T14:47:51","modified_gmt":"2013-06-09T12:47:51","slug":"cedar-creek-rv-a-montrose","status":"publish","type":"page","link":"https:\/\/blogs.crespel.me\/usa2011\/annexes\/campgrounds\/cedar-creek-rv-a-montrose\/","title":{"rendered":"Cedar Creek RV \u00e0 Montrose"},"content":{"rendered":"<h3>Description<\/h3>\n<ul>\n<li>Situ\u00e9 sur Rose Lane, pr\u00e8s de la 50 Est, \u00e0 1,5 mile du centre (pr\u00e8s du cimeti\u00e8re et du golf !).<\/li>\n<li>Un peu difficile \u00e0 trouver (pr\u00e8s du Best Western) dans une zone d&rsquo;activit\u00e9s.<\/li>\n<li>R\u00e9servable sur leur site.<\/li>\n<li>Prix 39$ pour un RV25 et 3 personnes.<\/li>\n<li>Full Hookups.<\/li>\n<li><strong>Ao\u00fbt 2011: note 8\/10.<\/strong> Emplacement pr\u00e8s de l&rsquo;entr\u00e9e et du b\u00e2timent d&rsquo;accueil.<\/li>\n<li>Peu ombrag\u00e9, 40 places, minigolf 18 trous, RV park familial.<\/li>\n<li>Voisinage am\u00e9ricain sympa, avec un \u00e9norme CC pos\u00e9 sur un pick-up (plut\u00f4t un tracteur de semi&#8230;) et conduit par un tout petit bout de femme !<\/li>\n<\/ul>\n<h3>Photos<\/h3>\n\n\t\t<style type=\"text\/css\">\n\t\t\t#gallery-1 {\n\t\t\t\tmargin: auto;\n\t\t\t}\n\t\t\t#gallery-1 .gallery-item {\n\t\t\t\tfloat: left;\n\t\t\t\tmargin-top: 10px;\n\t\t\t\ttext-align: center;\n\t\t\t\twidth: 33%;\n\t\t\t}\n\t\t\t#gallery-1 img {\n\t\t\t\tborder: 2px solid #cfcfcf;\n\t\t\t}\n\t\t\t#gallery-1 .gallery-caption {\n\t\t\t\tmargin-left: 0;\n\t\t\t}\n\t\t\t\/* see gallery_shortcode() in wp-includes\/media.php *\/\n\t\t<\/style>\n\t\t<div id='gallery-1' class='gallery galleryid-202 gallery-columns-3 gallery-size-thumbnail'><dl class='gallery-item'>\n\t\t\t<dt class='gallery-icon landscape'>\n\t\t\t\t<a href='https:\/\/blogs.crespel.me\/usa2011\/wp-content\/uploads\/sites\/5\/2011\/09\/IMG_2758.jpg'><img loading=\"lazy\" decoding=\"async\" width=\"150\" height=\"150\" src=\"https:\/\/blogs.crespel.me\/usa2011\/wp-content\/uploads\/sites\/5\/2011\/09\/IMG_2758-150x150.jpg\" class=\"attachment-thumbnail size-thumbnail\" alt=\"\" \/><\/a>\n\t\t\t<\/dt><\/dl><dl class='gallery-item'>\n\t\t\t<dt class='gallery-icon landscape'>\n\t\t\t\t<a href='https:\/\/blogs.crespel.me\/usa2011\/wp-content\/uploads\/sites\/5\/2011\/09\/DSCF8211.jpg'><img loading=\"lazy\" decoding=\"async\" width=\"150\" height=\"150\" src=\"https:\/\/blogs.crespel.me\/usa2011\/wp-content\/uploads\/sites\/5\/2011\/09\/DSCF8211-150x150.jpg\" class=\"attachment-thumbnail size-thumbnail\" alt=\"\" \/><\/a>\n\t\t\t<\/dt><\/dl><dl class='gallery-item'>\n\t\t\t<dt class='gallery-icon landscape'>\n\t\t\t\t<a href='https:\/\/blogs.crespel.me\/usa2011\/wp-content\/uploads\/sites\/5\/2011\/09\/DSCF8210.jpg'><img loading=\"lazy\" decoding=\"async\" width=\"150\" height=\"150\" src=\"https:\/\/blogs.crespel.me\/usa2011\/wp-content\/uploads\/sites\/5\/2011\/09\/DSCF8210-150x150.jpg\" class=\"attachment-thumbnail size-thumbnail\" alt=\"\" \/><\/a>\n\t\t\t<\/dt><\/dl><br style=\"clear: both\" \/>\n\t\t<\/div>\n\n","protected":false},"excerpt":{"rendered":"<p>Description Situ\u00e9 sur Rose Lane, pr\u00e8s de la 50 Est, \u00e0 1,5 mile du centre (pr\u00e8s du cimeti\u00e8re et du golf !). Un peu difficile \u00e0 trouver (pr\u00e8s du Best Western) dans une zone d&rsquo;activit\u00e9s. R\u00e9servable sur leur site. Prix 39$ pour un RV25 et 3 personnes. Full Hookups. Ao\u00fbt 2011: note 8\/10. Emplacement pr\u00e8s [&hellip;]<\/p>\n","protected":false},"author":2,"featured_media":0,"parent":122,"menu_order":0,"comment_status":"open","ping_status":"open","template":"","meta":{"footnotes":""},"class_list":["post-202","page","type-page","status-publish","hentry"],"_links":{"self":[{"href":"https:\/\/blogs.crespel.me\/usa2011\/wp-json\/wp\/v2\/pages\/202","targetHints":{"allow":["GET"]}}],"collection":[{"href":"https:\/\/blogs.crespel.me\/usa2011\/wp-json\/wp\/v2\/pages"}],"about":[{"href":"https:\/\/blogs.crespel.me\/usa2011\/wp-json\/wp\/v2\/types\/page"}],"author":[{"embeddable":true,"href":"https:\/\/blogs.crespel.me\/usa2011\/wp-json\/wp\/v2\/users\/2"}],"replies":[{"embeddable":true,"href":"https:\/\/blogs.crespel.me\/usa2011\/wp-json\/wp\/v2\/comments?post=202"}],"version-history":[{"count":6,"href":"https:\/\/blogs.crespel.me\/usa2011\/wp-json\/wp\/v2\/pages\/202\/revisions"}],"predecessor-version":[{"id":1104,"href":"https:\/\/blogs.crespel.me\/usa2011\/wp-json\/wp\/v2\/pages\/202\/revisions\/1104"}],"up":[{"embeddable":true,"href":"https:\/\/blogs.crespel.me\/usa2011\/wp-json\/wp\/v2\/pages\/122"}],"wp:attachment":[{"href":"https:\/\/blogs.crespel.me\/usa2011\/wp-json\/wp\/v2\/media?parent=202"}],"curies":[{"name":"wp","href":"https:\/\/api.w.org\/{rel}","templated":true}]}}