{"id":2,"date":"2011-04-17T11:15:22","date_gmt":"2011-04-17T09:15:22","guid":{"rendered":"http:\/\/blogs.crespel.me\/usa2011\/?page_id=2"},"modified":"2025-12-01T13:51:11","modified_gmt":"2025-12-01T12:51:11","slug":"presentation","status":"publish","type":"page","link":"https:\/\/blogs.crespel.me\/usa2011\/","title":{"rendered":"Pr\u00e9sentation"},"content":{"rendered":"<p>Bonjour \u00e0 toutes et tous.<\/p>\n<p>Le Blog de notre deuxi\u00e8me voyage dans l&rsquo;Ouest Am\u00e9ricain a \u00e9t\u00e9 lanc\u00e9 quand nous y \u00e9tions, donc il y a d\u00e9j\u00e0 plus de 14 ans\u00a0 ! ! !<\/p>\n<ul>\n<li>L&rsquo;onglet <strong><a href=\"\/usa2011\/blog\/\">Blog<\/a><\/strong> vous permettra de suivre notre parcours au jour le jour, avec \u00ab\u00a0le pr\u00e9vu\u00a0\u00bb et&#8230; \u00ab\u00a0le r\u00e9alis\u00e9\u00a0\u00bb.<\/li>\n<li>L&rsquo;onglet <strong><a href=\"\/usa2011\/annexes\/\">Annexes<\/a><\/strong> comporte maintenant les rubriques similaires \u00e0 celles du blog 2009 : campgrounds, balades, visites et infos utiles, le bilan financier, la fa\u00e7on de voyager en camping-car.<\/li>\n<\/ul>\n<h3>Le parcours<\/h3>\n<p>Le point de d\u00e9part de cette nouvelle boucle en Camping-Car se situe \u00e0 <strong>Albuquerque<\/strong>, au Nouveau Mexique. Mont\u00e9e vers le Nord jusque <strong>Taos<\/strong>, puis retour vers <strong>Santa Fe<\/strong>, et cap \u00e0 l&rsquo;Ouest\/Nord jusque <strong>Durango<\/strong>.<\/p>\n<p>Remont\u00e9e de l&rsquo;\u00e9tat du <strong>Colorado<\/strong> jusque Grand Junction, puis vers <strong>Moab<\/strong> en Utah.<\/p>\n<p>Descente vers les <strong>Terres Indiennes<\/strong> : Monument Valley &#8211; Canyon de Chelly &#8211; Gallup et Zuni Pueblo &#8211; Acoma puis Pecos Pueblo.<\/p>\n<p>Pour cette premi\u00e8re partie <span style=\"text-decoration: underline\"><strong>208 photos<\/strong><\/span> non retouch\u00e9es vous sont pr\u00e9sent\u00e9es (cliquer dessus pour les agrandir).<\/p>\n\n\t\t<style type=\"text\/css\">\n\t\t\t#gallery-1 {\n\t\t\t\tmargin: auto;\n\t\t\t}\n\t\t\t#gallery-1 .gallery-item {\n\t\t\t\tfloat: left;\n\t\t\t\tmargin-top: 10px;\n\t\t\t\ttext-align: center;\n\t\t\t\twidth: 50%;\n\t\t\t}\n\t\t\t#gallery-1 img {\n\t\t\t\tborder: 2px solid #cfcfcf;\n\t\t\t}\n\t\t\t#gallery-1 .gallery-caption {\n\t\t\t\tmargin-left: 0;\n\t\t\t}\n\t\t\t\/* see gallery_shortcode() in wp-includes\/media.php *\/\n\t\t<\/style>\n\t\t<div id='gallery-1' class='gallery galleryid-2 gallery-columns-2 gallery-size-thumbnail'><dl class='gallery-item'>\n\t\t\t<dt class='gallery-icon landscape'>\n\t\t\t\t<a href='https:\/\/blogs.crespel.me\/usa2011\/wp-content\/uploads\/sites\/5\/2011\/04\/carte_etats_unis.jpg'><img loading=\"lazy\" decoding=\"async\" width=\"150\" height=\"150\" src=\"https:\/\/blogs.crespel.me\/usa2011\/wp-content\/uploads\/sites\/5\/2011\/04\/carte_etats_unis-150x150.jpg\" class=\"attachment-thumbnail size-thumbnail\" alt=\"\" \/><\/a>\n\t\t\t<\/dt><\/dl><dl class='gallery-item'>\n\t\t\t<dt class='gallery-icon portrait'>\n\t\t\t\t<a href='https:\/\/blogs.crespel.me\/usa2011\/wp-content\/uploads\/sites\/5\/2011\/04\/carte_etats_unis-2.jpg'><img loading=\"lazy\" decoding=\"async\" width=\"150\" height=\"150\" src=\"https:\/\/blogs.crespel.me\/usa2011\/wp-content\/uploads\/sites\/5\/2011\/04\/carte_etats_unis-2-150x150.jpg\" class=\"attachment-thumbnail size-thumbnail\" alt=\"\" \/><\/a>\n\t\t\t<\/dt><\/dl><br style=\"clear: both\" \/>\n\t\t<\/div>\n\n<p>Retour \u00e0 Albuquerque pour envol vers <strong>New York<\/strong> et 2 jours 1\/2 de visites.<\/p>\n<p>Pour cette 2\u00e8me partie <span style=\"text-decoration: underline\"><strong>72 photos<\/strong><\/span> non retouch\u00e9es vous sont pr\u00e9sent\u00e9es (cliquer dessus pour les agrandir).<\/p>\n<p>Vous trouverez d\u00e8s \u00e0 pr\u00e9sent plusieurs fichiers ci-dessous : les activit\u00e9s et visites pr\u00e9vues, et les cartes des diff\u00e9rentes parties.<\/p>\n<p><a href=\"http:\/\/blogs.crespel.me\/usa2011\/files\/2011\/04\/Programme-de-visites-2011.pdf\">Programme de visites 2011<\/a><\/p>\n<p><a href=\"http:\/\/blogs.crespel.me\/usa2011\/files\/2011\/04\/Planning2011-final-NM-AZ-NYC.pdf\">Planning2011 final NM AZ NYC<\/a><\/p>\n<p><a href=\"http:\/\/blogs.crespel.me\/usa2011\/files\/2011\/04\/J2-\u00e0-J6-carte-Albuquerque-\u00e0-Durango.pdf\">J2 \u00e0 J6 carte Albuquerque \u00e0 Durango<\/a><\/p>\n<p><a href=\"http:\/\/blogs.crespel.me\/usa2011\/files\/2011\/04\/J7-\u00e0-J12-carte-Durango-\u00e0-MV.pdf\">J7 \u00e0 J12 carte Durango \u00e0 MV<\/a><\/p>\n<p><a href=\"http:\/\/blogs.crespel.me\/usa2011\/files\/2011\/04\/J13-\u00e0-J17-carte-MV-\u00e0-Albu.pdf\">J13 \u00e0 J17 carte MV \u00e0 Albu<\/a><\/p>\n<p><a href=\"http:\/\/blogs.crespel.me\/usa2011\/files\/2011\/03\/GreenwichV-\u00e0-Chinatown-carte.pdf\">GreenwichV \u00e0 Chinatown carte NYC<\/a><\/p>\n","protected":false},"excerpt":{"rendered":"<p>Bonjour \u00e0 toutes et tous. Le Blog de notre deuxi\u00e8me voyage dans l&rsquo;Ouest Am\u00e9ricain a \u00e9t\u00e9 lanc\u00e9 quand nous y \u00e9tions, donc il y a d\u00e9j\u00e0 plus de 14 ans\u00a0 ! ! ! L&rsquo;onglet Blog vous permettra de suivre notre parcours au jour le jour, avec \u00ab\u00a0le pr\u00e9vu\u00a0\u00bb et&#8230; \u00ab\u00a0le r\u00e9alis\u00e9\u00a0\u00bb. L&rsquo;onglet Annexes comporte maintenant [&hellip;]<\/p>\n","protected":false},"author":2,"featured_media":0,"parent":0,"menu_order":1,"comment_status":"open","ping_status":"closed","template":"","meta":{"footnotes":""},"class_list":["post-2","page","type-page","status-publish","hentry"],"_links":{"self":[{"href":"https:\/\/blogs.crespel.me\/usa2011\/wp-json\/wp\/v2\/pages\/2","targetHints":{"allow":["GET"]}}],"collection":[{"href":"https:\/\/blogs.crespel.me\/usa2011\/wp-json\/wp\/v2\/pages"}],"about":[{"href":"https:\/\/blogs.crespel.me\/usa2011\/wp-json\/wp\/v2\/types\/page"}],"author":[{"embeddable":true,"href":"https:\/\/blogs.crespel.me\/usa2011\/wp-json\/wp\/v2\/users\/2"}],"replies":[{"embeddable":true,"href":"https:\/\/blogs.crespel.me\/usa2011\/wp-json\/wp\/v2\/comments?post=2"}],"version-history":[{"count":46,"href":"https:\/\/blogs.crespel.me\/usa2011\/wp-json\/wp\/v2\/pages\/2\/revisions"}],"predecessor-version":[{"id":1153,"href":"https:\/\/blogs.crespel.me\/usa2011\/wp-json\/wp\/v2\/pages\/2\/revisions\/1153"}],"wp:attachment":[{"href":"https:\/\/blogs.crespel.me\/usa2011\/wp-json\/wp\/v2\/media?parent=2"}],"curies":[{"name":"wp","href":"https:\/\/api.w.org\/{rel}","templated":true}]}}