{"id":189,"date":"2011-08-07T17:04:41","date_gmt":"2011-08-07T15:04:41","guid":{"rendered":"http:\/\/blogs.crespel.me\/usa2011\/?page_id=189"},"modified":"2013-06-09T14:52:29","modified_gmt":"2013-06-09T12:52:29","slug":"koa-north-a-bernallilo","status":"publish","type":"page","link":"https:\/\/blogs.crespel.me\/usa2011\/annexes\/campgrounds\/koa-north-a-bernallilo\/","title":{"rendered":"KOA North \u00e0 Bernallilo"},"content":{"rendered":"<h3>Description<\/h3>\n<ul>\n<li>Situ\u00e9 555 South Hill road, pr\u00e8s de la I.25 (vers Santa-Fe), sortie 240.<\/li>\n<li>R\u00e9servable sur le site KOA.<\/li>\n<li>Prix 35$ pour un RV25 et 3 personnes.<\/li>\n<li>Full Hookups.<\/li>\n<li><strong>Ao\u00fbt 2011: note 9\/10.<\/strong> Emplacement pr\u00e8s de l&rsquo;entr\u00e9e, les 2 fois !<\/li>\n<li>Ombrag\u00e9, RV park sympa.<\/li>\n<li>Pr\u00e9vu 2 nuits (\u00e0 l&rsquo;aller et au retour).<\/li>\n<\/ul>\n<h3>Photos<\/h3>\n\n\t\t<style type=\"text\/css\">\n\t\t\t#gallery-1 {\n\t\t\t\tmargin: auto;\n\t\t\t}\n\t\t\t#gallery-1 .gallery-item {\n\t\t\t\tfloat: left;\n\t\t\t\tmargin-top: 10px;\n\t\t\t\ttext-align: center;\n\t\t\t\twidth: 33%;\n\t\t\t}\n\t\t\t#gallery-1 img {\n\t\t\t\tborder: 2px solid #cfcfcf;\n\t\t\t}\n\t\t\t#gallery-1 .gallery-caption {\n\t\t\t\tmargin-left: 0;\n\t\t\t}\n\t\t\t\/* see gallery_shortcode() in wp-includes\/media.php *\/\n\t\t<\/style>\n\t\t<div id='gallery-1' class='gallery galleryid-189 gallery-columns-3 gallery-size-thumbnail'><dl class='gallery-item'>\n\t\t\t<dt class='gallery-icon landscape'>\n\t\t\t\t<a href='https:\/\/blogs.crespel.me\/usa2011\/wp-content\/uploads\/sites\/5\/2011\/09\/DSCF8476.jpg'><img loading=\"lazy\" decoding=\"async\" width=\"150\" height=\"150\" src=\"https:\/\/blogs.crespel.me\/usa2011\/wp-content\/uploads\/sites\/5\/2011\/09\/DSCF8476-150x150.jpg\" class=\"attachment-thumbnail size-thumbnail\" alt=\"\" \/><\/a>\n\t\t\t<\/dt><\/dl><dl class='gallery-item'>\n\t\t\t<dt class='gallery-icon landscape'>\n\t\t\t\t<a href='https:\/\/blogs.crespel.me\/usa2011\/wp-content\/uploads\/sites\/5\/2011\/09\/DSCF7984.jpg'><img loading=\"lazy\" decoding=\"async\" width=\"150\" height=\"150\" src=\"https:\/\/blogs.crespel.me\/usa2011\/wp-content\/uploads\/sites\/5\/2011\/09\/DSCF7984-150x150.jpg\" class=\"attachment-thumbnail size-thumbnail\" alt=\"\" \/><\/a>\n\t\t\t<\/dt><\/dl><dl class='gallery-item'>\n\t\t\t<dt class='gallery-icon landscape'>\n\t\t\t\t<a href='https:\/\/blogs.crespel.me\/usa2011\/wp-content\/uploads\/sites\/5\/2011\/09\/DSCF8475.jpg'><img loading=\"lazy\" decoding=\"async\" width=\"150\" height=\"150\" src=\"https:\/\/blogs.crespel.me\/usa2011\/wp-content\/uploads\/sites\/5\/2011\/09\/DSCF8475-150x150.jpg\" class=\"attachment-thumbnail size-thumbnail\" alt=\"\" \/><\/a>\n\t\t\t<\/dt><\/dl><br style=\"clear: both\" \/>\n\t\t<\/div>\n\n","protected":false},"excerpt":{"rendered":"<p>Description Situ\u00e9 555 South Hill road, pr\u00e8s de la I.25 (vers Santa-Fe), sortie 240. R\u00e9servable sur le site KOA. Prix 35$ pour un RV25 et 3 personnes. Full Hookups. Ao\u00fbt 2011: note 9\/10. Emplacement pr\u00e8s de l&rsquo;entr\u00e9e, les 2 fois ! Ombrag\u00e9, RV park sympa. Pr\u00e9vu 2 nuits (\u00e0 l&rsquo;aller et au retour). Photos<\/p>\n","protected":false},"author":2,"featured_media":0,"parent":122,"menu_order":0,"comment_status":"open","ping_status":"open","template":"","meta":{"footnotes":""},"class_list":["post-189","page","type-page","status-publish","hentry"],"_links":{"self":[{"href":"https:\/\/blogs.crespel.me\/usa2011\/wp-json\/wp\/v2\/pages\/189","targetHints":{"allow":["GET"]}}],"collection":[{"href":"https:\/\/blogs.crespel.me\/usa2011\/wp-json\/wp\/v2\/pages"}],"about":[{"href":"https:\/\/blogs.crespel.me\/usa2011\/wp-json\/wp\/v2\/types\/page"}],"author":[{"embeddable":true,"href":"https:\/\/blogs.crespel.me\/usa2011\/wp-json\/wp\/v2\/users\/2"}],"replies":[{"embeddable":true,"href":"https:\/\/blogs.crespel.me\/usa2011\/wp-json\/wp\/v2\/comments?post=189"}],"version-history":[{"count":6,"href":"https:\/\/blogs.crespel.me\/usa2011\/wp-json\/wp\/v2\/pages\/189\/revisions"}],"predecessor-version":[{"id":629,"href":"https:\/\/blogs.crespel.me\/usa2011\/wp-json\/wp\/v2\/pages\/189\/revisions\/629"}],"up":[{"embeddable":true,"href":"https:\/\/blogs.crespel.me\/usa2011\/wp-json\/wp\/v2\/pages\/122"}],"wp:attachment":[{"href":"https:\/\/blogs.crespel.me\/usa2011\/wp-json\/wp\/v2\/media?parent=189"}],"curies":[{"name":"wp","href":"https:\/\/api.w.org\/{rel}","templated":true}]}}