{"id":177,"date":"2011-08-04T14:00:29","date_gmt":"2011-08-04T12:00:29","guid":{"rendered":"http:\/\/blogs.crespel.me\/usa2011\/?page_id=177"},"modified":"2012-09-27T16:42:42","modified_gmt":"2012-09-27T14:42:42","slug":"randonnees-et-visites","status":"publish","type":"page","link":"https:\/\/blogs.crespel.me\/usa2011\/annexes\/randonnees-et-visites\/","title":{"rendered":"Randonn\u00e9es et visites"},"content":{"rendered":"<h3>Les 50 randonn\u00e9es, balades et visite effectu\u00e9es (hors NYC), sur les 68 programm\u00e9es (27+20+8+13), soit environ 74% de \u00ab\u00a0r\u00e9ussite\u00a0\u00bb :<\/h3>\n<p>&nbsp;<\/p>\n<p><em>Certains liens sont activ\u00e9s, mais pour les autres, nous vous laissons le soin de rechercher sur le web !<br \/>\n<\/em><\/p>\n<p><em>Non effectu\u00e9es (en italique) \u00e0 cause d&rsquo;un timing trop serr\u00e9, ou temp\u00e9rature trop \u00e9lev\u00e9e, ou choix d&rsquo;autre site \u00e0 explorer.<\/em><\/p>\n<p><em>Une * ou ** indique que \u00ab\u00a0nous estimons\u00a0\u00bb ce lieu tr\u00e8s int\u00e9ressant, ou sortant de l&rsquo;ordinaire.<\/em><\/p>\n<h3><em><strong>Partie 1 : Du 14 au 19 ao\u00fbt (J1 \u00e0 J6 Nouveau Mexique) :<\/strong><br \/>\n<\/em><\/h3>\n<ul>\n<li><a href=\"http:\/\/www.indianpueblo.org\/\">Indian pueblo cultural center<\/a>** \u00e0 Albuquerque<\/li>\n<li>Museum of Arts et History \u00e0 Albuquerque<\/li>\n<li><em>\u00a0 Rattlesnake museum \u00e0 Albuquerque<\/em><\/li>\n<li>San Felipe de Neri, Plaza et Old Town* d&rsquo;Albuquerque<\/li>\n<li><em>\u00a0 Turquoise museum \u00e0 Albuquerque<\/em><\/li>\n<li><a href=\"http:\/\/www.nmnaturalhistory.org\/\">Museum of Natural History et Science<\/a>** \u00e0 Albuquerque<\/li>\n<li>Kasha Katuwe Tent Rocks NM (marche Slot canyon Trail**)<\/li>\n<li><a href=\"http:\/\/www.indianartsandculture.org\">Museum of Indian Art et Culture<\/a>** \u00e0 Santa Fe<\/li>\n<li>Chapel of San Miguel \u00e0 Santa Fe<\/li>\n<li>Loretto Chapel \u00e0 Santa Fe<\/li>\n<li>Plaza, Palace of the Governors et Old Town* de Santa Fe<\/li>\n<li><a href=\"http:\/\/www.roadsideamerica.com\/tip\/29135\">Classical Gas Museum<\/a>** pr\u00e8s de Embudo\/Taos<\/li>\n<li>Rio Grande State Park<\/li>\n<li>Eglise San Francisco de Assis* \u00e0 Ranchos de Taos<\/li>\n<li><a href=\"http:\/\/www.taospueblo.com\/\">Taos Pueblo<\/a>**<\/li>\n<li>Plaza et Old Town* de Taos<\/li>\n<li>Hacienda de Los Martinez \u00e0 Taos<\/li>\n<li>Pont sur le Rio Grande (route 64 pr\u00e8s de Taos)<\/li>\n<li>Eglise San Lorenzo \u00e0 Picuris Pueblo<\/li>\n<li>Santuario et Chapel Santo Nino* \u00e0 Chimayo<\/li>\n<li>White Rock scenic Overlook \u00e0 White Rock<\/li>\n<li>Bandelier NM (marche Tsankawi Ruin* pr\u00e8s de Los Alamos)<\/li>\n<li>Valles Caldera National preserve<\/li>\n<li>Soda Dam et <em>Battleship Rock<\/em> pr\u00e8s de Jemez state monument<\/li>\n<li><em>\u00a0 Angel Peak recreation area<\/em><\/li>\n<li><em>\u00a0 Salmon Ruins museum \u00e0 Bloomfield<\/em><\/li>\n<li><a href=\"http:\/\/www.nps.gov\/azru\/index.htm\">Aztec Ruins NM<\/a> (Great Kiva** et marche Self guided trail)<\/li>\n<\/ul>\n<h3><em><strong>Partie 2 : Du 20 au 24 ao\u00fbt (J7 \u00e0 J11 Colorado et Utah) :<\/strong><\/em><\/h3>\n<ul>\n<li><em>\u00a0\u00a0 Railroad museum \u00e0 Durango<\/em><\/li>\n<li><em>\u00a0\u00a0 Mining heritage center \u00e0 Silverton<\/em><\/li>\n<li><a href=\"http:\/\/www.ricocolorado.org\/vis\/frame_vis.html\">Ville de Rico<\/a>** (route 145 Dolores River vers Telluride)<\/li>\n<li>Villes de Telluride et Ouray<\/li>\n<li>Ute museum \u00e0 Montrose<\/li>\n<li><a href=\"http:\/\/www.nps.gov\/blca\/index.htm\">Black Canyon of the Gunisson<\/a>** (9 points de vues)<\/li>\n<li><a href=\"http:\/\/www.pioneertown.org\">Cedaredge et Pioneer town<\/a>** \u00e0 Grand Mesa<\/li>\n<li>Grand Mesa National Forest<\/li>\n<li><em>\u00a0\u00a0 Museum of western Colorado \u00e0 Grand Junction<\/em><\/li>\n<li>Colorado National Monument* (19 points de vue)<\/li>\n<li>Village abandonn\u00e9 de Cisco<\/li>\n<li><a href=\"http:\/\/en.wikipedia.org\/wiki\/Utah_State_Route_128\">UT128 scenic drive<\/a>, Fisher towers et Castle Valley**<\/li>\n<li><em>\u00a0 Petroglyphes de BW279 (vus en 2009) <\/em>et Jungle Handle Arch<em><br \/>\n<\/em><\/li>\n<li><em>\u00a0 marche Bowtie et Corona Arch sur BW279<\/em><\/li>\n<li>Negro Bill Canyon (marche morning glory arch*)<\/li>\n<li>marche Wilson Arch \u00e0 La Sal Jct<\/li>\n<li>Church rock (route 191)<\/li>\n<li>Edge of the Cedar SP \u00e0 Blanding<\/li>\n<li>Twin Rocks et Trading post \u00e0 Bluff<\/li>\n<li>Fort Bluff et cabanes de pionniers*<\/li>\n<\/ul>\n<h3><strong><em>Partie 3 : Du 25 au 27 ao\u00fbt (J12 \u00e0 J14 Arizona):<\/em><\/strong><\/h3>\n<ul>\n<li>Valley tour Goulding&rsquo;s de 3h30** \u00e0 <a href=\"http:\/\/en.wikipedia.org\/wiki\/Monument_Valley\">Monument Valley<\/a><\/li>\n<li><em>\u00a0 Museum du Goulding&rsquo;s Lodge (vu en 2009) \u00e0 Monument Valley<\/em><\/li>\n<li>\u00a0 <em>Marche Wildcat trail \u00e0 Monument Valley<\/em><\/li>\n<li><em>\u00a0 Navajo Shadehouse Museum \u00e0 Kayenta<\/em><\/li>\n<li>South Rim* du Canyon de Chelly<\/li>\n<li>Visite guid\u00e9e du <a href=\"http:\/\/www.nps.gov\/cach\/index.htm\">Canyon de Chelly<\/a>**<\/li>\n<li><em>\u00a0\u00a0 R\u00e9serve Hopi vers Second Mesa (annul\u00e9e)<\/em><\/li>\n<li>Hubbel trading post \u00e0 Ganado<\/li>\n<\/ul>\n<h3><em><strong>Partie 4 : Du 27 au 30 ao\u00fbt (J14 \u00e0 J17 Nouveau Mexique):<\/strong><\/em><\/h3>\n<ul>\n<li>Navajo Nation museum \u00e0 Window Rock<\/li>\n<li><em>\u00a0\u00a0 Mission Lady Guadalupe et Middle village de Zuni Pueblo\u00a0<\/em><\/li>\n<li>El Morro NM (marche inscriptions trail)<\/li>\n<li>La Ventana Arch \u00e0 El Malpais NM<\/li>\n<li><a href=\"http:\/\/www.puebloofacoma.org\/\">Acoma Pueblo<\/a>**<\/li>\n<li>Eglise San Jos\u00e9 de Laguna Pueblo<\/li>\n<li><em>\u00a0\u00a0 Petroglyphes NM (marche Boca Negra Canyon) \u00e0 Albuquerque<\/em><\/li>\n<li><em>\u00a0\u00a0 Old Chapelle de Corrales pr\u00e8s d&rsquo;Albuquerque<\/em><\/li>\n<li><em>\u00a0\u00a0 Coronado State Monument pr\u00e8s d&rsquo;Albuquerque<\/em><\/li>\n<li>Pecos Pueblo pr\u00e8s de Santa Fe<\/li>\n<li>Cath\u00e9drale San Francisco de Assis* \u00e0 Santa Fe<\/li>\n<li>Turquoise Trail (route 14) de Santa Fe \u00e0 Albuquerque<\/li>\n<li><em>\u00a0\u00a0 Cibola National Forest pr\u00e8s de Tijeras<\/em><\/li>\n<\/ul>\n<h3><em><strong>Partie 5 : Du 31 ao\u00fbt au 03 septembre (J18 \u00e0 J21 New York):<\/strong><\/em><\/h3>\n<ul>\n<li>Chinatown* \u00e0 Manhattan<\/li>\n<li>Little Italy*<\/li>\n<li>Pont de Brooklyn<\/li>\n<li>Quartier du Worl Trade Center*<\/li>\n<li>World Financial center et son jardin d&rsquo;hiver*<\/li>\n<li>Soho<\/li>\n<li><em>\u00a0\u00a0 Greenwich Village<\/em><\/li>\n<li><a href=\"http:\/\/en.wikipedia.org\/wiki\/Times_Square\">Time square<\/a> en soir\u00e9e**<\/li>\n<li><a href=\"http:\/\/www.circleline42.com\/new-york-cruises.aspx\">Semi Circle Line<\/a>, croisi\u00e8re de 2h00 en soir\u00e9e**<\/li>\n<li>Croisi\u00e8re et visites Liberty et Ellis Island*<\/li>\n<li>Grand central terminal<\/li>\n<li>Mont\u00e9e \u00e0 l&rsquo;Empire State Building en soir\u00e9e*<\/li>\n<li>Mont\u00e9e au Top of the Rock le matin<\/li>\n<li>Cath\u00e9drale St Patrick<\/li>\n<li><em>\u00a0\u00a0 Public Library sur la 41\u00e8me<\/em><\/li>\n<\/ul>\n","protected":false},"excerpt":{"rendered":"<p>Les 50 randonn\u00e9es, balades et visite effectu\u00e9es (hors NYC), sur les 68 programm\u00e9es (27+20+8+13), soit environ 74% de \u00ab\u00a0r\u00e9ussite\u00a0\u00bb : &nbsp; Certains liens sont activ\u00e9s, mais pour les autres, nous vous laissons le soin de rechercher sur le web ! Non effectu\u00e9es (en italique) \u00e0 cause d&rsquo;un timing trop serr\u00e9, ou temp\u00e9rature trop \u00e9lev\u00e9e, ou [&hellip;]<\/p>\n","protected":false},"author":2,"featured_media":0,"parent":50,"menu_order":0,"comment_status":"open","ping_status":"open","template":"","meta":{"footnotes":""},"class_list":["post-177","page","type-page","status-publish","hentry"],"_links":{"self":[{"href":"https:\/\/blogs.crespel.me\/usa2011\/wp-json\/wp\/v2\/pages\/177","targetHints":{"allow":["GET"]}}],"collection":[{"href":"https:\/\/blogs.crespel.me\/usa2011\/wp-json\/wp\/v2\/pages"}],"about":[{"href":"https:\/\/blogs.crespel.me\/usa2011\/wp-json\/wp\/v2\/types\/page"}],"author":[{"embeddable":true,"href":"https:\/\/blogs.crespel.me\/usa2011\/wp-json\/wp\/v2\/users\/2"}],"replies":[{"embeddable":true,"href":"https:\/\/blogs.crespel.me\/usa2011\/wp-json\/wp\/v2\/comments?post=177"}],"version-history":[{"count":29,"href":"https:\/\/blogs.crespel.me\/usa2011\/wp-json\/wp\/v2\/pages\/177\/revisions"}],"predecessor-version":[{"id":209,"href":"https:\/\/blogs.crespel.me\/usa2011\/wp-json\/wp\/v2\/pages\/177\/revisions\/209"}],"up":[{"embeddable":true,"href":"https:\/\/blogs.crespel.me\/usa2011\/wp-json\/wp\/v2\/pages\/50"}],"wp:attachment":[{"href":"https:\/\/blogs.crespel.me\/usa2011\/wp-json\/wp\/v2\/media?parent=177"}],"curies":[{"name":"wp","href":"https:\/\/api.w.org\/{rel}","templated":true}]}}