{"id":152,"date":"2011-07-29T16:29:09","date_gmt":"2011-07-29T14:29:09","guid":{"rendered":"http:\/\/blogs.crespel.me\/usa2011\/?page_id=152"},"modified":"2013-06-09T14:57:11","modified_gmt":"2013-06-09T12:57:11","slug":"spider-rock-campground","status":"publish","type":"page","link":"https:\/\/blogs.crespel.me\/usa2011\/annexes\/campgrounds\/spider-rock-campground\/","title":{"rendered":"Spider Rock campground"},"content":{"rendered":"<h3>Description<\/h3>\n<ul>\n<li>Situ\u00e9 sur la South Rim 7, \u00e0 10 miles du Visitor Center.<\/li>\n<li>R\u00e9servable par mail sur leur site.<\/li>\n<li>Prix 15$ \u00e0 r\u00e9gler sur place, pour un RV25 et 3 personnes.<\/li>\n<li>Pas d&rsquo;eau, ni de courant sur l&#8217;emplacement (A11), plut\u00f4t \u00ab\u00a0rustique\u00a0\u00bb.<\/li>\n<li>Dump Station \u00e0 l&rsquo;entr\u00e9e.<\/li>\n<li><strong>Ao\u00fbt 2011: note 9\/10 pour l&rsquo;ambiance et 4\/10 pour le \u00ab\u00a0confort\u00a0\u00bb<\/strong>. Ombrag\u00e9 et tr\u00e8s calme.<\/li>\n<li>Une certaine s\u00e9r\u00e9nit\u00e9 accentu\u00e9e par la musique (flute indienne) au petit matin.<\/li>\n<li>Howard (le g\u00e9rant, indien Navajo) et son chien Boy, sont chaleureux&#8230; un tr\u00e8s bon souvenir !<\/li>\n<li>Howard organise des tours en 4&#215;4 dans le canyon de Chelly et le Canyon del Muerto (moments inoubliables !)<\/li>\n<li>Nous y \u00e9tions d\u00e9j\u00e0 venus en 2009.<\/li>\n<\/ul>\n<h3>Photos<\/h3>\n\n\t\t<style type=\"text\/css\">\n\t\t\t#gallery-1 {\n\t\t\t\tmargin: auto;\n\t\t\t}\n\t\t\t#gallery-1 .gallery-item {\n\t\t\t\tfloat: left;\n\t\t\t\tmargin-top: 10px;\n\t\t\t\ttext-align: center;\n\t\t\t\twidth: 33%;\n\t\t\t}\n\t\t\t#gallery-1 img {\n\t\t\t\tborder: 2px solid #cfcfcf;\n\t\t\t}\n\t\t\t#gallery-1 .gallery-caption {\n\t\t\t\tmargin-left: 0;\n\t\t\t}\n\t\t\t\/* see gallery_shortcode() in wp-includes\/media.php *\/\n\t\t<\/style>\n\t\t<div id='gallery-1' class='gallery galleryid-152 gallery-columns-3 gallery-size-thumbnail'><dl class='gallery-item'>\n\t\t\t<dt class='gallery-icon landscape'>\n\t\t\t\t<a href='https:\/\/blogs.crespel.me\/usa2011\/wp-content\/uploads\/sites\/5\/2011\/09\/PICT5103.jpg'><img loading=\"lazy\" decoding=\"async\" width=\"150\" height=\"150\" src=\"https:\/\/blogs.crespel.me\/usa2011\/wp-content\/uploads\/sites\/5\/2011\/09\/PICT5103-150x150.jpg\" class=\"attachment-thumbnail size-thumbnail\" alt=\"\" \/><\/a>\n\t\t\t<\/dt><\/dl><dl class='gallery-item'>\n\t\t\t<dt class='gallery-icon landscape'>\n\t\t\t\t<a href='https:\/\/blogs.crespel.me\/usa2011\/wp-content\/uploads\/sites\/5\/2011\/09\/DSCF8390.jpg'><img loading=\"lazy\" decoding=\"async\" width=\"150\" height=\"150\" src=\"https:\/\/blogs.crespel.me\/usa2011\/wp-content\/uploads\/sites\/5\/2011\/09\/DSCF8390-150x150.jpg\" class=\"attachment-thumbnail size-thumbnail\" alt=\"\" \/><\/a>\n\t\t\t<\/dt><\/dl><dl class='gallery-item'>\n\t\t\t<dt class='gallery-icon landscape'>\n\t\t\t\t<a href='https:\/\/blogs.crespel.me\/usa2011\/wp-content\/uploads\/sites\/5\/2011\/09\/DSCF8389.jpg'><img loading=\"lazy\" decoding=\"async\" width=\"150\" height=\"150\" src=\"https:\/\/blogs.crespel.me\/usa2011\/wp-content\/uploads\/sites\/5\/2011\/09\/DSCF8389-150x150.jpg\" class=\"attachment-thumbnail size-thumbnail\" alt=\"\" \/><\/a>\n\t\t\t<\/dt><\/dl><br style=\"clear: both\" \/>\n\t\t<\/div>\n\n","protected":false},"excerpt":{"rendered":"<p>Description Situ\u00e9 sur la South Rim 7, \u00e0 10 miles du Visitor Center. R\u00e9servable par mail sur leur site. Prix 15$ \u00e0 r\u00e9gler sur place, pour un RV25 et 3 personnes. Pas d&rsquo;eau, ni de courant sur l&#8217;emplacement (A11), plut\u00f4t \u00ab\u00a0rustique\u00a0\u00bb. Dump Station \u00e0 l&rsquo;entr\u00e9e. Ao\u00fbt 2011: note 9\/10 pour l&rsquo;ambiance et 4\/10 pour le [&hellip;]<\/p>\n","protected":false},"author":2,"featured_media":0,"parent":122,"menu_order":0,"comment_status":"open","ping_status":"open","template":"","meta":{"footnotes":""},"class_list":["post-152","page","type-page","status-publish","hentry"],"_links":{"self":[{"href":"https:\/\/blogs.crespel.me\/usa2011\/wp-json\/wp\/v2\/pages\/152","targetHints":{"allow":["GET"]}}],"collection":[{"href":"https:\/\/blogs.crespel.me\/usa2011\/wp-json\/wp\/v2\/pages"}],"about":[{"href":"https:\/\/blogs.crespel.me\/usa2011\/wp-json\/wp\/v2\/types\/page"}],"author":[{"embeddable":true,"href":"https:\/\/blogs.crespel.me\/usa2011\/wp-json\/wp\/v2\/users\/2"}],"replies":[{"embeddable":true,"href":"https:\/\/blogs.crespel.me\/usa2011\/wp-json\/wp\/v2\/comments?post=152"}],"version-history":[{"count":8,"href":"https:\/\/blogs.crespel.me\/usa2011\/wp-json\/wp\/v2\/pages\/152\/revisions"}],"predecessor-version":[{"id":154,"href":"https:\/\/blogs.crespel.me\/usa2011\/wp-json\/wp\/v2\/pages\/152\/revisions\/154"}],"up":[{"embeddable":true,"href":"https:\/\/blogs.crespel.me\/usa2011\/wp-json\/wp\/v2\/pages\/122"}],"wp:attachment":[{"href":"https:\/\/blogs.crespel.me\/usa2011\/wp-json\/wp\/v2\/media?parent=152"}],"curies":[{"name":"wp","href":"https:\/\/api.w.org\/{rel}","templated":true}]}}