{"id":130,"date":"2011-07-28T15:30:55","date_gmt":"2011-07-28T13:30:55","guid":{"rendered":"http:\/\/blogs.crespel.me\/usa2011\/?page_id=130"},"modified":"2011-10-30T19:45:35","modified_gmt":"2011-10-30T18:45:35","slug":"visitor-center","status":"publish","type":"page","link":"https:\/\/blogs.crespel.me\/usa2011\/annexes\/visitor-center\/","title":{"rendered":"Visitor Center"},"content":{"rendered":"<h3>Les 30 Visitor ou Cultural Center, o\u00f9 l&rsquo;on obtient toutes les infos pratiques :<\/h3>\n<p>Apr\u00e8s le \u00ab\u00a0p\u00e9age\u00a0\u00bb du parc (qui fournit en g\u00e9n\u00e9ral le plan et le journal), le VC est un passage \u00ab\u00a0oblig\u00e9\u00a0\u00bb o\u00f9 il FAUT consacrer de 15 \u00e0 45mn.<\/p>\n<p>Les Visitor ou Cultural Center peuvent \u00eatre aussi situ\u00e9s en ville. On y trouve : les Rangers \u00ab\u00a0toujours pr\u00eats\u00a0\u00bb et autres b\u00e9n\u00e9voles, la m\u00e9t\u00e9o, les cartes d\u00e9taill\u00e9es, une boutique, des panneaux explicatifs, une salle de projection (il suffit de leur demander de d\u00e9marrer le film), et quelquefois un v\u00e9ritable mus\u00e9e, des d\u00e9monstrations d&rsquo;artisanat ou m\u00eame des danses. Cliquer sur les liens pour plus de d\u00e9tails.<\/p>\n<p><em>Les Visitor Center o\u00f9 nous n&rsquo;avons pu nous rendre, sont list\u00e9s pour m\u00e9moire (en italique).<\/em><\/p>\n<ul>\n<li><a href=\"http:\/\/www.indianpueblo.org\/\">Indian Pueblo Cultural Center<\/a> \u00e0 Albuquerque<\/li>\n<li><em>\u00a0 <a href=\"http:\/\/www.toursofoldtown.com\/\">Old Town<\/a> \u00e0 Albuquerque (ferm\u00e9)<\/em><\/li>\n<li><em>\u00a0 Kasha Katuwe Tent Rocks NM (parc sans VC)<\/em><\/li>\n<li><em>\u00a0 Old Town \u00e0 Santa Fe (non fait, peu accessible)<\/em><\/li>\n<li><a href=\"http:\/\/www.blm.gov\/nm\/st\/en\/prog\/recreation\/taos\/orilla_verde.html\">Orilla Verde \u00e0 Rio Grande Gorge SP<\/a><\/li>\n<li><em>\u00a0 VC de Taos (non fait)<\/em><\/li>\n<li><em>\u00a0 Bandelier NM (ferm\u00e9-incendies)<\/em><\/li>\n<li><a href=\"http:\/\/www.nmmonuments.org\/jemez\">Jemez State Monument <\/a>(Santa Fe National Forest)<\/li>\n<li><a href=\"http:\/\/www.jemezpueblo.com\">Walatowa VC<\/a> (pr\u00e8s de Jemez Pueblo)<\/li>\n<li><em>\u00a0 Salmon Ruins museum\/Bloomfield (non fait)<\/em><\/li>\n<li><a href=\"http:\/\/www.nps.gov\/azru\/index.htm\">Aztec Ruins NM<\/a><\/li>\n<li><em>\u00a0 Tourism Office de Durango (non fait)<\/em><\/li>\n<li><a href=\"http:\/\/www.visittelluride.com\/\">VC de Telluride<\/a><\/li>\n<li><a href=\"http:\/\/www.nps.gov\/blca\/planyourvisit\/index.htm\">Black Canyon of the Gunisson<\/a><\/li>\n<li><a href=\"http:\/\/www.grandmesabyway.org\/VisitorCenter\/WelcomeCenter.html\">Welcome Center de Cedar Edge<\/a> (Grand Mesa)<\/li>\n<li><a href=\"http:\/\/www.grandmesabyway.org\/VisitorCenter\/VisitorCenter.html\">VC de Grand Mesa<\/a><\/li>\n<li><a href=\"http:\/\/www.nps.gov\/colm\/index.htm\">Colorado NM<\/a><\/li>\n<li>\u00a0 <em>M.Robb \u00e0 Colorado River SP (parc sans VC)<\/em><\/li>\n<li><em>\u00a0 Moab information Center (non fait)<\/em><\/li>\n<li><a href=\"http:\/\/www.navajonationparks.org\/htm\/monumentvalley.htm\">Monument Valley tribal park<\/a><\/li>\n<li><em>\u00a0 Canyon de Chelly NM (non fait cette ann\u00e9e)<\/em><\/li>\n<li>\u00a0 <em>Hopi Cultural Center (non fait)<\/em><\/li>\n<li><em>\u00a0 Zuni Pueblo (ferm\u00e9, f\u00eate locale)<\/em><\/li>\n<li><a href=\"http:\/\/www.nps.gov\/elmo\">El Morro SP<\/a><\/li>\n<li><a href=\"http:\/\/www.nps.gov\/elma\">El Malpais<\/a> information center, et Rangers station<\/li>\n<li>Cultural center d&rsquo;<a href=\"http:\/\/www.puebloofacoma.org\">Acoma Pueblo<\/a><\/li>\n<li><a href=\"http:\/\/www.nps.gov\/petr\/index.htm\">P\u00e9troglyphes NM<\/a> (\u00e0 Albuquerque)<\/li>\n<li><em>\u00a0 Coronado State monument\/Albuquerque (non fait)<\/em><\/li>\n<li><a href=\"http:\/\/www.nps.gov\/peco\">Pecos National historic park <\/a>(pr\u00e8s de Santa Fe)<\/li>\n<\/ul>\n","protected":false},"excerpt":{"rendered":"<p>Les 30 Visitor ou Cultural Center, o\u00f9 l&rsquo;on obtient toutes les infos pratiques : Apr\u00e8s le \u00ab\u00a0p\u00e9age\u00a0\u00bb du parc (qui fournit en g\u00e9n\u00e9ral le plan et le journal), le VC est un passage \u00ab\u00a0oblig\u00e9\u00a0\u00bb o\u00f9 il FAUT consacrer de 15 \u00e0 45mn. Les Visitor ou Cultural Center peuvent \u00eatre aussi situ\u00e9s en ville. On y [&hellip;]<\/p>\n","protected":false},"author":2,"featured_media":0,"parent":50,"menu_order":0,"comment_status":"open","ping_status":"open","template":"","meta":{"footnotes":""},"class_list":["post-130","page","type-page","status-publish","hentry"],"_links":{"self":[{"href":"https:\/\/blogs.crespel.me\/usa2011\/wp-json\/wp\/v2\/pages\/130","targetHints":{"allow":["GET"]}}],"collection":[{"href":"https:\/\/blogs.crespel.me\/usa2011\/wp-json\/wp\/v2\/pages"}],"about":[{"href":"https:\/\/blogs.crespel.me\/usa2011\/wp-json\/wp\/v2\/types\/page"}],"author":[{"embeddable":true,"href":"https:\/\/blogs.crespel.me\/usa2011\/wp-json\/wp\/v2\/users\/2"}],"replies":[{"embeddable":true,"href":"https:\/\/blogs.crespel.me\/usa2011\/wp-json\/wp\/v2\/comments?post=130"}],"version-history":[{"count":16,"href":"https:\/\/blogs.crespel.me\/usa2011\/wp-json\/wp\/v2\/pages\/130\/revisions"}],"predecessor-version":[{"id":145,"href":"https:\/\/blogs.crespel.me\/usa2011\/wp-json\/wp\/v2\/pages\/130\/revisions\/145"}],"up":[{"embeddable":true,"href":"https:\/\/blogs.crespel.me\/usa2011\/wp-json\/wp\/v2\/pages\/50"}],"wp:attachment":[{"href":"https:\/\/blogs.crespel.me\/usa2011\/wp-json\/wp\/v2\/media?parent=130"}],"curies":[{"name":"wp","href":"https:\/\/api.w.org\/{rel}","templated":true}]}}