{"id":124,"date":"2011-07-29T16:23:41","date_gmt":"2011-07-29T14:23:41","guid":{"rendered":"http:\/\/blogs.crespel.me\/usa2011\/?page_id=124"},"modified":"2021-05-10T09:37:36","modified_gmt":"2021-05-10T07:37:36","slug":"koa-a-moab","status":"publish","type":"page","link":"https:\/\/blogs.crespel.me\/usa2011\/annexes\/campgrounds\/koa-a-moab\/","title":{"rendered":"KOA \u00e0 Moab"},"content":{"rendered":"<h3>Description<\/h3>\n<ul>\n<li>Situ\u00e9 sur la 191 \u00e0 5 km au Sud de Moab. Un peu \u00e9loign\u00e9 de Arches&#8230; (\u00e0 l&rsquo;oppos\u00e9) mais sans moustiques !<\/li>\n<li>R\u00e9servable sur le site KOA.<\/li>\n<li>Prix 42$ par nuit pour un RV25 et 3 personnes.<\/li>\n<li>Full Hookups.<\/li>\n<li><strong>Ao\u00fbt 2011: note 8\/10<\/strong>. Emplacement B01 pr\u00e8s des douches comme en 2009.<\/li>\n<li>Notre emplacement bien ombrag\u00e9, avec de nombreux Chipmunk.\u00a0 RV park sympa.<\/li>\n<li>Comporte une piscine ext\u00e9rieure.<\/li>\n<li>Pr\u00e9vu 2 nuits cons\u00e9cutives.<\/li>\n<\/ul>\n<h3>Photos<\/h3>\n\n\t\t<style type=\"text\/css\">\n\t\t\t#gallery-1 {\n\t\t\t\tmargin: auto;\n\t\t\t}\n\t\t\t#gallery-1 .gallery-item {\n\t\t\t\tfloat: left;\n\t\t\t\tmargin-top: 10px;\n\t\t\t\ttext-align: center;\n\t\t\t\twidth: 33%;\n\t\t\t}\n\t\t\t#gallery-1 img {\n\t\t\t\tborder: 2px solid #cfcfcf;\n\t\t\t}\n\t\t\t#gallery-1 .gallery-caption {\n\t\t\t\tmargin-left: 0;\n\t\t\t}\n\t\t\t\/* see gallery_shortcode() in wp-includes\/media.php *\/\n\t\t<\/style>\n\t\t<div id='gallery-1' class='gallery galleryid-124 gallery-columns-3 gallery-size-thumbnail'><dl class='gallery-item'>\n\t\t\t<dt class='gallery-icon landscape'>\n\t\t\t\t<a href='https:\/\/blogs.crespel.me\/usa2011\/wp-content\/uploads\/sites\/5\/2011\/09\/PICT4896.jpg'><img loading=\"lazy\" decoding=\"async\" width=\"150\" height=\"150\" src=\"https:\/\/blogs.crespel.me\/usa2011\/wp-content\/uploads\/sites\/5\/2011\/09\/PICT4896-150x150.jpg\" class=\"attachment-thumbnail size-thumbnail\" alt=\"\" \/><\/a>\n\t\t\t<\/dt><\/dl><dl class='gallery-item'>\n\t\t\t<dt class='gallery-icon landscape'>\n\t\t\t\t<a href='https:\/\/blogs.crespel.me\/usa2011\/wp-content\/uploads\/sites\/5\/2011\/09\/DSCF8299.jpg'><img loading=\"lazy\" decoding=\"async\" width=\"150\" height=\"150\" src=\"https:\/\/blogs.crespel.me\/usa2011\/wp-content\/uploads\/sites\/5\/2011\/09\/DSCF8299-150x150.jpg\" class=\"attachment-thumbnail size-thumbnail\" alt=\"\" \/><\/a>\n\t\t\t<\/dt><\/dl><dl class='gallery-item'>\n\t\t\t<dt class='gallery-icon landscape'>\n\t\t\t\t<a href='https:\/\/blogs.crespel.me\/usa2011\/wp-content\/uploads\/sites\/5\/2011\/09\/DSCF8298.jpg'><img loading=\"lazy\" decoding=\"async\" width=\"150\" height=\"150\" src=\"https:\/\/blogs.crespel.me\/usa2011\/wp-content\/uploads\/sites\/5\/2011\/09\/DSCF8298-150x150.jpg\" class=\"attachment-thumbnail size-thumbnail\" alt=\"\" \/><\/a>\n\t\t\t<\/dt><\/dl><br style=\"clear: both\" \/>\n\t\t<\/div>\n\n","protected":false},"excerpt":{"rendered":"<p>Description Situ\u00e9 sur la 191 \u00e0 5 km au Sud de Moab. Un peu \u00e9loign\u00e9 de Arches&#8230; (\u00e0 l&rsquo;oppos\u00e9) mais sans moustiques ! R\u00e9servable sur le site KOA. Prix 42$ par nuit pour un RV25 et 3 personnes. Full Hookups. Ao\u00fbt 2011: note 8\/10. Emplacement B01 pr\u00e8s des douches comme en 2009. Notre emplacement bien [&hellip;]<\/p>\n","protected":false},"author":2,"featured_media":0,"parent":122,"menu_order":0,"comment_status":"open","ping_status":"open","template":"","meta":{"footnotes":""},"class_list":["post-124","page","type-page","status-publish","hentry"],"_links":{"self":[{"href":"https:\/\/blogs.crespel.me\/usa2011\/wp-json\/wp\/v2\/pages\/124","targetHints":{"allow":["GET"]}}],"collection":[{"href":"https:\/\/blogs.crespel.me\/usa2011\/wp-json\/wp\/v2\/pages"}],"about":[{"href":"https:\/\/blogs.crespel.me\/usa2011\/wp-json\/wp\/v2\/types\/page"}],"author":[{"embeddable":true,"href":"https:\/\/blogs.crespel.me\/usa2011\/wp-json\/wp\/v2\/users\/2"}],"replies":[{"embeddable":true,"href":"https:\/\/blogs.crespel.me\/usa2011\/wp-json\/wp\/v2\/comments?post=124"}],"version-history":[{"count":10,"href":"https:\/\/blogs.crespel.me\/usa2011\/wp-json\/wp\/v2\/pages\/124\/revisions"}],"predecessor-version":[{"id":1147,"href":"https:\/\/blogs.crespel.me\/usa2011\/wp-json\/wp\/v2\/pages\/124\/revisions\/1147"}],"up":[{"embeddable":true,"href":"https:\/\/blogs.crespel.me\/usa2011\/wp-json\/wp\/v2\/pages\/122"}],"wp:attachment":[{"href":"https:\/\/blogs.crespel.me\/usa2011\/wp-json\/wp\/v2\/media?parent=124"}],"curies":[{"name":"wp","href":"https:\/\/api.w.org\/{rel}","templated":true}]}}