{"id":122,"date":"2011-07-28T15:29:06","date_gmt":"2011-07-28T13:29:06","guid":{"rendered":"http:\/\/blogs.crespel.me\/usa2011\/?page_id=122"},"modified":"2017-09-12T10:29:38","modified_gmt":"2017-09-12T08:29:38","slug":"campgrounds","status":"publish","type":"page","link":"https:\/\/blogs.crespel.me\/usa2011\/annexes\/campgrounds\/","title":{"rendered":"Campgrounds"},"content":{"rendered":"<h3>Les 13 campgrounds o\u00f9 nous nous sommes pos\u00e9s avec le camping car (25 pieds)<\/h3>\n<p>Rappel des proc\u00e9dures:<\/p>\n<p><span style=\"color: #ffff00\"><em>En g\u00e9n\u00e9ral il faut renseigner ou choisir: <\/em><\/span><br \/>\n<span style=\"color: #ffff00\"> <em>&#8211; La position du CC sur l&#8217;emplacement (Back In:en marche arri\u00e8re\/Pull Thru: traversant). <\/em><\/span><br \/>\n<span style=\"color: #ffff00\"> <em>&#8211; la taille du CC: 25pieds (par exemple) Slide out= s&rsquo;il comporte des extensions lat\u00e9rales. Le mod\u00e8le (classe C= motorhome). <\/em><\/span><br \/>\n<span style=\"color: #ffff00\"> <em>&#8211; Fullhookup simple= tous branchements (courant\/eau\/vidange). Courant= 30 amp\u00e8res (50 c&rsquo;est pour du tr\u00e8s gros&#8230;). <\/em><\/span><br \/>\n<span style=\"color: #ffff00\"> <em>&#8211; il peut y avoir des fullhookup avec Wifi, c\u00e2ble, mais c&rsquo;est pr\u00e9cis\u00e9 et pas utile. <\/em><\/span><br \/>\n<span style=\"color: #ffff00\"> <em>&#8211; les dates d&rsquo;arriv\u00e9e et de d\u00e9part. <\/em><\/span><br \/>\n<span style=\"color: #ffff00\"> <em>&#8211; Le nombre d&rsquo;occupants.<\/em><\/span><\/p>\n<p>Privil\u00e9gier les campings des parcs (les localiser sur nps.gov et \u00e0 r\u00e9server sur xanterra.com et recreation.gov).<\/p>\n<p>Alterner ceux \u00ab\u00a0sans\u00a0\u00bb branchement, et ceux \u00ab\u00a0avec\u00a0\u00bb branchements (courant, eau, vidange).<\/p>\n<p>Utiliser rvparkreviews.com puis: la s\u00e9lection par Etat, par ville et les avis des utilisateurs.<\/p>\n<p>Ne pas oublier que le \u00ab camping sauvage \u00bb est interdit presque partout (sauf sur les terres du BLM, et certains supermarch\u00e9s Walmart -mais l\u00e0 bonjour l\u2019environnement et la s\u00e9curit\u00e9 sans parler de l\u2019\u00e9loignement\u2026).<\/p>\n<p>&nbsp;<\/p>\n<p>Rappel de quelques notions:<\/p>\n<p><em>\u2013 sans branchements et sans faire aller le g\u00e9n\u00e9rateur= que le courant d\u2019\u00e9clairage sur la batterie auxiliaire (pas de clim, ni de four, ni de recharge d\u2019appareils \u00e9lectriques) et chauffage limit\u00e9 qui est au gaz mais son thermostat est sur cette m\u00eame batterie auxiliaire. <\/em><\/p>\n<p><em>\u2013 sans branchement et AVEC le g\u00e9n\u00e9rateur= tout fonctionne, mais le g\u00e9n\u00e9rateur est bruyant et son utilisation r\u00e8glement\u00e9e (entre 8h00 et 20h00). <\/em><\/p>\n<p><em>\u2013 il y a un r\u00e9servoir d\u2019eau propre pour \u00e9vier, lavabo, douche, WC. Un r\u00e9servoir d\u2019eau sale \u00ab\u00a0grise\u00a0\u00bb pour \u00e9vier, lavabo, douche. Un r\u00e9servoir d\u2019eau sale \u00ab\u00a0noire\u00a0\u00bb pour WC.<\/em><br \/>\n<em>\u2013 pour l\u2019eau \u00e0 boire et cuisiner, utiliser les bombonnes de 1 gallon (3,8.L).<\/em><\/p>\n<p>La liste des 13 campgrounds\/RVpark:<\/p>\n<ul>\n<li><a href=\"koa-north-a-bernallilo\/\">KOA north \u00e0 Bernallilo<\/a>\/Albuquerque: 2 nuits<\/li>\n<li><a href=\"los-campos-a-santa-fe\/\">Los Campos RV resort \u00e0 Santa Fe<\/a><\/li>\n<li><a href=\"montebello-a-taos\/\">Monte Bello RV Park \u00e0 Taos<\/a><\/li>\n<li><a href=\"trails-rv-a-la-cueva\/\">Trails End RV Park pr\u00e8s de Jemez Springs<\/a><\/li>\n<li><a href=\"alpen-rose-a-durango\/\">Alpen Rose RV Park \u00e0 Durango<\/a><\/li>\n<li><a href=\"cedar-creek-rv-a-montrose\/\">Cedar Creek RV Park \u00e0 Montrose<\/a><\/li>\n<li><a href=\"m-robb-colorado-sp\/\">James M.Robb Colorado SP pr\u00e8s de Fruita<\/a><\/li>\n<li><a href=\"koa-a-moab\/\">KOA \u00e0 Moab<\/a> : 2 nuits<\/li>\n<li><a href=\"gouldings-campground\/\">Goulding&rsquo;s campground<\/a> \u00e0 Monument Valley : 2 nuits<\/li>\n<li><a href=\"spider-rock-campground\/\">Spider rock campground au Canyon de Chelly<\/a><\/li>\n<li><a href=\"usa-rv-a-gallup\/\">USA RV Park \u00e0 Gallup<\/a><\/li>\n<li><a href=\"el-morro-rv-park\/\">El Morro RV Park<\/a><\/li>\n<li><a href=\"koa-central-a-albuquerque\/\">KOA Central \u00e0 Albuquerque<\/a><\/li>\n<\/ul>\n<h3>On peut d\u00e9crire aussi les h\u00f4tels<\/h3>\n<ul>\n<li><a title=\"Holiday Inn \u00e0 Albuquerque\" href=\"holiday-inn-a-albuquerque\/\">Holiday Inn <\/a>express Old Town \u00e0 Albuquerque<\/li>\n<li><a title=\"Econolodge \u00e0 Albuquerque\" href=\"econolodge-a-albuquerque\/\">Econolodge<\/a> Old Town \u00e0 Albuquerque<\/li>\n<li><a title=\"Wolcott H\u00f4tel\" href=\"wolcott-hotel\/\">Wolcott h\u00f4tel<\/a> \u00e0 Manhattan\/NYC<\/li>\n<\/ul>\n","protected":false},"excerpt":{"rendered":"<p>Les 13 campgrounds o\u00f9 nous nous sommes pos\u00e9s avec le camping car (25 pieds) Rappel des proc\u00e9dures: En g\u00e9n\u00e9ral il faut renseigner ou choisir: &#8211; La position du CC sur l&#8217;emplacement (Back In:en marche arri\u00e8re\/Pull Thru: traversant). &#8211; la taille du CC: 25pieds (par exemple) Slide out= s&rsquo;il comporte des extensions lat\u00e9rales. Le mod\u00e8le (classe [&hellip;]<\/p>\n","protected":false},"author":2,"featured_media":0,"parent":50,"menu_order":0,"comment_status":"open","ping_status":"open","template":"","meta":{"footnotes":""},"class_list":["post-122","page","type-page","status-publish","hentry"],"_links":{"self":[{"href":"https:\/\/blogs.crespel.me\/usa2011\/wp-json\/wp\/v2\/pages\/122","targetHints":{"allow":["GET"]}}],"collection":[{"href":"https:\/\/blogs.crespel.me\/usa2011\/wp-json\/wp\/v2\/pages"}],"about":[{"href":"https:\/\/blogs.crespel.me\/usa2011\/wp-json\/wp\/v2\/types\/page"}],"author":[{"embeddable":true,"href":"https:\/\/blogs.crespel.me\/usa2011\/wp-json\/wp\/v2\/users\/2"}],"replies":[{"embeddable":true,"href":"https:\/\/blogs.crespel.me\/usa2011\/wp-json\/wp\/v2\/comments?post=122"}],"version-history":[{"count":17,"href":"https:\/\/blogs.crespel.me\/usa2011\/wp-json\/wp\/v2\/pages\/122\/revisions"}],"predecessor-version":[{"id":1131,"href":"https:\/\/blogs.crespel.me\/usa2011\/wp-json\/wp\/v2\/pages\/122\/revisions\/1131"}],"up":[{"embeddable":true,"href":"https:\/\/blogs.crespel.me\/usa2011\/wp-json\/wp\/v2\/pages\/50"}],"wp:attachment":[{"href":"https:\/\/blogs.crespel.me\/usa2011\/wp-json\/wp\/v2\/media?parent=122"}],"curies":[{"name":"wp","href":"https:\/\/api.w.org\/{rel}","templated":true}]}}