{"id":989,"date":"2009-09-01T14:53:51","date_gmt":"2009-09-01T12:53:51","guid":{"rendered":"http:\/\/jean.crespel.me\/?page_id=989"},"modified":"2009-09-02T23:28:09","modified_gmt":"2009-09-02T21:28:09","slug":"frontier-movie-town-a-kanab","status":"publish","type":"page","link":"https:\/\/blogs.crespel.me\/usa2009\/annexes\/randonnees-et-visites\/frontier-movie-town-a-kanab\/","title":{"rendered":"Frontier Movie Town \u00e0 Kanab"},"content":{"rendered":"<h3>Description<\/h3>\n<ul>\n<li>C&rsquo;est un village western reconstitu\u00e9 dont de nombreux \u00e9l\u00e9ments ont servi de d\u00e9cors de films.<\/li>\n<li>Il est situ\u00e9 \u00e0 l&rsquo;entr\u00e9e de Kanab, \u00e0 droite en venant du Nord par la 89. Rep\u00e9rer la statue de cheval.<\/li>\n<li>On y acc\u00e8de en traversant le magasin \u00e0 fa\u00e7ade bleue (Movie Set Museum). Parking juste devant.<\/li>\n<li>Il n&rsquo;y avait pas d&rsquo;autres visiteurs lors de notre passage vers 10h00 du matin.<\/li>\n<li>Gratuit (on  peut y acheter des souvenirs, prix corrects). M\u00e9rite le d\u00e9tour.<\/li>\n<\/ul>\n<h3>Photos<\/h3>\n<p style=\"text-align: center;\"><a href=\"\/usa2009\/files\/2009\/09\/DSCF7769.JPG\"><img loading=\"lazy\" decoding=\"async\" class=\"alignnone size-thumbnail wp-image-992\" title=\"Movie Town\" src=\"\/usa2009\/files\/2009\/09\/DSCF7769-150x150.jpg\" alt=\"DSCF7769\" width=\"150\" height=\"150\" \/><\/a> <a href=\"\/usa2009\/files\/2009\/09\/DSCF7774.JPG\"><img loading=\"lazy\" decoding=\"async\" class=\"alignnone size-thumbnail wp-image-993\" title=\"Movie Town\" src=\"\/usa2009\/files\/2009\/09\/DSCF7774-150x150.jpg\" alt=\"DSCF7774\" width=\"150\" height=\"150\" \/><\/a> <a href=\"\/usa2009\/files\/2009\/09\/DSCF7772.JPG\"><img loading=\"lazy\" decoding=\"async\" class=\"alignnone size-thumbnail wp-image-994\" title=\"Movie Town\" src=\"\/usa2009\/files\/2009\/09\/DSCF7772-150x150.jpg\" alt=\"DSCF7772\" width=\"150\" height=\"150\" \/><\/a><\/p>\n","protected":false},"excerpt":{"rendered":"<p>Description C&rsquo;est un village western reconstitu\u00e9 dont de nombreux \u00e9l\u00e9ments ont servi de d\u00e9cors de films. Il est situ\u00e9 \u00e0 l&rsquo;entr\u00e9e de Kanab, \u00e0 droite en venant du Nord par la 89. Rep\u00e9rer la statue de cheval. On y acc\u00e8de en traversant le magasin \u00e0 fa\u00e7ade bleue (Movie Set Museum). Parking juste devant. Il n&rsquo;y [&hellip;]<\/p>\n","protected":false},"author":2,"featured_media":0,"parent":569,"menu_order":0,"comment_status":"open","ping_status":"open","template":"","meta":{"footnotes":""},"class_list":["post-989","page","type-page","status-publish","hentry"],"_links":{"self":[{"href":"https:\/\/blogs.crespel.me\/usa2009\/wp-json\/wp\/v2\/pages\/989","targetHints":{"allow":["GET"]}}],"collection":[{"href":"https:\/\/blogs.crespel.me\/usa2009\/wp-json\/wp\/v2\/pages"}],"about":[{"href":"https:\/\/blogs.crespel.me\/usa2009\/wp-json\/wp\/v2\/types\/page"}],"author":[{"embeddable":true,"href":"https:\/\/blogs.crespel.me\/usa2009\/wp-json\/wp\/v2\/users\/2"}],"replies":[{"embeddable":true,"href":"https:\/\/blogs.crespel.me\/usa2009\/wp-json\/wp\/v2\/comments?post=989"}],"version-history":[{"count":7,"href":"https:\/\/blogs.crespel.me\/usa2009\/wp-json\/wp\/v2\/pages\/989\/revisions"}],"predecessor-version":[{"id":1120,"href":"https:\/\/blogs.crespel.me\/usa2009\/wp-json\/wp\/v2\/pages\/989\/revisions\/1120"}],"up":[{"embeddable":true,"href":"https:\/\/blogs.crespel.me\/usa2009\/wp-json\/wp\/v2\/pages\/569"}],"wp:attachment":[{"href":"https:\/\/blogs.crespel.me\/usa2009\/wp-json\/wp\/v2\/media?parent=989"}],"curies":[{"name":"wp","href":"https:\/\/api.w.org\/{rel}","templated":true}]}}