{"id":979,"date":"2009-09-01T14:22:35","date_gmt":"2009-09-01T12:22:35","guid":{"rendered":"http:\/\/jean.crespel.me\/?page_id=979"},"modified":"2021-05-10T09:31:46","modified_gmt":"2021-05-10T07:31:46","slug":"thousand-lakes-a-torrey","status":"publish","type":"page","link":"https:\/\/blogs.crespel.me\/usa2009\/annexes\/campgrounds\/thousand-lakes-a-torrey\/","title":{"rendered":"Thousand Lakes \u00e0 Torrey"},"content":{"rendered":"<h3>Description<\/h3>\n<ul>\n<li>Situ\u00e9 sur la route 24 \u00e0 5km \u00e0 l&rsquo;Ouest de Torrey.<\/li>\n<li>R\u00e9servable sur leur site. Boutique.<\/li>\n<li>Prix 29,22$ pour un RV25 et 3 personnes.<\/li>\n<li>Full Hookups.<\/li>\n<li><strong>Ao\u00fbt 2009: note 8\/10<\/strong>. Emplacement 29 en bout d&rsquo;all\u00e9e.<\/li>\n<li>Ombrag\u00e9, calme, belle vue sur les falaises.<\/li>\n<li>Pas de piscine.<\/li>\n<\/ul>\n<h3>Photos<\/h3>\n<p style=\"text-align: center\"><a href=\"\/usa2009\/files\/2009\/09\/DSCF7954.JPG\"><img loading=\"lazy\" decoding=\"async\" class=\"alignnone size-thumbnail wp-image-982\" title=\"Thousand Lakes\" src=\"\/usa2009\/files\/2009\/09\/DSCF7954-150x150.jpg\" alt=\"\u00e0 Thousand Lakes\" width=\"150\" height=\"150\" \/><\/a> <a href=\"\/usa2009\/files\/2009\/09\/DSCF7955.JPG\"><img loading=\"lazy\" decoding=\"async\" class=\"alignnone size-thumbnail wp-image-983\" title=\"Thousand Lakes\" src=\"\/usa2009\/files\/2009\/09\/DSCF7955-150x150.jpg\" alt=\"\u00e0 Thousand Lakes\" width=\"150\" height=\"150\" \/><\/a> <a href=\"\/usa2009\/files\/2009\/09\/DSCF7956.JPG\"><img loading=\"lazy\" decoding=\"async\" class=\"alignnone size-thumbnail wp-image-984\" title=\"Vue depuis le campground\" src=\"\/usa2009\/files\/2009\/09\/DSCF7956-150x150.jpg\" alt=\"Vue depuis le campground\" width=\"150\" height=\"150\" \/><\/a><\/p>\n","protected":false},"excerpt":{"rendered":"<p>Description Situ\u00e9 sur la route 24 \u00e0 5km \u00e0 l&rsquo;Ouest de Torrey. R\u00e9servable sur leur site. Boutique. Prix 29,22$ pour un RV25 et 3 personnes. Full Hookups. Ao\u00fbt 2009: note 8\/10. Emplacement 29 en bout d&rsquo;all\u00e9e. Ombrag\u00e9, calme, belle vue sur les falaises. Pas de piscine. Photos<\/p>\n","protected":false},"author":2,"featured_media":0,"parent":561,"menu_order":0,"comment_status":"open","ping_status":"open","template":"","meta":{"footnotes":""},"class_list":["post-979","page","type-page","status-publish","hentry"],"_links":{"self":[{"href":"https:\/\/blogs.crespel.me\/usa2009\/wp-json\/wp\/v2\/pages\/979","targetHints":{"allow":["GET"]}}],"collection":[{"href":"https:\/\/blogs.crespel.me\/usa2009\/wp-json\/wp\/v2\/pages"}],"about":[{"href":"https:\/\/blogs.crespel.me\/usa2009\/wp-json\/wp\/v2\/types\/page"}],"author":[{"embeddable":true,"href":"https:\/\/blogs.crespel.me\/usa2009\/wp-json\/wp\/v2\/users\/2"}],"replies":[{"embeddable":true,"href":"https:\/\/blogs.crespel.me\/usa2009\/wp-json\/wp\/v2\/comments?post=979"}],"version-history":[{"count":12,"href":"https:\/\/blogs.crespel.me\/usa2009\/wp-json\/wp\/v2\/pages\/979\/revisions"}],"predecessor-version":[{"id":2333,"href":"https:\/\/blogs.crespel.me\/usa2009\/wp-json\/wp\/v2\/pages\/979\/revisions\/2333"}],"up":[{"embeddable":true,"href":"https:\/\/blogs.crespel.me\/usa2009\/wp-json\/wp\/v2\/pages\/561"}],"wp:attachment":[{"href":"https:\/\/blogs.crespel.me\/usa2009\/wp-json\/wp\/v2\/media?parent=979"}],"curies":[{"name":"wp","href":"https:\/\/api.w.org\/{rel}","templated":true}]}}