{"id":958,"date":"2009-08-31T20:21:16","date_gmt":"2009-08-31T18:21:16","guid":{"rendered":"http:\/\/jean.crespel.me\/?page_id=958"},"modified":"2009-09-08T18:38:30","modified_gmt":"2009-09-08T16:38:30","slug":"visitor-center-zion-np","status":"publish","type":"page","link":"https:\/\/blogs.crespel.me\/usa2009\/annexes\/visitor-center\/visitor-center-zion-np\/","title":{"rendered":"Visitor Center &#8211; Zion NP"},"content":{"rendered":"<h3>Description<\/h3>\n<ul>\n<li>Le Visitor Center de Zion Canyon est ouvert de 8h00 \u00e0 19h00.<\/li>\n<li>Il est situ\u00e9 sur l&rsquo;UT9 North, apr\u00e8s Springdale.<\/li>\n<li>C&rsquo;est le point d&rsquo;arriv\u00e9e de la navette venant du Sud (depuis Majestic View), et le point de d\u00e9part de la navette partant vers le Nord du Canyon de la Virgin River (Temple of Sinawava). Les navettes sont un moyen pratique et rapide pour acc\u00e9der aux points de vues et d\u00e9parts de balades.<\/li>\n<li>Des panneaux explicatifs sont dispos\u00e9s \u00e0 l&rsquo;ext\u00e9rieur.<\/li>\n<li>Zion est un parc int\u00e9ressant sous r\u00e9serve d&rsquo;y randonner.<\/li>\n<\/ul>\n<h3>Photos<\/h3>\n<p style=\"text-align: center;\"><a href=\"\/usa2009\/files\/2009\/08\/DSCF7709.JPG\"><img loading=\"lazy\" decoding=\"async\" class=\"alignnone size-thumbnail wp-image-961\" title=\"VC de Zion\" src=\"\/usa2009\/files\/2009\/08\/DSCF7709-150x150.jpg\" alt=\"VC de Zion\" width=\"150\" height=\"150\" \/><\/a> <a href=\"\/usa2009\/files\/2009\/08\/DSCF7755.JPG\"><img loading=\"lazy\" decoding=\"async\" class=\"alignnone size-thumbnail wp-image-962\" title=\"VC de Zion NP\" src=\"\/usa2009\/files\/2009\/08\/DSCF7755-150x150.jpg\" alt=\"VC de Zion NP\" width=\"150\" height=\"150\" \/><\/a> <a href=\"\/usa2009\/files\/2009\/08\/DSCF7756.JPG\"><img loading=\"lazy\" decoding=\"async\" class=\"alignnone size-thumbnail wp-image-963\" title=\"Pr\u00e8s du VC de Zion NP\" src=\"\/usa2009\/files\/2009\/08\/DSCF7756-150x150.jpg\" alt=\"Pr\u00e8s du VC de Zion NP\" width=\"150\" height=\"150\" \/><\/a><\/p>\n","protected":false},"excerpt":{"rendered":"<p>Description Le Visitor Center de Zion Canyon est ouvert de 8h00 \u00e0 19h00. Il est situ\u00e9 sur l&rsquo;UT9 North, apr\u00e8s Springdale. C&rsquo;est le point d&rsquo;arriv\u00e9e de la navette venant du Sud (depuis Majestic View), et le point de d\u00e9part de la navette partant vers le Nord du Canyon de la Virgin River (Temple of Sinawava). [&hellip;]<\/p>\n","protected":false},"author":2,"featured_media":0,"parent":572,"menu_order":0,"comment_status":"open","ping_status":"open","template":"","meta":{"footnotes":""},"class_list":["post-958","page","type-page","status-publish","hentry"],"_links":{"self":[{"href":"https:\/\/blogs.crespel.me\/usa2009\/wp-json\/wp\/v2\/pages\/958","targetHints":{"allow":["GET"]}}],"collection":[{"href":"https:\/\/blogs.crespel.me\/usa2009\/wp-json\/wp\/v2\/pages"}],"about":[{"href":"https:\/\/blogs.crespel.me\/usa2009\/wp-json\/wp\/v2\/types\/page"}],"author":[{"embeddable":true,"href":"https:\/\/blogs.crespel.me\/usa2009\/wp-json\/wp\/v2\/users\/2"}],"replies":[{"embeddable":true,"href":"https:\/\/blogs.crespel.me\/usa2009\/wp-json\/wp\/v2\/comments?post=958"}],"version-history":[{"count":7,"href":"https:\/\/blogs.crespel.me\/usa2009\/wp-json\/wp\/v2\/pages\/958\/revisions"}],"predecessor-version":[{"id":966,"href":"https:\/\/blogs.crespel.me\/usa2009\/wp-json\/wp\/v2\/pages\/958\/revisions\/966"}],"up":[{"embeddable":true,"href":"https:\/\/blogs.crespel.me\/usa2009\/wp-json\/wp\/v2\/pages\/572"}],"wp:attachment":[{"href":"https:\/\/blogs.crespel.me\/usa2009\/wp-json\/wp\/v2\/media?parent=958"}],"curies":[{"name":"wp","href":"https:\/\/api.w.org\/{rel}","templated":true}]}}