{"id":940,"date":"2009-08-31T18:31:37","date_gmt":"2009-08-31T16:31:37","guid":{"rendered":"http:\/\/jean.crespel.me\/?page_id=940"},"modified":"2009-09-01T15:28:51","modified_gmt":"2009-09-01T13:28:51","slug":"visitor-center-valley-of-fire","status":"publish","type":"page","link":"https:\/\/blogs.crespel.me\/usa2009\/annexes\/visitor-center\/visitor-center-valley-of-fire\/","title":{"rendered":"Visitor Center &#8211; Valley of Fire"},"content":{"rendered":"<h3>Description<\/h3>\n<ul>\n<li>Le Visitor Center de Valley of Fire est ouvert de 8h30 \u00e0 16h30.<\/li>\n<li>Il est situ\u00e9 pr\u00e8s de la Scenic Road reliant La I.15 (\u00e0 l&rsquo;Ouest) \u00e0 la 167 (\u00e0 l&rsquo;Est) et \u00e0 mi-chemin entre les entr\u00e9es Ouest et Est.<\/li>\n<li>Il est bien int\u00e9gr\u00e9 \u00e0 l&rsquo;environnement.<\/li>\n<li>A l&rsquo;int\u00e9rieur, voir les panneaux explicatifs et les reconstitutions.<\/li>\n<li>Juste \u00e0 c\u00f4t\u00e9 commence la superbe route sc\u00e9nique (\u00e0 parcourir imp\u00e9rativement) montant vers le Nord jusque White Domes \u00e0 4 miles (6,5 km env.).<\/li>\n<\/ul>\n<p>C&rsquo;est un \u00e9tonnant petit parc \u00e0 visiter en fin d&rsquo;apr\u00e8s midi, et le matin t\u00f4t (pour les belles couleurs et \u00e9viter les fortes temp\u00e9ratures).<\/p>\n<h3>Photos<\/h3>\n<p style=\"text-align: center;\"><a href=\"\/usa2009\/files\/2009\/08\/DSCF7673.JPG\"><img loading=\"lazy\" decoding=\"async\" class=\"alignnone size-thumbnail wp-image-944\" title=\"VC de Valley of Fire\" src=\"\/usa2009\/files\/2009\/08\/DSCF7673-150x150.jpg\" alt=\"VC de Valley of Fire\" width=\"150\" height=\"150\" \/><\/a> <a href=\"\/usa2009\/files\/2009\/08\/DSCF76751.JPG\"><img loading=\"lazy\" decoding=\"async\" class=\"alignnone size-thumbnail wp-image-946\" title=\"Vue int\u00e9rieure\" src=\"\/usa2009\/files\/2009\/08\/DSCF76751-150x150.jpg\" alt=\"Vue int\u00e9rieure\" width=\"150\" height=\"150\" \/><\/a> <a href=\"\/usa2009\/files\/2009\/08\/DSCF7676.JPG\"><img loading=\"lazy\" decoding=\"async\" class=\"alignnone size-thumbnail wp-image-947\" title=\"Vue vers l'arri\u00e8re du VC\" src=\"\/usa2009\/files\/2009\/08\/DSCF7676-150x150.jpg\" alt=\"Vue vers l'arri\u00e8re du VC\" width=\"150\" height=\"150\" \/><\/a><\/p>\n","protected":false},"excerpt":{"rendered":"<p>Description Le Visitor Center de Valley of Fire est ouvert de 8h30 \u00e0 16h30. Il est situ\u00e9 pr\u00e8s de la Scenic Road reliant La I.15 (\u00e0 l&rsquo;Ouest) \u00e0 la 167 (\u00e0 l&rsquo;Est) et \u00e0 mi-chemin entre les entr\u00e9es Ouest et Est. Il est bien int\u00e9gr\u00e9 \u00e0 l&rsquo;environnement. A l&rsquo;int\u00e9rieur, voir les panneaux explicatifs et les [&hellip;]<\/p>\n","protected":false},"author":2,"featured_media":0,"parent":572,"menu_order":0,"comment_status":"open","ping_status":"open","template":"","meta":{"footnotes":""},"class_list":["post-940","page","type-page","status-publish","hentry"],"_links":{"self":[{"href":"https:\/\/blogs.crespel.me\/usa2009\/wp-json\/wp\/v2\/pages\/940","targetHints":{"allow":["GET"]}}],"collection":[{"href":"https:\/\/blogs.crespel.me\/usa2009\/wp-json\/wp\/v2\/pages"}],"about":[{"href":"https:\/\/blogs.crespel.me\/usa2009\/wp-json\/wp\/v2\/types\/page"}],"author":[{"embeddable":true,"href":"https:\/\/blogs.crespel.me\/usa2009\/wp-json\/wp\/v2\/users\/2"}],"replies":[{"embeddable":true,"href":"https:\/\/blogs.crespel.me\/usa2009\/wp-json\/wp\/v2\/comments?post=940"}],"version-history":[{"count":11,"href":"https:\/\/blogs.crespel.me\/usa2009\/wp-json\/wp\/v2\/pages\/940\/revisions"}],"predecessor-version":[{"id":1011,"href":"https:\/\/blogs.crespel.me\/usa2009\/wp-json\/wp\/v2\/pages\/940\/revisions\/1011"}],"up":[{"embeddable":true,"href":"https:\/\/blogs.crespel.me\/usa2009\/wp-json\/wp\/v2\/pages\/572"}],"wp:attachment":[{"href":"https:\/\/blogs.crespel.me\/usa2009\/wp-json\/wp\/v2\/media?parent=940"}],"curies":[{"name":"wp","href":"https:\/\/api.w.org\/{rel}","templated":true}]}}