{"id":811,"date":"2009-08-29T13:44:04","date_gmt":"2009-08-29T11:44:04","guid":{"rendered":"http:\/\/jean.crespel.me\/?page_id=811"},"modified":"2022-01-31T18:28:20","modified_gmt":"2022-01-31T17:28:20","slug":"north-campground-a-bryce-canyon","status":"publish","type":"page","link":"https:\/\/blogs.crespel.me\/usa2009\/annexes\/campgrounds\/north-campground-a-bryce-canyon\/","title":{"rendered":"North Campground \u00e0 Bryce Canyon"},"content":{"rendered":"<h3>Description<\/h3>\n<ul>\n<li>Situ\u00e9 pr\u00e8s du Visitor Center de Bryce Canyon NP.<\/li>\n<li>R\u00e9servable sur <a href=\"http:\/\/www.recreation.gov\">recreation.gov<\/a>.<\/li>\n<li>Prix 15$ pour un RV25 et 3 personnes.<\/li>\n<li>Pas de branchements mais eau potable \u00e0 proximit\u00e9 et Dump Station.<\/li>\n<li><strong>Ao\u00fbt 2009: note 7\/10<\/strong>. Emplacement 019 Loop A.<\/li>\n<\/ul>\n<p>Calme et ombrag\u00e9 avec la pin\u00e8de sur le c\u00f4t\u00e9 porte.<\/p>\n<p>Attention, il peut faire \u00ab\u00a0tr\u00e8s frais\u00a0\u00bb le matin, m\u00eame au mois d&rsquo;ao\u00fbt (3 \u00e0 5\u00b0C pour nous).<\/p>\n<ul>\n<li><em>variante avec branchements au Ruby&rsquo;s Inn avant l&rsquo;entr\u00e9e du parc (\u00e0 droite).<\/em><\/li>\n<\/ul>\n<h3>Photos<\/h3>\n<p style=\"text-align: center\"><a href=\"\/usa2009\/files\/2009\/08\/DSCF7817.JPG\"><img loading=\"lazy\" decoding=\"async\" class=\"alignnone size-thumbnail wp-image-821\" title=\"North campground \u00e0 Bryce\" src=\"\/usa2009\/files\/2009\/08\/DSCF7817-150x150.jpg\" alt=\"North campground \u00e0 Bryce\" width=\"150\" height=\"150\" \/><\/a> <a href=\"\/usa2009\/files\/2009\/08\/DSCF7818.JPG\"><img loading=\"lazy\" decoding=\"async\" class=\"alignnone size-thumbnail wp-image-822\" title=\"North campground \u00e0 Bryce\" src=\"\/usa2009\/files\/2009\/08\/DSCF7818-150x150.jpg\" alt=\"North campground \u00e0 Bryce\" width=\"150\" height=\"150\" \/><\/a> <a href=\"\/usa2009\/files\/2009\/08\/IMG_8448.JPG\"><img loading=\"lazy\" decoding=\"async\" class=\"alignnone size-thumbnail wp-image-823\" title=\"Biche pr\u00e8s du campground\" src=\"\/usa2009\/files\/2009\/08\/IMG_8448-150x150.jpg\" alt=\"Biche pr\u00e8s du campground\" width=\"150\" height=\"150\" \/><\/a><\/p>\n","protected":false},"excerpt":{"rendered":"<p>Description Situ\u00e9 pr\u00e8s du Visitor Center de Bryce Canyon NP. R\u00e9servable sur recreation.gov. Prix 15$ pour un RV25 et 3 personnes. Pas de branchements mais eau potable \u00e0 proximit\u00e9 et Dump Station. Ao\u00fbt 2009: note 7\/10. Emplacement 019 Loop A. Calme et ombrag\u00e9 avec la pin\u00e8de sur le c\u00f4t\u00e9 porte. Attention, il peut faire \u00ab\u00a0tr\u00e8s [&hellip;]<\/p>\n","protected":false},"author":2,"featured_media":0,"parent":561,"menu_order":0,"comment_status":"open","ping_status":"open","template":"","meta":{"footnotes":""},"class_list":["post-811","page","type-page","status-publish","hentry"],"_links":{"self":[{"href":"https:\/\/blogs.crespel.me\/usa2009\/wp-json\/wp\/v2\/pages\/811","targetHints":{"allow":["GET"]}}],"collection":[{"href":"https:\/\/blogs.crespel.me\/usa2009\/wp-json\/wp\/v2\/pages"}],"about":[{"href":"https:\/\/blogs.crespel.me\/usa2009\/wp-json\/wp\/v2\/types\/page"}],"author":[{"embeddable":true,"href":"https:\/\/blogs.crespel.me\/usa2009\/wp-json\/wp\/v2\/users\/2"}],"replies":[{"embeddable":true,"href":"https:\/\/blogs.crespel.me\/usa2009\/wp-json\/wp\/v2\/comments?post=811"}],"version-history":[{"count":12,"href":"https:\/\/blogs.crespel.me\/usa2009\/wp-json\/wp\/v2\/pages\/811\/revisions"}],"predecessor-version":[{"id":2337,"href":"https:\/\/blogs.crespel.me\/usa2009\/wp-json\/wp\/v2\/pages\/811\/revisions\/2337"}],"up":[{"embeddable":true,"href":"https:\/\/blogs.crespel.me\/usa2009\/wp-json\/wp\/v2\/pages\/561"}],"wp:attachment":[{"href":"https:\/\/blogs.crespel.me\/usa2009\/wp-json\/wp\/v2\/media?parent=811"}],"curies":[{"name":"wp","href":"https:\/\/api.w.org\/{rel}","templated":true}]}}