{"id":574,"date":"2009-07-30T13:57:57","date_gmt":"2009-07-30T11:57:57","guid":{"rendered":"http:\/\/jean.crespel.me\/?page_id=574"},"modified":"2013-12-07T13:12:51","modified_gmt":"2013-12-07T12:12:51","slug":"bonus","status":"publish","type":"page","link":"https:\/\/blogs.crespel.me\/usa2009\/annexes\/bonus\/","title":{"rendered":"Bonus"},"content":{"rendered":"<h3>Le \u00ab\u00a0Bonus\u00a0\u00bb (compilation de nos 4 voyages) : plaques d&rsquo;immatriculations de 32 diff\u00e9rents \u00e9tats US + 3 Canadiens + 2 autres (mise \u00e0 jour un peu tardive en 12\/2013).<\/h3>\n<p><span style=\"color: #ffcc00\"><span style=\"text-decoration: underline\"><strong><em><a href=\"\/usa2009\/files\/2009\/07\/IMG_4106.JPG\"><img loading=\"lazy\" decoding=\"async\" title=\"Arizona\" alt=\"Arizona\" src=\"\/usa2009\/files\/2009\/07\/IMG_4106-150x150.jpg\" width=\"150\" height=\"150\" \/><\/a> <a href=\"\/usa2009\/files\/2009\/07\/IMG_4239.JPG\"><img loading=\"lazy\" decoding=\"async\" title=\"Nevada\" alt=\"Nevada2\" src=\"\/usa2009\/files\/2009\/07\/IMG_4239-150x150.jpg\" width=\"150\" height=\"150\" \/> <\/a><a href=\"\/usa2009\/files\/2009\/07\/IMG_4268.JPG\"><img loading=\"lazy\" decoding=\"async\" title=\"Colorado\" alt=\"Colorado\" src=\"\/usa2009\/files\/2009\/07\/IMG_4268-150x150.jpg\" width=\"150\" height=\"150\" \/><\/a> <a href=\"\/usa2009\/files\/2009\/07\/IMG_4269.JPG\"><img loading=\"lazy\" decoding=\"async\" title=\"Floride\" alt=\"Floride\" src=\"\/usa2009\/files\/2009\/07\/IMG_4269-150x150.jpg\" width=\"150\" height=\"150\" \/><\/a> <a href=\"\/usa2009\/files\/2009\/07\/IMG_4273.JPG\"><img loading=\"lazy\" decoding=\"async\" title=\"Oregon\" alt=\"Oregon\" src=\"\/usa2009\/files\/2009\/07\/IMG_4273-150x150.jpg\" width=\"150\" height=\"150\" \/><\/a> <a href=\"\/usa2009\/files\/2009\/07\/IMG_4411.JPG\"><img loading=\"lazy\" decoding=\"async\" title=\"Washington\" alt=\"Washington\" src=\"\/usa2009\/files\/2009\/07\/IMG_4411-150x150.jpg\" width=\"150\" height=\"150\" \/><\/a> <a href=\"\/usa2009\/files\/2009\/07\/IMG_4412.JPG\"><img loading=\"lazy\" decoding=\"async\" title=\"Texas\" alt=\"Texas\" src=\"\/usa2009\/files\/2009\/07\/IMG_4412-150x150.jpg\" width=\"150\" height=\"150\" \/><\/a> <a href=\"\/usa2009\/files\/2009\/07\/IMG_4420.JPG\"><img loading=\"lazy\" decoding=\"async\" title=\"Missouri\" alt=\"Missouri\" src=\"\/usa2009\/files\/2009\/07\/IMG_4420-150x150.jpg\" width=\"150\" height=\"150\" \/><\/a> <a href=\"\/usa2009\/files\/2009\/07\/IMG_4472.JPG\"><img loading=\"lazy\" decoding=\"async\" title=\"South Dakota\" alt=\"South Dakota\" src=\"\/usa2009\/files\/2009\/07\/IMG_4472-150x150.jpg\" width=\"150\" height=\"150\" \/><\/a> <a href=\"\/usa2009\/files\/2009\/07\/IMG_4550.JPG\"><img loading=\"lazy\" decoding=\"async\" title=\"New Jersey\" alt=\"New Jersey\" src=\"\/usa2009\/files\/2009\/07\/IMG_4550-150x150.jpg\" width=\"150\" height=\"150\" \/><\/a> <a href=\"\/usa2009\/files\/2009\/07\/IMG_4689.JPG\"><img loading=\"lazy\" decoding=\"async\" title=\"Utah\" alt=\"Utah\" src=\"\/usa2009\/files\/2009\/07\/IMG_4689-150x150.jpg\" width=\"150\" height=\"150\" \/><\/a> <a href=\"\/usa2009\/files\/2009\/07\/IMG_4690.JPG\"><img loading=\"lazy\" decoding=\"async\" title=\"Montana\" alt=\"Montana\" src=\"\/usa2009\/files\/2009\/07\/IMG_4690-150x150.jpg\" width=\"150\" height=\"150\" \/><\/a> <a href=\"\/usa2009\/files\/2009\/07\/IMG_4709.JPG\"><img loading=\"lazy\" decoding=\"async\" title=\"Nouveau Mexique\" alt=\"Nouveau Mexique\" src=\"\/usa2009\/files\/2009\/07\/IMG_4709-150x150.jpg\" width=\"150\" height=\"150\" \/><\/a> <a href=\"\/usa2009\/files\/2009\/07\/IMG_4784.JPG\"><img loading=\"lazy\" decoding=\"async\" title=\"Alaska\" alt=\"Alaska\" src=\"\/usa2009\/files\/2009\/07\/IMG_4784-150x150.jpg\" width=\"150\" height=\"150\" \/><\/a> <a href=\"\/usa2009\/files\/2009\/07\/IMG_4785.JPG\"><img loading=\"lazy\" decoding=\"async\" title=\"Kansas\" alt=\"Kansas\" src=\"\/usa2009\/files\/2009\/07\/IMG_4785-150x150.jpg\" width=\"150\" height=\"150\" \/><\/a> <a href=\"\/usa2009\/files\/2009\/07\/IMG_4786.JPG\"><img loading=\"lazy\" decoding=\"async\" title=\"Vermont\" alt=\"Vermont\" src=\"\/usa2009\/files\/2009\/07\/IMG_4786-150x150.jpg\" width=\"150\" height=\"150\" \/><\/a> <a href=\"\/usa2009\/files\/2009\/07\/IMG_4787.JPG\"><img loading=\"lazy\" decoding=\"async\" title=\"Iowa\" alt=\"Iowa\" src=\"\/usa2009\/files\/2009\/07\/IMG_4787-150x150.jpg\" width=\"150\" height=\"150\" \/><\/a> <a href=\"\/usa2009\/files\/2009\/07\/IMG_5061.JPG\"><img loading=\"lazy\" decoding=\"async\" title=\"Oklahoma\" alt=\"Oklahoma\" src=\"\/usa2009\/files\/2009\/07\/IMG_5061-150x150.jpg\" width=\"150\" height=\"150\" \/><\/a> <a href=\"\/usa2009\/files\/2009\/07\/IMG_5062.JPG\"><img loading=\"lazy\" decoding=\"async\" title=\"Tennessee\" alt=\"Tennessee\" src=\"\/usa2009\/files\/2009\/07\/IMG_5062-150x150.jpg\" width=\"150\" height=\"150\" \/><\/a> <a href=\"\/usa2009\/files\/2009\/07\/IMG_5063.JPG\"><img loading=\"lazy\" decoding=\"async\" title=\"Rhode Island\" alt=\"Rhode Island\" src=\"\/usa2009\/files\/2009\/07\/IMG_5063-150x150.jpg\" width=\"150\" height=\"150\" \/><\/a> <a href=\"\/usa2009\/files\/2009\/07\/IMG_5210.JPG\"><img loading=\"lazy\" decoding=\"async\" title=\"Illinois\" alt=\"Illinois\" src=\"\/usa2009\/files\/2009\/07\/IMG_5210-150x150.jpg\" width=\"150\" height=\"150\" \/>\u00a0<\/a><a href=\"http:\/\/blogs.crespel.me\/usa2009\/files\/2009\/07\/DSCF7976.jpg\"><img loading=\"lazy\" decoding=\"async\" class=\"alignnone size-thumbnail wp-image-2266\" title=\"Maryland\" alt=\"Maryland\" src=\"http:\/\/blogs.crespel.me\/usa2009\/files\/2009\/07\/DSCF7976-150x150.jpg\" width=\"150\" height=\"150\" \/><\/a> <a href=\"http:\/\/blogs.crespel.me\/usa2009\/files\/2009\/07\/DSCF7966.jpg\"><img loading=\"lazy\" decoding=\"async\" class=\"alignnone size-thumbnail wp-image-2265\" title=\"Georgia\" alt=\"Georgia\" src=\"http:\/\/blogs.crespel.me\/usa2009\/files\/2009\/07\/DSCF7966-150x150.jpg\" width=\"150\" height=\"150\" \/><\/a> <a href=\"http:\/\/blogs.crespel.me\/usa2009\/files\/2009\/07\/DSCF7873.jpg\"><img loading=\"lazy\" decoding=\"async\" class=\"alignnone size-thumbnail wp-image-2264\" title=\"New York\" alt=\"New York\" src=\"http:\/\/blogs.crespel.me\/usa2009\/files\/2009\/07\/DSCF7873-150x150.jpg\" width=\"150\" height=\"150\" \/><\/a> <a href=\"http:\/\/blogs.crespel.me\/usa2009\/files\/2009\/07\/DSCF7672.jpg\"><img loading=\"lazy\" decoding=\"async\" class=\"alignnone size-thumbnail wp-image-2263\" title=\"Alberta\/Canada\" alt=\"Alberta\" src=\"http:\/\/blogs.crespel.me\/usa2009\/files\/2009\/07\/DSCF7672-150x150.jpg\" width=\"150\" height=\"150\" \/><\/a>\u00a0<a href=\"http:\/\/blogs.crespel.me\/usa2009\/files\/2009\/07\/DSCF8077.jpg\"><img loading=\"lazy\" decoding=\"async\" class=\"alignnone size-thumbnail wp-image-2267\" title=\"Pennsylvania\" alt=\"Pennsylvania\" src=\"http:\/\/blogs.crespel.me\/usa2009\/files\/2009\/07\/DSCF8077-150x150.jpg\" width=\"150\" height=\"150\" \/><\/a> <a href=\"http:\/\/blogs.crespel.me\/usa2009\/files\/2009\/07\/DSCF8099.jpg\"><img loading=\"lazy\" decoding=\"async\" class=\"alignnone size-thumbnail wp-image-2268\" title=\"Ontario\/Canada\" alt=\"Ontario\" src=\"http:\/\/blogs.crespel.me\/usa2009\/files\/2009\/07\/DSCF8099-150x150.jpg\" width=\"150\" height=\"150\" \/><\/a> <a href=\"http:\/\/blogs.crespel.me\/usa2009\/files\/2009\/07\/DSCF8100.jpg\"><img loading=\"lazy\" decoding=\"async\" class=\"alignnone size-thumbnail wp-image-2269\" title=\"Gouvernement US\" alt=\"gouvernement\" src=\"http:\/\/blogs.crespel.me\/usa2009\/files\/2009\/07\/DSCF8100-150x150.jpg\" width=\"150\" height=\"150\" \/><\/a>\u00a0<a href=\"http:\/\/blogs.crespel.me\/usa2009\/files\/2009\/07\/DSCF8472-Corvette-C5-2.jpg\"><img loading=\"lazy\" decoding=\"async\" class=\"alignnone size-thumbnail wp-image-2270\" title=\"Wisconsin\" alt=\"Wisconsin\" src=\"http:\/\/blogs.crespel.me\/usa2009\/files\/2009\/07\/DSCF8472-Corvette-C5-2-150x150.jpg\" width=\"150\" height=\"150\" \/><\/a> <a href=\"http:\/\/blogs.crespel.me\/usa2009\/files\/2009\/07\/IMG_0401-2.jpg\"><img loading=\"lazy\" decoding=\"async\" class=\"alignnone size-thumbnail wp-image-2271\" title=\"Wyoming\" alt=\"Wyoming\" src=\"http:\/\/blogs.crespel.me\/usa2009\/files\/2009\/07\/IMG_0401-2-150x150.jpg\" width=\"150\" height=\"150\" \/><\/a> <a href=\"http:\/\/blogs.crespel.me\/usa2009\/files\/2009\/07\/IMG_1002-2.jpg\"><img loading=\"lazy\" decoding=\"async\" class=\"alignnone size-thumbnail wp-image-2272\" title=\"Colombie Brit\/Canada\" alt=\"Colombie Britannique\" src=\"http:\/\/blogs.crespel.me\/usa2009\/files\/2009\/07\/IMG_1002-2-150x150.jpg\" width=\"150\" height=\"150\" \/><\/a> <a href=\"http:\/\/blogs.crespel.me\/usa2009\/files\/2009\/07\/IMG_2499-2.jpg\"><img loading=\"lazy\" decoding=\"async\" class=\"alignnone size-thumbnail wp-image-2273\" title=\"Pub Camaro\" alt=\"Pub Camaro\" src=\"http:\/\/blogs.crespel.me\/usa2009\/files\/2009\/07\/IMG_2499-2-150x150.jpg\" width=\"150\" height=\"150\" \/><\/a> <a href=\"http:\/\/blogs.crespel.me\/usa2009\/files\/2009\/07\/IMG_4793-2.jpg\"><img loading=\"lazy\" decoding=\"async\" class=\"alignnone size-thumbnail wp-image-2274\" title=\"Kentucky\" alt=\"Kentucky\" src=\"http:\/\/blogs.crespel.me\/usa2009\/files\/2009\/07\/IMG_4793-2-150x150.jpg\" width=\"150\" height=\"150\" \/>\u00a0<\/a><a href=\"http:\/\/blogs.crespel.me\/usa2009\/files\/2009\/07\/DSCF8656.jpg\"><img loading=\"lazy\" decoding=\"async\" class=\"alignnone size-thumbnail wp-image-2276\" title=\"California\" alt=\"California\" src=\"http:\/\/blogs.crespel.me\/usa2009\/files\/2009\/07\/DSCF8656-150x150.jpg\" width=\"150\" height=\"150\" \/><\/a> <a href=\"http:\/\/blogs.crespel.me\/usa2009\/files\/2009\/07\/DSCF8682.jpg\"><img loading=\"lazy\" decoding=\"async\" class=\"alignnone size-thumbnail wp-image-2277\" title=\"Minnesota\" alt=\"Minnesota\" src=\"http:\/\/blogs.crespel.me\/usa2009\/files\/2009\/07\/DSCF8682-150x150.jpg\" width=\"150\" height=\"150\" \/><\/a>\u00a0<a href=\"http:\/\/blogs.crespel.me\/usa2009\/files\/2009\/07\/DSCF8735.jpg\"><img loading=\"lazy\" decoding=\"async\" class=\"alignnone size-thumbnail wp-image-2280\" title=\"Virginie\" alt=\"Virginie\" src=\"http:\/\/blogs.crespel.me\/usa2009\/files\/2009\/07\/DSCF8735-150x150.jpg\" width=\"150\" height=\"150\" \/><\/a><\/em><\/strong><\/span><\/span><span style=\"color: #ffcc00\"><span style=\"text-decoration: underline\"><strong><em><a href=\"http:\/\/blogs.crespel.me\/usa2009\/files\/2009\/07\/DSCF8797.jpg\"><img loading=\"lazy\" decoding=\"async\" class=\"alignnone size-thumbnail wp-image-2286\" title=\"Michigan\" alt=\"Michigan\" src=\"http:\/\/blogs.crespel.me\/usa2009\/files\/2009\/07\/DSCF8797-150x150.jpg\" width=\"150\" height=\"150\" \/><\/a> <img loading=\"lazy\" decoding=\"async\" title=\"carte_etats_unis\" alt=\"carte_etats_unis\" src=\"\/usa2009\/files\/2009\/07\/carte_etats_unis-150x150.jpg\" width=\"150\" height=\"150\" \/><\/em><\/strong><\/span><\/span><\/p>\n<p>&nbsp;<\/p>\n","protected":false},"excerpt":{"rendered":"<p>Le \u00ab\u00a0Bonus\u00a0\u00bb (compilation de nos 4 voyages) : plaques d&rsquo;immatriculations de 32 diff\u00e9rents \u00e9tats US + 3 Canadiens + 2 autres (mise \u00e0 jour un peu tardive en 12\/2013). \u00a0 \u00a0 \u00a0 \u00a0 \u00a0 &nbsp;<\/p>\n","protected":false},"author":2,"featured_media":0,"parent":369,"menu_order":0,"comment_status":"open","ping_status":"open","template":"","meta":{"footnotes":""},"class_list":["post-574","page","type-page","status-publish","hentry"],"_links":{"self":[{"href":"https:\/\/blogs.crespel.me\/usa2009\/wp-json\/wp\/v2\/pages\/574","targetHints":{"allow":["GET"]}}],"collection":[{"href":"https:\/\/blogs.crespel.me\/usa2009\/wp-json\/wp\/v2\/pages"}],"about":[{"href":"https:\/\/blogs.crespel.me\/usa2009\/wp-json\/wp\/v2\/types\/page"}],"author":[{"embeddable":true,"href":"https:\/\/blogs.crespel.me\/usa2009\/wp-json\/wp\/v2\/users\/2"}],"replies":[{"embeddable":true,"href":"https:\/\/blogs.crespel.me\/usa2009\/wp-json\/wp\/v2\/comments?post=574"}],"version-history":[{"count":16,"href":"https:\/\/blogs.crespel.me\/usa2009\/wp-json\/wp\/v2\/pages\/574\/revisions"}],"predecessor-version":[{"id":2289,"href":"https:\/\/blogs.crespel.me\/usa2009\/wp-json\/wp\/v2\/pages\/574\/revisions\/2289"}],"up":[{"embeddable":true,"href":"https:\/\/blogs.crespel.me\/usa2009\/wp-json\/wp\/v2\/pages\/369"}],"wp:attachment":[{"href":"https:\/\/blogs.crespel.me\/usa2009\/wp-json\/wp\/v2\/media?parent=574"}],"curies":[{"name":"wp","href":"https:\/\/api.w.org\/{rel}","templated":true}]}}