{"id":572,"date":"2009-07-30T13:56:54","date_gmt":"2009-07-30T11:56:54","guid":{"rendered":"http:\/\/jean.crespel.me\/?page_id=572"},"modified":"2009-09-17T15:26:27","modified_gmt":"2009-09-17T13:26:27","slug":"visitor-center","status":"publish","type":"page","link":"https:\/\/blogs.crespel.me\/usa2009\/annexes\/visitor-center\/","title":{"rendered":"Visitor Center"},"content":{"rendered":"<h3>Les 22 sur 29 Visitor Center, o\u00f9 l&rsquo;on obtient toutes les infos pratiques :<\/h3>\n<p><span style=\"color: #ffcc00;\"><em><span style=\"color: #ffcc00;\">Apr\u00e8s le \u00ab\u00a0p\u00e9age\u00a0\u00bb du parc (qui fournit en g\u00e9n\u00e9ral le plan et le journal), le VC est un passage \u00ab\u00a0oblig\u00e9\u00a0\u00bb o\u00f9 il FAUT consacrer de 15 \u00e0 45mn. On y trouve : les Rangers \u00ab\u00a0toujours pr\u00eats\u00a0\u00bb, la m\u00e9t\u00e9o, les cartes d\u00e9taill\u00e9es, une boutique, des panneaux explicatifs, une salle de projection (il suffit de leur demander de d\u00e9marrer le film), et quelquefois un v\u00e9ritable mus\u00e9e ou des d\u00e9monstrations d&rsquo;artisanat.<\/span><\/em><\/span><\/p>\n<p><span style=\"color: #ffcc00;\"><em><span style=\"color: #ffcc00;\"><span style=\"color: #999999;\">Les Visitor Center o\u00f9 nous n&rsquo;avons pu nous rendre, sont list\u00e9s pour m\u00e9moire (en italique).<\/span><br \/>\n<\/span><\/em><\/span><\/p>\n<ul>\n<li><a href=\"visitor-center-valley-of-fire\/\">Valley of Fire<\/a> (pr\u00e8s de Overton)<\/li>\n<li><span style=\"color: #888888;\"><em>Snow Canyon (pr\u00e8s de StGeorge)<\/em><\/span><\/li>\n<li><span style=\"color: #888888;\"><em>Red Cliffs (pr\u00e8s de StGeorge)<\/em><\/span><\/li>\n<li><a href=\"visitor-center-zion-np\/\">Zion NP<\/a><\/li>\n<li><span style=\"color: #888888;\"><em>Coral Pink Sand Dunes (pr\u00e8s de Zion)<\/em><\/span><\/li>\n<li><a href=\"visitor-center-cedar-breaks\/\">Cedar Breaks<\/a> NM (pr\u00e8s de Cedar City)<\/li>\n<li><span style=\"color: #888888;\"><em>Red Canyon (pr\u00e8s de Bryce)<\/em><\/span><\/li>\n<li><a href=\"visitor-center-bryce-canyon\/ \">Bryce Canyon<\/a> NP<\/li>\n<li><a href=\"visitor-center-kodachrome-basin\/\">Kodachrome Basin<\/a> (pr\u00e8s de Cannonville)<\/li>\n<li><span style=\"color: #888888;\"><em>Petrified Forest (pr\u00e8s de Escalante)<\/em><\/span><\/li>\n<li><a href=\"visitor-center-capitol-reef\/\">Capitol Reef<\/a> NP<\/li>\n<li><a href=\"visitor-center-arches\/\">Arches<\/a> NP<\/li>\n<li><a href=\"visitor-center-dead-horse-point\/\">Dead Horse Point<\/a> (pr\u00e8s de Canyonlands)<\/li>\n<li><a href=\"visitor-center-canyonlands-island-in-the-sky\/\">Canyonlands &#8211; Island in the Sky<\/a> NP<\/li>\n<li><a href=\"visitor-center-canyonlands-the-needles\/\">Canyonlands &#8211; The Needles<\/a> NP<\/li>\n<li><a href=\"visitor-center-mesa-verde\/\">Mesa Verde<\/a> NP<\/li>\n<li><a href=\"visitor-center-canyon-de-chelly\/\">Canyon de Chelly<\/a> NM<\/li>\n<li><span style=\"color: #888888;\"><em>Monument Valley NM<\/em><\/span><\/li>\n<li><a href=\"visitor-center-navajo-nm\/\">Navajo NM<\/a><\/li>\n<li><a href=\"visitor-center-glen-canyon\/\">Glen Canyon<\/a> (Lac Powell) NP<\/li>\n<li><a href=\"visitor-center-grand-canyon\/\">Grand Canyon<\/a> NP<\/li>\n<li><a href=\"visitor-center-wupatki\/ \">Wupatki<\/a> NM<\/li>\n<li><a href=\"visitor-center-sunset-crater\/ \">Sunset Crater<\/a><\/li>\n<li><span style=\"color: #888888;\"><em>Meteor Crater<\/em><\/span><\/li>\n<li><a href=\"visitor-center-painted-desert\/\">Painted Desert<\/a><\/li>\n<li><a href=\"visitor-center-petrified-forest\/\">Petrified Forest<\/a><\/li>\n<li><a href=\"visitor-center-walnut-canyon\/\">Walnut Canyon<\/a> NM<\/li>\n<li><a href=\"visitor-center-death-valley\/\">Death Valley<\/a> NP<\/li>\n<li><a href=\"visitor-center-red-rock-canyon\/\">Red Rock Canyon<\/a> (pr\u00e8s de Las Vegas)<\/li>\n<\/ul>\n","protected":false},"excerpt":{"rendered":"<p>Les 22 sur 29 Visitor Center, o\u00f9 l&rsquo;on obtient toutes les infos pratiques : Apr\u00e8s le \u00ab\u00a0p\u00e9age\u00a0\u00bb du parc (qui fournit en g\u00e9n\u00e9ral le plan et le journal), le VC est un passage \u00ab\u00a0oblig\u00e9\u00a0\u00bb o\u00f9 il FAUT consacrer de 15 \u00e0 45mn. On y trouve : les Rangers \u00ab\u00a0toujours pr\u00eats\u00a0\u00bb, la m\u00e9t\u00e9o, les cartes d\u00e9taill\u00e9es, [&hellip;]<\/p>\n","protected":false},"author":2,"featured_media":0,"parent":369,"menu_order":0,"comment_status":"open","ping_status":"open","template":"","meta":{"footnotes":""},"class_list":["post-572","page","type-page","status-publish","hentry"],"_links":{"self":[{"href":"https:\/\/blogs.crespel.me\/usa2009\/wp-json\/wp\/v2\/pages\/572","targetHints":{"allow":["GET"]}}],"collection":[{"href":"https:\/\/blogs.crespel.me\/usa2009\/wp-json\/wp\/v2\/pages"}],"about":[{"href":"https:\/\/blogs.crespel.me\/usa2009\/wp-json\/wp\/v2\/types\/page"}],"author":[{"embeddable":true,"href":"https:\/\/blogs.crespel.me\/usa2009\/wp-json\/wp\/v2\/users\/2"}],"replies":[{"embeddable":true,"href":"https:\/\/blogs.crespel.me\/usa2009\/wp-json\/wp\/v2\/comments?post=572"}],"version-history":[{"count":47,"href":"https:\/\/blogs.crespel.me\/usa2009\/wp-json\/wp\/v2\/pages\/572\/revisions"}],"predecessor-version":[{"id":584,"href":"https:\/\/blogs.crespel.me\/usa2009\/wp-json\/wp\/v2\/pages\/572\/revisions\/584"}],"up":[{"embeddable":true,"href":"https:\/\/blogs.crespel.me\/usa2009\/wp-json\/wp\/v2\/pages\/369"}],"wp:attachment":[{"href":"https:\/\/blogs.crespel.me\/usa2009\/wp-json\/wp\/v2\/media?parent=572"}],"curies":[{"name":"wp","href":"https:\/\/api.w.org\/{rel}","templated":true}]}}